{"id":436143,"date":"2024-10-04T09:32:09","date_gmt":"2024-10-04T09:32:11","guid":{"rendered":"https:\/\/www.erresse-shop.it\/?post_type=product&#038;p=436143"},"modified":"2024-10-17T06:22:23","modified_gmt":"2024-10-17T06:22:23","slug":"joseph-joseph-eco-liners-iw6-sacs-a-dechets-de-30-litres","status":"publish","type":"product","link":"https:\/\/www.erresse-shop.it\/fr\/shop\/ameublement-maison\/poubelles\/joseph-joseph-eco-liners-iw6-sacs-a-dechets-de-30-litres\/","title":{"rendered":"JOSEPH JOSEPH ECO Liners IW6 Sacs \u00e0 d\u00e9chets de 30 litres"},"content":{"rendered":"<p>Ces housses sur mesure sont fabriqu\u00e9es avec un minimum de 70 % de plastique recycl\u00e9 provenant de d\u00e9chets post-consommation. Ils ont une structure tr\u00e8s robuste et sont \u00e9quip\u00e9s de lacets pour une fermeture facile. En les choisissant plut\u00f4t que des sacs poubelles en plastique ordinaires, vous obtiendrez l&#8217;ajustement parfait pour votre poubelle IntelligentWaste, contribuerez \u00e0 limiter l&#8217;utilisation de combustibles fossiles et r\u00e9duisez la quantit\u00e9 de plastique vierge mis en d\u00e9charge. Con\u00e7u pour \u00eatre utilis\u00e9 avec les poubelles Joseph Joseph suivantes : Totem Max, Totem Pop 60L.<\/p>\n<ul>\n<li>Fabriqu\u00e9 avec au moins 70\u00a0% de plastique recycl\u00e9 provenant de d\u00e9chets post-consommation.<\/li>\n<li>Structure extra r\u00e9sistante<\/li>\n<li>Cordon de serrage pour une fermeture facile<\/li>\n<li>Capacit\u00e9\u00a0: 30\u00a0L (7,9\u00a0gallons am\u00e9ricains)<\/li>\n<li>Couleur\u00a0: Gris<\/li>\n<li>Un seul paquet contient 20 sachets<\/li>\n<\/ul>\n<p><strong>Entretien et utilisation\u00a0:<\/strong><\/p>\n<ul>\n<li>Avertissement\u00a0: Les sacs en plastique peuvent \u00eatre dangereux. Pour \u00e9viter tout risque d&#8217;\u00e9touffement, gardez les sacs hors de port\u00e9e des nourrissons et des enfants.<\/li>\n<\/ul>\n<p>&nbsp;<\/p>\n","protected":false},"excerpt":{"rendered":"<p>Ces housses sur mesure sont fabriqu\u00e9es avec un minimum de 70 % de plastique recycl\u00e9 provenant de d\u00e9chets post-consommation. Ils<\/p>\n","protected":false},"featured_media":436135,"template":"","meta":{"_acf_changed":false,"inline_featured_image":false},"product_cat":[12738,14033],"product_tag":[25026,21551,21222,21224,21225,21549,21552],"acf":[],"yoast_head":"<!-- This site is optimized with the Yoast SEO Premium plugin v18.6 (Yoast SEO v19.13) - https:\/\/yoast.com\/wordpress\/plugins\/seo\/ -->\n<title>JOSEPH JOSEPH ECO Liners IW6 Sacs \u00e0 d\u00e9chets de 30 litres - Erresse Shop<\/title>\n<meta name=\"description\" content=\"Ces housses sur mesure sont fabriqu\u00e9es avec un minimum de 70 % de plastique recycl\u00e9 provenant de d\u00e9chets post-consommation. Ils ont une structure tr\u00e8s\" \/>\n<meta name=\"robots\" content=\"index, follow, max-snippet:-1, max-image-preview:large, max-video-preview:-1\" \/>\n<link rel=\"canonical\" href=\"https:\/\/www.erresse-shop.it\/fr\/shop\/ameublement-maison\/poubelles\/joseph-joseph-eco-liners-iw6-sacs-a-dechets-de-30-litres\/\" \/>\n<meta property=\"og:locale\" content=\"fr_FR\" \/>\n<meta property=\"og:type\" content=\"article\" \/>\n<meta property=\"og:title\" content=\"JOSEPH JOSEPH ECO Liners IW6 Sacs \u00e0 d\u00e9chets de 30 litres\" \/>\n<meta property=\"og:description\" content=\"Ces housses sur mesure sont fabriqu\u00e9es avec un minimum de 70 % de plastique recycl\u00e9 provenant de d\u00e9chets post-consommation. Ils ont une structure tr\u00e8s\" \/>\n<meta property=\"og:url\" content=\"https:\/\/www.erresse-shop.it\/fr\/shop\/ameublement-maison\/poubelles\/joseph-joseph-eco-liners-iw6-sacs-a-dechets-de-30-litres\/\" \/>\n<meta property=\"og:site_name\" content=\"Erresse Shop\" \/>\n<meta property=\"article:modified_time\" content=\"2024-10-17T06:22:23+00:00\" \/>\n<meta property=\"og:image\" content=\"https:\/\/www.erresse-shop.it\/wp-content\/uploads\/2024\/10\/JOSEPH-JOSEPH-ECO-Liners-Sacchi-per-Rifiuti-IW5-da-40-litri.jpg\" \/>\n\t<meta property=\"og:image:width\" content=\"1200\" \/>\n\t<meta property=\"og:image:height\" content=\"1200\" \/>\n\t<meta property=\"og:image:type\" content=\"image\/jpeg\" \/>\n<meta name=\"twitter:card\" content=\"summary_large_image\" \/>\n<script type=\"application\/ld+json\" class=\"yoast-schema-graph\">{\"@context\":\"https:\/\/schema.org\",\"@graph\":[{\"@type\":\"WebPage\",\"@id\":\"https:\/\/www.erresse-shop.it\/fr\/shop\/ameublement-maison\/poubelles\/joseph-joseph-eco-liners-iw6-sacs-a-dechets-de-30-litres\/\",\"url\":\"https:\/\/www.erresse-shop.it\/fr\/shop\/ameublement-maison\/poubelles\/joseph-joseph-eco-liners-iw6-sacs-a-dechets-de-30-litres\/\",\"name\":\"JOSEPH JOSEPH ECO Liners IW6 Sacs \u00e0 d\u00e9chets de 30 litres - Erresse Shop\",\"isPartOf\":{\"@id\":\"https:\/\/www.erresse-shop.it\/fr\/#website\"},\"datePublished\":\"2024-10-04T09:32:11+00:00\",\"dateModified\":\"2024-10-17T06:22:23+00:00\",\"description\":\"Ces housses sur mesure sont fabriqu\u00e9es avec un minimum de 70 % de plastique recycl\u00e9 provenant de d\u00e9chets post-consommation. Ils ont une structure tr\u00e8s\",\"breadcrumb\":{\"@id\":\"https:\/\/www.erresse-shop.it\/fr\/shop\/ameublement-maison\/poubelles\/joseph-joseph-eco-liners-iw6-sacs-a-dechets-de-30-litres\/#breadcrumb\"},\"inLanguage\":\"fr-FR\",\"potentialAction\":[{\"@type\":\"ReadAction\",\"target\":[\"https:\/\/www.erresse-shop.it\/fr\/shop\/ameublement-maison\/poubelles\/joseph-joseph-eco-liners-iw6-sacs-a-dechets-de-30-litres\/\"]}]},{\"@type\":\"BreadcrumbList\",\"@id\":\"https:\/\/www.erresse-shop.it\/fr\/shop\/ameublement-maison\/poubelles\/joseph-joseph-eco-liners-iw6-sacs-a-dechets-de-30-litres\/#breadcrumb\",\"itemListElement\":[{\"@type\":\"ListItem\",\"position\":1,\"name\":\"Home\",\"item\":\"https:\/\/www.erresse-shop.it\/fr\/\"},{\"@type\":\"ListItem\",\"position\":2,\"name\":\"Shop\",\"item\":\"https:\/\/www.erresse-shop.it\/fr\/shop\/\"},{\"@type\":\"ListItem\",\"position\":3,\"name\":\"JOSEPH JOSEPH ECO Liners IW6 Sacs \u00e0 d\u00e9chets de 30 litres\"}]},{\"@type\":\"WebSite\",\"@id\":\"https:\/\/www.erresse-shop.it\/fr\/#website\",\"url\":\"https:\/\/www.erresse-shop.it\/fr\/\",\"name\":\"Erresse Shop\",\"description\":\"Articoli di qualit\u00e0 per la casa\",\"potentialAction\":[{\"@type\":\"SearchAction\",\"target\":{\"@type\":\"EntryPoint\",\"urlTemplate\":\"https:\/\/www.erresse-shop.it\/fr\/?s={search_term_string}\"},\"query-input\":\"required name=search_term_string\"}],\"inLanguage\":\"fr-FR\"}]}<\/script>\n<!-- \/ Yoast SEO Premium plugin. -->","yoast_head_json":{"title":"JOSEPH JOSEPH ECO Liners IW6 Sacs \u00e0 d\u00e9chets de 30 litres - Erresse Shop","description":"Ces housses sur mesure sont fabriqu\u00e9es avec un minimum de 70 % de plastique recycl\u00e9 provenant de d\u00e9chets post-consommation. Ils ont une structure tr\u00e8s","robots":{"index":"index","follow":"follow","max-snippet":"max-snippet:-1","max-image-preview":"max-image-preview:large","max-video-preview":"max-video-preview:-1"},"canonical":"https:\/\/www.erresse-shop.it\/fr\/shop\/ameublement-maison\/poubelles\/joseph-joseph-eco-liners-iw6-sacs-a-dechets-de-30-litres\/","og_locale":"fr_FR","og_type":"article","og_title":"JOSEPH JOSEPH ECO Liners IW6 Sacs \u00e0 d\u00e9chets de 30 litres","og_description":"Ces housses sur mesure sont fabriqu\u00e9es avec un minimum de 70 % de plastique recycl\u00e9 provenant de d\u00e9chets post-consommation. Ils ont une structure tr\u00e8s","og_url":"https:\/\/www.erresse-shop.it\/fr\/shop\/ameublement-maison\/poubelles\/joseph-joseph-eco-liners-iw6-sacs-a-dechets-de-30-litres\/","og_site_name":"Erresse Shop","article_modified_time":"2024-10-17T06:22:23+00:00","og_image":[{"width":1200,"height":1200,"url":"https:\/\/www.erresse-shop.it\/wp-content\/uploads\/2024\/10\/JOSEPH-JOSEPH-ECO-Liners-Sacchi-per-Rifiuti-IW5-da-40-litri.jpg","type":"image\/jpeg"}],"twitter_card":"summary_large_image","schema":{"@context":"https:\/\/schema.org","@graph":[{"@type":"WebPage","@id":"https:\/\/www.erresse-shop.it\/fr\/shop\/ameublement-maison\/poubelles\/joseph-joseph-eco-liners-iw6-sacs-a-dechets-de-30-litres\/","url":"https:\/\/www.erresse-shop.it\/fr\/shop\/ameublement-maison\/poubelles\/joseph-joseph-eco-liners-iw6-sacs-a-dechets-de-30-litres\/","name":"JOSEPH JOSEPH ECO Liners IW6 Sacs \u00e0 d\u00e9chets de 30 litres - Erresse Shop","isPartOf":{"@id":"https:\/\/www.erresse-shop.it\/fr\/#website"},"datePublished":"2024-10-04T09:32:11+00:00","dateModified":"2024-10-17T06:22:23+00:00","description":"Ces housses sur mesure sont fabriqu\u00e9es avec un minimum de 70 % de plastique recycl\u00e9 provenant de d\u00e9chets post-consommation. Ils ont une structure tr\u00e8s","breadcrumb":{"@id":"https:\/\/www.erresse-shop.it\/fr\/shop\/ameublement-maison\/poubelles\/joseph-joseph-eco-liners-iw6-sacs-a-dechets-de-30-litres\/#breadcrumb"},"inLanguage":"fr-FR","potentialAction":[{"@type":"ReadAction","target":["https:\/\/www.erresse-shop.it\/fr\/shop\/ameublement-maison\/poubelles\/joseph-joseph-eco-liners-iw6-sacs-a-dechets-de-30-litres\/"]}]},{"@type":"BreadcrumbList","@id":"https:\/\/www.erresse-shop.it\/fr\/shop\/ameublement-maison\/poubelles\/joseph-joseph-eco-liners-iw6-sacs-a-dechets-de-30-litres\/#breadcrumb","itemListElement":[{"@type":"ListItem","position":1,"name":"Home","item":"https:\/\/www.erresse-shop.it\/fr\/"},{"@type":"ListItem","position":2,"name":"Shop","item":"https:\/\/www.erresse-shop.it\/fr\/shop\/"},{"@type":"ListItem","position":3,"name":"JOSEPH JOSEPH ECO Liners IW6 Sacs \u00e0 d\u00e9chets de 30 litres"}]},{"@type":"WebSite","@id":"https:\/\/www.erresse-shop.it\/fr\/#website","url":"https:\/\/www.erresse-shop.it\/fr\/","name":"Erresse Shop","description":"Articoli di qualit\u00e0 per la casa","potentialAction":[{"@type":"SearchAction","target":{"@type":"EntryPoint","urlTemplate":"https:\/\/www.erresse-shop.it\/fr\/?s={search_term_string}"},"query-input":"required name=search_term_string"}],"inLanguage":"fr-FR"}]}},"df_price":5.995,"df_sale_price":5.995,"df_regular_price":11.99,"df_image_link":"https:\/\/www.erresse-shop.it\/wp-content\/uploads\/2024\/10\/JOSEPH-JOSEPH-ECO-Liners-Sacchi-per-Rifiuti-IW5-da-40-litri-300x300.jpg","_links":{"self":[{"href":"https:\/\/www.erresse-shop.it\/fr\/wp-json\/wp\/v2\/product\/436143"}],"collection":[{"href":"https:\/\/www.erresse-shop.it\/fr\/wp-json\/wp\/v2\/product"}],"about":[{"href":"https:\/\/www.erresse-shop.it\/fr\/wp-json\/wp\/v2\/types\/product"}],"wp:featuredmedia":[{"embeddable":true,"href":"https:\/\/www.erresse-shop.it\/fr\/wp-json\/wp\/v2\/media\/436135"}],"wp:attachment":[{"href":"https:\/\/www.erresse-shop.it\/fr\/wp-json\/wp\/v2\/media?parent=436143"}],"wp:term":[{"taxonomy":"product_cat","embeddable":true,"href":"https:\/\/www.erresse-shop.it\/fr\/wp-json\/wp\/v2\/product_cat?post=436143"},{"taxonomy":"product_tag","embeddable":true,"href":"https:\/\/www.erresse-shop.it\/fr\/wp-json\/wp\/v2\/product_tag?post=436143"}],"curies":[{"name":"wp","href":"https:\/\/api.w.org\/{rel}","templated":true}]}}