{"id":436090,"date":"2024-10-04T08:35:48","date_gmt":"2024-10-04T08:35:50","guid":{"rendered":"https:\/\/www.erresse-shop.it\/?post_type=product&#038;p=436090"},"modified":"2024-10-17T06:57:57","modified_gmt":"2024-10-17T06:57:57","slug":"joseph-joseph-eco-liners-iw9-sacs-a-dechets-de-10-litres","status":"publish","type":"product","link":"https:\/\/www.erresse-shop.it\/fr\/shop\/ameublement-maison\/poubelles\/joseph-joseph-eco-liners-iw9-sacs-a-dechets-de-10-litres\/","title":{"rendered":"JOSEPH JOSEPH ECO Liners IW9 Sacs \u00e0 d\u00e9chets de 10 litres"},"content":{"rendered":"<p>Gr\u00e2ce \u00e0 leur construction extr\u00eamement durable, ces sacs personnalis\u00e9s IW9 sont parfaits pour une utilisation avec nos poubelles \u00e0 p\u00e9dale Joseph Joseph Arc\u2122 10L.<\/p>\n<ul>\n<li>Sacs poubelles d&#8217;une capacit\u00e9 de 10\u00a0L (2,6\u00a0gallons am\u00e9ricains).<\/li>\n<li>Lacets robustes avec cordon de serrage pour faciliter la fermeture et le transport une fois pleins.<\/li>\n<li>Structure ultra solide.<\/li>\n<li>Con\u00e7u pour les poubelles \u00e0 p\u00e9dale Joseph Joseph Arc\u2122 10\u00a0L.<\/li>\n<li>Fabriqu\u00e9 \u00e0 partir de 70\u00a0% de d\u00e9chets plastiques recycl\u00e9s apr\u00e8s consommation.<\/li>\n<li>Un seul paquet contient 20 sachets<\/li>\n<\/ul>\n<p><strong>Entretien et utilisation\u00a0:<\/strong><\/p>\n<ul>\n<li>Les sacs en plastique peuvent \u00eatre dangereux\u00a0: pour \u00e9viter tout risque d&#8217;\u00e9touffement, gardez-les hors de port\u00e9e des b\u00e9b\u00e9s et des enfants.<\/li>\n<\/ul>\n<p>&nbsp;<\/p>\n","protected":false},"excerpt":{"rendered":"<p>Gr\u00e2ce \u00e0 leur construction extr\u00eamement durable, ces sacs personnalis\u00e9s IW9 sont parfaits pour une utilisation avec nos poubelles \u00e0 p\u00e9dale<\/p>\n","protected":false},"featured_media":436095,"template":"","meta":{"_acf_changed":false,"inline_featured_image":false},"product_cat":[12738,14033],"product_tag":[25026,21551,21222,21224,21225,21549,21552],"acf":[],"yoast_head":"<!-- This site is optimized with the Yoast SEO Premium plugin v18.6 (Yoast SEO v19.13) - https:\/\/yoast.com\/wordpress\/plugins\/seo\/ -->\n<title>JOSEPH JOSEPH ECO Liners IW9 Sacs \u00e0 d\u00e9chets de 10 litres - Erresse Shop<\/title>\n<meta name=\"description\" content=\"Gr\u00e2ce \u00e0 leur construction extr\u00eamement durable, ces sacs personnalis\u00e9s IW9 sont parfaits pour une utilisation avec nos poubelles \u00e0 p\u00e9dale Joseph Joseph\" \/>\n<meta name=\"robots\" content=\"index, follow, max-snippet:-1, max-image-preview:large, max-video-preview:-1\" \/>\n<link rel=\"canonical\" href=\"https:\/\/www.erresse-shop.it\/fr\/shop\/ameublement-maison\/poubelles\/joseph-joseph-eco-liners-iw9-sacs-a-dechets-de-10-litres\/\" \/>\n<meta property=\"og:locale\" content=\"fr_FR\" \/>\n<meta property=\"og:type\" content=\"article\" \/>\n<meta property=\"og:title\" content=\"JOSEPH JOSEPH ECO Liners IW9 Sacs \u00e0 d\u00e9chets de 10 litres\" \/>\n<meta property=\"og:description\" content=\"Gr\u00e2ce \u00e0 leur construction extr\u00eamement durable, ces sacs personnalis\u00e9s IW9 sont parfaits pour une utilisation avec nos poubelles \u00e0 p\u00e9dale Joseph Joseph\" \/>\n<meta property=\"og:url\" content=\"https:\/\/www.erresse-shop.it\/fr\/shop\/ameublement-maison\/poubelles\/joseph-joseph-eco-liners-iw9-sacs-a-dechets-de-10-litres\/\" \/>\n<meta property=\"og:site_name\" content=\"Erresse Shop\" \/>\n<meta property=\"article:modified_time\" content=\"2024-10-17T06:57:57+00:00\" \/>\n<meta property=\"og:image\" content=\"https:\/\/www.erresse-shop.it\/wp-content\/uploads\/2024\/10\/JOSEPH-JOSEPH-Sacchi-per-Rifiuti-IW9-da-10-litri.jpg\" \/>\n\t<meta property=\"og:image:width\" content=\"1200\" \/>\n\t<meta property=\"og:image:height\" content=\"1200\" \/>\n\t<meta property=\"og:image:type\" content=\"image\/jpeg\" \/>\n<meta name=\"twitter:card\" content=\"summary_large_image\" \/>\n<script type=\"application\/ld+json\" class=\"yoast-schema-graph\">{\"@context\":\"https:\/\/schema.org\",\"@graph\":[{\"@type\":\"WebPage\",\"@id\":\"https:\/\/www.erresse-shop.it\/fr\/shop\/ameublement-maison\/poubelles\/joseph-joseph-eco-liners-iw9-sacs-a-dechets-de-10-litres\/\",\"url\":\"https:\/\/www.erresse-shop.it\/fr\/shop\/ameublement-maison\/poubelles\/joseph-joseph-eco-liners-iw9-sacs-a-dechets-de-10-litres\/\",\"name\":\"JOSEPH JOSEPH ECO Liners IW9 Sacs \u00e0 d\u00e9chets de 10 litres - Erresse Shop\",\"isPartOf\":{\"@id\":\"https:\/\/www.erresse-shop.it\/fr\/#website\"},\"datePublished\":\"2024-10-04T08:35:50+00:00\",\"dateModified\":\"2024-10-17T06:57:57+00:00\",\"description\":\"Gr\u00e2ce \u00e0 leur construction extr\u00eamement durable, ces sacs personnalis\u00e9s IW9 sont parfaits pour une utilisation avec nos poubelles \u00e0 p\u00e9dale Joseph Joseph\",\"breadcrumb\":{\"@id\":\"https:\/\/www.erresse-shop.it\/fr\/shop\/ameublement-maison\/poubelles\/joseph-joseph-eco-liners-iw9-sacs-a-dechets-de-10-litres\/#breadcrumb\"},\"inLanguage\":\"fr-FR\",\"potentialAction\":[{\"@type\":\"ReadAction\",\"target\":[\"https:\/\/www.erresse-shop.it\/fr\/shop\/ameublement-maison\/poubelles\/joseph-joseph-eco-liners-iw9-sacs-a-dechets-de-10-litres\/\"]}]},{\"@type\":\"BreadcrumbList\",\"@id\":\"https:\/\/www.erresse-shop.it\/fr\/shop\/ameublement-maison\/poubelles\/joseph-joseph-eco-liners-iw9-sacs-a-dechets-de-10-litres\/#breadcrumb\",\"itemListElement\":[{\"@type\":\"ListItem\",\"position\":1,\"name\":\"Home\",\"item\":\"https:\/\/www.erresse-shop.it\/fr\/\"},{\"@type\":\"ListItem\",\"position\":2,\"name\":\"Shop\",\"item\":\"https:\/\/www.erresse-shop.it\/fr\/shop\/\"},{\"@type\":\"ListItem\",\"position\":3,\"name\":\"JOSEPH JOSEPH ECO Liners IW9 Sacs \u00e0 d\u00e9chets de 10 litres\"}]},{\"@type\":\"WebSite\",\"@id\":\"https:\/\/www.erresse-shop.it\/fr\/#website\",\"url\":\"https:\/\/www.erresse-shop.it\/fr\/\",\"name\":\"Erresse Shop\",\"description\":\"Articoli di qualit\u00e0 per la casa\",\"potentialAction\":[{\"@type\":\"SearchAction\",\"target\":{\"@type\":\"EntryPoint\",\"urlTemplate\":\"https:\/\/www.erresse-shop.it\/fr\/?s={search_term_string}\"},\"query-input\":\"required name=search_term_string\"}],\"inLanguage\":\"fr-FR\"}]}<\/script>\n<!-- \/ Yoast SEO Premium plugin. -->","yoast_head_json":{"title":"JOSEPH JOSEPH ECO Liners IW9 Sacs \u00e0 d\u00e9chets de 10 litres - Erresse Shop","description":"Gr\u00e2ce \u00e0 leur construction extr\u00eamement durable, ces sacs personnalis\u00e9s IW9 sont parfaits pour une utilisation avec nos poubelles \u00e0 p\u00e9dale Joseph Joseph","robots":{"index":"index","follow":"follow","max-snippet":"max-snippet:-1","max-image-preview":"max-image-preview:large","max-video-preview":"max-video-preview:-1"},"canonical":"https:\/\/www.erresse-shop.it\/fr\/shop\/ameublement-maison\/poubelles\/joseph-joseph-eco-liners-iw9-sacs-a-dechets-de-10-litres\/","og_locale":"fr_FR","og_type":"article","og_title":"JOSEPH JOSEPH ECO Liners IW9 Sacs \u00e0 d\u00e9chets de 10 litres","og_description":"Gr\u00e2ce \u00e0 leur construction extr\u00eamement durable, ces sacs personnalis\u00e9s IW9 sont parfaits pour une utilisation avec nos poubelles \u00e0 p\u00e9dale Joseph Joseph","og_url":"https:\/\/www.erresse-shop.it\/fr\/shop\/ameublement-maison\/poubelles\/joseph-joseph-eco-liners-iw9-sacs-a-dechets-de-10-litres\/","og_site_name":"Erresse Shop","article_modified_time":"2024-10-17T06:57:57+00:00","og_image":[{"width":1200,"height":1200,"url":"https:\/\/www.erresse-shop.it\/wp-content\/uploads\/2024\/10\/JOSEPH-JOSEPH-Sacchi-per-Rifiuti-IW9-da-10-litri.jpg","type":"image\/jpeg"}],"twitter_card":"summary_large_image","schema":{"@context":"https:\/\/schema.org","@graph":[{"@type":"WebPage","@id":"https:\/\/www.erresse-shop.it\/fr\/shop\/ameublement-maison\/poubelles\/joseph-joseph-eco-liners-iw9-sacs-a-dechets-de-10-litres\/","url":"https:\/\/www.erresse-shop.it\/fr\/shop\/ameublement-maison\/poubelles\/joseph-joseph-eco-liners-iw9-sacs-a-dechets-de-10-litres\/","name":"JOSEPH JOSEPH ECO Liners IW9 Sacs \u00e0 d\u00e9chets de 10 litres - Erresse Shop","isPartOf":{"@id":"https:\/\/www.erresse-shop.it\/fr\/#website"},"datePublished":"2024-10-04T08:35:50+00:00","dateModified":"2024-10-17T06:57:57+00:00","description":"Gr\u00e2ce \u00e0 leur construction extr\u00eamement durable, ces sacs personnalis\u00e9s IW9 sont parfaits pour une utilisation avec nos poubelles \u00e0 p\u00e9dale Joseph Joseph","breadcrumb":{"@id":"https:\/\/www.erresse-shop.it\/fr\/shop\/ameublement-maison\/poubelles\/joseph-joseph-eco-liners-iw9-sacs-a-dechets-de-10-litres\/#breadcrumb"},"inLanguage":"fr-FR","potentialAction":[{"@type":"ReadAction","target":["https:\/\/www.erresse-shop.it\/fr\/shop\/ameublement-maison\/poubelles\/joseph-joseph-eco-liners-iw9-sacs-a-dechets-de-10-litres\/"]}]},{"@type":"BreadcrumbList","@id":"https:\/\/www.erresse-shop.it\/fr\/shop\/ameublement-maison\/poubelles\/joseph-joseph-eco-liners-iw9-sacs-a-dechets-de-10-litres\/#breadcrumb","itemListElement":[{"@type":"ListItem","position":1,"name":"Home","item":"https:\/\/www.erresse-shop.it\/fr\/"},{"@type":"ListItem","position":2,"name":"Shop","item":"https:\/\/www.erresse-shop.it\/fr\/shop\/"},{"@type":"ListItem","position":3,"name":"JOSEPH JOSEPH ECO Liners IW9 Sacs \u00e0 d\u00e9chets de 10 litres"}]},{"@type":"WebSite","@id":"https:\/\/www.erresse-shop.it\/fr\/#website","url":"https:\/\/www.erresse-shop.it\/fr\/","name":"Erresse Shop","description":"Articoli di qualit\u00e0 per la casa","potentialAction":[{"@type":"SearchAction","target":{"@type":"EntryPoint","urlTemplate":"https:\/\/www.erresse-shop.it\/fr\/?s={search_term_string}"},"query-input":"required name=search_term_string"}],"inLanguage":"fr-FR"}]}},"df_price":10.995,"df_sale_price":10.995,"df_regular_price":21.99,"df_image_link":"https:\/\/www.erresse-shop.it\/wp-content\/uploads\/2024\/10\/JOSEPH-JOSEPH-Sacchi-per-Rifiuti-IW9-da-10-litri-300x300.jpg","_links":{"self":[{"href":"https:\/\/www.erresse-shop.it\/fr\/wp-json\/wp\/v2\/product\/436090"}],"collection":[{"href":"https:\/\/www.erresse-shop.it\/fr\/wp-json\/wp\/v2\/product"}],"about":[{"href":"https:\/\/www.erresse-shop.it\/fr\/wp-json\/wp\/v2\/types\/product"}],"wp:featuredmedia":[{"embeddable":true,"href":"https:\/\/www.erresse-shop.it\/fr\/wp-json\/wp\/v2\/media\/436095"}],"wp:attachment":[{"href":"https:\/\/www.erresse-shop.it\/fr\/wp-json\/wp\/v2\/media?parent=436090"}],"wp:term":[{"taxonomy":"product_cat","embeddable":true,"href":"https:\/\/www.erresse-shop.it\/fr\/wp-json\/wp\/v2\/product_cat?post=436090"},{"taxonomy":"product_tag","embeddable":true,"href":"https:\/\/www.erresse-shop.it\/fr\/wp-json\/wp\/v2\/product_tag?post=436090"}],"curies":[{"name":"wp","href":"https:\/\/api.w.org\/{rel}","templated":true}]}}