{"id":435984,"date":"2024-10-04T07:02:29","date_gmt":"2024-10-04T07:02:30","guid":{"rendered":"https:\/\/www.erresse-shop.it\/?post_type=product&#038;p=435984"},"modified":"2024-10-15T14:42:27","modified_gmt":"2024-10-15T14:42:27","slug":"joseph-joseph-flex-360-brosse-a-toilette-ecru","status":"publish","type":"product","link":"https:\/\/www.erresse-shop.it\/fr\/shop\/ameublement-maison\/salle-de-bain\/joseph-joseph-flex-360-brosse-a-toilette-ecru\/","title":{"rendered":"JOSEPH JOSEPH Flex 360 Brosse \u00e0 toilette Ecru"},"content":{"rendered":"<p>La propret\u00e9 des toilettes vient d&#8217;\u00eatre am\u00e9lior\u00e9e. La t\u00eate de brosse triple action du Flex\u2122 360 fonctionne dans trois directions simultan\u00e9ment pour un nettoyage des toilettes plus facile et plus hygi\u00e9nique. De plus, l&#8217;\u00e9l\u00e9gant support mat s&#8217;int\u00e8gre parfaitement dans n&#8217;importe quelle salle de bain.<\/p>\n<ul>\n<li>La t\u00eate triple action nettoie simultan\u00e9ment dans trois directions<\/li>\n<li>Anti-gouttes\u00a0: une vidange rapide r\u00e9duit les gouttes entre le nettoyage et le stockage<\/li>\n<li>Anti-encrassement\u00a0: le large espacement des poils assure un rin\u00e7age facile de la salet\u00e9<\/li>\n<li>T\u00eate rempla\u00e7able<\/li>\n<li>Support intelligent pour ranger la brosse<\/li>\n<li>Finition mate<\/li>\n<\/ul>\n<p><strong>Entretien et utilisation\u00a0:<\/strong><\/p>\n<ul>\n<li>Brosse et support\u00a0: nettoyer avec de l&#8217;eau de Javel ou de l&#8217;eau ti\u00e8de savonneuse.<\/li>\n<\/ul>\n<p><strong>Dimensions\u00a0:<\/strong><\/p>\n<p>H43,6 x L10,5 x P10,4 cm (H17\u00bc x L4\u00bc x P4 pouces)<\/p>\n<p>&nbsp;<\/p>\n","protected":false},"excerpt":{"rendered":"<p>La propret\u00e9 des toilettes vient d&#8217;\u00eatre am\u00e9lior\u00e9e. La t\u00eate de brosse triple action du Flex\u2122 360 fonctionne dans trois directions<\/p>\n","protected":false},"featured_media":500566,"template":"","meta":{"_acf_changed":false,"inline_featured_image":false},"product_cat":[12738,19011],"product_tag":[25026,21365],"acf":[],"yoast_head":"<!-- This site is optimized with the Yoast SEO Premium plugin v18.6 (Yoast SEO v19.13) - https:\/\/yoast.com\/wordpress\/plugins\/seo\/ -->\n<title>JOSEPH JOSEPH Flex 360 Brosse \u00e0 toilette Ecru - Erresse Shop<\/title>\n<meta name=\"description\" content=\"La propret\u00e9 des toilettes vient d&#039;\u00eatre am\u00e9lior\u00e9e. La t\u00eate de brosse triple action du Flex\u2122 360 fonctionne dans trois directions simultan\u00e9ment pour un\" \/>\n<meta name=\"robots\" content=\"index, follow, max-snippet:-1, max-image-preview:large, max-video-preview:-1\" \/>\n<link rel=\"canonical\" href=\"https:\/\/www.erresse-shop.it\/fr\/shop\/ameublement-maison\/salle-de-bain\/joseph-joseph-flex-360-brosse-a-toilette-ecru\/\" \/>\n<meta property=\"og:locale\" content=\"fr_FR\" \/>\n<meta property=\"og:type\" content=\"article\" \/>\n<meta property=\"og:title\" content=\"JOSEPH JOSEPH Flex 360 Brosse \u00e0 toilette Ecru\" \/>\n<meta property=\"og:description\" content=\"La propret\u00e9 des toilettes vient d&#039;\u00eatre am\u00e9lior\u00e9e. La t\u00eate de brosse triple action du Flex\u2122 360 fonctionne dans trois directions simultan\u00e9ment pour un\" \/>\n<meta property=\"og:url\" content=\"https:\/\/www.erresse-shop.it\/fr\/shop\/ameublement-maison\/salle-de-bain\/joseph-joseph-flex-360-brosse-a-toilette-ecru\/\" \/>\n<meta property=\"og:site_name\" content=\"Erresse Shop\" \/>\n<meta property=\"article:modified_time\" content=\"2024-10-15T14:42:27+00:00\" \/>\n<meta property=\"og:image\" content=\"https:\/\/www.erresse-shop.it\/wp-content\/uploads\/2024\/10\/JOSEPH-JOSEPH-Flex\u2122-360-Spazzola-per-WC-Ecru.jpg\" \/>\n\t<meta property=\"og:image:width\" content=\"1200\" \/>\n\t<meta property=\"og:image:height\" content=\"1200\" \/>\n\t<meta property=\"og:image:type\" content=\"image\/jpeg\" \/>\n<meta name=\"twitter:card\" content=\"summary_large_image\" \/>\n<script type=\"application\/ld+json\" class=\"yoast-schema-graph\">{\"@context\":\"https:\/\/schema.org\",\"@graph\":[{\"@type\":\"WebPage\",\"@id\":\"https:\/\/www.erresse-shop.it\/fr\/shop\/ameublement-maison\/salle-de-bain\/joseph-joseph-flex-360-brosse-a-toilette-ecru\/\",\"url\":\"https:\/\/www.erresse-shop.it\/fr\/shop\/ameublement-maison\/salle-de-bain\/joseph-joseph-flex-360-brosse-a-toilette-ecru\/\",\"name\":\"JOSEPH JOSEPH Flex 360 Brosse \u00e0 toilette Ecru - Erresse Shop\",\"isPartOf\":{\"@id\":\"https:\/\/www.erresse-shop.it\/fr\/#website\"},\"datePublished\":\"2024-10-04T07:02:30+00:00\",\"dateModified\":\"2024-10-15T14:42:27+00:00\",\"description\":\"La propret\u00e9 des toilettes vient d'\u00eatre am\u00e9lior\u00e9e. La t\u00eate de brosse triple action du Flex\u2122 360 fonctionne dans trois directions simultan\u00e9ment pour un\",\"breadcrumb\":{\"@id\":\"https:\/\/www.erresse-shop.it\/fr\/shop\/ameublement-maison\/salle-de-bain\/joseph-joseph-flex-360-brosse-a-toilette-ecru\/#breadcrumb\"},\"inLanguage\":\"fr-FR\",\"potentialAction\":[{\"@type\":\"ReadAction\",\"target\":[\"https:\/\/www.erresse-shop.it\/fr\/shop\/ameublement-maison\/salle-de-bain\/joseph-joseph-flex-360-brosse-a-toilette-ecru\/\"]}]},{\"@type\":\"BreadcrumbList\",\"@id\":\"https:\/\/www.erresse-shop.it\/fr\/shop\/ameublement-maison\/salle-de-bain\/joseph-joseph-flex-360-brosse-a-toilette-ecru\/#breadcrumb\",\"itemListElement\":[{\"@type\":\"ListItem\",\"position\":1,\"name\":\"Home\",\"item\":\"https:\/\/www.erresse-shop.it\/fr\/\"},{\"@type\":\"ListItem\",\"position\":2,\"name\":\"Shop\",\"item\":\"https:\/\/www.erresse-shop.it\/fr\/shop\/\"},{\"@type\":\"ListItem\",\"position\":3,\"name\":\"JOSEPH JOSEPH Flex 360 Brosse \u00e0 toilette Ecru\"}]},{\"@type\":\"WebSite\",\"@id\":\"https:\/\/www.erresse-shop.it\/fr\/#website\",\"url\":\"https:\/\/www.erresse-shop.it\/fr\/\",\"name\":\"Erresse Shop\",\"description\":\"Articoli di qualit\u00e0 per la casa\",\"potentialAction\":[{\"@type\":\"SearchAction\",\"target\":{\"@type\":\"EntryPoint\",\"urlTemplate\":\"https:\/\/www.erresse-shop.it\/fr\/?s={search_term_string}\"},\"query-input\":\"required name=search_term_string\"}],\"inLanguage\":\"fr-FR\"}]}<\/script>\n<!-- \/ Yoast SEO Premium plugin. -->","yoast_head_json":{"title":"JOSEPH JOSEPH Flex 360 Brosse \u00e0 toilette Ecru - Erresse Shop","description":"La propret\u00e9 des toilettes vient d'\u00eatre am\u00e9lior\u00e9e. La t\u00eate de brosse triple action du Flex\u2122 360 fonctionne dans trois directions simultan\u00e9ment pour un","robots":{"index":"index","follow":"follow","max-snippet":"max-snippet:-1","max-image-preview":"max-image-preview:large","max-video-preview":"max-video-preview:-1"},"canonical":"https:\/\/www.erresse-shop.it\/fr\/shop\/ameublement-maison\/salle-de-bain\/joseph-joseph-flex-360-brosse-a-toilette-ecru\/","og_locale":"fr_FR","og_type":"article","og_title":"JOSEPH JOSEPH Flex 360 Brosse \u00e0 toilette Ecru","og_description":"La propret\u00e9 des toilettes vient d'\u00eatre am\u00e9lior\u00e9e. La t\u00eate de brosse triple action du Flex\u2122 360 fonctionne dans trois directions simultan\u00e9ment pour un","og_url":"https:\/\/www.erresse-shop.it\/fr\/shop\/ameublement-maison\/salle-de-bain\/joseph-joseph-flex-360-brosse-a-toilette-ecru\/","og_site_name":"Erresse Shop","article_modified_time":"2024-10-15T14:42:27+00:00","og_image":[{"width":1200,"height":1200,"url":"https:\/\/www.erresse-shop.it\/wp-content\/uploads\/2024\/10\/JOSEPH-JOSEPH-Flex\u2122-360-Spazzola-per-WC-Ecru.jpg","type":"image\/jpeg"}],"twitter_card":"summary_large_image","schema":{"@context":"https:\/\/schema.org","@graph":[{"@type":"WebPage","@id":"https:\/\/www.erresse-shop.it\/fr\/shop\/ameublement-maison\/salle-de-bain\/joseph-joseph-flex-360-brosse-a-toilette-ecru\/","url":"https:\/\/www.erresse-shop.it\/fr\/shop\/ameublement-maison\/salle-de-bain\/joseph-joseph-flex-360-brosse-a-toilette-ecru\/","name":"JOSEPH JOSEPH Flex 360 Brosse \u00e0 toilette Ecru - Erresse Shop","isPartOf":{"@id":"https:\/\/www.erresse-shop.it\/fr\/#website"},"datePublished":"2024-10-04T07:02:30+00:00","dateModified":"2024-10-15T14:42:27+00:00","description":"La propret\u00e9 des toilettes vient d'\u00eatre am\u00e9lior\u00e9e. La t\u00eate de brosse triple action du Flex\u2122 360 fonctionne dans trois directions simultan\u00e9ment pour un","breadcrumb":{"@id":"https:\/\/www.erresse-shop.it\/fr\/shop\/ameublement-maison\/salle-de-bain\/joseph-joseph-flex-360-brosse-a-toilette-ecru\/#breadcrumb"},"inLanguage":"fr-FR","potentialAction":[{"@type":"ReadAction","target":["https:\/\/www.erresse-shop.it\/fr\/shop\/ameublement-maison\/salle-de-bain\/joseph-joseph-flex-360-brosse-a-toilette-ecru\/"]}]},{"@type":"BreadcrumbList","@id":"https:\/\/www.erresse-shop.it\/fr\/shop\/ameublement-maison\/salle-de-bain\/joseph-joseph-flex-360-brosse-a-toilette-ecru\/#breadcrumb","itemListElement":[{"@type":"ListItem","position":1,"name":"Home","item":"https:\/\/www.erresse-shop.it\/fr\/"},{"@type":"ListItem","position":2,"name":"Shop","item":"https:\/\/www.erresse-shop.it\/fr\/shop\/"},{"@type":"ListItem","position":3,"name":"JOSEPH JOSEPH Flex 360 Brosse \u00e0 toilette Ecru"}]},{"@type":"WebSite","@id":"https:\/\/www.erresse-shop.it\/fr\/#website","url":"https:\/\/www.erresse-shop.it\/fr\/","name":"Erresse Shop","description":"Articoli di qualit\u00e0 per la casa","potentialAction":[{"@type":"SearchAction","target":{"@type":"EntryPoint","urlTemplate":"https:\/\/www.erresse-shop.it\/fr\/?s={search_term_string}"},"query-input":"required name=search_term_string"}],"inLanguage":"fr-FR"}]}},"df_price":37.95,"df_sale_price":37.95,"df_regular_price":39.95,"df_image_link":"https:\/\/www.erresse-shop.it\/wp-content\/uploads\/2024\/10\/JOSEPH-JOSEPH-Spazzola-per-WC-Ecru-300x300.jpg","_links":{"self":[{"href":"https:\/\/www.erresse-shop.it\/fr\/wp-json\/wp\/v2\/product\/435984"}],"collection":[{"href":"https:\/\/www.erresse-shop.it\/fr\/wp-json\/wp\/v2\/product"}],"about":[{"href":"https:\/\/www.erresse-shop.it\/fr\/wp-json\/wp\/v2\/types\/product"}],"wp:featuredmedia":[{"embeddable":true,"href":"https:\/\/www.erresse-shop.it\/fr\/wp-json\/wp\/v2\/media\/500566"}],"wp:attachment":[{"href":"https:\/\/www.erresse-shop.it\/fr\/wp-json\/wp\/v2\/media?parent=435984"}],"wp:term":[{"taxonomy":"product_cat","embeddable":true,"href":"https:\/\/www.erresse-shop.it\/fr\/wp-json\/wp\/v2\/product_cat?post=435984"},{"taxonomy":"product_tag","embeddable":true,"href":"https:\/\/www.erresse-shop.it\/fr\/wp-json\/wp\/v2\/product_tag?post=435984"}],"curies":[{"name":"wp","href":"https:\/\/api.w.org\/{rel}","templated":true}]}}