{"id":435895,"date":"2024-10-04T06:11:16","date_gmt":"2024-10-04T06:11:18","guid":{"rendered":"https:\/\/www.erresse-shop.it\/?post_type=product&#038;p=435895"},"modified":"2025-08-27T13:40:08","modified_gmt":"2025-08-27T13:40:08","slug":"joseph-joseph-arc-easy-push-poubelle-a-pedale-en-acier-inoxydable-10l","status":"publish","type":"product","link":"https:\/\/www.erresse-shop.it\/fr\/shop\/ameublement-maison\/poubelles\/joseph-joseph-arc-easy-push-poubelle-a-pedale-en-acier-inoxydable-10l\/","title":{"rendered":"JOSEPH JOSEPH Arc Easy-Push Poubelle \u00e0 p\u00e9dale en acier inoxydable 10L"},"content":{"rendered":"<p>Cette \u00e9l\u00e9gante poubelle circulaire est dot\u00e9e d&#8217;une grande p\u00e9dale qui s&#8217;int\u00e8gre parfaitement dans l&#8217;empreinte du design, \u00e9conomisant ainsi un espace pr\u00e9cieux au sol. De plus, il dispose d&#8217;un compartiment de rangement int\u00e9gr\u00e9 \u00e0 l&#8217;arri\u00e8re pour vos housses, les rendant facilement accessibles en cas de besoin. Fini dans un \u00e9l\u00e9gant acier noir au carbone, il a une capacit\u00e9 de 10 litres (2,6 gallons am\u00e9ricains).<\/p>\n<ul>\n<li>Grande p\u00e9dale facile \u00e0 appuyer qui s&#8217;adapte parfaitement \u00e0 la taille de la poubelle.<\/li>\n<li>Les rouleaux de papier toilette peuvent \u00eatre rang\u00e9s en toute s\u00e9curit\u00e9 dans le compartiment facile d&#8217;acc\u00e8s situ\u00e9 \u00e0 l&#8217;arri\u00e8re.<\/li>\n<li>Couvercle \u00e0 fermeture douce avec rev\u00eatement anti-empreintes digitales.<\/li>\n<li>Seau amovible facile \u00e0 vider.<\/li>\n<li>Compatible avec les doublures personnalis\u00e9es Joseph Joseph IW9.<\/li>\n<\/ul>\n<p><strong>Entretien et utilisation\u00a0:<\/strong><\/p>\n<ul>\n<li>\u00c0 utiliser avec les doublures personnalis\u00e9es Joseph Joseph IW9. Peut \u00e9galement \u00eatre utilis\u00e9 avec des gaines standards.<\/li>\n<li>Surfaces externes\u00a0: nettoyer avec un chiffon humide et s\u00e9cher avec un chiffon doux et sec. N&#8217;utilisez pas de chiffons abrasifs ni de nettoyants chimiques puissants.<\/li>\n<li>Seau\u00a0: retirez-le de l&#8217;appareil et nettoyez-le avec de l&#8217;eau ti\u00e8de savonneuse. Pour \u00e9liminer les odeurs d\u00e9sagr\u00e9ables, vous pouvez utiliser une solution de levure chimique et d&#8217;eau. S\u00e9cher avant de ranger dans l&#8217;appareil.<\/li>\n<\/ul>\n<p><strong>Dimensions\u00a0:<\/strong><\/p>\n<p>H44,7 x L26 x P26,7 cm (H17,6 x L10,2 x P10,5 pouces)<\/p>\n<p><strong>Poids\u00a0:<\/strong><\/p>\n<p>2,65 kg<\/p>\n<p>&nbsp;<\/p>\n","protected":false},"excerpt":{"rendered":"<p>Cette \u00e9l\u00e9gante poubelle circulaire est dot\u00e9e d&#8217;une grande p\u00e9dale qui s&#8217;int\u00e8gre parfaitement dans l&#8217;empreinte du design, \u00e9conomisant ainsi un espace<\/p>\n","protected":false},"featured_media":435907,"template":"","meta":{"_acf_changed":false,"inline_featured_image":false},"product_cat":[12738,14033],"product_tag":[25026,21223,21222,13485,15688,21225],"acf":[],"yoast_head":"<!-- This site is optimized with the Yoast SEO Premium plugin v18.6 (Yoast SEO v19.13) - https:\/\/yoast.com\/wordpress\/plugins\/seo\/ -->\n<title>JOSEPH JOSEPH Arc Easy-Push Poubelle \u00e0 p\u00e9dale en acier inoxydable 10L - Erresse Shop<\/title>\n<meta name=\"description\" content=\"Cette \u00e9l\u00e9gante poubelle circulaire est dot\u00e9e d&#039;une grande p\u00e9dale qui s&#039;int\u00e8gre parfaitement dans l&#039;empreinte du design, \u00e9conomisant ainsi un espace\" \/>\n<meta name=\"robots\" content=\"index, follow, max-snippet:-1, max-image-preview:large, max-video-preview:-1\" \/>\n<link rel=\"canonical\" href=\"https:\/\/www.erresse-shop.it\/fr\/shop\/ameublement-maison\/poubelles\/joseph-joseph-arc-easy-push-poubelle-a-pedale-en-acier-inoxydable-10l\/\" \/>\n<meta property=\"og:locale\" content=\"fr_FR\" \/>\n<meta property=\"og:type\" content=\"article\" \/>\n<meta property=\"og:title\" content=\"JOSEPH JOSEPH Arc Easy-Push Poubelle \u00e0 p\u00e9dale en acier inoxydable 10L\" \/>\n<meta property=\"og:description\" content=\"Cette \u00e9l\u00e9gante poubelle circulaire est dot\u00e9e d&#039;une grande p\u00e9dale qui s&#039;int\u00e8gre parfaitement dans l&#039;empreinte du design, \u00e9conomisant ainsi un espace\" \/>\n<meta property=\"og:url\" content=\"https:\/\/www.erresse-shop.it\/fr\/shop\/ameublement-maison\/poubelles\/joseph-joseph-arc-easy-push-poubelle-a-pedale-en-acier-inoxydable-10l\/\" \/>\n<meta property=\"og:site_name\" content=\"Erresse Shop\" \/>\n<meta property=\"article:modified_time\" content=\"2025-08-27T13:40:08+00:00\" \/>\n<meta property=\"og:image\" content=\"https:\/\/www.erresse-shop.it\/wp-content\/uploads\/2024\/10\/JOSEPH-JOSEPH-Arc-Easy-Push-Cestino-a-Pedale-Acciaio-inox-10L.jpg\" \/>\n\t<meta property=\"og:image:width\" content=\"1200\" \/>\n\t<meta property=\"og:image:height\" content=\"1200\" \/>\n\t<meta property=\"og:image:type\" content=\"image\/jpeg\" \/>\n<meta name=\"twitter:card\" content=\"summary_large_image\" \/>\n<script type=\"application\/ld+json\" class=\"yoast-schema-graph\">{\"@context\":\"https:\/\/schema.org\",\"@graph\":[{\"@type\":\"WebPage\",\"@id\":\"https:\/\/www.erresse-shop.it\/fr\/shop\/ameublement-maison\/poubelles\/joseph-joseph-arc-easy-push-poubelle-a-pedale-en-acier-inoxydable-10l\/\",\"url\":\"https:\/\/www.erresse-shop.it\/fr\/shop\/ameublement-maison\/poubelles\/joseph-joseph-arc-easy-push-poubelle-a-pedale-en-acier-inoxydable-10l\/\",\"name\":\"JOSEPH JOSEPH Arc Easy-Push Poubelle \u00e0 p\u00e9dale en acier inoxydable 10L - Erresse Shop\",\"isPartOf\":{\"@id\":\"https:\/\/www.erresse-shop.it\/fr\/#website\"},\"datePublished\":\"2024-10-04T06:11:18+00:00\",\"dateModified\":\"2025-08-27T13:40:08+00:00\",\"description\":\"Cette \u00e9l\u00e9gante poubelle circulaire est dot\u00e9e d'une grande p\u00e9dale qui s'int\u00e8gre parfaitement dans l'empreinte du design, \u00e9conomisant ainsi un espace\",\"breadcrumb\":{\"@id\":\"https:\/\/www.erresse-shop.it\/fr\/shop\/ameublement-maison\/poubelles\/joseph-joseph-arc-easy-push-poubelle-a-pedale-en-acier-inoxydable-10l\/#breadcrumb\"},\"inLanguage\":\"fr-FR\",\"potentialAction\":[{\"@type\":\"ReadAction\",\"target\":[\"https:\/\/www.erresse-shop.it\/fr\/shop\/ameublement-maison\/poubelles\/joseph-joseph-arc-easy-push-poubelle-a-pedale-en-acier-inoxydable-10l\/\"]}]},{\"@type\":\"BreadcrumbList\",\"@id\":\"https:\/\/www.erresse-shop.it\/fr\/shop\/ameublement-maison\/poubelles\/joseph-joseph-arc-easy-push-poubelle-a-pedale-en-acier-inoxydable-10l\/#breadcrumb\",\"itemListElement\":[{\"@type\":\"ListItem\",\"position\":1,\"name\":\"Home\",\"item\":\"https:\/\/www.erresse-shop.it\/fr\/\"},{\"@type\":\"ListItem\",\"position\":2,\"name\":\"Shop\",\"item\":\"https:\/\/www.erresse-shop.it\/fr\/shop\/\"},{\"@type\":\"ListItem\",\"position\":3,\"name\":\"JOSEPH JOSEPH Arc Easy-Push Poubelle \u00e0 p\u00e9dale en acier inoxydable 10L\"}]},{\"@type\":\"WebSite\",\"@id\":\"https:\/\/www.erresse-shop.it\/fr\/#website\",\"url\":\"https:\/\/www.erresse-shop.it\/fr\/\",\"name\":\"Erresse Shop\",\"description\":\"Articoli di qualit\u00e0 per la casa\",\"potentialAction\":[{\"@type\":\"SearchAction\",\"target\":{\"@type\":\"EntryPoint\",\"urlTemplate\":\"https:\/\/www.erresse-shop.it\/fr\/?s={search_term_string}\"},\"query-input\":\"required name=search_term_string\"}],\"inLanguage\":\"fr-FR\"}]}<\/script>\n<!-- \/ Yoast SEO Premium plugin. -->","yoast_head_json":{"title":"JOSEPH JOSEPH Arc Easy-Push Poubelle \u00e0 p\u00e9dale en acier inoxydable 10L - Erresse Shop","description":"Cette \u00e9l\u00e9gante poubelle circulaire est dot\u00e9e d'une grande p\u00e9dale qui s'int\u00e8gre parfaitement dans l'empreinte du design, \u00e9conomisant ainsi un espace","robots":{"index":"index","follow":"follow","max-snippet":"max-snippet:-1","max-image-preview":"max-image-preview:large","max-video-preview":"max-video-preview:-1"},"canonical":"https:\/\/www.erresse-shop.it\/fr\/shop\/ameublement-maison\/poubelles\/joseph-joseph-arc-easy-push-poubelle-a-pedale-en-acier-inoxydable-10l\/","og_locale":"fr_FR","og_type":"article","og_title":"JOSEPH JOSEPH Arc Easy-Push Poubelle \u00e0 p\u00e9dale en acier inoxydable 10L","og_description":"Cette \u00e9l\u00e9gante poubelle circulaire est dot\u00e9e d'une grande p\u00e9dale qui s'int\u00e8gre parfaitement dans l'empreinte du design, \u00e9conomisant ainsi un espace","og_url":"https:\/\/www.erresse-shop.it\/fr\/shop\/ameublement-maison\/poubelles\/joseph-joseph-arc-easy-push-poubelle-a-pedale-en-acier-inoxydable-10l\/","og_site_name":"Erresse Shop","article_modified_time":"2025-08-27T13:40:08+00:00","og_image":[{"width":1200,"height":1200,"url":"https:\/\/www.erresse-shop.it\/wp-content\/uploads\/2024\/10\/JOSEPH-JOSEPH-Arc-Easy-Push-Cestino-a-Pedale-Acciaio-inox-10L.jpg","type":"image\/jpeg"}],"twitter_card":"summary_large_image","schema":{"@context":"https:\/\/schema.org","@graph":[{"@type":"WebPage","@id":"https:\/\/www.erresse-shop.it\/fr\/shop\/ameublement-maison\/poubelles\/joseph-joseph-arc-easy-push-poubelle-a-pedale-en-acier-inoxydable-10l\/","url":"https:\/\/www.erresse-shop.it\/fr\/shop\/ameublement-maison\/poubelles\/joseph-joseph-arc-easy-push-poubelle-a-pedale-en-acier-inoxydable-10l\/","name":"JOSEPH JOSEPH Arc Easy-Push Poubelle \u00e0 p\u00e9dale en acier inoxydable 10L - Erresse Shop","isPartOf":{"@id":"https:\/\/www.erresse-shop.it\/fr\/#website"},"datePublished":"2024-10-04T06:11:18+00:00","dateModified":"2025-08-27T13:40:08+00:00","description":"Cette \u00e9l\u00e9gante poubelle circulaire est dot\u00e9e d'une grande p\u00e9dale qui s'int\u00e8gre parfaitement dans l'empreinte du design, \u00e9conomisant ainsi un espace","breadcrumb":{"@id":"https:\/\/www.erresse-shop.it\/fr\/shop\/ameublement-maison\/poubelles\/joseph-joseph-arc-easy-push-poubelle-a-pedale-en-acier-inoxydable-10l\/#breadcrumb"},"inLanguage":"fr-FR","potentialAction":[{"@type":"ReadAction","target":["https:\/\/www.erresse-shop.it\/fr\/shop\/ameublement-maison\/poubelles\/joseph-joseph-arc-easy-push-poubelle-a-pedale-en-acier-inoxydable-10l\/"]}]},{"@type":"BreadcrumbList","@id":"https:\/\/www.erresse-shop.it\/fr\/shop\/ameublement-maison\/poubelles\/joseph-joseph-arc-easy-push-poubelle-a-pedale-en-acier-inoxydable-10l\/#breadcrumb","itemListElement":[{"@type":"ListItem","position":1,"name":"Home","item":"https:\/\/www.erresse-shop.it\/fr\/"},{"@type":"ListItem","position":2,"name":"Shop","item":"https:\/\/www.erresse-shop.it\/fr\/shop\/"},{"@type":"ListItem","position":3,"name":"JOSEPH JOSEPH Arc Easy-Push Poubelle \u00e0 p\u00e9dale en acier inoxydable 10L"}]},{"@type":"WebSite","@id":"https:\/\/www.erresse-shop.it\/fr\/#website","url":"https:\/\/www.erresse-shop.it\/fr\/","name":"Erresse Shop","description":"Articoli di qualit\u00e0 per la casa","potentialAction":[{"@type":"SearchAction","target":{"@type":"EntryPoint","urlTemplate":"https:\/\/www.erresse-shop.it\/fr\/?s={search_term_string}"},"query-input":"required name=search_term_string"}],"inLanguage":"fr-FR"}]}},"df_price":49,"df_sale_price":49,"df_regular_price":89.99,"df_image_link":"https:\/\/www.erresse-shop.it\/wp-content\/uploads\/2024\/10\/JOSEPH-JOSEPH-Arc-Easy-Push-Cestino-a-Pedale-Acciaio-inox-10L-300x300.jpg","_links":{"self":[{"href":"https:\/\/www.erresse-shop.it\/fr\/wp-json\/wp\/v2\/product\/435895"}],"collection":[{"href":"https:\/\/www.erresse-shop.it\/fr\/wp-json\/wp\/v2\/product"}],"about":[{"href":"https:\/\/www.erresse-shop.it\/fr\/wp-json\/wp\/v2\/types\/product"}],"wp:featuredmedia":[{"embeddable":true,"href":"https:\/\/www.erresse-shop.it\/fr\/wp-json\/wp\/v2\/media\/435907"}],"wp:attachment":[{"href":"https:\/\/www.erresse-shop.it\/fr\/wp-json\/wp\/v2\/media?parent=435895"}],"wp:term":[{"taxonomy":"product_cat","embeddable":true,"href":"https:\/\/www.erresse-shop.it\/fr\/wp-json\/wp\/v2\/product_cat?post=435895"},{"taxonomy":"product_tag","embeddable":true,"href":"https:\/\/www.erresse-shop.it\/fr\/wp-json\/wp\/v2\/product_tag?post=435895"}],"curies":[{"name":"wp","href":"https:\/\/api.w.org\/{rel}","templated":true}]}}