{"id":435813,"date":"2024-10-03T13:51:30","date_gmt":"2024-10-03T13:51:32","guid":{"rendered":"https:\/\/www.erresse-shop.it\/?post_type=product&#038;p=435813"},"modified":"2024-10-16T07:07:20","modified_gmt":"2024-10-16T07:07:20","slug":"joseph-joseph-swift-table-top-tapis-de-repassage","status":"publish","type":"product","link":"https:\/\/www.erresse-shop.it\/fr\/shop\/ameublement-maison\/planches-a-repasser\/joseph-joseph-swift-table-top-tapis-de-repassage\/","title":{"rendered":"JOSEPH JOSEPH Swift Table-Top Tapis de repassage"},"content":{"rendered":"<p>Swift\u2122 vous permet d&#8217;am\u00e9nager un espace de repassage sur n&#8217;importe quelle surface plane, garantissant un repassage de haute qualit\u00e9, rapide et facile \u00e0 chaque fois.<\/p>\n<ul>\n<li>Tapis r\u00e9sistant \u00e0 la chaleur et \u00e0 la vapeur avec technologie multicouche DripLockTM.<\/li>\n<li>Il dispose d&#8217;un support en silicone pliable et antid\u00e9rapant sur lequel placer le fer.<\/li>\n<li>La boucle de suspension permet de repasser des v\u00eatements sur une porte ou un mur.<\/li>\n<li>Se plie \u00e0 plat pour un rangement peu encombrant.<\/li>\n<\/ul>\n<p><strong>Entretien et utilisation\u00a0:<\/strong><\/p>\n<ul>\n<li>Essuyer uniquement, ne pas laver en machine. Voir l&#8217;\u00e9tiquette d&#8217;entretien.<\/li>\n<li>Attention\u00a0: Ne pas utiliser sur des surfaces d\u00e9licates. Ne laissez pas le fer chaud sans surveillance sur le repose-fer en silicone pendant plus de 5 minutes. Gardez les enfants \u00e9loign\u00e9s du tapis de repassage lorsqu&#8217;il est utilis\u00e9.<\/li>\n<li>La surface de repassage r\u00e9siste \u00e0 la chaleur jusqu&#8217;\u00e0 200\u00a0\u00baC (392\u00a0\u00baF). Assurez-vous que le tapis est sec avant de le plier et de le ranger.<\/li>\n<\/ul>\n<p><strong>Dimensions<\/strong>\u00a0:<\/p>\n<p>D\u00e9pli\u00e9\u00a0: H1,5 x L47 x P90 cm (H0,6 x L18,5 x P35,4 pouces)<\/p>\n<p>Pli\u00e9\u00a0: H8 x L47 cm x P20 (H3,1 x L18,5 x P7,9 pouces)<\/p>\n<p>&nbsp;<\/p>\n","protected":false},"excerpt":{"rendered":"<p>Swift\u2122 vous permet d&#8217;am\u00e9nager un espace de repassage sur n&#8217;importe quelle surface plane, garantissant un repassage de haute qualit\u00e9, rapide<\/p>\n","protected":false},"featured_media":435819,"template":"","meta":{"_acf_changed":false,"inline_featured_image":false},"product_cat":[12738,18095],"product_tag":[25026,25021,18472,14059],"acf":[],"yoast_head":"<!-- This site is optimized with the Yoast SEO Premium plugin v18.6 (Yoast SEO v19.13) - https:\/\/yoast.com\/wordpress\/plugins\/seo\/ -->\n<title>JOSEPH JOSEPH Swift Table-Top Tapis de repassage - Erresse Shop<\/title>\n<meta name=\"description\" content=\"Swift\u2122 vous permet d&#039;am\u00e9nager un espace de repassage sur n&#039;importe quelle surface plane, garantissant un repassage de haute qualit\u00e9, rapide et facile \u00e0\" \/>\n<meta name=\"robots\" content=\"index, follow, max-snippet:-1, max-image-preview:large, max-video-preview:-1\" \/>\n<link rel=\"canonical\" href=\"https:\/\/www.erresse-shop.it\/fr\/shop\/ameublement-maison\/planches-a-repasser\/joseph-joseph-swift-table-top-tapis-de-repassage\/\" \/>\n<meta property=\"og:locale\" content=\"fr_FR\" \/>\n<meta property=\"og:type\" content=\"article\" \/>\n<meta property=\"og:title\" content=\"JOSEPH JOSEPH Swift Table-Top Tapis de repassage\" \/>\n<meta property=\"og:description\" content=\"Swift\u2122 vous permet d&#039;am\u00e9nager un espace de repassage sur n&#039;importe quelle surface plane, garantissant un repassage de haute qualit\u00e9, rapide et facile \u00e0\" \/>\n<meta property=\"og:url\" content=\"https:\/\/www.erresse-shop.it\/fr\/shop\/ameublement-maison\/planches-a-repasser\/joseph-joseph-swift-table-top-tapis-de-repassage\/\" \/>\n<meta property=\"og:site_name\" content=\"Erresse Shop\" \/>\n<meta property=\"article:modified_time\" content=\"2024-10-16T07:07:20+00:00\" \/>\n<meta property=\"og:image\" content=\"https:\/\/www.erresse-shop.it\/wp-content\/uploads\/2024\/10\/JOSEPH-JOSEPH-Swift-Table-Top-Tappetino-da-Stiro-Pesca.jpg\" \/>\n\t<meta property=\"og:image:width\" content=\"1200\" \/>\n\t<meta property=\"og:image:height\" content=\"1200\" \/>\n\t<meta property=\"og:image:type\" content=\"image\/jpeg\" \/>\n<meta name=\"twitter:card\" content=\"summary_large_image\" \/>\n<script type=\"application\/ld+json\" class=\"yoast-schema-graph\">{\"@context\":\"https:\/\/schema.org\",\"@graph\":[{\"@type\":\"WebPage\",\"@id\":\"https:\/\/www.erresse-shop.it\/fr\/shop\/ameublement-maison\/planches-a-repasser\/joseph-joseph-swift-table-top-tapis-de-repassage\/\",\"url\":\"https:\/\/www.erresse-shop.it\/fr\/shop\/ameublement-maison\/planches-a-repasser\/joseph-joseph-swift-table-top-tapis-de-repassage\/\",\"name\":\"JOSEPH JOSEPH Swift Table-Top Tapis de repassage - Erresse Shop\",\"isPartOf\":{\"@id\":\"https:\/\/www.erresse-shop.it\/fr\/#website\"},\"datePublished\":\"2024-10-03T13:51:32+00:00\",\"dateModified\":\"2024-10-16T07:07:20+00:00\",\"description\":\"Swift\u2122 vous permet d'am\u00e9nager un espace de repassage sur n'importe quelle surface plane, garantissant un repassage de haute qualit\u00e9, rapide et facile \u00e0\",\"breadcrumb\":{\"@id\":\"https:\/\/www.erresse-shop.it\/fr\/shop\/ameublement-maison\/planches-a-repasser\/joseph-joseph-swift-table-top-tapis-de-repassage\/#breadcrumb\"},\"inLanguage\":\"fr-FR\",\"potentialAction\":[{\"@type\":\"ReadAction\",\"target\":[\"https:\/\/www.erresse-shop.it\/fr\/shop\/ameublement-maison\/planches-a-repasser\/joseph-joseph-swift-table-top-tapis-de-repassage\/\"]}]},{\"@type\":\"BreadcrumbList\",\"@id\":\"https:\/\/www.erresse-shop.it\/fr\/shop\/ameublement-maison\/planches-a-repasser\/joseph-joseph-swift-table-top-tapis-de-repassage\/#breadcrumb\",\"itemListElement\":[{\"@type\":\"ListItem\",\"position\":1,\"name\":\"Home\",\"item\":\"https:\/\/www.erresse-shop.it\/fr\/\"},{\"@type\":\"ListItem\",\"position\":2,\"name\":\"Shop\",\"item\":\"https:\/\/www.erresse-shop.it\/fr\/shop\/\"},{\"@type\":\"ListItem\",\"position\":3,\"name\":\"JOSEPH JOSEPH Swift Table-Top Tapis de repassage\"}]},{\"@type\":\"WebSite\",\"@id\":\"https:\/\/www.erresse-shop.it\/fr\/#website\",\"url\":\"https:\/\/www.erresse-shop.it\/fr\/\",\"name\":\"Erresse Shop\",\"description\":\"Articoli di qualit\u00e0 per la casa\",\"potentialAction\":[{\"@type\":\"SearchAction\",\"target\":{\"@type\":\"EntryPoint\",\"urlTemplate\":\"https:\/\/www.erresse-shop.it\/fr\/?s={search_term_string}\"},\"query-input\":\"required name=search_term_string\"}],\"inLanguage\":\"fr-FR\"}]}<\/script>\n<!-- \/ Yoast SEO Premium plugin. -->","yoast_head_json":{"title":"JOSEPH JOSEPH Swift Table-Top Tapis de repassage - Erresse Shop","description":"Swift\u2122 vous permet d'am\u00e9nager un espace de repassage sur n'importe quelle surface plane, garantissant un repassage de haute qualit\u00e9, rapide et facile \u00e0","robots":{"index":"index","follow":"follow","max-snippet":"max-snippet:-1","max-image-preview":"max-image-preview:large","max-video-preview":"max-video-preview:-1"},"canonical":"https:\/\/www.erresse-shop.it\/fr\/shop\/ameublement-maison\/planches-a-repasser\/joseph-joseph-swift-table-top-tapis-de-repassage\/","og_locale":"fr_FR","og_type":"article","og_title":"JOSEPH JOSEPH Swift Table-Top Tapis de repassage","og_description":"Swift\u2122 vous permet d'am\u00e9nager un espace de repassage sur n'importe quelle surface plane, garantissant un repassage de haute qualit\u00e9, rapide et facile \u00e0","og_url":"https:\/\/www.erresse-shop.it\/fr\/shop\/ameublement-maison\/planches-a-repasser\/joseph-joseph-swift-table-top-tapis-de-repassage\/","og_site_name":"Erresse Shop","article_modified_time":"2024-10-16T07:07:20+00:00","og_image":[{"width":1200,"height":1200,"url":"https:\/\/www.erresse-shop.it\/wp-content\/uploads\/2024\/10\/JOSEPH-JOSEPH-Swift-Table-Top-Tappetino-da-Stiro-Pesca.jpg","type":"image\/jpeg"}],"twitter_card":"summary_large_image","schema":{"@context":"https:\/\/schema.org","@graph":[{"@type":"WebPage","@id":"https:\/\/www.erresse-shop.it\/fr\/shop\/ameublement-maison\/planches-a-repasser\/joseph-joseph-swift-table-top-tapis-de-repassage\/","url":"https:\/\/www.erresse-shop.it\/fr\/shop\/ameublement-maison\/planches-a-repasser\/joseph-joseph-swift-table-top-tapis-de-repassage\/","name":"JOSEPH JOSEPH Swift Table-Top Tapis de repassage - Erresse Shop","isPartOf":{"@id":"https:\/\/www.erresse-shop.it\/fr\/#website"},"datePublished":"2024-10-03T13:51:32+00:00","dateModified":"2024-10-16T07:07:20+00:00","description":"Swift\u2122 vous permet d'am\u00e9nager un espace de repassage sur n'importe quelle surface plane, garantissant un repassage de haute qualit\u00e9, rapide et facile \u00e0","breadcrumb":{"@id":"https:\/\/www.erresse-shop.it\/fr\/shop\/ameublement-maison\/planches-a-repasser\/joseph-joseph-swift-table-top-tapis-de-repassage\/#breadcrumb"},"inLanguage":"fr-FR","potentialAction":[{"@type":"ReadAction","target":["https:\/\/www.erresse-shop.it\/fr\/shop\/ameublement-maison\/planches-a-repasser\/joseph-joseph-swift-table-top-tapis-de-repassage\/"]}]},{"@type":"BreadcrumbList","@id":"https:\/\/www.erresse-shop.it\/fr\/shop\/ameublement-maison\/planches-a-repasser\/joseph-joseph-swift-table-top-tapis-de-repassage\/#breadcrumb","itemListElement":[{"@type":"ListItem","position":1,"name":"Home","item":"https:\/\/www.erresse-shop.it\/fr\/"},{"@type":"ListItem","position":2,"name":"Shop","item":"https:\/\/www.erresse-shop.it\/fr\/shop\/"},{"@type":"ListItem","position":3,"name":"JOSEPH JOSEPH Swift Table-Top Tapis de repassage"}]},{"@type":"WebSite","@id":"https:\/\/www.erresse-shop.it\/fr\/#website","url":"https:\/\/www.erresse-shop.it\/fr\/","name":"Erresse Shop","description":"Articoli di qualit\u00e0 per la casa","potentialAction":[{"@type":"SearchAction","target":{"@type":"EntryPoint","urlTemplate":"https:\/\/www.erresse-shop.it\/fr\/?s={search_term_string}"},"query-input":"required name=search_term_string"}],"inLanguage":"fr-FR"}]}},"df_price":25,"df_sale_price":25,"df_regular_price":39.99,"df_image_link":"https:\/\/www.erresse-shop.it\/wp-content\/uploads\/2024\/10\/JOSEPH-JOSEPH-Swift-Table-Top-Tappetino-da-Stiro-Pesca-300x300.jpg","_links":{"self":[{"href":"https:\/\/www.erresse-shop.it\/fr\/wp-json\/wp\/v2\/product\/435813"}],"collection":[{"href":"https:\/\/www.erresse-shop.it\/fr\/wp-json\/wp\/v2\/product"}],"about":[{"href":"https:\/\/www.erresse-shop.it\/fr\/wp-json\/wp\/v2\/types\/product"}],"wp:featuredmedia":[{"embeddable":true,"href":"https:\/\/www.erresse-shop.it\/fr\/wp-json\/wp\/v2\/media\/435819"}],"wp:attachment":[{"href":"https:\/\/www.erresse-shop.it\/fr\/wp-json\/wp\/v2\/media?parent=435813"}],"wp:term":[{"taxonomy":"product_cat","embeddable":true,"href":"https:\/\/www.erresse-shop.it\/fr\/wp-json\/wp\/v2\/product_cat?post=435813"},{"taxonomy":"product_tag","embeddable":true,"href":"https:\/\/www.erresse-shop.it\/fr\/wp-json\/wp\/v2\/product_tag?post=435813"}],"curies":[{"name":"wp","href":"https:\/\/api.w.org\/{rel}","templated":true}]}}