{"id":435782,"date":"2024-10-03T12:59:29","date_gmt":"2024-10-03T12:59:31","guid":{"rendered":"https:\/\/www.erresse-shop.it\/?post_type=product&#038;p=435782"},"modified":"2024-10-16T07:09:45","modified_gmt":"2024-10-16T07:09:45","slug":"joseph-joseph-petal-cintre-quick-grip-32-pieces-ecru","status":"publish","type":"product","link":"https:\/\/www.erresse-shop.it\/fr\/shop\/ameublement-maison\/objets-de-decoration\/joseph-joseph-petal-cintre-quick-grip-32-pieces-ecru\/","title":{"rendered":"JOSEPH JOSEPH Petal Cintre Quick Grip 32 pi\u00e8ces Ecru"},"content":{"rendered":"<p>Petal\u2122 est une pochette intelligente, avec laquelle les petites pi\u00e8ces, telles que les chaussettes et les v\u00eatements, peuvent \u00eatre retir\u00e9es facilement et rapidement. Placez facilement chaque v\u00eatement entre les griffes pour le charger et le vider efficacement.<\/p>\n<ul>\n<li>Conception facile \u00e0 charger avec des poign\u00e9es de pression pour un s\u00e9chage en toute s\u00e9curit\u00e9.<\/li>\n<li>Parfait pour s\u00e9cher les petits articles tels que les chaussettes et les sous-v\u00eatements.<\/li>\n<li>Deux crochets robustes en aluminium pour une suspension s\u00fbre \u00e0 l&#8217;int\u00e9rieur ou \u00e0 l&#8217;ext\u00e9rieur.<\/li>\n<li>Se plie pour un rangement compact et peu encombrant.<\/li>\n<li>Peut contenir jusqu&#8217;\u00e0 32 sous-v\u00eatements s\u00e9par\u00e9s.<\/li>\n<\/ul>\n<p><strong>Entretien et utilisation :<\/strong><\/p>\n<ul>\n<li>Nettoyer avec un chiffon humide.<\/li>\n<li>Attention : Ne pas surcharger.<\/li>\n<li>Stocker dans un endroit sec lorsqu&#8217;il n&#8217;est pas utilis\u00e9.<\/li>\n<li>Fabriqu\u00e9 \u00e0 partir d&#8217;un minimum de 40 % de plastique recycl\u00e9 provenant de d\u00e9chets de post-consommation. En raison des diff\u00e9rences entre les mat\u00e9riaux recycl\u00e9s, la couleur du produit peut varier et de petites taches peuvent appara\u00eetre \u00e0 la surface. Ceci est tout \u00e0 fait normal et n&#8217;affecte pas la durabilit\u00e9 ou la performance du produit.<\/li>\n<\/ul>\n<p><strong>Dimensions :<\/strong><\/p>\n<p>H1,2 x B17,5 x T40,5 cm (H0,47 x L6,89 x T15,94 Zoll)<\/p>\n","protected":false},"excerpt":{"rendered":"<p>Petal\u2122 est une pochette intelligente, avec laquelle les petites pi\u00e8ces, telles que les chaussettes et les v\u00eatements, peuvent \u00eatre retir\u00e9es<\/p>\n","protected":false},"featured_media":435791,"template":"","meta":{"_acf_changed":false,"inline_featured_image":false},"product_cat":[12738,14441],"product_tag":[25026,25021,13011],"acf":[],"yoast_head":"<!-- This site is optimized with the Yoast SEO Premium plugin v18.6 (Yoast SEO v19.13) - https:\/\/yoast.com\/wordpress\/plugins\/seo\/ -->\n<title>JOSEPH JOSEPH Petal Cintre Quick Grip 32 pi\u00e8ces Ecru - Erresse Shop<\/title>\n<meta name=\"description\" content=\"Petal\u2122 est une pochette intelligente, avec laquelle les petites pi\u00e8ces, telles que les chaussettes et les v\u00eatements, peuvent \u00eatre retir\u00e9es facilement et\" \/>\n<meta name=\"robots\" content=\"index, follow, max-snippet:-1, max-image-preview:large, max-video-preview:-1\" \/>\n<link rel=\"canonical\" href=\"https:\/\/www.erresse-shop.it\/fr\/shop\/ameublement-maison\/objets-de-decoration\/joseph-joseph-petal-cintre-quick-grip-32-pieces-ecru\/\" \/>\n<meta property=\"og:locale\" content=\"fr_FR\" \/>\n<meta property=\"og:type\" content=\"article\" \/>\n<meta property=\"og:title\" content=\"JOSEPH JOSEPH Petal Cintre Quick Grip 32 pi\u00e8ces Ecru\" \/>\n<meta property=\"og:description\" content=\"Petal\u2122 est une pochette intelligente, avec laquelle les petites pi\u00e8ces, telles que les chaussettes et les v\u00eatements, peuvent \u00eatre retir\u00e9es facilement et\" \/>\n<meta property=\"og:url\" content=\"https:\/\/www.erresse-shop.it\/fr\/shop\/ameublement-maison\/objets-de-decoration\/joseph-joseph-petal-cintre-quick-grip-32-pieces-ecru\/\" \/>\n<meta property=\"og:site_name\" content=\"Erresse Shop\" \/>\n<meta property=\"article:modified_time\" content=\"2024-10-16T07:09:45+00:00\" \/>\n<meta property=\"og:image\" content=\"https:\/\/www.erresse-shop.it\/wp-content\/uploads\/2024\/10\/JOSEPH-JOSEPH-Petal-Gancio-per-Asciugatura-a-Presa-Rapida-32-pezzi-Ecru.jpg\" \/>\n\t<meta property=\"og:image:width\" content=\"1200\" \/>\n\t<meta property=\"og:image:height\" content=\"1200\" \/>\n\t<meta property=\"og:image:type\" content=\"image\/jpeg\" \/>\n<meta name=\"twitter:card\" content=\"summary_large_image\" \/>\n<script type=\"application\/ld+json\" class=\"yoast-schema-graph\">{\"@context\":\"https:\/\/schema.org\",\"@graph\":[{\"@type\":\"WebPage\",\"@id\":\"https:\/\/www.erresse-shop.it\/fr\/shop\/ameublement-maison\/objets-de-decoration\/joseph-joseph-petal-cintre-quick-grip-32-pieces-ecru\/\",\"url\":\"https:\/\/www.erresse-shop.it\/fr\/shop\/ameublement-maison\/objets-de-decoration\/joseph-joseph-petal-cintre-quick-grip-32-pieces-ecru\/\",\"name\":\"JOSEPH JOSEPH Petal Cintre Quick Grip 32 pi\u00e8ces Ecru - Erresse Shop\",\"isPartOf\":{\"@id\":\"https:\/\/www.erresse-shop.it\/fr\/#website\"},\"datePublished\":\"2024-10-03T12:59:31+00:00\",\"dateModified\":\"2024-10-16T07:09:45+00:00\",\"description\":\"Petal\u2122 est une pochette intelligente, avec laquelle les petites pi\u00e8ces, telles que les chaussettes et les v\u00eatements, peuvent \u00eatre retir\u00e9es facilement et\",\"breadcrumb\":{\"@id\":\"https:\/\/www.erresse-shop.it\/fr\/shop\/ameublement-maison\/objets-de-decoration\/joseph-joseph-petal-cintre-quick-grip-32-pieces-ecru\/#breadcrumb\"},\"inLanguage\":\"fr-FR\",\"potentialAction\":[{\"@type\":\"ReadAction\",\"target\":[\"https:\/\/www.erresse-shop.it\/fr\/shop\/ameublement-maison\/objets-de-decoration\/joseph-joseph-petal-cintre-quick-grip-32-pieces-ecru\/\"]}]},{\"@type\":\"BreadcrumbList\",\"@id\":\"https:\/\/www.erresse-shop.it\/fr\/shop\/ameublement-maison\/objets-de-decoration\/joseph-joseph-petal-cintre-quick-grip-32-pieces-ecru\/#breadcrumb\",\"itemListElement\":[{\"@type\":\"ListItem\",\"position\":1,\"name\":\"Home\",\"item\":\"https:\/\/www.erresse-shop.it\/fr\/\"},{\"@type\":\"ListItem\",\"position\":2,\"name\":\"Shop\",\"item\":\"https:\/\/www.erresse-shop.it\/fr\/shop\/\"},{\"@type\":\"ListItem\",\"position\":3,\"name\":\"JOSEPH JOSEPH Petal Cintre Quick Grip 32 pi\u00e8ces Ecru\"}]},{\"@type\":\"WebSite\",\"@id\":\"https:\/\/www.erresse-shop.it\/fr\/#website\",\"url\":\"https:\/\/www.erresse-shop.it\/fr\/\",\"name\":\"Erresse Shop\",\"description\":\"Articoli di qualit\u00e0 per la casa\",\"potentialAction\":[{\"@type\":\"SearchAction\",\"target\":{\"@type\":\"EntryPoint\",\"urlTemplate\":\"https:\/\/www.erresse-shop.it\/fr\/?s={search_term_string}\"},\"query-input\":\"required name=search_term_string\"}],\"inLanguage\":\"fr-FR\"}]}<\/script>\n<!-- \/ Yoast SEO Premium plugin. -->","yoast_head_json":{"title":"JOSEPH JOSEPH Petal Cintre Quick Grip 32 pi\u00e8ces Ecru - Erresse Shop","description":"Petal\u2122 est une pochette intelligente, avec laquelle les petites pi\u00e8ces, telles que les chaussettes et les v\u00eatements, peuvent \u00eatre retir\u00e9es facilement et","robots":{"index":"index","follow":"follow","max-snippet":"max-snippet:-1","max-image-preview":"max-image-preview:large","max-video-preview":"max-video-preview:-1"},"canonical":"https:\/\/www.erresse-shop.it\/fr\/shop\/ameublement-maison\/objets-de-decoration\/joseph-joseph-petal-cintre-quick-grip-32-pieces-ecru\/","og_locale":"fr_FR","og_type":"article","og_title":"JOSEPH JOSEPH Petal Cintre Quick Grip 32 pi\u00e8ces Ecru","og_description":"Petal\u2122 est une pochette intelligente, avec laquelle les petites pi\u00e8ces, telles que les chaussettes et les v\u00eatements, peuvent \u00eatre retir\u00e9es facilement et","og_url":"https:\/\/www.erresse-shop.it\/fr\/shop\/ameublement-maison\/objets-de-decoration\/joseph-joseph-petal-cintre-quick-grip-32-pieces-ecru\/","og_site_name":"Erresse Shop","article_modified_time":"2024-10-16T07:09:45+00:00","og_image":[{"width":1200,"height":1200,"url":"https:\/\/www.erresse-shop.it\/wp-content\/uploads\/2024\/10\/JOSEPH-JOSEPH-Petal-Gancio-per-Asciugatura-a-Presa-Rapida-32-pezzi-Ecru.jpg","type":"image\/jpeg"}],"twitter_card":"summary_large_image","schema":{"@context":"https:\/\/schema.org","@graph":[{"@type":"WebPage","@id":"https:\/\/www.erresse-shop.it\/fr\/shop\/ameublement-maison\/objets-de-decoration\/joseph-joseph-petal-cintre-quick-grip-32-pieces-ecru\/","url":"https:\/\/www.erresse-shop.it\/fr\/shop\/ameublement-maison\/objets-de-decoration\/joseph-joseph-petal-cintre-quick-grip-32-pieces-ecru\/","name":"JOSEPH JOSEPH Petal Cintre Quick Grip 32 pi\u00e8ces Ecru - Erresse Shop","isPartOf":{"@id":"https:\/\/www.erresse-shop.it\/fr\/#website"},"datePublished":"2024-10-03T12:59:31+00:00","dateModified":"2024-10-16T07:09:45+00:00","description":"Petal\u2122 est une pochette intelligente, avec laquelle les petites pi\u00e8ces, telles que les chaussettes et les v\u00eatements, peuvent \u00eatre retir\u00e9es facilement et","breadcrumb":{"@id":"https:\/\/www.erresse-shop.it\/fr\/shop\/ameublement-maison\/objets-de-decoration\/joseph-joseph-petal-cintre-quick-grip-32-pieces-ecru\/#breadcrumb"},"inLanguage":"fr-FR","potentialAction":[{"@type":"ReadAction","target":["https:\/\/www.erresse-shop.it\/fr\/shop\/ameublement-maison\/objets-de-decoration\/joseph-joseph-petal-cintre-quick-grip-32-pieces-ecru\/"]}]},{"@type":"BreadcrumbList","@id":"https:\/\/www.erresse-shop.it\/fr\/shop\/ameublement-maison\/objets-de-decoration\/joseph-joseph-petal-cintre-quick-grip-32-pieces-ecru\/#breadcrumb","itemListElement":[{"@type":"ListItem","position":1,"name":"Home","item":"https:\/\/www.erresse-shop.it\/fr\/"},{"@type":"ListItem","position":2,"name":"Shop","item":"https:\/\/www.erresse-shop.it\/fr\/shop\/"},{"@type":"ListItem","position":3,"name":"JOSEPH JOSEPH Petal Cintre Quick Grip 32 pi\u00e8ces Ecru"}]},{"@type":"WebSite","@id":"https:\/\/www.erresse-shop.it\/fr\/#website","url":"https:\/\/www.erresse-shop.it\/fr\/","name":"Erresse Shop","description":"Articoli di qualit\u00e0 per la casa","potentialAction":[{"@type":"SearchAction","target":{"@type":"EntryPoint","urlTemplate":"https:\/\/www.erresse-shop.it\/fr\/?s={search_term_string}"},"query-input":"required name=search_term_string"}],"inLanguage":"fr-FR"}]}},"df_price":14.95,"df_sale_price":14.95,"df_regular_price":17.99,"df_image_link":"https:\/\/www.erresse-shop.it\/wp-content\/uploads\/2024\/10\/JOSEPH-JOSEPH-Petal-Gancio-per-Asciugatura-a-Presa-Rapida-32-pezzi-Ecru-300x300.jpg","_links":{"self":[{"href":"https:\/\/www.erresse-shop.it\/fr\/wp-json\/wp\/v2\/product\/435782"}],"collection":[{"href":"https:\/\/www.erresse-shop.it\/fr\/wp-json\/wp\/v2\/product"}],"about":[{"href":"https:\/\/www.erresse-shop.it\/fr\/wp-json\/wp\/v2\/types\/product"}],"wp:featuredmedia":[{"embeddable":true,"href":"https:\/\/www.erresse-shop.it\/fr\/wp-json\/wp\/v2\/media\/435791"}],"wp:attachment":[{"href":"https:\/\/www.erresse-shop.it\/fr\/wp-json\/wp\/v2\/media?parent=435782"}],"wp:term":[{"taxonomy":"product_cat","embeddable":true,"href":"https:\/\/www.erresse-shop.it\/fr\/wp-json\/wp\/v2\/product_cat?post=435782"},{"taxonomy":"product_tag","embeddable":true,"href":"https:\/\/www.erresse-shop.it\/fr\/wp-json\/wp\/v2\/product_tag?post=435782"}],"curies":[{"name":"wp","href":"https:\/\/api.w.org\/{rel}","templated":true}]}}