{"id":435553,"date":"2024-10-03T09:22:41","date_gmt":"2024-10-03T09:22:44","guid":{"rendered":"https:\/\/www.erresse-shop.it\/?post_type=product&#038;p=435553"},"modified":"2024-11-09T13:39:24","modified_gmt":"2024-11-09T13:39:24","slug":"villeroy-boch-set-6-assiettes-toys-delight-27-cm","status":"publish","type":"product","link":"https:\/\/www.erresse-shop.it\/fr\/shop\/table-fr-2\/plats\/villeroy-boch-set-6-assiettes-toys-delight-27-cm\/","title":{"rendered":"VILLEROY &#038; BOCH  Set 6 assiettes Toy&#8217;s Delight 27 cm"},"content":{"rendered":"<p><strong>LAVABLE AU LAVE-VAISSELLE<\/strong><br \/>\n<strong>Mat\u00e9riau<\/strong> : Porcelaine de qualit\u00e9 sup\u00e9rieure<br \/>\n<strong>Passe au micro-ondes<\/strong> : oui<\/p>\n<p><strong>Pour une table de No\u00ebl parfaite.<\/strong><br \/>\nLa collection Toy&#8217;s Delight apporte une atmosph\u00e8re de No\u00ebl nostalgique dans la maison. Cette porcelaine est d\u00e9cor\u00e9e de jolis motifs rouges, verts et blancs et \u00e9voque des souvenirs d&#8217;enfance. \u00c0 assortir, \u00e0 collectionner et \u00e0 offrir. Assiette \u00e0 d\u00eener en porcelaine de qualit\u00e9 sup\u00e9rieure, parfaite pour une table de No\u00ebl inoubliable. Qualit\u00e9 made in Germany : d\u00e9couvrez la vaisselle de No\u00ebl d\u00e8s maintenant !<\/p>\n","protected":false},"excerpt":{"rendered":"<p>LAVABLE AU LAVE-VAISSELLE Mat\u00e9riau : Porcelaine de qualit\u00e9 sup\u00e9rieure Passe au micro-ondes : oui Pour une table de No\u00ebl parfaite.<\/p>\n","protected":false},"featured_media":435558,"template":"","meta":{"_acf_changed":false,"inline_featured_image":false},"product_cat":[12788,12782],"product_tag":[13169,23910,20499,20501,20500,13170],"acf":[],"yoast_head":"<!-- This site is optimized with the Yoast SEO Premium plugin v18.6 (Yoast SEO v19.13) - https:\/\/yoast.com\/wordpress\/plugins\/seo\/ -->\n<title>VILLEROY &amp; BOCH Set 6 assiettes Toy&#039;s Delight 27 cm - Erresse Shop<\/title>\n<meta name=\"description\" content=\"LAVABLE AU LAVE-VAISSELLE Mat\u00e9riau : Porcelaine de qualit\u00e9 sup\u00e9rieure Passe au micro-ondes : oui Pour une table de No\u00ebl parfaite. La collection Toy&#039;s\" \/>\n<meta name=\"robots\" content=\"index, follow, max-snippet:-1, max-image-preview:large, max-video-preview:-1\" \/>\n<link rel=\"canonical\" href=\"https:\/\/www.erresse-shop.it\/fr\/shop\/table-fr-2\/plats\/villeroy-boch-set-6-assiettes-toys-delight-27-cm\/\" \/>\n<meta property=\"og:locale\" content=\"fr_FR\" \/>\n<meta property=\"og:type\" content=\"article\" \/>\n<meta property=\"og:title\" content=\"VILLEROY &amp; BOCH Set 6 assiettes Toy&#039;s Delight 27 cm\" \/>\n<meta property=\"og:description\" content=\"LAVABLE AU LAVE-VAISSELLE Mat\u00e9riau : Porcelaine de qualit\u00e9 sup\u00e9rieure Passe au micro-ondes : oui Pour une table de No\u00ebl parfaite. La collection Toy&#039;s\" \/>\n<meta property=\"og:url\" content=\"https:\/\/www.erresse-shop.it\/fr\/shop\/table-fr-2\/plats\/villeroy-boch-set-6-assiettes-toys-delight-27-cm\/\" \/>\n<meta property=\"og:site_name\" content=\"Erresse Shop\" \/>\n<meta property=\"article:modified_time\" content=\"2024-11-09T13:39:24+00:00\" \/>\n<meta property=\"og:image\" content=\"https:\/\/www.erresse-shop.it\/wp-content\/uploads\/2024\/10\/VILLEROY-BOCH-Set-6-Piatti-Piani-Toys-Delight-27-cm.jpg\" \/>\n\t<meta property=\"og:image:width\" content=\"1200\" \/>\n\t<meta property=\"og:image:height\" content=\"1200\" \/>\n\t<meta property=\"og:image:type\" content=\"image\/jpeg\" \/>\n<meta name=\"twitter:card\" content=\"summary_large_image\" \/>\n<script type=\"application\/ld+json\" class=\"yoast-schema-graph\">{\"@context\":\"https:\/\/schema.org\",\"@graph\":[{\"@type\":\"WebPage\",\"@id\":\"https:\/\/www.erresse-shop.it\/fr\/shop\/table-fr-2\/plats\/villeroy-boch-set-6-assiettes-toys-delight-27-cm\/\",\"url\":\"https:\/\/www.erresse-shop.it\/fr\/shop\/table-fr-2\/plats\/villeroy-boch-set-6-assiettes-toys-delight-27-cm\/\",\"name\":\"VILLEROY & BOCH Set 6 assiettes Toy's Delight 27 cm - Erresse Shop\",\"isPartOf\":{\"@id\":\"https:\/\/www.erresse-shop.it\/fr\/#website\"},\"datePublished\":\"2024-10-03T09:22:44+00:00\",\"dateModified\":\"2024-11-09T13:39:24+00:00\",\"description\":\"LAVABLE AU LAVE-VAISSELLE Mat\u00e9riau : Porcelaine de qualit\u00e9 sup\u00e9rieure Passe au micro-ondes : oui Pour une table de No\u00ebl parfaite. La collection Toy's\",\"breadcrumb\":{\"@id\":\"https:\/\/www.erresse-shop.it\/fr\/shop\/table-fr-2\/plats\/villeroy-boch-set-6-assiettes-toys-delight-27-cm\/#breadcrumb\"},\"inLanguage\":\"fr-FR\",\"potentialAction\":[{\"@type\":\"ReadAction\",\"target\":[\"https:\/\/www.erresse-shop.it\/fr\/shop\/table-fr-2\/plats\/villeroy-boch-set-6-assiettes-toys-delight-27-cm\/\"]}]},{\"@type\":\"BreadcrumbList\",\"@id\":\"https:\/\/www.erresse-shop.it\/fr\/shop\/table-fr-2\/plats\/villeroy-boch-set-6-assiettes-toys-delight-27-cm\/#breadcrumb\",\"itemListElement\":[{\"@type\":\"ListItem\",\"position\":1,\"name\":\"Home\",\"item\":\"https:\/\/www.erresse-shop.it\/fr\/\"},{\"@type\":\"ListItem\",\"position\":2,\"name\":\"Shop\",\"item\":\"https:\/\/www.erresse-shop.it\/fr\/shop\/\"},{\"@type\":\"ListItem\",\"position\":3,\"name\":\"VILLEROY &#038; BOCH Set 6 assiettes Toy&#8217;s Delight 27 cm\"}]},{\"@type\":\"WebSite\",\"@id\":\"https:\/\/www.erresse-shop.it\/fr\/#website\",\"url\":\"https:\/\/www.erresse-shop.it\/fr\/\",\"name\":\"Erresse Shop\",\"description\":\"Articoli di qualit\u00e0 per la casa\",\"potentialAction\":[{\"@type\":\"SearchAction\",\"target\":{\"@type\":\"EntryPoint\",\"urlTemplate\":\"https:\/\/www.erresse-shop.it\/fr\/?s={search_term_string}\"},\"query-input\":\"required name=search_term_string\"}],\"inLanguage\":\"fr-FR\"}]}<\/script>\n<!-- \/ Yoast SEO Premium plugin. -->","yoast_head_json":{"title":"VILLEROY & BOCH Set 6 assiettes Toy's Delight 27 cm - Erresse Shop","description":"LAVABLE AU LAVE-VAISSELLE Mat\u00e9riau : Porcelaine de qualit\u00e9 sup\u00e9rieure Passe au micro-ondes : oui Pour une table de No\u00ebl parfaite. La collection Toy's","robots":{"index":"index","follow":"follow","max-snippet":"max-snippet:-1","max-image-preview":"max-image-preview:large","max-video-preview":"max-video-preview:-1"},"canonical":"https:\/\/www.erresse-shop.it\/fr\/shop\/table-fr-2\/plats\/villeroy-boch-set-6-assiettes-toys-delight-27-cm\/","og_locale":"fr_FR","og_type":"article","og_title":"VILLEROY & BOCH Set 6 assiettes Toy's Delight 27 cm","og_description":"LAVABLE AU LAVE-VAISSELLE Mat\u00e9riau : Porcelaine de qualit\u00e9 sup\u00e9rieure Passe au micro-ondes : oui Pour une table de No\u00ebl parfaite. La collection Toy's","og_url":"https:\/\/www.erresse-shop.it\/fr\/shop\/table-fr-2\/plats\/villeroy-boch-set-6-assiettes-toys-delight-27-cm\/","og_site_name":"Erresse Shop","article_modified_time":"2024-11-09T13:39:24+00:00","og_image":[{"width":1200,"height":1200,"url":"https:\/\/www.erresse-shop.it\/wp-content\/uploads\/2024\/10\/VILLEROY-BOCH-Set-6-Piatti-Piani-Toys-Delight-27-cm.jpg","type":"image\/jpeg"}],"twitter_card":"summary_large_image","schema":{"@context":"https:\/\/schema.org","@graph":[{"@type":"WebPage","@id":"https:\/\/www.erresse-shop.it\/fr\/shop\/table-fr-2\/plats\/villeroy-boch-set-6-assiettes-toys-delight-27-cm\/","url":"https:\/\/www.erresse-shop.it\/fr\/shop\/table-fr-2\/plats\/villeroy-boch-set-6-assiettes-toys-delight-27-cm\/","name":"VILLEROY & BOCH Set 6 assiettes Toy's Delight 27 cm - Erresse Shop","isPartOf":{"@id":"https:\/\/www.erresse-shop.it\/fr\/#website"},"datePublished":"2024-10-03T09:22:44+00:00","dateModified":"2024-11-09T13:39:24+00:00","description":"LAVABLE AU LAVE-VAISSELLE Mat\u00e9riau : Porcelaine de qualit\u00e9 sup\u00e9rieure Passe au micro-ondes : oui Pour une table de No\u00ebl parfaite. La collection Toy's","breadcrumb":{"@id":"https:\/\/www.erresse-shop.it\/fr\/shop\/table-fr-2\/plats\/villeroy-boch-set-6-assiettes-toys-delight-27-cm\/#breadcrumb"},"inLanguage":"fr-FR","potentialAction":[{"@type":"ReadAction","target":["https:\/\/www.erresse-shop.it\/fr\/shop\/table-fr-2\/plats\/villeroy-boch-set-6-assiettes-toys-delight-27-cm\/"]}]},{"@type":"BreadcrumbList","@id":"https:\/\/www.erresse-shop.it\/fr\/shop\/table-fr-2\/plats\/villeroy-boch-set-6-assiettes-toys-delight-27-cm\/#breadcrumb","itemListElement":[{"@type":"ListItem","position":1,"name":"Home","item":"https:\/\/www.erresse-shop.it\/fr\/"},{"@type":"ListItem","position":2,"name":"Shop","item":"https:\/\/www.erresse-shop.it\/fr\/shop\/"},{"@type":"ListItem","position":3,"name":"VILLEROY &#038; BOCH Set 6 assiettes Toy&#8217;s Delight 27 cm"}]},{"@type":"WebSite","@id":"https:\/\/www.erresse-shop.it\/fr\/#website","url":"https:\/\/www.erresse-shop.it\/fr\/","name":"Erresse Shop","description":"Articoli di qualit\u00e0 per la casa","potentialAction":[{"@type":"SearchAction","target":{"@type":"EntryPoint","urlTemplate":"https:\/\/www.erresse-shop.it\/fr\/?s={search_term_string}"},"query-input":"required name=search_term_string"}],"inLanguage":"fr-FR"}]}},"df_price":74.7,"df_sale_price":74.7,"df_regular_price":149.4,"df_image_link":"https:\/\/www.erresse-shop.it\/wp-content\/uploads\/2024\/10\/VILLEROY-BOCH-Set-6-Piatti-Piani-Toys-Delight-27-cm-300x300.jpg","_links":{"self":[{"href":"https:\/\/www.erresse-shop.it\/fr\/wp-json\/wp\/v2\/product\/435553"}],"collection":[{"href":"https:\/\/www.erresse-shop.it\/fr\/wp-json\/wp\/v2\/product"}],"about":[{"href":"https:\/\/www.erresse-shop.it\/fr\/wp-json\/wp\/v2\/types\/product"}],"wp:featuredmedia":[{"embeddable":true,"href":"https:\/\/www.erresse-shop.it\/fr\/wp-json\/wp\/v2\/media\/435558"}],"wp:attachment":[{"href":"https:\/\/www.erresse-shop.it\/fr\/wp-json\/wp\/v2\/media?parent=435553"}],"wp:term":[{"taxonomy":"product_cat","embeddable":true,"href":"https:\/\/www.erresse-shop.it\/fr\/wp-json\/wp\/v2\/product_cat?post=435553"},{"taxonomy":"product_tag","embeddable":true,"href":"https:\/\/www.erresse-shop.it\/fr\/wp-json\/wp\/v2\/product_tag?post=435553"}],"curies":[{"name":"wp","href":"https:\/\/api.w.org\/{rel}","templated":true}]}}