{"id":432650,"date":"2024-09-25T06:22:13","date_gmt":"2024-09-25T06:22:14","guid":{"rendered":"https:\/\/www.erresse-shop.it\/?post_type=product&#038;p=432650"},"modified":"2025-05-19T19:07:17","modified_gmt":"2025-05-19T19:07:17","slug":"bialetti-moka-express-2-tasses","status":"publish","type":"product","link":"https:\/\/www.erresse-shop.it\/fr\/shop\/cuisine\/cafetieres\/bialetti-moka-express-2-tasses\/","title":{"rendered":"BIALETTI Moka Express 2 Tasses"},"content":{"rendered":"<p>La Moka. L&#8217;unique et l&#8217;original depuis 1933.<br \/>\nN\u00e9e de l&#8217;intuition g\u00e9niale d&#8217;Alfonso Bialetti, la Moka Bialetti a conquis, en presque cent ans d&#8217;histoire, une place dans les c\u0153urs et les cuisines de tous les Italiens.<br \/>\nExcellent exemple d&#8217;Art D\u00e9co, la Moka Express est devenue une ic\u00f4ne et un symbole du Made in Italy, pr\u00e9sente dans la collection permanente de la Triennale de Milan et du MoMA de New York.<br \/>\nAu fil des ann\u00e9es, Bialetti a perfectionn\u00e9 son design caract\u00e9ristique, tout en maintenant inchang\u00e9es les caract\u00e9ristiques fonctionnelles et conviviales de la Moka : la chaudi\u00e8re octogonale en aluminium, la soupape exclusive facile \u00e0 nettoyer et \u00e0 inspecter, le filtre et le collecteur qui renferme l&#8217;essence de l&#8217;extraction du caf\u00e9, noir, cors\u00e9 et chaud.<\/p>\n<p>Mat\u00e9riau du corps : aluminium ;<br \/>\nMat\u00e9riau de la poign\u00e9e et du bouton : thermoplastique ;<br \/>\nSoupape de s\u00e9curit\u00e9 facile \u00e0 nettoyer ;<br \/>\nNe passe pas au lave-vaisselle ;<br \/>\nCompatible avec les cuisini\u00e8res \u00e9lectriques et \u00e0 gaz ;<br \/>\nConvient uniquement aux tables de cuisson \u00e0 induction et exclusivement si la plaque \u00e0 induction Bialetti est utilis\u00e9e.<\/p>\n","protected":false},"excerpt":{"rendered":"<p>La Moka. L&#8217;unique et l&#8217;original depuis 1933. N\u00e9e de l&#8217;intuition g\u00e9niale d&#8217;Alfonso Bialetti, la Moka Bialetti a conquis, en presque<\/p>\n","protected":false},"featured_media":432655,"template":"","meta":{"_acf_changed":false,"inline_featured_image":false},"product_cat":[12753,12748],"product_tag":[24592,12830,23563,13441,12856,12833],"acf":[],"yoast_head":"<!-- This site is optimized with the Yoast SEO Premium plugin v18.6 (Yoast SEO v19.13) - https:\/\/yoast.com\/wordpress\/plugins\/seo\/ -->\n<title>BIALETTI Moka Express 2 Tasses<\/title>\n<meta name=\"description\" content=\"D\u00e9couvrez BIALETTI Moka Express 2 Tasses sur ErresseShop. Qualit\u00e9, prix r\u00e9duits et achat s\u00e9curis\u00e9 \u2013 commandez d\u00e8s maintenant en ligne !\" \/>\n<meta name=\"robots\" content=\"index, follow, max-snippet:-1, max-image-preview:large, max-video-preview:-1\" \/>\n<link rel=\"canonical\" href=\"https:\/\/www.erresse-shop.it\/fr\/shop\/cuisine\/cafetieres\/bialetti-moka-express-2-tasses\/\" \/>\n<meta property=\"og:locale\" content=\"fr_FR\" \/>\n<meta property=\"og:type\" content=\"article\" \/>\n<meta property=\"og:title\" content=\"BIALETTI Moka Express 2 Tasses\" \/>\n<meta property=\"og:description\" content=\"D\u00e9couvrez BIALETTI Moka Express 2 Tasses sur ErresseShop. Qualit\u00e9, prix r\u00e9duits et achat s\u00e9curis\u00e9 \u2013 commandez d\u00e8s maintenant en ligne !\" \/>\n<meta property=\"og:url\" content=\"https:\/\/www.erresse-shop.it\/fr\/shop\/cuisine\/cafetieres\/bialetti-moka-express-2-tasses\/\" \/>\n<meta property=\"og:site_name\" content=\"Erresse Shop\" \/>\n<meta property=\"article:modified_time\" content=\"2025-05-19T19:07:17+00:00\" \/>\n<meta property=\"og:image\" content=\"https:\/\/www.erresse-shop.it\/wp-content\/uploads\/2024\/09\/BIALETTI-Moka-Express-2-Tazze.webp\" \/>\n\t<meta property=\"og:image:width\" content=\"1200\" \/>\n\t<meta property=\"og:image:height\" content=\"1200\" \/>\n\t<meta property=\"og:image:type\" content=\"image\/webp\" \/>\n<meta name=\"twitter:card\" content=\"summary_large_image\" \/>\n<script type=\"application\/ld+json\" class=\"yoast-schema-graph\">{\"@context\":\"https:\/\/schema.org\",\"@graph\":[{\"@type\":\"WebPage\",\"@id\":\"https:\/\/www.erresse-shop.it\/fr\/shop\/cuisine\/cafetieres\/bialetti-moka-express-2-tasses\/\",\"url\":\"https:\/\/www.erresse-shop.it\/fr\/shop\/cuisine\/cafetieres\/bialetti-moka-express-2-tasses\/\",\"name\":\"BIALETTI Moka Express 2 Tasses\",\"isPartOf\":{\"@id\":\"https:\/\/www.erresse-shop.it\/fr\/#website\"},\"datePublished\":\"2024-09-25T06:22:14+00:00\",\"dateModified\":\"2025-05-19T19:07:17+00:00\",\"description\":\"D\u00e9couvrez BIALETTI Moka Express 2 Tasses sur ErresseShop. Qualit\u00e9, prix r\u00e9duits et achat s\u00e9curis\u00e9 \u2013 commandez d\u00e8s maintenant en ligne !\",\"breadcrumb\":{\"@id\":\"https:\/\/www.erresse-shop.it\/fr\/shop\/cuisine\/cafetieres\/bialetti-moka-express-2-tasses\/#breadcrumb\"},\"inLanguage\":\"fr-FR\",\"potentialAction\":[{\"@type\":\"ReadAction\",\"target\":[\"https:\/\/www.erresse-shop.it\/fr\/shop\/cuisine\/cafetieres\/bialetti-moka-express-2-tasses\/\"]}]},{\"@type\":\"BreadcrumbList\",\"@id\":\"https:\/\/www.erresse-shop.it\/fr\/shop\/cuisine\/cafetieres\/bialetti-moka-express-2-tasses\/#breadcrumb\",\"itemListElement\":[{\"@type\":\"ListItem\",\"position\":1,\"name\":\"Home\",\"item\":\"https:\/\/www.erresse-shop.it\/fr\/\"},{\"@type\":\"ListItem\",\"position\":2,\"name\":\"Shop\",\"item\":\"https:\/\/www.erresse-shop.it\/fr\/shop\/\"},{\"@type\":\"ListItem\",\"position\":3,\"name\":\"BIALETTI Moka Express 2 Tasses\"}]},{\"@type\":\"WebSite\",\"@id\":\"https:\/\/www.erresse-shop.it\/fr\/#website\",\"url\":\"https:\/\/www.erresse-shop.it\/fr\/\",\"name\":\"Erresse Shop\",\"description\":\"Articoli di qualit\u00e0 per la casa\",\"potentialAction\":[{\"@type\":\"SearchAction\",\"target\":{\"@type\":\"EntryPoint\",\"urlTemplate\":\"https:\/\/www.erresse-shop.it\/fr\/?s={search_term_string}\"},\"query-input\":\"required name=search_term_string\"}],\"inLanguage\":\"fr-FR\"}]}<\/script>\n<!-- \/ Yoast SEO Premium plugin. -->","yoast_head_json":{"title":"BIALETTI Moka Express 2 Tasses","description":"D\u00e9couvrez BIALETTI Moka Express 2 Tasses sur ErresseShop. Qualit\u00e9, prix r\u00e9duits et achat s\u00e9curis\u00e9 \u2013 commandez d\u00e8s maintenant en ligne !","robots":{"index":"index","follow":"follow","max-snippet":"max-snippet:-1","max-image-preview":"max-image-preview:large","max-video-preview":"max-video-preview:-1"},"canonical":"https:\/\/www.erresse-shop.it\/fr\/shop\/cuisine\/cafetieres\/bialetti-moka-express-2-tasses\/","og_locale":"fr_FR","og_type":"article","og_title":"BIALETTI Moka Express 2 Tasses","og_description":"D\u00e9couvrez BIALETTI Moka Express 2 Tasses sur ErresseShop. Qualit\u00e9, prix r\u00e9duits et achat s\u00e9curis\u00e9 \u2013 commandez d\u00e8s maintenant en ligne !","og_url":"https:\/\/www.erresse-shop.it\/fr\/shop\/cuisine\/cafetieres\/bialetti-moka-express-2-tasses\/","og_site_name":"Erresse Shop","article_modified_time":"2025-05-19T19:07:17+00:00","og_image":[{"width":1200,"height":1200,"url":"https:\/\/www.erresse-shop.it\/wp-content\/uploads\/2024\/09\/BIALETTI-Moka-Express-2-Tazze.webp","type":"image\/webp"}],"twitter_card":"summary_large_image","schema":{"@context":"https:\/\/schema.org","@graph":[{"@type":"WebPage","@id":"https:\/\/www.erresse-shop.it\/fr\/shop\/cuisine\/cafetieres\/bialetti-moka-express-2-tasses\/","url":"https:\/\/www.erresse-shop.it\/fr\/shop\/cuisine\/cafetieres\/bialetti-moka-express-2-tasses\/","name":"BIALETTI Moka Express 2 Tasses","isPartOf":{"@id":"https:\/\/www.erresse-shop.it\/fr\/#website"},"datePublished":"2024-09-25T06:22:14+00:00","dateModified":"2025-05-19T19:07:17+00:00","description":"D\u00e9couvrez BIALETTI Moka Express 2 Tasses sur ErresseShop. Qualit\u00e9, prix r\u00e9duits et achat s\u00e9curis\u00e9 \u2013 commandez d\u00e8s maintenant en ligne !","breadcrumb":{"@id":"https:\/\/www.erresse-shop.it\/fr\/shop\/cuisine\/cafetieres\/bialetti-moka-express-2-tasses\/#breadcrumb"},"inLanguage":"fr-FR","potentialAction":[{"@type":"ReadAction","target":["https:\/\/www.erresse-shop.it\/fr\/shop\/cuisine\/cafetieres\/bialetti-moka-express-2-tasses\/"]}]},{"@type":"BreadcrumbList","@id":"https:\/\/www.erresse-shop.it\/fr\/shop\/cuisine\/cafetieres\/bialetti-moka-express-2-tasses\/#breadcrumb","itemListElement":[{"@type":"ListItem","position":1,"name":"Home","item":"https:\/\/www.erresse-shop.it\/fr\/"},{"@type":"ListItem","position":2,"name":"Shop","item":"https:\/\/www.erresse-shop.it\/fr\/shop\/"},{"@type":"ListItem","position":3,"name":"BIALETTI Moka Express 2 Tasses"}]},{"@type":"WebSite","@id":"https:\/\/www.erresse-shop.it\/fr\/#website","url":"https:\/\/www.erresse-shop.it\/fr\/","name":"Erresse Shop","description":"Articoli di qualit\u00e0 per la casa","potentialAction":[{"@type":"SearchAction","target":{"@type":"EntryPoint","urlTemplate":"https:\/\/www.erresse-shop.it\/fr\/?s={search_term_string}"},"query-input":"required name=search_term_string"}],"inLanguage":"fr-FR"}]}},"df_price":30.96,"df_sale_price":30.96,"df_regular_price":34.4,"df_image_link":"https:\/\/www.erresse-shop.it\/wp-content\/uploads\/2024\/09\/BIALETTI-Moka-Express-2-Tazze-300x300.webp","_links":{"self":[{"href":"https:\/\/www.erresse-shop.it\/fr\/wp-json\/wp\/v2\/product\/432650"}],"collection":[{"href":"https:\/\/www.erresse-shop.it\/fr\/wp-json\/wp\/v2\/product"}],"about":[{"href":"https:\/\/www.erresse-shop.it\/fr\/wp-json\/wp\/v2\/types\/product"}],"wp:featuredmedia":[{"embeddable":true,"href":"https:\/\/www.erresse-shop.it\/fr\/wp-json\/wp\/v2\/media\/432655"}],"wp:attachment":[{"href":"https:\/\/www.erresse-shop.it\/fr\/wp-json\/wp\/v2\/media?parent=432650"}],"wp:term":[{"taxonomy":"product_cat","embeddable":true,"href":"https:\/\/www.erresse-shop.it\/fr\/wp-json\/wp\/v2\/product_cat?post=432650"},{"taxonomy":"product_tag","embeddable":true,"href":"https:\/\/www.erresse-shop.it\/fr\/wp-json\/wp\/v2\/product_tag?post=432650"}],"curies":[{"name":"wp","href":"https:\/\/api.w.org\/{rel}","templated":true}]}}