{"id":432584,"date":"2024-09-24T14:13:53","date_gmt":"2024-09-24T14:13:55","guid":{"rendered":"https:\/\/www.erresse-shop.it\/?post_type=product&#038;p=432584"},"modified":"2026-01-17T14:04:25","modified_gmt":"2026-01-17T14:04:25","slug":"cookut-cocotte-28-cm-passion","status":"publish","type":"product","link":"https:\/\/www.erresse-shop.it\/fr\/shop\/poeles-pots\/marmites-et-cocottes-poeles-pots\/cookut-cocotte-28-cm-passion\/","title":{"rendered":"COOKUT Cocotte 28 cm Passion"},"content":{"rendered":"<p><strong>Le paquet comprend le bouton et deux maniques de couleur assortie (les accessoires sur la photo sont fournis \u00e0 titre d&#8217;illustration, ils peuvent varier en fonction de la disponibilit\u00e9).<\/strong><\/p>\n<p><strong>La technologie pour une cuisson parfaite<\/strong><br \/>\nGr\u00e2ce \u00e0 ses mat\u00e9riaux et \u00e0 son design exclusif, l&#8217;Incroyable Cocotte offre une temp\u00e9rature homog\u00e8ne, id\u00e9ale pour la cuisson lente des rago\u00fbts. Il est \u00e9galement possible de faire revenir ou dorer les viandes.<\/p>\n<p><strong>Antiadh\u00e9sif, sans mati\u00e8re grasse<\/strong><br \/>\nLe rev\u00eatement antiadh\u00e9sif permet de cuisiner avec tr\u00e8s peu ou pas de mati\u00e8re grasse.<\/p>\n<p><strong>Pas besoin de mouiller la viande<\/strong><br \/>\nLes protub\u00e9rances sous le couvercle permettent une humidification automatique et continue de l&#8217;int\u00e9rieur et favorisent la formation de condensation sous le couvercle. Cela permet d&#8217;obtenir une viande tendre et des plats aux saveurs exceptionnelles.<\/p>\n<p><strong>Facile \u00e0 laver, ne tache pas<\/strong><br \/>\nBien que la cocotte passe au lave-vaisselle, son rev\u00eatement permet de la laver avec une simple \u00e9ponge, sans frotter.<br \/>\nSon rev\u00eatement vitrifi\u00e9 ne se tache pas, quelle que soit la sauce !<\/p>\n<p><strong>Compatible avec tous les types de cuisini\u00e8res<\/strong><\/p>\n<p><strong>Dimensions :<\/strong><br \/>\nVolume : 7 litres<br \/>\nDiam\u00e8tre du couvercle : 28 cm<br \/>\nLargeur totale : 39 cm<br \/>\nHauteur : 18 cm<br \/>\nPoids : 2,3 kg<\/p>\n","protected":false},"excerpt":{"rendered":"<p>Le paquet comprend le bouton et deux maniques de couleur assortie (les accessoires sur la photo sont fournis \u00e0 titre<\/p>\n","protected":false},"featured_media":493073,"template":"","meta":{"_acf_changed":false,"inline_featured_image":false},"product_cat":[12458,14792],"product_tag":[25036,25021,12466,24603],"acf":[],"yoast_head":"<!-- This site is optimized with the Yoast SEO Premium plugin v18.6 (Yoast SEO v19.13) - https:\/\/yoast.com\/wordpress\/plugins\/seo\/ -->\n<title>COOKUT Cocotte 28 cm Passion<\/title>\n<meta name=\"description\" content=\"D\u00e9couvrez COOKUT Cocotte 28 cm Passion sur ErresseShop. Qualit\u00e9, prix r\u00e9duits et achat s\u00e9curis\u00e9 \u2013 commandez d\u00e8s maintenant en ligne !\" \/>\n<meta name=\"robots\" content=\"index, follow, max-snippet:-1, max-image-preview:large, max-video-preview:-1\" \/>\n<link rel=\"canonical\" href=\"https:\/\/www.erresse-shop.it\/fr\/shop\/poeles-pots\/marmites-et-cocottes-poeles-pots\/cookut-cocotte-28-cm-passion\/\" \/>\n<meta property=\"og:locale\" content=\"fr_FR\" \/>\n<meta property=\"og:type\" content=\"article\" \/>\n<meta property=\"og:title\" content=\"COOKUT Cocotte 28 cm Passion\" \/>\n<meta property=\"og:description\" content=\"D\u00e9couvrez COOKUT Cocotte 28 cm Passion sur ErresseShop. Qualit\u00e9, prix r\u00e9duits et achat s\u00e9curis\u00e9 \u2013 commandez d\u00e8s maintenant en ligne !\" \/>\n<meta property=\"og:url\" content=\"https:\/\/www.erresse-shop.it\/fr\/shop\/poeles-pots\/marmites-et-cocottes-poeles-pots\/cookut-cocotte-28-cm-passion\/\" \/>\n<meta property=\"og:site_name\" content=\"Erresse Shop\" \/>\n<meta property=\"article:modified_time\" content=\"2026-01-17T14:04:25+00:00\" \/>\n<meta property=\"og:image\" content=\"https:\/\/www.erresse-shop.it\/wp-content\/uploads\/2024\/09\/COOKUT-Cocotte-28-cm-Passione.webp\" \/>\n\t<meta property=\"og:image:width\" content=\"1200\" \/>\n\t<meta property=\"og:image:height\" content=\"1200\" \/>\n\t<meta property=\"og:image:type\" content=\"image\/webp\" \/>\n<meta name=\"twitter:card\" content=\"summary_large_image\" \/>\n<script type=\"application\/ld+json\" class=\"yoast-schema-graph\">{\"@context\":\"https:\/\/schema.org\",\"@graph\":[{\"@type\":\"WebPage\",\"@id\":\"https:\/\/www.erresse-shop.it\/fr\/shop\/poeles-pots\/marmites-et-cocottes-poeles-pots\/cookut-cocotte-28-cm-passion\/\",\"url\":\"https:\/\/www.erresse-shop.it\/fr\/shop\/poeles-pots\/marmites-et-cocottes-poeles-pots\/cookut-cocotte-28-cm-passion\/\",\"name\":\"COOKUT Cocotte 28 cm Passion\",\"isPartOf\":{\"@id\":\"https:\/\/www.erresse-shop.it\/fr\/#website\"},\"datePublished\":\"2024-09-24T14:13:55+00:00\",\"dateModified\":\"2026-01-17T14:04:25+00:00\",\"description\":\"D\u00e9couvrez COOKUT Cocotte 28 cm Passion sur ErresseShop. Qualit\u00e9, prix r\u00e9duits et achat s\u00e9curis\u00e9 \u2013 commandez d\u00e8s maintenant en ligne !\",\"breadcrumb\":{\"@id\":\"https:\/\/www.erresse-shop.it\/fr\/shop\/poeles-pots\/marmites-et-cocottes-poeles-pots\/cookut-cocotte-28-cm-passion\/#breadcrumb\"},\"inLanguage\":\"fr-FR\",\"potentialAction\":[{\"@type\":\"ReadAction\",\"target\":[\"https:\/\/www.erresse-shop.it\/fr\/shop\/poeles-pots\/marmites-et-cocottes-poeles-pots\/cookut-cocotte-28-cm-passion\/\"]}]},{\"@type\":\"BreadcrumbList\",\"@id\":\"https:\/\/www.erresse-shop.it\/fr\/shop\/poeles-pots\/marmites-et-cocottes-poeles-pots\/cookut-cocotte-28-cm-passion\/#breadcrumb\",\"itemListElement\":[{\"@type\":\"ListItem\",\"position\":1,\"name\":\"Home\",\"item\":\"https:\/\/www.erresse-shop.it\/fr\/\"},{\"@type\":\"ListItem\",\"position\":2,\"name\":\"Shop\",\"item\":\"https:\/\/www.erresse-shop.it\/fr\/shop\/\"},{\"@type\":\"ListItem\",\"position\":3,\"name\":\"COOKUT Cocotte 28 cm Passion\"}]},{\"@type\":\"WebSite\",\"@id\":\"https:\/\/www.erresse-shop.it\/fr\/#website\",\"url\":\"https:\/\/www.erresse-shop.it\/fr\/\",\"name\":\"Erresse Shop\",\"description\":\"Articoli di qualit\u00e0 per la casa\",\"potentialAction\":[{\"@type\":\"SearchAction\",\"target\":{\"@type\":\"EntryPoint\",\"urlTemplate\":\"https:\/\/www.erresse-shop.it\/fr\/?s={search_term_string}\"},\"query-input\":\"required name=search_term_string\"}],\"inLanguage\":\"fr-FR\"}]}<\/script>\n<!-- \/ Yoast SEO Premium plugin. -->","yoast_head_json":{"title":"COOKUT Cocotte 28 cm Passion","description":"D\u00e9couvrez COOKUT Cocotte 28 cm Passion sur ErresseShop. Qualit\u00e9, prix r\u00e9duits et achat s\u00e9curis\u00e9 \u2013 commandez d\u00e8s maintenant en ligne !","robots":{"index":"index","follow":"follow","max-snippet":"max-snippet:-1","max-image-preview":"max-image-preview:large","max-video-preview":"max-video-preview:-1"},"canonical":"https:\/\/www.erresse-shop.it\/fr\/shop\/poeles-pots\/marmites-et-cocottes-poeles-pots\/cookut-cocotte-28-cm-passion\/","og_locale":"fr_FR","og_type":"article","og_title":"COOKUT Cocotte 28 cm Passion","og_description":"D\u00e9couvrez COOKUT Cocotte 28 cm Passion sur ErresseShop. Qualit\u00e9, prix r\u00e9duits et achat s\u00e9curis\u00e9 \u2013 commandez d\u00e8s maintenant en ligne !","og_url":"https:\/\/www.erresse-shop.it\/fr\/shop\/poeles-pots\/marmites-et-cocottes-poeles-pots\/cookut-cocotte-28-cm-passion\/","og_site_name":"Erresse Shop","article_modified_time":"2026-01-17T14:04:25+00:00","og_image":[{"width":1200,"height":1200,"url":"https:\/\/www.erresse-shop.it\/wp-content\/uploads\/2024\/09\/COOKUT-Cocotte-28-cm-Passione.webp","type":"image\/webp"}],"twitter_card":"summary_large_image","schema":{"@context":"https:\/\/schema.org","@graph":[{"@type":"WebPage","@id":"https:\/\/www.erresse-shop.it\/fr\/shop\/poeles-pots\/marmites-et-cocottes-poeles-pots\/cookut-cocotte-28-cm-passion\/","url":"https:\/\/www.erresse-shop.it\/fr\/shop\/poeles-pots\/marmites-et-cocottes-poeles-pots\/cookut-cocotte-28-cm-passion\/","name":"COOKUT Cocotte 28 cm Passion","isPartOf":{"@id":"https:\/\/www.erresse-shop.it\/fr\/#website"},"datePublished":"2024-09-24T14:13:55+00:00","dateModified":"2026-01-17T14:04:25+00:00","description":"D\u00e9couvrez COOKUT Cocotte 28 cm Passion sur ErresseShop. Qualit\u00e9, prix r\u00e9duits et achat s\u00e9curis\u00e9 \u2013 commandez d\u00e8s maintenant en ligne !","breadcrumb":{"@id":"https:\/\/www.erresse-shop.it\/fr\/shop\/poeles-pots\/marmites-et-cocottes-poeles-pots\/cookut-cocotte-28-cm-passion\/#breadcrumb"},"inLanguage":"fr-FR","potentialAction":[{"@type":"ReadAction","target":["https:\/\/www.erresse-shop.it\/fr\/shop\/poeles-pots\/marmites-et-cocottes-poeles-pots\/cookut-cocotte-28-cm-passion\/"]}]},{"@type":"BreadcrumbList","@id":"https:\/\/www.erresse-shop.it\/fr\/shop\/poeles-pots\/marmites-et-cocottes-poeles-pots\/cookut-cocotte-28-cm-passion\/#breadcrumb","itemListElement":[{"@type":"ListItem","position":1,"name":"Home","item":"https:\/\/www.erresse-shop.it\/fr\/"},{"@type":"ListItem","position":2,"name":"Shop","item":"https:\/\/www.erresse-shop.it\/fr\/shop\/"},{"@type":"ListItem","position":3,"name":"COOKUT Cocotte 28 cm Passion"}]},{"@type":"WebSite","@id":"https:\/\/www.erresse-shop.it\/fr\/#website","url":"https:\/\/www.erresse-shop.it\/fr\/","name":"Erresse Shop","description":"Articoli di qualit\u00e0 per la casa","potentialAction":[{"@type":"SearchAction","target":{"@type":"EntryPoint","urlTemplate":"https:\/\/www.erresse-shop.it\/fr\/?s={search_term_string}"},"query-input":"required name=search_term_string"}],"inLanguage":"fr-FR"}]}},"df_price":87.94500000000001,"df_sale_price":87.94500000000001,"df_regular_price":159.9,"df_image_link":"https:\/\/www.erresse-shop.it\/wp-content\/uploads\/2024\/09\/COOKUT-Cocotte-28-cm-Passione-300x300.jpg","_links":{"self":[{"href":"https:\/\/www.erresse-shop.it\/fr\/wp-json\/wp\/v2\/product\/432584"}],"collection":[{"href":"https:\/\/www.erresse-shop.it\/fr\/wp-json\/wp\/v2\/product"}],"about":[{"href":"https:\/\/www.erresse-shop.it\/fr\/wp-json\/wp\/v2\/types\/product"}],"wp:featuredmedia":[{"embeddable":true,"href":"https:\/\/www.erresse-shop.it\/fr\/wp-json\/wp\/v2\/media\/493073"}],"wp:attachment":[{"href":"https:\/\/www.erresse-shop.it\/fr\/wp-json\/wp\/v2\/media?parent=432584"}],"wp:term":[{"taxonomy":"product_cat","embeddable":true,"href":"https:\/\/www.erresse-shop.it\/fr\/wp-json\/wp\/v2\/product_cat?post=432584"},{"taxonomy":"product_tag","embeddable":true,"href":"https:\/\/www.erresse-shop.it\/fr\/wp-json\/wp\/v2\/product_tag?post=432584"}],"curies":[{"name":"wp","href":"https:\/\/api.w.org\/{rel}","templated":true}]}}