{"id":432518,"date":"2024-09-24T13:32:14","date_gmt":"2024-09-24T13:32:15","guid":{"rendered":"https:\/\/www.erresse-shop.it\/?post_type=product&#038;p=432518"},"modified":"2025-12-11T11:29:14","modified_gmt":"2025-12-11T11:29:14","slug":"cookut-poele-a-frire-la-fabuleuse-24-cm-canopee","status":"publish","type":"product","link":"https:\/\/www.erresse-shop.it\/fr\/shop\/poeles-pots\/poeles\/cookut-poele-a-frire-la-fabuleuse-24-cm-canopee\/","title":{"rendered":"COOKUT Po\u00eale \u00e0 frire &#8220;La Fabuleuse&#8221; 24 cm Canop\u00e9e"},"content":{"rendered":"<p>LA FABULOSA, LA PO\u00caLE TOUT QUI REMPLACE 8 OUTILS : VENTILATEUR, PO\u00caLE, CASSEROLE, COCOTTE, CUISEUR VAPEUR, FRITEUSE, PLAQUE, MOULE A G\u00c2TEAU<\/p>\n<p>\u0152ufs au plat, poulet r\u00f4ti, l\u00e9gumes vapeur, blanquette de veau, frites, gratins, g\u00e2teaux, pizza&#8230; Tout est possible !<\/p>\n<ul>\n<li>Corps en m\u00e9tal 100\u00a0% recycl\u00e9*<\/li>\n<li>Rev\u00eatement antiadh\u00e9sif haute performance<\/li>\n<li>L\u00e9ger\u00a0: 1,4\u00a0kg<\/li>\n<li>Poign\u00e9es amovibles<\/li>\n<li>Couvercle avec syst\u00e8me de viande auto-arrosant<\/li>\n<li>Poign\u00e9e froide sur le dessus du couvercle<\/li>\n<li>Toutes les sources de chaleur, m\u00eame le four<\/li>\n<li>Passe au lave-vaisselle<\/li>\n<li>Sans PFOA**<\/li>\n<\/ul>\n<p>Inclus : 2 manches amovibles (une longue et une courte), un panier vapeur et une spatule en bois.<\/p>\n<p><strong>24 cm &#8211; 3,5 litres<\/strong><\/p>\n","protected":false},"excerpt":{"rendered":"<p>LA FABULOSA, LA PO\u00caLE TOUT QUI REMPLACE 8 OUTILS : VENTILATEUR, PO\u00caLE, CASSEROLE, COCOTTE, CUISEUR VAPEUR, FRITEUSE, PLAQUE, MOULE A<\/p>\n","protected":false},"featured_media":496012,"template":"","meta":{"_acf_changed":false,"inline_featured_image":false},"product_cat":[12458,14802],"product_tag":[13178,22927,24603],"acf":[],"yoast_head":"<!-- This site is optimized with the Yoast SEO Premium plugin v18.6 (Yoast SEO v19.13) - https:\/\/yoast.com\/wordpress\/plugins\/seo\/ -->\n<title>COOKUT Po\u00eale \u00e0 frire &quot;La Fabuleuse&quot; 24 cm Canop\u00e9e<\/title>\n<meta name=\"description\" content=\"D\u00e9couvrez COOKUT Po\u00eale \u00e0 frire &quot;La Fabuleuse&quot; 24 cm Canop\u00e9e sur ErresseShop. Qualit\u00e9, prix r\u00e9duits et achat s\u00e9curis\u00e9 \u2013 commandez d\u00e8s maintenant en ligne !\" \/>\n<meta name=\"robots\" content=\"index, follow, max-snippet:-1, max-image-preview:large, max-video-preview:-1\" \/>\n<link rel=\"canonical\" href=\"https:\/\/www.erresse-shop.it\/fr\/shop\/poeles-pots\/poeles\/cookut-poele-a-frire-la-fabuleuse-24-cm-canopee\/\" \/>\n<meta property=\"og:locale\" content=\"fr_FR\" \/>\n<meta property=\"og:type\" content=\"article\" \/>\n<meta property=\"og:title\" content=\"COOKUT Po\u00eale \u00e0 frire &quot;La Fabuleuse&quot; 24 cm Canop\u00e9e\" \/>\n<meta property=\"og:description\" content=\"D\u00e9couvrez COOKUT Po\u00eale \u00e0 frire &quot;La Fabuleuse&quot; 24 cm Canop\u00e9e sur ErresseShop. Qualit\u00e9, prix r\u00e9duits et achat s\u00e9curis\u00e9 \u2013 commandez d\u00e8s maintenant en ligne !\" \/>\n<meta property=\"og:url\" content=\"https:\/\/www.erresse-shop.it\/fr\/shop\/poeles-pots\/poeles\/cookut-poele-a-frire-la-fabuleuse-24-cm-canopee\/\" \/>\n<meta property=\"og:site_name\" content=\"Erresse Shop\" \/>\n<meta property=\"article:modified_time\" content=\"2025-12-11T11:29:14+00:00\" \/>\n<meta property=\"og:image\" content=\"https:\/\/www.erresse-shop.it\/wp-content\/uploads\/2024\/09\/COOKUT-Padella-24-cm-Canopee-1.webp\" \/>\n\t<meta property=\"og:image:width\" content=\"1200\" \/>\n\t<meta property=\"og:image:height\" content=\"1200\" \/>\n\t<meta property=\"og:image:type\" content=\"image\/webp\" \/>\n<meta name=\"twitter:card\" content=\"summary_large_image\" \/>\n<script type=\"application\/ld+json\" class=\"yoast-schema-graph\">{\"@context\":\"https:\/\/schema.org\",\"@graph\":[{\"@type\":\"WebPage\",\"@id\":\"https:\/\/www.erresse-shop.it\/fr\/shop\/poeles-pots\/poeles\/cookut-poele-a-frire-la-fabuleuse-24-cm-canopee\/\",\"url\":\"https:\/\/www.erresse-shop.it\/fr\/shop\/poeles-pots\/poeles\/cookut-poele-a-frire-la-fabuleuse-24-cm-canopee\/\",\"name\":\"COOKUT Po\u00eale \u00e0 frire \\\"La Fabuleuse\\\" 24 cm Canop\u00e9e\",\"isPartOf\":{\"@id\":\"https:\/\/www.erresse-shop.it\/fr\/#website\"},\"datePublished\":\"2024-09-24T13:32:15+00:00\",\"dateModified\":\"2025-12-11T11:29:14+00:00\",\"description\":\"D\u00e9couvrez COOKUT Po\u00eale \u00e0 frire \\\"La Fabuleuse\\\" 24 cm Canop\u00e9e sur ErresseShop. Qualit\u00e9, prix r\u00e9duits et achat s\u00e9curis\u00e9 \u2013 commandez d\u00e8s maintenant en ligne !\",\"breadcrumb\":{\"@id\":\"https:\/\/www.erresse-shop.it\/fr\/shop\/poeles-pots\/poeles\/cookut-poele-a-frire-la-fabuleuse-24-cm-canopee\/#breadcrumb\"},\"inLanguage\":\"fr-FR\",\"potentialAction\":[{\"@type\":\"ReadAction\",\"target\":[\"https:\/\/www.erresse-shop.it\/fr\/shop\/poeles-pots\/poeles\/cookut-poele-a-frire-la-fabuleuse-24-cm-canopee\/\"]}]},{\"@type\":\"BreadcrumbList\",\"@id\":\"https:\/\/www.erresse-shop.it\/fr\/shop\/poeles-pots\/poeles\/cookut-poele-a-frire-la-fabuleuse-24-cm-canopee\/#breadcrumb\",\"itemListElement\":[{\"@type\":\"ListItem\",\"position\":1,\"name\":\"Home\",\"item\":\"https:\/\/www.erresse-shop.it\/fr\/\"},{\"@type\":\"ListItem\",\"position\":2,\"name\":\"Shop\",\"item\":\"https:\/\/www.erresse-shop.it\/fr\/shop\/\"},{\"@type\":\"ListItem\",\"position\":3,\"name\":\"COOKUT Po\u00eale \u00e0 frire &#8220;La Fabuleuse&#8221; 24 cm Canop\u00e9e\"}]},{\"@type\":\"WebSite\",\"@id\":\"https:\/\/www.erresse-shop.it\/fr\/#website\",\"url\":\"https:\/\/www.erresse-shop.it\/fr\/\",\"name\":\"Erresse Shop\",\"description\":\"Articoli di qualit\u00e0 per la casa\",\"potentialAction\":[{\"@type\":\"SearchAction\",\"target\":{\"@type\":\"EntryPoint\",\"urlTemplate\":\"https:\/\/www.erresse-shop.it\/fr\/?s={search_term_string}\"},\"query-input\":\"required name=search_term_string\"}],\"inLanguage\":\"fr-FR\"}]}<\/script>\n<!-- \/ Yoast SEO Premium plugin. -->","yoast_head_json":{"title":"COOKUT Po\u00eale \u00e0 frire \"La Fabuleuse\" 24 cm Canop\u00e9e","description":"D\u00e9couvrez COOKUT Po\u00eale \u00e0 frire \"La Fabuleuse\" 24 cm Canop\u00e9e sur ErresseShop. Qualit\u00e9, prix r\u00e9duits et achat s\u00e9curis\u00e9 \u2013 commandez d\u00e8s maintenant en ligne !","robots":{"index":"index","follow":"follow","max-snippet":"max-snippet:-1","max-image-preview":"max-image-preview:large","max-video-preview":"max-video-preview:-1"},"canonical":"https:\/\/www.erresse-shop.it\/fr\/shop\/poeles-pots\/poeles\/cookut-poele-a-frire-la-fabuleuse-24-cm-canopee\/","og_locale":"fr_FR","og_type":"article","og_title":"COOKUT Po\u00eale \u00e0 frire \"La Fabuleuse\" 24 cm Canop\u00e9e","og_description":"D\u00e9couvrez COOKUT Po\u00eale \u00e0 frire \"La Fabuleuse\" 24 cm Canop\u00e9e sur ErresseShop. Qualit\u00e9, prix r\u00e9duits et achat s\u00e9curis\u00e9 \u2013 commandez d\u00e8s maintenant en ligne !","og_url":"https:\/\/www.erresse-shop.it\/fr\/shop\/poeles-pots\/poeles\/cookut-poele-a-frire-la-fabuleuse-24-cm-canopee\/","og_site_name":"Erresse Shop","article_modified_time":"2025-12-11T11:29:14+00:00","og_image":[{"width":1200,"height":1200,"url":"https:\/\/www.erresse-shop.it\/wp-content\/uploads\/2024\/09\/COOKUT-Padella-24-cm-Canopee-1.webp","type":"image\/webp"}],"twitter_card":"summary_large_image","schema":{"@context":"https:\/\/schema.org","@graph":[{"@type":"WebPage","@id":"https:\/\/www.erresse-shop.it\/fr\/shop\/poeles-pots\/poeles\/cookut-poele-a-frire-la-fabuleuse-24-cm-canopee\/","url":"https:\/\/www.erresse-shop.it\/fr\/shop\/poeles-pots\/poeles\/cookut-poele-a-frire-la-fabuleuse-24-cm-canopee\/","name":"COOKUT Po\u00eale \u00e0 frire \"La Fabuleuse\" 24 cm Canop\u00e9e","isPartOf":{"@id":"https:\/\/www.erresse-shop.it\/fr\/#website"},"datePublished":"2024-09-24T13:32:15+00:00","dateModified":"2025-12-11T11:29:14+00:00","description":"D\u00e9couvrez COOKUT Po\u00eale \u00e0 frire \"La Fabuleuse\" 24 cm Canop\u00e9e sur ErresseShop. Qualit\u00e9, prix r\u00e9duits et achat s\u00e9curis\u00e9 \u2013 commandez d\u00e8s maintenant en ligne !","breadcrumb":{"@id":"https:\/\/www.erresse-shop.it\/fr\/shop\/poeles-pots\/poeles\/cookut-poele-a-frire-la-fabuleuse-24-cm-canopee\/#breadcrumb"},"inLanguage":"fr-FR","potentialAction":[{"@type":"ReadAction","target":["https:\/\/www.erresse-shop.it\/fr\/shop\/poeles-pots\/poeles\/cookut-poele-a-frire-la-fabuleuse-24-cm-canopee\/"]}]},{"@type":"BreadcrumbList","@id":"https:\/\/www.erresse-shop.it\/fr\/shop\/poeles-pots\/poeles\/cookut-poele-a-frire-la-fabuleuse-24-cm-canopee\/#breadcrumb","itemListElement":[{"@type":"ListItem","position":1,"name":"Home","item":"https:\/\/www.erresse-shop.it\/fr\/"},{"@type":"ListItem","position":2,"name":"Shop","item":"https:\/\/www.erresse-shop.it\/fr\/shop\/"},{"@type":"ListItem","position":3,"name":"COOKUT Po\u00eale \u00e0 frire &#8220;La Fabuleuse&#8221; 24 cm Canop\u00e9e"}]},{"@type":"WebSite","@id":"https:\/\/www.erresse-shop.it\/fr\/#website","url":"https:\/\/www.erresse-shop.it\/fr\/","name":"Erresse Shop","description":"Articoli di qualit\u00e0 per la casa","potentialAction":[{"@type":"SearchAction","target":{"@type":"EntryPoint","urlTemplate":"https:\/\/www.erresse-shop.it\/fr\/?s={search_term_string}"},"query-input":"required name=search_term_string"}],"inLanguage":"fr-FR"}]}},"df_price":76.94500000000001,"df_sale_price":76.94500000000001,"df_regular_price":139.9,"df_image_link":"https:\/\/www.erresse-shop.it\/wp-content\/uploads\/2024\/09\/COOKUT-Padella-La-Favolosa-24-cm-Canopee-1-300x300.jpg","_links":{"self":[{"href":"https:\/\/www.erresse-shop.it\/fr\/wp-json\/wp\/v2\/product\/432518"}],"collection":[{"href":"https:\/\/www.erresse-shop.it\/fr\/wp-json\/wp\/v2\/product"}],"about":[{"href":"https:\/\/www.erresse-shop.it\/fr\/wp-json\/wp\/v2\/types\/product"}],"wp:featuredmedia":[{"embeddable":true,"href":"https:\/\/www.erresse-shop.it\/fr\/wp-json\/wp\/v2\/media\/496012"}],"wp:attachment":[{"href":"https:\/\/www.erresse-shop.it\/fr\/wp-json\/wp\/v2\/media?parent=432518"}],"wp:term":[{"taxonomy":"product_cat","embeddable":true,"href":"https:\/\/www.erresse-shop.it\/fr\/wp-json\/wp\/v2\/product_cat?post=432518"},{"taxonomy":"product_tag","embeddable":true,"href":"https:\/\/www.erresse-shop.it\/fr\/wp-json\/wp\/v2\/product_tag?post=432518"}],"curies":[{"name":"wp","href":"https:\/\/api.w.org\/{rel}","templated":true}]}}