{"id":431812,"date":"2024-09-19T07:22:46","date_gmt":"2024-09-19T07:22:49","guid":{"rendered":"https:\/\/www.erresse-shop.it\/?post_type=product&#038;p=431812"},"modified":"2025-11-12T16:40:09","modified_gmt":"2025-11-12T16:40:09","slug":"boska-set-a-fondue-mr-big-12-pieces","status":"publish","type":"product","link":"https:\/\/www.erresse-shop.it\/fr\/shop\/cuisine\/accessoires-fr\/boska-set-a-fondue-mr-big-12-pieces\/","title":{"rendered":"BOSKA Set \u00e0 fondue Mr.Big 12 pi\u00e8ces"},"content":{"rendered":"<p>Une soir\u00e9e fondue pour 12 personnes, pas de probl\u00e8me avec ce set extra large. L&#8217;ensemble se compose d&#8217;une casserole en gr\u00e8s robuste (qui ne passe pas au lave-vaisselle), de 12 fourchettes en bois de ch\u00eane et en acier inoxydable, de 3 br\u00fbleurs et d&#8217;une base en bois de ch\u00eane. La casserole peut \u00eatre chauff\u00e9e sur la cuisini\u00e8re \u00e0 gaz, \u00e0 l&#8217;aide d&#8217;un filet, ou sur la plaque de cuisson et offre une capacit\u00e9 de 6,5 litres (fromage ou chocolat).<\/p>\n<p><strong>Caract\u00e9ristiques techniques<\/strong><\/p>\n<p>Couleur : blanc<br \/>\nMat\u00e9riau : acier inoxydable, gr\u00e8s, ch\u00eane<br \/>\nDimensions du produit : \u00d833&#215;30 cm<\/p>\n","protected":false},"excerpt":{"rendered":"<p>Une soir\u00e9e fondue pour 12 personnes, pas de probl\u00e8me avec ce set extra large. L&#8217;ensemble se compose d&#8217;une casserole en<\/p>\n","protected":false},"featured_media":456554,"template":"","meta":{"_acf_changed":false,"inline_featured_image":false},"product_cat":[12749,12748],"product_tag":[14106],"acf":[],"yoast_head":"<!-- This site is optimized with the Yoast SEO Premium plugin v18.6 (Yoast SEO v19.13) - https:\/\/yoast.com\/wordpress\/plugins\/seo\/ -->\n<title>BOSKA Set \u00e0 fondue Mr.Big 12 pi\u00e8ces<\/title>\n<meta name=\"description\" content=\"D\u00e9couvrez BOSKA Set \u00e0 fondue Mr.Big 12 pi\u00e8ces sur ErresseShop. Qualit\u00e9, prix r\u00e9duits et achat s\u00e9curis\u00e9 \u2013 commandez d\u00e8s maintenant en ligne !\" \/>\n<meta name=\"robots\" content=\"index, follow, max-snippet:-1, max-image-preview:large, max-video-preview:-1\" \/>\n<link rel=\"canonical\" href=\"https:\/\/www.erresse-shop.it\/fr\/shop\/cuisine\/accessoires-fr\/boska-set-a-fondue-mr-big-12-pieces\/\" \/>\n<meta property=\"og:locale\" content=\"fr_FR\" \/>\n<meta property=\"og:type\" content=\"article\" \/>\n<meta property=\"og:title\" content=\"BOSKA Set \u00e0 fondue Mr.Big 12 pi\u00e8ces\" \/>\n<meta property=\"og:description\" content=\"D\u00e9couvrez BOSKA Set \u00e0 fondue Mr.Big 12 pi\u00e8ces sur ErresseShop. Qualit\u00e9, prix r\u00e9duits et achat s\u00e9curis\u00e9 \u2013 commandez d\u00e8s maintenant en ligne !\" \/>\n<meta property=\"og:url\" content=\"https:\/\/www.erresse-shop.it\/fr\/shop\/cuisine\/accessoires-fr\/boska-set-a-fondue-mr-big-12-pieces\/\" \/>\n<meta property=\"og:site_name\" content=\"Erresse Shop\" \/>\n<meta property=\"article:modified_time\" content=\"2025-11-12T16:40:09+00:00\" \/>\n<meta property=\"og:image\" content=\"https:\/\/www.erresse-shop.it\/wp-content\/uploads\/2024\/09\/BOSKA-Mr.Big-Set-Fonduta-12-Pezzi.jpg\" \/>\n\t<meta property=\"og:image:width\" content=\"1200\" \/>\n\t<meta property=\"og:image:height\" content=\"1200\" \/>\n\t<meta property=\"og:image:type\" content=\"image\/jpeg\" \/>\n<meta name=\"twitter:card\" content=\"summary_large_image\" \/>\n<script type=\"application\/ld+json\" class=\"yoast-schema-graph\">{\"@context\":\"https:\/\/schema.org\",\"@graph\":[{\"@type\":\"WebPage\",\"@id\":\"https:\/\/www.erresse-shop.it\/fr\/shop\/cuisine\/accessoires-fr\/boska-set-a-fondue-mr-big-12-pieces\/\",\"url\":\"https:\/\/www.erresse-shop.it\/fr\/shop\/cuisine\/accessoires-fr\/boska-set-a-fondue-mr-big-12-pieces\/\",\"name\":\"BOSKA Set \u00e0 fondue Mr.Big 12 pi\u00e8ces\",\"isPartOf\":{\"@id\":\"https:\/\/www.erresse-shop.it\/fr\/#website\"},\"datePublished\":\"2024-09-19T07:22:49+00:00\",\"dateModified\":\"2025-11-12T16:40:09+00:00\",\"description\":\"D\u00e9couvrez BOSKA Set \u00e0 fondue Mr.Big 12 pi\u00e8ces sur ErresseShop. Qualit\u00e9, prix r\u00e9duits et achat s\u00e9curis\u00e9 \u2013 commandez d\u00e8s maintenant en ligne !\",\"breadcrumb\":{\"@id\":\"https:\/\/www.erresse-shop.it\/fr\/shop\/cuisine\/accessoires-fr\/boska-set-a-fondue-mr-big-12-pieces\/#breadcrumb\"},\"inLanguage\":\"fr-FR\",\"potentialAction\":[{\"@type\":\"ReadAction\",\"target\":[\"https:\/\/www.erresse-shop.it\/fr\/shop\/cuisine\/accessoires-fr\/boska-set-a-fondue-mr-big-12-pieces\/\"]}]},{\"@type\":\"BreadcrumbList\",\"@id\":\"https:\/\/www.erresse-shop.it\/fr\/shop\/cuisine\/accessoires-fr\/boska-set-a-fondue-mr-big-12-pieces\/#breadcrumb\",\"itemListElement\":[{\"@type\":\"ListItem\",\"position\":1,\"name\":\"Home\",\"item\":\"https:\/\/www.erresse-shop.it\/fr\/\"},{\"@type\":\"ListItem\",\"position\":2,\"name\":\"Shop\",\"item\":\"https:\/\/www.erresse-shop.it\/fr\/shop\/\"},{\"@type\":\"ListItem\",\"position\":3,\"name\":\"BOSKA Set \u00e0 fondue Mr.Big 12 pi\u00e8ces\"}]},{\"@type\":\"WebSite\",\"@id\":\"https:\/\/www.erresse-shop.it\/fr\/#website\",\"url\":\"https:\/\/www.erresse-shop.it\/fr\/\",\"name\":\"Erresse Shop\",\"description\":\"Articoli di qualit\u00e0 per la casa\",\"potentialAction\":[{\"@type\":\"SearchAction\",\"target\":{\"@type\":\"EntryPoint\",\"urlTemplate\":\"https:\/\/www.erresse-shop.it\/fr\/?s={search_term_string}\"},\"query-input\":\"required name=search_term_string\"}],\"inLanguage\":\"fr-FR\"}]}<\/script>\n<!-- \/ Yoast SEO Premium plugin. -->","yoast_head_json":{"title":"BOSKA Set \u00e0 fondue Mr.Big 12 pi\u00e8ces","description":"D\u00e9couvrez BOSKA Set \u00e0 fondue Mr.Big 12 pi\u00e8ces sur ErresseShop. Qualit\u00e9, prix r\u00e9duits et achat s\u00e9curis\u00e9 \u2013 commandez d\u00e8s maintenant en ligne !","robots":{"index":"index","follow":"follow","max-snippet":"max-snippet:-1","max-image-preview":"max-image-preview:large","max-video-preview":"max-video-preview:-1"},"canonical":"https:\/\/www.erresse-shop.it\/fr\/shop\/cuisine\/accessoires-fr\/boska-set-a-fondue-mr-big-12-pieces\/","og_locale":"fr_FR","og_type":"article","og_title":"BOSKA Set \u00e0 fondue Mr.Big 12 pi\u00e8ces","og_description":"D\u00e9couvrez BOSKA Set \u00e0 fondue Mr.Big 12 pi\u00e8ces sur ErresseShop. Qualit\u00e9, prix r\u00e9duits et achat s\u00e9curis\u00e9 \u2013 commandez d\u00e8s maintenant en ligne !","og_url":"https:\/\/www.erresse-shop.it\/fr\/shop\/cuisine\/accessoires-fr\/boska-set-a-fondue-mr-big-12-pieces\/","og_site_name":"Erresse Shop","article_modified_time":"2025-11-12T16:40:09+00:00","og_image":[{"width":1200,"height":1200,"url":"https:\/\/www.erresse-shop.it\/wp-content\/uploads\/2024\/09\/BOSKA-Mr.Big-Set-Fonduta-12-Pezzi.jpg","type":"image\/jpeg"}],"twitter_card":"summary_large_image","schema":{"@context":"https:\/\/schema.org","@graph":[{"@type":"WebPage","@id":"https:\/\/www.erresse-shop.it\/fr\/shop\/cuisine\/accessoires-fr\/boska-set-a-fondue-mr-big-12-pieces\/","url":"https:\/\/www.erresse-shop.it\/fr\/shop\/cuisine\/accessoires-fr\/boska-set-a-fondue-mr-big-12-pieces\/","name":"BOSKA Set \u00e0 fondue Mr.Big 12 pi\u00e8ces","isPartOf":{"@id":"https:\/\/www.erresse-shop.it\/fr\/#website"},"datePublished":"2024-09-19T07:22:49+00:00","dateModified":"2025-11-12T16:40:09+00:00","description":"D\u00e9couvrez BOSKA Set \u00e0 fondue Mr.Big 12 pi\u00e8ces sur ErresseShop. Qualit\u00e9, prix r\u00e9duits et achat s\u00e9curis\u00e9 \u2013 commandez d\u00e8s maintenant en ligne !","breadcrumb":{"@id":"https:\/\/www.erresse-shop.it\/fr\/shop\/cuisine\/accessoires-fr\/boska-set-a-fondue-mr-big-12-pieces\/#breadcrumb"},"inLanguage":"fr-FR","potentialAction":[{"@type":"ReadAction","target":["https:\/\/www.erresse-shop.it\/fr\/shop\/cuisine\/accessoires-fr\/boska-set-a-fondue-mr-big-12-pieces\/"]}]},{"@type":"BreadcrumbList","@id":"https:\/\/www.erresse-shop.it\/fr\/shop\/cuisine\/accessoires-fr\/boska-set-a-fondue-mr-big-12-pieces\/#breadcrumb","itemListElement":[{"@type":"ListItem","position":1,"name":"Home","item":"https:\/\/www.erresse-shop.it\/fr\/"},{"@type":"ListItem","position":2,"name":"Shop","item":"https:\/\/www.erresse-shop.it\/fr\/shop\/"},{"@type":"ListItem","position":3,"name":"BOSKA Set \u00e0 fondue Mr.Big 12 pi\u00e8ces"}]},{"@type":"WebSite","@id":"https:\/\/www.erresse-shop.it\/fr\/#website","url":"https:\/\/www.erresse-shop.it\/fr\/","name":"Erresse Shop","description":"Articoli di qualit\u00e0 per la casa","potentialAction":[{"@type":"SearchAction","target":{"@type":"EntryPoint","urlTemplate":"https:\/\/www.erresse-shop.it\/fr\/?s={search_term_string}"},"query-input":"required name=search_term_string"}],"inLanguage":"fr-FR"}]}},"df_price":279.95,"df_sale_price":279.95,"df_regular_price":349,"df_image_link":"https:\/\/www.erresse-shop.it\/wp-content\/uploads\/2024\/09\/BOSKA-Mr.Big-Set-Fonduta-12-Pezzi-300x300.jpg","_links":{"self":[{"href":"https:\/\/www.erresse-shop.it\/fr\/wp-json\/wp\/v2\/product\/431812"}],"collection":[{"href":"https:\/\/www.erresse-shop.it\/fr\/wp-json\/wp\/v2\/product"}],"about":[{"href":"https:\/\/www.erresse-shop.it\/fr\/wp-json\/wp\/v2\/types\/product"}],"wp:featuredmedia":[{"embeddable":true,"href":"https:\/\/www.erresse-shop.it\/fr\/wp-json\/wp\/v2\/media\/456554"}],"wp:attachment":[{"href":"https:\/\/www.erresse-shop.it\/fr\/wp-json\/wp\/v2\/media?parent=431812"}],"wp:term":[{"taxonomy":"product_cat","embeddable":true,"href":"https:\/\/www.erresse-shop.it\/fr\/wp-json\/wp\/v2\/product_cat?post=431812"},{"taxonomy":"product_tag","embeddable":true,"href":"https:\/\/www.erresse-shop.it\/fr\/wp-json\/wp\/v2\/product_tag?post=431812"}],"curies":[{"name":"wp","href":"https:\/\/api.w.org\/{rel}","templated":true}]}}