{"id":431793,"date":"2024-09-19T07:09:35","date_gmt":"2024-09-19T07:09:37","guid":{"rendered":"https:\/\/www.erresse-shop.it\/?post_type=product&#038;p=431793"},"modified":"2025-01-14T17:46:55","modified_gmt":"2025-01-14T17:46:55","slug":"global-couteau-kiritsuke-15-cm","status":"publish","type":"product","link":"https:\/\/www.erresse-shop.it\/fr\/shop\/cuisine\/couteaux\/global-couteau-kiritsuke-15-cm\/","title":{"rendered":"GLOBAL Couteau Kiritsuke 15 cm"},"content":{"rendered":"<p>Le Kiritsuke est un couteau \u00e0 poisson pour tous les travaux, depuis l&#8217;\u00e9visc\u00e9ration, la coupe et le filetage jusqu&#8217;au portionnement, par exemple des filets et des sashimis. Les couteaux de la ligne GS sont des couteaux de cuisine plut\u00f4t petits. Chacun d&#8217;entre eux est dot\u00e9 d&#8217;une lame tranchante en acier inoxydable CROMOVA 18 de haute qualit\u00e9 et d&#8217;un manche ergonomique en acier inoxydable parfaitement \u00e9quilibr\u00e9. Avec une duret\u00e9 de lame optimale de 56-58 degr\u00e9s Rockwell, les couteaux de la s\u00e9rie GS se caract\u00e9risent non seulement par une excellente tenue du tranchant et une bonne maniabilit\u00e9, mais aussi par leur r\u00e9sistance \u00e0 la rouille et \u00e0 l&#8217;oxydation.<\/p>\n<p>Caract\u00e9ristiques du produit :<\/p>\n<p>Longueur de la lame 15 cm<br \/>\nLongueur totale 28 cm<\/p>\n<p><strong>Mat\u00e9riau<\/strong> : Acier<\/p>\n<p><strong>MADE IN JAPAN<\/strong><\/p>\n","protected":false},"excerpt":{"rendered":"<p>Le Kiritsuke est un couteau \u00e0 poisson pour tous les travaux, depuis l&#8217;\u00e9visc\u00e9ration, la coupe et le filetage jusqu&#8217;au portionnement,<\/p>\n","protected":false},"featured_media":437435,"template":"","meta":{"_acf_changed":false,"inline_featured_image":false},"product_cat":[12742,14452,12748],"product_tag":[12839,20106],"acf":[],"yoast_head":"<!-- This site is optimized with the Yoast SEO Premium plugin v18.6 (Yoast SEO v19.13) - https:\/\/yoast.com\/wordpress\/plugins\/seo\/ -->\n<title>GLOBAL Couteau Kiritsuke 15 cm<\/title>\n<meta name=\"description\" content=\"D\u00e9couvrez GLOBAL Couteau Kiritsuke 15 cm sur ErresseShop. Qualit\u00e9, prix r\u00e9duits et achat s\u00e9curis\u00e9 \u2013 commandez d\u00e8s maintenant en ligne !\" \/>\n<meta name=\"robots\" content=\"index, follow, max-snippet:-1, max-image-preview:large, max-video-preview:-1\" \/>\n<link rel=\"canonical\" href=\"https:\/\/www.erresse-shop.it\/fr\/shop\/cuisine\/couteaux\/global-couteau-kiritsuke-15-cm\/\" \/>\n<meta property=\"og:locale\" content=\"fr_FR\" \/>\n<meta property=\"og:type\" content=\"article\" \/>\n<meta property=\"og:title\" content=\"GLOBAL Couteau Kiritsuke 15 cm\" \/>\n<meta property=\"og:description\" content=\"D\u00e9couvrez GLOBAL Couteau Kiritsuke 15 cm sur ErresseShop. Qualit\u00e9, prix r\u00e9duits et achat s\u00e9curis\u00e9 \u2013 commandez d\u00e8s maintenant en ligne !\" \/>\n<meta property=\"og:url\" content=\"https:\/\/www.erresse-shop.it\/fr\/shop\/cuisine\/couteaux\/global-couteau-kiritsuke-15-cm\/\" \/>\n<meta property=\"og:site_name\" content=\"Erresse Shop\" \/>\n<meta property=\"article:modified_time\" content=\"2025-01-14T17:46:55+00:00\" \/>\n<meta property=\"og:image\" content=\"https:\/\/www.erresse-shop.it\/wp-content\/uploads\/2024\/09\/GLOBAL-Coltello-Kiritsuke-15-cm.jpg\" \/>\n\t<meta property=\"og:image:width\" content=\"1200\" \/>\n\t<meta property=\"og:image:height\" content=\"1200\" \/>\n\t<meta property=\"og:image:type\" content=\"image\/jpeg\" \/>\n<meta name=\"twitter:card\" content=\"summary_large_image\" \/>\n<script type=\"application\/ld+json\" class=\"yoast-schema-graph\">{\"@context\":\"https:\/\/schema.org\",\"@graph\":[{\"@type\":\"WebPage\",\"@id\":\"https:\/\/www.erresse-shop.it\/fr\/shop\/cuisine\/couteaux\/global-couteau-kiritsuke-15-cm\/\",\"url\":\"https:\/\/www.erresse-shop.it\/fr\/shop\/cuisine\/couteaux\/global-couteau-kiritsuke-15-cm\/\",\"name\":\"GLOBAL Couteau Kiritsuke 15 cm\",\"isPartOf\":{\"@id\":\"https:\/\/www.erresse-shop.it\/fr\/#website\"},\"datePublished\":\"2024-09-19T07:09:37+00:00\",\"dateModified\":\"2025-01-14T17:46:55+00:00\",\"description\":\"D\u00e9couvrez GLOBAL Couteau Kiritsuke 15 cm sur ErresseShop. Qualit\u00e9, prix r\u00e9duits et achat s\u00e9curis\u00e9 \u2013 commandez d\u00e8s maintenant en ligne !\",\"breadcrumb\":{\"@id\":\"https:\/\/www.erresse-shop.it\/fr\/shop\/cuisine\/couteaux\/global-couteau-kiritsuke-15-cm\/#breadcrumb\"},\"inLanguage\":\"fr-FR\",\"potentialAction\":[{\"@type\":\"ReadAction\",\"target\":[\"https:\/\/www.erresse-shop.it\/fr\/shop\/cuisine\/couteaux\/global-couteau-kiritsuke-15-cm\/\"]}]},{\"@type\":\"BreadcrumbList\",\"@id\":\"https:\/\/www.erresse-shop.it\/fr\/shop\/cuisine\/couteaux\/global-couteau-kiritsuke-15-cm\/#breadcrumb\",\"itemListElement\":[{\"@type\":\"ListItem\",\"position\":1,\"name\":\"Home\",\"item\":\"https:\/\/www.erresse-shop.it\/fr\/\"},{\"@type\":\"ListItem\",\"position\":2,\"name\":\"Shop\",\"item\":\"https:\/\/www.erresse-shop.it\/fr\/shop\/\"},{\"@type\":\"ListItem\",\"position\":3,\"name\":\"GLOBAL Couteau Kiritsuke 15 cm\"}]},{\"@type\":\"WebSite\",\"@id\":\"https:\/\/www.erresse-shop.it\/fr\/#website\",\"url\":\"https:\/\/www.erresse-shop.it\/fr\/\",\"name\":\"Erresse Shop\",\"description\":\"Articoli di qualit\u00e0 per la casa\",\"potentialAction\":[{\"@type\":\"SearchAction\",\"target\":{\"@type\":\"EntryPoint\",\"urlTemplate\":\"https:\/\/www.erresse-shop.it\/fr\/?s={search_term_string}\"},\"query-input\":\"required name=search_term_string\"}],\"inLanguage\":\"fr-FR\"}]}<\/script>\n<!-- \/ Yoast SEO Premium plugin. -->","yoast_head_json":{"title":"GLOBAL Couteau Kiritsuke 15 cm","description":"D\u00e9couvrez GLOBAL Couteau Kiritsuke 15 cm sur ErresseShop. Qualit\u00e9, prix r\u00e9duits et achat s\u00e9curis\u00e9 \u2013 commandez d\u00e8s maintenant en ligne !","robots":{"index":"index","follow":"follow","max-snippet":"max-snippet:-1","max-image-preview":"max-image-preview:large","max-video-preview":"max-video-preview:-1"},"canonical":"https:\/\/www.erresse-shop.it\/fr\/shop\/cuisine\/couteaux\/global-couteau-kiritsuke-15-cm\/","og_locale":"fr_FR","og_type":"article","og_title":"GLOBAL Couteau Kiritsuke 15 cm","og_description":"D\u00e9couvrez GLOBAL Couteau Kiritsuke 15 cm sur ErresseShop. Qualit\u00e9, prix r\u00e9duits et achat s\u00e9curis\u00e9 \u2013 commandez d\u00e8s maintenant en ligne !","og_url":"https:\/\/www.erresse-shop.it\/fr\/shop\/cuisine\/couteaux\/global-couteau-kiritsuke-15-cm\/","og_site_name":"Erresse Shop","article_modified_time":"2025-01-14T17:46:55+00:00","og_image":[{"width":1200,"height":1200,"url":"https:\/\/www.erresse-shop.it\/wp-content\/uploads\/2024\/09\/GLOBAL-Coltello-Kiritsuke-15-cm.jpg","type":"image\/jpeg"}],"twitter_card":"summary_large_image","schema":{"@context":"https:\/\/schema.org","@graph":[{"@type":"WebPage","@id":"https:\/\/www.erresse-shop.it\/fr\/shop\/cuisine\/couteaux\/global-couteau-kiritsuke-15-cm\/","url":"https:\/\/www.erresse-shop.it\/fr\/shop\/cuisine\/couteaux\/global-couteau-kiritsuke-15-cm\/","name":"GLOBAL Couteau Kiritsuke 15 cm","isPartOf":{"@id":"https:\/\/www.erresse-shop.it\/fr\/#website"},"datePublished":"2024-09-19T07:09:37+00:00","dateModified":"2025-01-14T17:46:55+00:00","description":"D\u00e9couvrez GLOBAL Couteau Kiritsuke 15 cm sur ErresseShop. Qualit\u00e9, prix r\u00e9duits et achat s\u00e9curis\u00e9 \u2013 commandez d\u00e8s maintenant en ligne !","breadcrumb":{"@id":"https:\/\/www.erresse-shop.it\/fr\/shop\/cuisine\/couteaux\/global-couteau-kiritsuke-15-cm\/#breadcrumb"},"inLanguage":"fr-FR","potentialAction":[{"@type":"ReadAction","target":["https:\/\/www.erresse-shop.it\/fr\/shop\/cuisine\/couteaux\/global-couteau-kiritsuke-15-cm\/"]}]},{"@type":"BreadcrumbList","@id":"https:\/\/www.erresse-shop.it\/fr\/shop\/cuisine\/couteaux\/global-couteau-kiritsuke-15-cm\/#breadcrumb","itemListElement":[{"@type":"ListItem","position":1,"name":"Home","item":"https:\/\/www.erresse-shop.it\/fr\/"},{"@type":"ListItem","position":2,"name":"Shop","item":"https:\/\/www.erresse-shop.it\/fr\/shop\/"},{"@type":"ListItem","position":3,"name":"GLOBAL Couteau Kiritsuke 15 cm"}]},{"@type":"WebSite","@id":"https:\/\/www.erresse-shop.it\/fr\/#website","url":"https:\/\/www.erresse-shop.it\/fr\/","name":"Erresse Shop","description":"Articoli di qualit\u00e0 per la casa","potentialAction":[{"@type":"SearchAction","target":{"@type":"EntryPoint","urlTemplate":"https:\/\/www.erresse-shop.it\/fr\/?s={search_term_string}"},"query-input":"required name=search_term_string"}],"inLanguage":"fr-FR"}]}},"df_price":75.905,"df_sale_price":75.905,"df_regular_price":79.9,"df_image_link":"https:\/\/www.erresse-shop.it\/wp-content\/uploads\/2024\/09\/GLOBAL-Coltello-Kiritsuke-15-cm-300x300.jpg","_links":{"self":[{"href":"https:\/\/www.erresse-shop.it\/fr\/wp-json\/wp\/v2\/product\/431793"}],"collection":[{"href":"https:\/\/www.erresse-shop.it\/fr\/wp-json\/wp\/v2\/product"}],"about":[{"href":"https:\/\/www.erresse-shop.it\/fr\/wp-json\/wp\/v2\/types\/product"}],"wp:featuredmedia":[{"embeddable":true,"href":"https:\/\/www.erresse-shop.it\/fr\/wp-json\/wp\/v2\/media\/437435"}],"wp:attachment":[{"href":"https:\/\/www.erresse-shop.it\/fr\/wp-json\/wp\/v2\/media?parent=431793"}],"wp:term":[{"taxonomy":"product_cat","embeddable":true,"href":"https:\/\/www.erresse-shop.it\/fr\/wp-json\/wp\/v2\/product_cat?post=431793"},{"taxonomy":"product_tag","embeddable":true,"href":"https:\/\/www.erresse-shop.it\/fr\/wp-json\/wp\/v2\/product_tag?post=431793"}],"curies":[{"name":"wp","href":"https:\/\/api.w.org\/{rel}","templated":true}]}}