{"id":431760,"date":"2024-09-19T06:36:19","date_gmt":"2024-09-19T06:36:21","guid":{"rendered":"https:\/\/www.erresse-shop.it\/?post_type=product&#038;p=431760"},"modified":"2024-10-16T10:08:05","modified_gmt":"2024-10-16T10:08:05","slug":"yaxell-hana-couteau-a-filet-15-cm","status":"publish","type":"product","link":"https:\/\/www.erresse-shop.it\/fr\/shop\/cuisine\/couteaux\/yaxell-hana-couteau-a-filet-15-cm\/","title":{"rendered":"YAXELL Hana Couteau \u00e0 filet 15 cm"},"content":{"rendered":"<p>Le c\u0153ur de la lame du couteau HANA est en MOVAX, un acier compos\u00e9 de chrome, de molybd\u00e8ne et de vanadium d&#8217;une duret\u00e9 Rockwell de 58, puis rev\u00eatu des deux c\u00f4t\u00e9s d&#8217;un acier inoxydable de haute qualit\u00e9. Le manche octogonal en bois de Pakka fonc\u00e9 de haute qualit\u00e9, d\u00e9velopp\u00e9 par des designers exp\u00e9riment\u00e9s, garantit un \u00e9quilibre parfait, un contr\u00f4le optimal et une coupe sans effort.<\/p>\n<p>Caract\u00e9ristiques techniques :<\/p>\n<ul>\n<li>Longueur de la lame 15 cm<\/li>\n<li>Longueur totale 27 cm<\/li>\n<\/ul>\n<p><strong>Made in Japan<\/strong><\/p>\n","protected":false},"excerpt":{"rendered":"<p>Le c\u0153ur de la lame du couteau HANA est en MOVAX, un acier compos\u00e9 de chrome, de molybd\u00e8ne et de<\/p>\n","protected":false},"featured_media":452235,"template":"","meta":{"_acf_changed":false,"inline_featured_image":false},"product_cat":[12742,14452,12748],"product_tag":[13284,12839,22500,24680],"acf":[],"yoast_head":"<!-- This site is optimized with the Yoast SEO Premium plugin v18.6 (Yoast SEO v19.13) - https:\/\/yoast.com\/wordpress\/plugins\/seo\/ -->\n<title>YAXELL Hana Couteau \u00e0 filet 15 cm - Erresse Shop<\/title>\n<meta name=\"description\" content=\"Le c\u0153ur de la lame du couteau HANA est en MOVAX, un acier compos\u00e9 de chrome, de molybd\u00e8ne et de vanadium d&#039;une duret\u00e9 Rockwell de 58, puis rev\u00eatu des deux\" \/>\n<meta name=\"robots\" content=\"index, follow, max-snippet:-1, max-image-preview:large, max-video-preview:-1\" \/>\n<link rel=\"canonical\" href=\"https:\/\/www.erresse-shop.it\/fr\/shop\/cuisine\/couteaux\/yaxell-hana-couteau-a-filet-15-cm\/\" \/>\n<meta property=\"og:locale\" content=\"fr_FR\" \/>\n<meta property=\"og:type\" content=\"article\" \/>\n<meta property=\"og:title\" content=\"YAXELL Hana Couteau \u00e0 filet 15 cm\" \/>\n<meta property=\"og:description\" content=\"Le c\u0153ur de la lame du couteau HANA est en MOVAX, un acier compos\u00e9 de chrome, de molybd\u00e8ne et de vanadium d&#039;une duret\u00e9 Rockwell de 58, puis rev\u00eatu des deux\" \/>\n<meta property=\"og:url\" content=\"https:\/\/www.erresse-shop.it\/fr\/shop\/cuisine\/couteaux\/yaxell-hana-couteau-a-filet-15-cm\/\" \/>\n<meta property=\"og:site_name\" content=\"Erresse Shop\" \/>\n<meta property=\"article:modified_time\" content=\"2024-10-16T10:08:05+00:00\" \/>\n<meta property=\"og:image\" content=\"https:\/\/www.erresse-shop.it\/wp-content\/uploads\/2024\/09\/YAXELL-Hana-Coltello-Per-Filettare-15-cm.webp\" \/>\n\t<meta property=\"og:image:width\" content=\"1200\" \/>\n\t<meta property=\"og:image:height\" content=\"1200\" \/>\n\t<meta property=\"og:image:type\" content=\"image\/webp\" \/>\n<meta name=\"twitter:card\" content=\"summary_large_image\" \/>\n<script type=\"application\/ld+json\" class=\"yoast-schema-graph\">{\"@context\":\"https:\/\/schema.org\",\"@graph\":[{\"@type\":\"WebPage\",\"@id\":\"https:\/\/www.erresse-shop.it\/fr\/shop\/cuisine\/couteaux\/yaxell-hana-couteau-a-filet-15-cm\/\",\"url\":\"https:\/\/www.erresse-shop.it\/fr\/shop\/cuisine\/couteaux\/yaxell-hana-couteau-a-filet-15-cm\/\",\"name\":\"YAXELL Hana Couteau \u00e0 filet 15 cm - Erresse Shop\",\"isPartOf\":{\"@id\":\"https:\/\/www.erresse-shop.it\/fr\/#website\"},\"datePublished\":\"2024-09-19T06:36:21+00:00\",\"dateModified\":\"2024-10-16T10:08:05+00:00\",\"description\":\"Le c\u0153ur de la lame du couteau HANA est en MOVAX, un acier compos\u00e9 de chrome, de molybd\u00e8ne et de vanadium d'une duret\u00e9 Rockwell de 58, puis rev\u00eatu des deux\",\"breadcrumb\":{\"@id\":\"https:\/\/www.erresse-shop.it\/fr\/shop\/cuisine\/couteaux\/yaxell-hana-couteau-a-filet-15-cm\/#breadcrumb\"},\"inLanguage\":\"fr-FR\",\"potentialAction\":[{\"@type\":\"ReadAction\",\"target\":[\"https:\/\/www.erresse-shop.it\/fr\/shop\/cuisine\/couteaux\/yaxell-hana-couteau-a-filet-15-cm\/\"]}]},{\"@type\":\"BreadcrumbList\",\"@id\":\"https:\/\/www.erresse-shop.it\/fr\/shop\/cuisine\/couteaux\/yaxell-hana-couteau-a-filet-15-cm\/#breadcrumb\",\"itemListElement\":[{\"@type\":\"ListItem\",\"position\":1,\"name\":\"Home\",\"item\":\"https:\/\/www.erresse-shop.it\/fr\/\"},{\"@type\":\"ListItem\",\"position\":2,\"name\":\"Shop\",\"item\":\"https:\/\/www.erresse-shop.it\/fr\/shop\/\"},{\"@type\":\"ListItem\",\"position\":3,\"name\":\"YAXELL Hana Couteau \u00e0 filet 15 cm\"}]},{\"@type\":\"WebSite\",\"@id\":\"https:\/\/www.erresse-shop.it\/fr\/#website\",\"url\":\"https:\/\/www.erresse-shop.it\/fr\/\",\"name\":\"Erresse Shop\",\"description\":\"Articoli di qualit\u00e0 per la casa\",\"potentialAction\":[{\"@type\":\"SearchAction\",\"target\":{\"@type\":\"EntryPoint\",\"urlTemplate\":\"https:\/\/www.erresse-shop.it\/fr\/?s={search_term_string}\"},\"query-input\":\"required name=search_term_string\"}],\"inLanguage\":\"fr-FR\"}]}<\/script>\n<!-- \/ Yoast SEO Premium plugin. -->","yoast_head_json":{"title":"YAXELL Hana Couteau \u00e0 filet 15 cm - Erresse Shop","description":"Le c\u0153ur de la lame du couteau HANA est en MOVAX, un acier compos\u00e9 de chrome, de molybd\u00e8ne et de vanadium d'une duret\u00e9 Rockwell de 58, puis rev\u00eatu des deux","robots":{"index":"index","follow":"follow","max-snippet":"max-snippet:-1","max-image-preview":"max-image-preview:large","max-video-preview":"max-video-preview:-1"},"canonical":"https:\/\/www.erresse-shop.it\/fr\/shop\/cuisine\/couteaux\/yaxell-hana-couteau-a-filet-15-cm\/","og_locale":"fr_FR","og_type":"article","og_title":"YAXELL Hana Couteau \u00e0 filet 15 cm","og_description":"Le c\u0153ur de la lame du couteau HANA est en MOVAX, un acier compos\u00e9 de chrome, de molybd\u00e8ne et de vanadium d'une duret\u00e9 Rockwell de 58, puis rev\u00eatu des deux","og_url":"https:\/\/www.erresse-shop.it\/fr\/shop\/cuisine\/couteaux\/yaxell-hana-couteau-a-filet-15-cm\/","og_site_name":"Erresse Shop","article_modified_time":"2024-10-16T10:08:05+00:00","og_image":[{"width":1200,"height":1200,"url":"https:\/\/www.erresse-shop.it\/wp-content\/uploads\/2024\/09\/YAXELL-Hana-Coltello-Per-Filettare-15-cm.webp","type":"image\/webp"}],"twitter_card":"summary_large_image","schema":{"@context":"https:\/\/schema.org","@graph":[{"@type":"WebPage","@id":"https:\/\/www.erresse-shop.it\/fr\/shop\/cuisine\/couteaux\/yaxell-hana-couteau-a-filet-15-cm\/","url":"https:\/\/www.erresse-shop.it\/fr\/shop\/cuisine\/couteaux\/yaxell-hana-couteau-a-filet-15-cm\/","name":"YAXELL Hana Couteau \u00e0 filet 15 cm - Erresse Shop","isPartOf":{"@id":"https:\/\/www.erresse-shop.it\/fr\/#website"},"datePublished":"2024-09-19T06:36:21+00:00","dateModified":"2024-10-16T10:08:05+00:00","description":"Le c\u0153ur de la lame du couteau HANA est en MOVAX, un acier compos\u00e9 de chrome, de molybd\u00e8ne et de vanadium d'une duret\u00e9 Rockwell de 58, puis rev\u00eatu des deux","breadcrumb":{"@id":"https:\/\/www.erresse-shop.it\/fr\/shop\/cuisine\/couteaux\/yaxell-hana-couteau-a-filet-15-cm\/#breadcrumb"},"inLanguage":"fr-FR","potentialAction":[{"@type":"ReadAction","target":["https:\/\/www.erresse-shop.it\/fr\/shop\/cuisine\/couteaux\/yaxell-hana-couteau-a-filet-15-cm\/"]}]},{"@type":"BreadcrumbList","@id":"https:\/\/www.erresse-shop.it\/fr\/shop\/cuisine\/couteaux\/yaxell-hana-couteau-a-filet-15-cm\/#breadcrumb","itemListElement":[{"@type":"ListItem","position":1,"name":"Home","item":"https:\/\/www.erresse-shop.it\/fr\/"},{"@type":"ListItem","position":2,"name":"Shop","item":"https:\/\/www.erresse-shop.it\/fr\/shop\/"},{"@type":"ListItem","position":3,"name":"YAXELL Hana Couteau \u00e0 filet 15 cm"}]},{"@type":"WebSite","@id":"https:\/\/www.erresse-shop.it\/fr\/#website","url":"https:\/\/www.erresse-shop.it\/fr\/","name":"Erresse Shop","description":"Articoli di qualit\u00e0 per la casa","potentialAction":[{"@type":"SearchAction","target":{"@type":"EntryPoint","urlTemplate":"https:\/\/www.erresse-shop.it\/fr\/?s={search_term_string}"},"query-input":"required name=search_term_string"}],"inLanguage":"fr-FR"}]}},"df_price":79.2,"df_sale_price":79.2,"df_regular_price":99,"df_image_link":"https:\/\/www.erresse-shop.it\/wp-content\/uploads\/2024\/09\/YAXELL-Hana-Coltello-Per-Filettare-15-cm-300x300.jpg","_links":{"self":[{"href":"https:\/\/www.erresse-shop.it\/fr\/wp-json\/wp\/v2\/product\/431760"}],"collection":[{"href":"https:\/\/www.erresse-shop.it\/fr\/wp-json\/wp\/v2\/product"}],"about":[{"href":"https:\/\/www.erresse-shop.it\/fr\/wp-json\/wp\/v2\/types\/product"}],"wp:featuredmedia":[{"embeddable":true,"href":"https:\/\/www.erresse-shop.it\/fr\/wp-json\/wp\/v2\/media\/452235"}],"wp:attachment":[{"href":"https:\/\/www.erresse-shop.it\/fr\/wp-json\/wp\/v2\/media?parent=431760"}],"wp:term":[{"taxonomy":"product_cat","embeddable":true,"href":"https:\/\/www.erresse-shop.it\/fr\/wp-json\/wp\/v2\/product_cat?post=431760"},{"taxonomy":"product_tag","embeddable":true,"href":"https:\/\/www.erresse-shop.it\/fr\/wp-json\/wp\/v2\/product_tag?post=431760"}],"curies":[{"name":"wp","href":"https:\/\/api.w.org\/{rel}","templated":true}]}}