{"id":431670,"date":"2024-09-18T14:18:02","date_gmt":"2024-09-18T14:18:02","guid":{"rendered":"https:\/\/www.erresse-shop.it\/?post_type=product&#038;p=431670"},"modified":"2025-01-14T17:33:43","modified_gmt":"2025-01-14T17:33:43","slug":"cilio-tire-bouchon-chablis-avec-coupe-feuille","status":"publish","type":"product","link":"https:\/\/www.erresse-shop.it\/fr\/shop\/table-fr-2\/vin\/cilio-tire-bouchon-chablis-avec-coupe-feuille\/","title":{"rendered":"CILIO Tire-bouchon Chablis avec coupe-feuille"},"content":{"rendered":"<p>Tire-bouchon Chablis avec coupe-feuille Cilio, m\u00e9canisme \u00e0 spirale chrom\u00e9, manche noir. Comprend un coupe-feuilles int\u00e9gr\u00e9 et une spirale de rechange.<\/p>\n<ul>\n<li>Mat\u00e9riau : r\u00e9sine, m\u00e9tal<\/li>\n<li>Dimensions : 12&#215;16 cm<\/li>\n<\/ul>\n<p>La soci\u00e9t\u00e9 Cilio a \u00e9t\u00e9 fond\u00e9e en 1993 \u00e0 Solingen, o\u00f9 elle est toujours \u00e9tablie aujourd&#8217;hui. Depuis le d\u00e9but, Cilio attache une grande importance \u00e0 la combinaison de mat\u00e9riaux de haute qualit\u00e9, d&#8217;un design distinctif, d&#8217;un excellent savoir-faire artisanal et industriel et d&#8217;une utilit\u00e9 parfaite. Cette philosophie s&#8217;applique \u00e0 tous les secteurs.<\/p>\n","protected":false},"excerpt":{"rendered":"<p>Tire-bouchon Chablis avec coupe-feuille Cilio, m\u00e9canisme \u00e0 spirale chrom\u00e9, manche noir. Comprend un coupe-feuilles int\u00e9gr\u00e9 et une spirale de rechange.<\/p>\n","protected":false},"featured_media":458929,"template":"","meta":{"_acf_changed":false,"inline_featured_image":false},"product_cat":[12782,14463,12754],"product_tag":[25026,25021,13065],"acf":[],"yoast_head":"<!-- This site is optimized with the Yoast SEO Premium plugin v18.6 (Yoast SEO v19.13) - https:\/\/yoast.com\/wordpress\/plugins\/seo\/ -->\n<title>CILIO Tire-bouchon Chablis avec coupe-feuille<\/title>\n<meta name=\"description\" content=\"D\u00e9couvrez CILIO Tire-bouchon Chablis avec coupe-feuille sur ErresseShop. Qualit\u00e9, prix r\u00e9duits et achat s\u00e9curis\u00e9 \u2013 commandez d\u00e8s maintenant en ligne !\" \/>\n<meta name=\"robots\" content=\"index, follow, max-snippet:-1, max-image-preview:large, max-video-preview:-1\" \/>\n<link rel=\"canonical\" href=\"https:\/\/www.erresse-shop.it\/fr\/shop\/table-fr-2\/vin\/cilio-tire-bouchon-chablis-avec-coupe-feuille\/\" \/>\n<meta property=\"og:locale\" content=\"fr_FR\" \/>\n<meta property=\"og:type\" content=\"article\" \/>\n<meta property=\"og:title\" content=\"CILIO Tire-bouchon Chablis avec coupe-feuille\" \/>\n<meta property=\"og:description\" content=\"D\u00e9couvrez CILIO Tire-bouchon Chablis avec coupe-feuille sur ErresseShop. Qualit\u00e9, prix r\u00e9duits et achat s\u00e9curis\u00e9 \u2013 commandez d\u00e8s maintenant en ligne !\" \/>\n<meta property=\"og:url\" content=\"https:\/\/www.erresse-shop.it\/fr\/shop\/table-fr-2\/vin\/cilio-tire-bouchon-chablis-avec-coupe-feuille\/\" \/>\n<meta property=\"og:site_name\" content=\"Erresse Shop\" \/>\n<meta property=\"article:modified_time\" content=\"2025-01-14T17:33:43+00:00\" \/>\n<meta property=\"og:image\" content=\"https:\/\/www.erresse-shop.it\/wp-content\/uploads\/2024\/09\/CILIO-Cavatappi-Chablis-con-Tagliacapsule.jpg\" \/>\n\t<meta property=\"og:image:width\" content=\"1200\" \/>\n\t<meta property=\"og:image:height\" content=\"1200\" \/>\n\t<meta property=\"og:image:type\" content=\"image\/jpeg\" \/>\n<meta name=\"twitter:card\" content=\"summary_large_image\" \/>\n<script type=\"application\/ld+json\" class=\"yoast-schema-graph\">{\"@context\":\"https:\/\/schema.org\",\"@graph\":[{\"@type\":\"WebPage\",\"@id\":\"https:\/\/www.erresse-shop.it\/fr\/shop\/table-fr-2\/vin\/cilio-tire-bouchon-chablis-avec-coupe-feuille\/\",\"url\":\"https:\/\/www.erresse-shop.it\/fr\/shop\/table-fr-2\/vin\/cilio-tire-bouchon-chablis-avec-coupe-feuille\/\",\"name\":\"CILIO Tire-bouchon Chablis avec coupe-feuille\",\"isPartOf\":{\"@id\":\"https:\/\/www.erresse-shop.it\/fr\/#website\"},\"datePublished\":\"2024-09-18T14:18:02+00:00\",\"dateModified\":\"2025-01-14T17:33:43+00:00\",\"description\":\"D\u00e9couvrez CILIO Tire-bouchon Chablis avec coupe-feuille sur ErresseShop. Qualit\u00e9, prix r\u00e9duits et achat s\u00e9curis\u00e9 \u2013 commandez d\u00e8s maintenant en ligne !\",\"breadcrumb\":{\"@id\":\"https:\/\/www.erresse-shop.it\/fr\/shop\/table-fr-2\/vin\/cilio-tire-bouchon-chablis-avec-coupe-feuille\/#breadcrumb\"},\"inLanguage\":\"fr-FR\",\"potentialAction\":[{\"@type\":\"ReadAction\",\"target\":[\"https:\/\/www.erresse-shop.it\/fr\/shop\/table-fr-2\/vin\/cilio-tire-bouchon-chablis-avec-coupe-feuille\/\"]}]},{\"@type\":\"BreadcrumbList\",\"@id\":\"https:\/\/www.erresse-shop.it\/fr\/shop\/table-fr-2\/vin\/cilio-tire-bouchon-chablis-avec-coupe-feuille\/#breadcrumb\",\"itemListElement\":[{\"@type\":\"ListItem\",\"position\":1,\"name\":\"Home\",\"item\":\"https:\/\/www.erresse-shop.it\/fr\/\"},{\"@type\":\"ListItem\",\"position\":2,\"name\":\"Shop\",\"item\":\"https:\/\/www.erresse-shop.it\/fr\/shop\/\"},{\"@type\":\"ListItem\",\"position\":3,\"name\":\"CILIO Tire-bouchon Chablis avec coupe-feuille\"}]},{\"@type\":\"WebSite\",\"@id\":\"https:\/\/www.erresse-shop.it\/fr\/#website\",\"url\":\"https:\/\/www.erresse-shop.it\/fr\/\",\"name\":\"Erresse Shop\",\"description\":\"Articoli di qualit\u00e0 per la casa\",\"potentialAction\":[{\"@type\":\"SearchAction\",\"target\":{\"@type\":\"EntryPoint\",\"urlTemplate\":\"https:\/\/www.erresse-shop.it\/fr\/?s={search_term_string}\"},\"query-input\":\"required name=search_term_string\"}],\"inLanguage\":\"fr-FR\"}]}<\/script>\n<!-- \/ Yoast SEO Premium plugin. -->","yoast_head_json":{"title":"CILIO Tire-bouchon Chablis avec coupe-feuille","description":"D\u00e9couvrez CILIO Tire-bouchon Chablis avec coupe-feuille sur ErresseShop. Qualit\u00e9, prix r\u00e9duits et achat s\u00e9curis\u00e9 \u2013 commandez d\u00e8s maintenant en ligne !","robots":{"index":"index","follow":"follow","max-snippet":"max-snippet:-1","max-image-preview":"max-image-preview:large","max-video-preview":"max-video-preview:-1"},"canonical":"https:\/\/www.erresse-shop.it\/fr\/shop\/table-fr-2\/vin\/cilio-tire-bouchon-chablis-avec-coupe-feuille\/","og_locale":"fr_FR","og_type":"article","og_title":"CILIO Tire-bouchon Chablis avec coupe-feuille","og_description":"D\u00e9couvrez CILIO Tire-bouchon Chablis avec coupe-feuille sur ErresseShop. Qualit\u00e9, prix r\u00e9duits et achat s\u00e9curis\u00e9 \u2013 commandez d\u00e8s maintenant en ligne !","og_url":"https:\/\/www.erresse-shop.it\/fr\/shop\/table-fr-2\/vin\/cilio-tire-bouchon-chablis-avec-coupe-feuille\/","og_site_name":"Erresse Shop","article_modified_time":"2025-01-14T17:33:43+00:00","og_image":[{"width":1200,"height":1200,"url":"https:\/\/www.erresse-shop.it\/wp-content\/uploads\/2024\/09\/CILIO-Cavatappi-Chablis-con-Tagliacapsule.jpg","type":"image\/jpeg"}],"twitter_card":"summary_large_image","schema":{"@context":"https:\/\/schema.org","@graph":[{"@type":"WebPage","@id":"https:\/\/www.erresse-shop.it\/fr\/shop\/table-fr-2\/vin\/cilio-tire-bouchon-chablis-avec-coupe-feuille\/","url":"https:\/\/www.erresse-shop.it\/fr\/shop\/table-fr-2\/vin\/cilio-tire-bouchon-chablis-avec-coupe-feuille\/","name":"CILIO Tire-bouchon Chablis avec coupe-feuille","isPartOf":{"@id":"https:\/\/www.erresse-shop.it\/fr\/#website"},"datePublished":"2024-09-18T14:18:02+00:00","dateModified":"2025-01-14T17:33:43+00:00","description":"D\u00e9couvrez CILIO Tire-bouchon Chablis avec coupe-feuille sur ErresseShop. Qualit\u00e9, prix r\u00e9duits et achat s\u00e9curis\u00e9 \u2013 commandez d\u00e8s maintenant en ligne !","breadcrumb":{"@id":"https:\/\/www.erresse-shop.it\/fr\/shop\/table-fr-2\/vin\/cilio-tire-bouchon-chablis-avec-coupe-feuille\/#breadcrumb"},"inLanguage":"fr-FR","potentialAction":[{"@type":"ReadAction","target":["https:\/\/www.erresse-shop.it\/fr\/shop\/table-fr-2\/vin\/cilio-tire-bouchon-chablis-avec-coupe-feuille\/"]}]},{"@type":"BreadcrumbList","@id":"https:\/\/www.erresse-shop.it\/fr\/shop\/table-fr-2\/vin\/cilio-tire-bouchon-chablis-avec-coupe-feuille\/#breadcrumb","itemListElement":[{"@type":"ListItem","position":1,"name":"Home","item":"https:\/\/www.erresse-shop.it\/fr\/"},{"@type":"ListItem","position":2,"name":"Shop","item":"https:\/\/www.erresse-shop.it\/fr\/shop\/"},{"@type":"ListItem","position":3,"name":"CILIO Tire-bouchon Chablis avec coupe-feuille"}]},{"@type":"WebSite","@id":"https:\/\/www.erresse-shop.it\/fr\/#website","url":"https:\/\/www.erresse-shop.it\/fr\/","name":"Erresse Shop","description":"Articoli di qualit\u00e0 per la casa","potentialAction":[{"@type":"SearchAction","target":{"@type":"EntryPoint","urlTemplate":"https:\/\/www.erresse-shop.it\/fr\/?s={search_term_string}"},"query-input":"required name=search_term_string"}],"inLanguage":"fr-FR"}]}},"df_price":39.95,"df_sale_price":39.95,"df_regular_price":45.99,"df_image_link":"https:\/\/www.erresse-shop.it\/wp-content\/uploads\/2024\/09\/CILIO-Cavatappi-Chablis-con-Tagliacapsule-300x300.jpg","_links":{"self":[{"href":"https:\/\/www.erresse-shop.it\/fr\/wp-json\/wp\/v2\/product\/431670"}],"collection":[{"href":"https:\/\/www.erresse-shop.it\/fr\/wp-json\/wp\/v2\/product"}],"about":[{"href":"https:\/\/www.erresse-shop.it\/fr\/wp-json\/wp\/v2\/types\/product"}],"wp:featuredmedia":[{"embeddable":true,"href":"https:\/\/www.erresse-shop.it\/fr\/wp-json\/wp\/v2\/media\/458929"}],"wp:attachment":[{"href":"https:\/\/www.erresse-shop.it\/fr\/wp-json\/wp\/v2\/media?parent=431670"}],"wp:term":[{"taxonomy":"product_cat","embeddable":true,"href":"https:\/\/www.erresse-shop.it\/fr\/wp-json\/wp\/v2\/product_cat?post=431670"},{"taxonomy":"product_tag","embeddable":true,"href":"https:\/\/www.erresse-shop.it\/fr\/wp-json\/wp\/v2\/product_tag?post=431670"}],"curies":[{"name":"wp","href":"https:\/\/api.w.org\/{rel}","templated":true}]}}