{"id":431658,"date":"2024-09-18T14:04:19","date_gmt":"2024-09-18T14:04:20","guid":{"rendered":"https:\/\/www.erresse-shop.it\/?post_type=product&#038;p=431658"},"modified":"2025-01-14T17:33:44","modified_gmt":"2025-01-14T17:33:44","slug":"cilio-tire-bouchon-lafite","status":"publish","type":"product","link":"https:\/\/www.erresse-shop.it\/fr\/shop\/table-fr-2\/vin\/cilio-tire-bouchon-lafite\/","title":{"rendered":"CILIO Tire-bouchon Lafite"},"content":{"rendered":"<p>Tire-bouchon automatique en acier chrom\u00e9 poli de CIlio. Spirale de haute qualit\u00e9. L&#8217;emballage comprend une spirale de rechange et un coupe-capsule en acier. Le produit est vraiment bien fait et tr\u00e8s facile \u00e0 utiliser. L&#8217;ensemble est pr\u00e9sent\u00e9 dans une belle bo\u00eete cadeau.<\/p>\n<ul>\n<li>Mat\u00e9riau : Acier inoxydable<\/li>\n<li>Dimensions : 19&#215;13,5 cm<\/li>\n<\/ul>\n<p>La soci\u00e9t\u00e9 Cilio a \u00e9t\u00e9 fond\u00e9e en 1993 \u00e0 Solingen, o\u00f9 elle est toujours \u00e9tablie aujourd&#8217;hui. Depuis le d\u00e9but, Cilio attache une grande importance \u00e0 la combinaison de mat\u00e9riaux de haute qualit\u00e9, d&#8217;un design distinctif, d&#8217;un excellent savoir-faire artisanal et industriel et d&#8217;une utilit\u00e9 parfaite. Cette philosophie s&#8217;applique \u00e0 tous les secteurs.<\/p>\n","protected":false},"excerpt":{"rendered":"<p>Tire-bouchon automatique en acier chrom\u00e9 poli de CIlio. Spirale de haute qualit\u00e9. L&#8217;emballage comprend une spirale de rechange et un<\/p>\n","protected":false},"featured_media":456731,"template":"","meta":{"_acf_changed":false,"inline_featured_image":false},"product_cat":[12782,14463,12754],"product_tag":[25026,25021,13065],"acf":[],"yoast_head":"<!-- This site is optimized with the Yoast SEO Premium plugin v18.6 (Yoast SEO v19.13) - https:\/\/yoast.com\/wordpress\/plugins\/seo\/ -->\n<title>CILIO Tire-bouchon Lafite<\/title>\n<meta name=\"description\" content=\"D\u00e9couvrez CILIO Tire-bouchon Lafite sur ErresseShop. Qualit\u00e9, prix r\u00e9duits et achat s\u00e9curis\u00e9 \u2013 commandez d\u00e8s maintenant en ligne !\" \/>\n<meta name=\"robots\" content=\"index, follow, max-snippet:-1, max-image-preview:large, max-video-preview:-1\" \/>\n<link rel=\"canonical\" href=\"https:\/\/www.erresse-shop.it\/fr\/shop\/table-fr-2\/vin\/cilio-tire-bouchon-lafite\/\" \/>\n<meta property=\"og:locale\" content=\"fr_FR\" \/>\n<meta property=\"og:type\" content=\"article\" \/>\n<meta property=\"og:title\" content=\"CILIO Tire-bouchon Lafite\" \/>\n<meta property=\"og:description\" content=\"D\u00e9couvrez CILIO Tire-bouchon Lafite sur ErresseShop. Qualit\u00e9, prix r\u00e9duits et achat s\u00e9curis\u00e9 \u2013 commandez d\u00e8s maintenant en ligne !\" \/>\n<meta property=\"og:url\" content=\"https:\/\/www.erresse-shop.it\/fr\/shop\/table-fr-2\/vin\/cilio-tire-bouchon-lafite\/\" \/>\n<meta property=\"og:site_name\" content=\"Erresse Shop\" \/>\n<meta property=\"article:modified_time\" content=\"2025-01-14T17:33:44+00:00\" \/>\n<meta property=\"og:image\" content=\"https:\/\/www.erresse-shop.it\/wp-content\/uploads\/2024\/09\/CILIO-Cavatappi-Lafite.jpg\" \/>\n\t<meta property=\"og:image:width\" content=\"1200\" \/>\n\t<meta property=\"og:image:height\" content=\"1200\" \/>\n\t<meta property=\"og:image:type\" content=\"image\/jpeg\" \/>\n<meta name=\"twitter:card\" content=\"summary_large_image\" \/>\n<script type=\"application\/ld+json\" class=\"yoast-schema-graph\">{\"@context\":\"https:\/\/schema.org\",\"@graph\":[{\"@type\":\"WebPage\",\"@id\":\"https:\/\/www.erresse-shop.it\/fr\/shop\/table-fr-2\/vin\/cilio-tire-bouchon-lafite\/\",\"url\":\"https:\/\/www.erresse-shop.it\/fr\/shop\/table-fr-2\/vin\/cilio-tire-bouchon-lafite\/\",\"name\":\"CILIO Tire-bouchon Lafite\",\"isPartOf\":{\"@id\":\"https:\/\/www.erresse-shop.it\/fr\/#website\"},\"datePublished\":\"2024-09-18T14:04:20+00:00\",\"dateModified\":\"2025-01-14T17:33:44+00:00\",\"description\":\"D\u00e9couvrez CILIO Tire-bouchon Lafite sur ErresseShop. Qualit\u00e9, prix r\u00e9duits et achat s\u00e9curis\u00e9 \u2013 commandez d\u00e8s maintenant en ligne !\",\"breadcrumb\":{\"@id\":\"https:\/\/www.erresse-shop.it\/fr\/shop\/table-fr-2\/vin\/cilio-tire-bouchon-lafite\/#breadcrumb\"},\"inLanguage\":\"fr-FR\",\"potentialAction\":[{\"@type\":\"ReadAction\",\"target\":[\"https:\/\/www.erresse-shop.it\/fr\/shop\/table-fr-2\/vin\/cilio-tire-bouchon-lafite\/\"]}]},{\"@type\":\"BreadcrumbList\",\"@id\":\"https:\/\/www.erresse-shop.it\/fr\/shop\/table-fr-2\/vin\/cilio-tire-bouchon-lafite\/#breadcrumb\",\"itemListElement\":[{\"@type\":\"ListItem\",\"position\":1,\"name\":\"Home\",\"item\":\"https:\/\/www.erresse-shop.it\/fr\/\"},{\"@type\":\"ListItem\",\"position\":2,\"name\":\"Shop\",\"item\":\"https:\/\/www.erresse-shop.it\/fr\/shop\/\"},{\"@type\":\"ListItem\",\"position\":3,\"name\":\"CILIO Tire-bouchon Lafite\"}]},{\"@type\":\"WebSite\",\"@id\":\"https:\/\/www.erresse-shop.it\/fr\/#website\",\"url\":\"https:\/\/www.erresse-shop.it\/fr\/\",\"name\":\"Erresse Shop\",\"description\":\"Articoli di qualit\u00e0 per la casa\",\"potentialAction\":[{\"@type\":\"SearchAction\",\"target\":{\"@type\":\"EntryPoint\",\"urlTemplate\":\"https:\/\/www.erresse-shop.it\/fr\/?s={search_term_string}\"},\"query-input\":\"required name=search_term_string\"}],\"inLanguage\":\"fr-FR\"}]}<\/script>\n<!-- \/ Yoast SEO Premium plugin. -->","yoast_head_json":{"title":"CILIO Tire-bouchon Lafite","description":"D\u00e9couvrez CILIO Tire-bouchon Lafite sur ErresseShop. Qualit\u00e9, prix r\u00e9duits et achat s\u00e9curis\u00e9 \u2013 commandez d\u00e8s maintenant en ligne !","robots":{"index":"index","follow":"follow","max-snippet":"max-snippet:-1","max-image-preview":"max-image-preview:large","max-video-preview":"max-video-preview:-1"},"canonical":"https:\/\/www.erresse-shop.it\/fr\/shop\/table-fr-2\/vin\/cilio-tire-bouchon-lafite\/","og_locale":"fr_FR","og_type":"article","og_title":"CILIO Tire-bouchon Lafite","og_description":"D\u00e9couvrez CILIO Tire-bouchon Lafite sur ErresseShop. Qualit\u00e9, prix r\u00e9duits et achat s\u00e9curis\u00e9 \u2013 commandez d\u00e8s maintenant en ligne !","og_url":"https:\/\/www.erresse-shop.it\/fr\/shop\/table-fr-2\/vin\/cilio-tire-bouchon-lafite\/","og_site_name":"Erresse Shop","article_modified_time":"2025-01-14T17:33:44+00:00","og_image":[{"width":1200,"height":1200,"url":"https:\/\/www.erresse-shop.it\/wp-content\/uploads\/2024\/09\/CILIO-Cavatappi-Lafite.jpg","type":"image\/jpeg"}],"twitter_card":"summary_large_image","schema":{"@context":"https:\/\/schema.org","@graph":[{"@type":"WebPage","@id":"https:\/\/www.erresse-shop.it\/fr\/shop\/table-fr-2\/vin\/cilio-tire-bouchon-lafite\/","url":"https:\/\/www.erresse-shop.it\/fr\/shop\/table-fr-2\/vin\/cilio-tire-bouchon-lafite\/","name":"CILIO Tire-bouchon Lafite","isPartOf":{"@id":"https:\/\/www.erresse-shop.it\/fr\/#website"},"datePublished":"2024-09-18T14:04:20+00:00","dateModified":"2025-01-14T17:33:44+00:00","description":"D\u00e9couvrez CILIO Tire-bouchon Lafite sur ErresseShop. Qualit\u00e9, prix r\u00e9duits et achat s\u00e9curis\u00e9 \u2013 commandez d\u00e8s maintenant en ligne !","breadcrumb":{"@id":"https:\/\/www.erresse-shop.it\/fr\/shop\/table-fr-2\/vin\/cilio-tire-bouchon-lafite\/#breadcrumb"},"inLanguage":"fr-FR","potentialAction":[{"@type":"ReadAction","target":["https:\/\/www.erresse-shop.it\/fr\/shop\/table-fr-2\/vin\/cilio-tire-bouchon-lafite\/"]}]},{"@type":"BreadcrumbList","@id":"https:\/\/www.erresse-shop.it\/fr\/shop\/table-fr-2\/vin\/cilio-tire-bouchon-lafite\/#breadcrumb","itemListElement":[{"@type":"ListItem","position":1,"name":"Home","item":"https:\/\/www.erresse-shop.it\/fr\/"},{"@type":"ListItem","position":2,"name":"Shop","item":"https:\/\/www.erresse-shop.it\/fr\/shop\/"},{"@type":"ListItem","position":3,"name":"CILIO Tire-bouchon Lafite"}]},{"@type":"WebSite","@id":"https:\/\/www.erresse-shop.it\/fr\/#website","url":"https:\/\/www.erresse-shop.it\/fr\/","name":"Erresse Shop","description":"Articoli di qualit\u00e0 per la casa","potentialAction":[{"@type":"SearchAction","target":{"@type":"EntryPoint","urlTemplate":"https:\/\/www.erresse-shop.it\/fr\/?s={search_term_string}"},"query-input":"required name=search_term_string"}],"inLanguage":"fr-FR"}]}},"df_price":56.95,"df_sale_price":56.95,"df_regular_price":85,"df_image_link":"https:\/\/www.erresse-shop.it\/wp-content\/uploads\/2024\/09\/CILIO-Cavatappi-Lafite-300x300.jpg","_links":{"self":[{"href":"https:\/\/www.erresse-shop.it\/fr\/wp-json\/wp\/v2\/product\/431658"}],"collection":[{"href":"https:\/\/www.erresse-shop.it\/fr\/wp-json\/wp\/v2\/product"}],"about":[{"href":"https:\/\/www.erresse-shop.it\/fr\/wp-json\/wp\/v2\/types\/product"}],"wp:featuredmedia":[{"embeddable":true,"href":"https:\/\/www.erresse-shop.it\/fr\/wp-json\/wp\/v2\/media\/456731"}],"wp:attachment":[{"href":"https:\/\/www.erresse-shop.it\/fr\/wp-json\/wp\/v2\/media?parent=431658"}],"wp:term":[{"taxonomy":"product_cat","embeddable":true,"href":"https:\/\/www.erresse-shop.it\/fr\/wp-json\/wp\/v2\/product_cat?post=431658"},{"taxonomy":"product_tag","embeddable":true,"href":"https:\/\/www.erresse-shop.it\/fr\/wp-json\/wp\/v2\/product_tag?post=431658"}],"curies":[{"name":"wp","href":"https:\/\/api.w.org\/{rel}","templated":true}]}}