{"id":430012,"date":"2024-09-03T12:29:43","date_gmt":"2024-09-03T12:29:45","guid":{"rendered":"https:\/\/www.erresse-shop.it\/?post_type=product&#038;p=430012"},"modified":"2024-10-28T11:10:20","modified_gmt":"2024-10-28T11:10:20","slug":"joseph-joseph-space-poele-a-frire-antiadhesive-avec-poignee-pliante-20-cm-bleu","status":"publish","type":"product","link":"https:\/\/www.erresse-shop.it\/fr\/shop\/poeles-pots\/poeles\/joseph-joseph-space-poele-a-frire-antiadhesive-avec-poignee-pliante-20-cm-bleu\/","title":{"rendered":"JOSEPH JOSEPH Space Po\u00eale \u00e0 frire antiadh\u00e9sive avec poign\u00e9e pliante 20 cm Bleu"},"content":{"rendered":"<p>Toutes les casseroles ne sont pas les m\u00eames. Voici Space, notre gamme r\u00e9volutionnaire d&#8217;ustensiles de cuisine de qualit\u00e9 professionnelle, finie dans la couleur premium Midnight Blue.<\/p>\n<ul>\n<li>Les poign\u00e9es pliantes en acier inoxydable sont dot\u00e9es de la technologie SwingLock\u2122, test\u00e9e pendant 20 ans.<\/li>\n<li>Elle permet d&#8217;\u00e9conomiser jusqu&#8217;\u00e0 50 % d&#8217;espace suppl\u00e9mentaire par rapport aux casseroles standard.<\/li>\n<li>Corps en aluminium \u00e9pais de qualit\u00e9 professionnelle, r\u00e9sistant au four jusqu&#8217;\u00e0 232\u00baC\/450\u00baF.<\/li>\n<li>Rev\u00eatement c\u00e9ramique antiadh\u00e9sif non toxique, sans PTFE, PFAS, PFOA, plomb ni cadmium.<\/li>\n<li>Convient \u00e0 toutes les plaques de cuisson, y compris l&#8217;induction.<\/li>\n<li>Po\u00eale de 20 cm id\u00e9ale pour frire, saisir et sauter.<\/li>\n<\/ul>\n<p><strong>Entretien et utilisation :<\/strong><\/p>\n<ul>\n<li>Peut \u00eatre lav\u00e9e au lave-vaisselle, mais il est recommand\u00e9 de la laver \u00e0 la main pour prolonger sa dur\u00e9e de vie.<\/li>\n<li>Convient pour le four jusqu&#8217;\u00e0 232\u02daC (450\u02daF), Gas Mark 8.<\/li>\n<\/ul>\n<p><strong>Dimensions :<\/strong><\/p>\n<p>Enti\u00e8rement d\u00e9pli\u00e9e : H8,63 x L39 x P20,8 cm (H3,4 x L15,4 x P8,19 pouces).<\/p>\n<p>Enti\u00e8rement pli\u00e9 : H5.9 x W23.1 x D20.8 cm (H2.3 x L9.1 x D8.19 pouces)<\/p>\n","protected":false},"excerpt":{"rendered":"<p>Toutes les casseroles ne sont pas les m\u00eames. Voici Space, notre gamme r\u00e9volutionnaire d&#8217;ustensiles de cuisine de qualit\u00e9 professionnelle, finie<\/p>\n","protected":false},"featured_media":502641,"template":"","meta":{"_acf_changed":false,"inline_featured_image":false},"product_cat":[12458,14802],"product_tag":[25026,25021,13178],"acf":[],"yoast_head":"<!-- This site is optimized with the Yoast SEO Premium plugin v18.6 (Yoast SEO v19.13) - https:\/\/yoast.com\/wordpress\/plugins\/seo\/ -->\n<title>JOSEPH JOSEPH Space Po\u00eale \u00e0 frire antiadh\u00e9sive avec poign\u00e9e pliante 20 cm Bleu - Erresse Shop<\/title>\n<meta name=\"description\" content=\"Toutes les casseroles ne sont pas les m\u00eames. Voici Space, notre gamme r\u00e9volutionnaire d&#039;ustensiles de cuisine de qualit\u00e9 professionnelle, finie dans la\" \/>\n<meta name=\"robots\" content=\"index, follow, max-snippet:-1, max-image-preview:large, max-video-preview:-1\" \/>\n<link rel=\"canonical\" href=\"https:\/\/www.erresse-shop.it\/fr\/shop\/poeles-pots\/poeles\/joseph-joseph-space-poele-a-frire-antiadhesive-avec-poignee-pliante-20-cm-bleu\/\" \/>\n<meta property=\"og:locale\" content=\"fr_FR\" \/>\n<meta property=\"og:type\" content=\"article\" \/>\n<meta property=\"og:title\" content=\"JOSEPH JOSEPH Space Po\u00eale \u00e0 frire antiadh\u00e9sive avec poign\u00e9e pliante 20 cm Bleu\" \/>\n<meta property=\"og:description\" content=\"Toutes les casseroles ne sont pas les m\u00eames. Voici Space, notre gamme r\u00e9volutionnaire d&#039;ustensiles de cuisine de qualit\u00e9 professionnelle, finie dans la\" \/>\n<meta property=\"og:url\" content=\"https:\/\/www.erresse-shop.it\/fr\/shop\/poeles-pots\/poeles\/joseph-joseph-space-poele-a-frire-antiadhesive-avec-poignee-pliante-20-cm-bleu\/\" \/>\n<meta property=\"og:site_name\" content=\"Erresse Shop\" \/>\n<meta property=\"article:modified_time\" content=\"2024-10-28T11:10:20+00:00\" \/>\n<meta property=\"og:image\" content=\"https:\/\/www.erresse-shop.it\/wp-content\/uploads\/2024\/09\/JOSEPH-JOSEPH-Space-Padella-Antiaderente-con-Manico-Pieghevole-20-cm-Blu.jpg\" \/>\n\t<meta property=\"og:image:width\" content=\"1200\" \/>\n\t<meta property=\"og:image:height\" content=\"1200\" \/>\n\t<meta property=\"og:image:type\" content=\"image\/jpeg\" \/>\n<meta name=\"twitter:card\" content=\"summary_large_image\" \/>\n<script type=\"application\/ld+json\" class=\"yoast-schema-graph\">{\"@context\":\"https:\/\/schema.org\",\"@graph\":[{\"@type\":\"WebPage\",\"@id\":\"https:\/\/www.erresse-shop.it\/fr\/shop\/poeles-pots\/poeles\/joseph-joseph-space-poele-a-frire-antiadhesive-avec-poignee-pliante-20-cm-bleu\/\",\"url\":\"https:\/\/www.erresse-shop.it\/fr\/shop\/poeles-pots\/poeles\/joseph-joseph-space-poele-a-frire-antiadhesive-avec-poignee-pliante-20-cm-bleu\/\",\"name\":\"JOSEPH JOSEPH Space Po\u00eale \u00e0 frire antiadh\u00e9sive avec poign\u00e9e pliante 20 cm Bleu - Erresse Shop\",\"isPartOf\":{\"@id\":\"https:\/\/www.erresse-shop.it\/fr\/#website\"},\"datePublished\":\"2024-09-03T12:29:45+00:00\",\"dateModified\":\"2024-10-28T11:10:20+00:00\",\"description\":\"Toutes les casseroles ne sont pas les m\u00eames. Voici Space, notre gamme r\u00e9volutionnaire d'ustensiles de cuisine de qualit\u00e9 professionnelle, finie dans la\",\"breadcrumb\":{\"@id\":\"https:\/\/www.erresse-shop.it\/fr\/shop\/poeles-pots\/poeles\/joseph-joseph-space-poele-a-frire-antiadhesive-avec-poignee-pliante-20-cm-bleu\/#breadcrumb\"},\"inLanguage\":\"fr-FR\",\"potentialAction\":[{\"@type\":\"ReadAction\",\"target\":[\"https:\/\/www.erresse-shop.it\/fr\/shop\/poeles-pots\/poeles\/joseph-joseph-space-poele-a-frire-antiadhesive-avec-poignee-pliante-20-cm-bleu\/\"]}]},{\"@type\":\"BreadcrumbList\",\"@id\":\"https:\/\/www.erresse-shop.it\/fr\/shop\/poeles-pots\/poeles\/joseph-joseph-space-poele-a-frire-antiadhesive-avec-poignee-pliante-20-cm-bleu\/#breadcrumb\",\"itemListElement\":[{\"@type\":\"ListItem\",\"position\":1,\"name\":\"Home\",\"item\":\"https:\/\/www.erresse-shop.it\/fr\/\"},{\"@type\":\"ListItem\",\"position\":2,\"name\":\"Shop\",\"item\":\"https:\/\/www.erresse-shop.it\/fr\/shop\/\"},{\"@type\":\"ListItem\",\"position\":3,\"name\":\"JOSEPH JOSEPH Space Po\u00eale \u00e0 frire antiadh\u00e9sive avec poign\u00e9e pliante 20 cm Bleu\"}]},{\"@type\":\"WebSite\",\"@id\":\"https:\/\/www.erresse-shop.it\/fr\/#website\",\"url\":\"https:\/\/www.erresse-shop.it\/fr\/\",\"name\":\"Erresse Shop\",\"description\":\"Articoli di qualit\u00e0 per la casa\",\"potentialAction\":[{\"@type\":\"SearchAction\",\"target\":{\"@type\":\"EntryPoint\",\"urlTemplate\":\"https:\/\/www.erresse-shop.it\/fr\/?s={search_term_string}\"},\"query-input\":\"required name=search_term_string\"}],\"inLanguage\":\"fr-FR\"}]}<\/script>\n<!-- \/ Yoast SEO Premium plugin. -->","yoast_head_json":{"title":"JOSEPH JOSEPH Space Po\u00eale \u00e0 frire antiadh\u00e9sive avec poign\u00e9e pliante 20 cm Bleu - Erresse Shop","description":"Toutes les casseroles ne sont pas les m\u00eames. Voici Space, notre gamme r\u00e9volutionnaire d'ustensiles de cuisine de qualit\u00e9 professionnelle, finie dans la","robots":{"index":"index","follow":"follow","max-snippet":"max-snippet:-1","max-image-preview":"max-image-preview:large","max-video-preview":"max-video-preview:-1"},"canonical":"https:\/\/www.erresse-shop.it\/fr\/shop\/poeles-pots\/poeles\/joseph-joseph-space-poele-a-frire-antiadhesive-avec-poignee-pliante-20-cm-bleu\/","og_locale":"fr_FR","og_type":"article","og_title":"JOSEPH JOSEPH Space Po\u00eale \u00e0 frire antiadh\u00e9sive avec poign\u00e9e pliante 20 cm Bleu","og_description":"Toutes les casseroles ne sont pas les m\u00eames. Voici Space, notre gamme r\u00e9volutionnaire d'ustensiles de cuisine de qualit\u00e9 professionnelle, finie dans la","og_url":"https:\/\/www.erresse-shop.it\/fr\/shop\/poeles-pots\/poeles\/joseph-joseph-space-poele-a-frire-antiadhesive-avec-poignee-pliante-20-cm-bleu\/","og_site_name":"Erresse Shop","article_modified_time":"2024-10-28T11:10:20+00:00","og_image":[{"width":1200,"height":1200,"url":"https:\/\/www.erresse-shop.it\/wp-content\/uploads\/2024\/09\/JOSEPH-JOSEPH-Space-Padella-Antiaderente-con-Manico-Pieghevole-20-cm-Blu.jpg","type":"image\/jpeg"}],"twitter_card":"summary_large_image","schema":{"@context":"https:\/\/schema.org","@graph":[{"@type":"WebPage","@id":"https:\/\/www.erresse-shop.it\/fr\/shop\/poeles-pots\/poeles\/joseph-joseph-space-poele-a-frire-antiadhesive-avec-poignee-pliante-20-cm-bleu\/","url":"https:\/\/www.erresse-shop.it\/fr\/shop\/poeles-pots\/poeles\/joseph-joseph-space-poele-a-frire-antiadhesive-avec-poignee-pliante-20-cm-bleu\/","name":"JOSEPH JOSEPH Space Po\u00eale \u00e0 frire antiadh\u00e9sive avec poign\u00e9e pliante 20 cm Bleu - Erresse Shop","isPartOf":{"@id":"https:\/\/www.erresse-shop.it\/fr\/#website"},"datePublished":"2024-09-03T12:29:45+00:00","dateModified":"2024-10-28T11:10:20+00:00","description":"Toutes les casseroles ne sont pas les m\u00eames. Voici Space, notre gamme r\u00e9volutionnaire d'ustensiles de cuisine de qualit\u00e9 professionnelle, finie dans la","breadcrumb":{"@id":"https:\/\/www.erresse-shop.it\/fr\/shop\/poeles-pots\/poeles\/joseph-joseph-space-poele-a-frire-antiadhesive-avec-poignee-pliante-20-cm-bleu\/#breadcrumb"},"inLanguage":"fr-FR","potentialAction":[{"@type":"ReadAction","target":["https:\/\/www.erresse-shop.it\/fr\/shop\/poeles-pots\/poeles\/joseph-joseph-space-poele-a-frire-antiadhesive-avec-poignee-pliante-20-cm-bleu\/"]}]},{"@type":"BreadcrumbList","@id":"https:\/\/www.erresse-shop.it\/fr\/shop\/poeles-pots\/poeles\/joseph-joseph-space-poele-a-frire-antiadhesive-avec-poignee-pliante-20-cm-bleu\/#breadcrumb","itemListElement":[{"@type":"ListItem","position":1,"name":"Home","item":"https:\/\/www.erresse-shop.it\/fr\/"},{"@type":"ListItem","position":2,"name":"Shop","item":"https:\/\/www.erresse-shop.it\/fr\/shop\/"},{"@type":"ListItem","position":3,"name":"JOSEPH JOSEPH Space Po\u00eale \u00e0 frire antiadh\u00e9sive avec poign\u00e9e pliante 20 cm Bleu"}]},{"@type":"WebSite","@id":"https:\/\/www.erresse-shop.it\/fr\/#website","url":"https:\/\/www.erresse-shop.it\/fr\/","name":"Erresse Shop","description":"Articoli di qualit\u00e0 per la casa","potentialAction":[{"@type":"SearchAction","target":{"@type":"EntryPoint","urlTemplate":"https:\/\/www.erresse-shop.it\/fr\/?s={search_term_string}"},"query-input":"required name=search_term_string"}],"inLanguage":"fr-FR"}]}},"df_price":47.495,"df_sale_price":47.495,"df_regular_price":94.99,"df_image_link":"https:\/\/www.erresse-shop.it\/wp-content\/uploads\/2024\/09\/JOSEPH-JOSEPH-Space-Padella-Antiaderente-con-Manico-Pieghevole-20-cm-Blu-300x300.jpg","_links":{"self":[{"href":"https:\/\/www.erresse-shop.it\/fr\/wp-json\/wp\/v2\/product\/430012"}],"collection":[{"href":"https:\/\/www.erresse-shop.it\/fr\/wp-json\/wp\/v2\/product"}],"about":[{"href":"https:\/\/www.erresse-shop.it\/fr\/wp-json\/wp\/v2\/types\/product"}],"wp:featuredmedia":[{"embeddable":true,"href":"https:\/\/www.erresse-shop.it\/fr\/wp-json\/wp\/v2\/media\/502641"}],"wp:attachment":[{"href":"https:\/\/www.erresse-shop.it\/fr\/wp-json\/wp\/v2\/media?parent=430012"}],"wp:term":[{"taxonomy":"product_cat","embeddable":true,"href":"https:\/\/www.erresse-shop.it\/fr\/wp-json\/wp\/v2\/product_cat?post=430012"},{"taxonomy":"product_tag","embeddable":true,"href":"https:\/\/www.erresse-shop.it\/fr\/wp-json\/wp\/v2\/product_tag?post=430012"}],"curies":[{"name":"wp","href":"https:\/\/api.w.org\/{rel}","templated":true}]}}