{"id":429957,"date":"2024-09-03T09:59:22","date_gmt":"2024-09-03T09:59:25","guid":{"rendered":"https:\/\/www.erresse-shop.it\/?post_type=product&#038;p=429957"},"modified":"2024-10-28T11:12:36","modified_gmt":"2024-10-28T11:12:36","slug":"joseph-joseph-space-casserole-antiadhesive-avec-poignee-pliante-19-cm-bleu","status":"publish","type":"product","link":"https:\/\/www.erresse-shop.it\/fr\/shop\/poeles-pots\/casseroles\/joseph-joseph-space-casserole-antiadhesive-avec-poignee-pliante-19-cm-bleu\/","title":{"rendered":"JOSEPH JOSEPH Space Casserole antiadh\u00e9sive avec poign\u00e9e pliante 19 cm Bleu"},"content":{"rendered":"<p>Tous les ustensiles de cuisine ne se valent pas. Voici Space, notre gamme r\u00e9volutionnaire d&#8217;ustensiles de cuisine de qualit\u00e9 professionnelle, finis dans la couleur haut de gamme Midnight Blue.<\/p>\n<ul>\n<li>Les poign\u00e9es pliantes en acier inoxydable sont dot\u00e9es de la technologie SwingLock\u2122, test\u00e9e pendant 20 ans.<\/li>\n<li>Elle permet d&#8217;\u00e9conomiser jusqu&#8217;\u00e0 50 % d&#8217;espace suppl\u00e9mentaire par rapport aux casseroles standard.<\/li>\n<li>Corps en aluminium \u00e9pais de qualit\u00e9 professionnelle, r\u00e9sistant au four jusqu&#8217;\u00e0 232\u00baC\/450\u00baF.<\/li>\n<li>Rev\u00eatement c\u00e9ramique antiadh\u00e9sif non toxique, sans PTFE, PFAS, PFOA, plomb ni cadmium.<\/li>\n<li>Convient \u00e0 toutes les plaques de cuisson, y compris l&#8217;induction.<\/li>\n<li>Livr\u00e9 avec un couvercle en verre tremp\u00e9 et une poign\u00e9e pliante en acier inoxydable.<\/li>\n<li>Cocotte de 19 cm id\u00e9ale pour mijoter, faire mijoter et pr\u00e9parer des sauces.<\/li>\n<\/ul>\n<p><strong>Entretien et utilisation :<\/strong><\/p>\n<ul>\n<li>La casserole peut \u00eatre lav\u00e9e au lave-vaisselle, mais il est recommand\u00e9 de la laver \u00e0 la main pour prolonger sa dur\u00e9e de vie.<\/li>\n<li>La casserole peut \u00eatre mise au four jusqu&#8217;\u00e0 232\u02daC (450\u02daF), thermostat 8.<\/li>\n<li>Le couvercle peut \u00eatre mis au four jusqu&#8217;\u00e0 200\u02daC (392\u02daF), niveau de gaz 6.<\/li>\n<\/ul>\n<p><strong>Dimensions :<\/strong><\/p>\n<p>Enti\u00e8rement d\u00e9pli\u00e9e (avec couvercle) : H17.2 x L38 x P19.8 cm (H6.77 x L14.96 x P7.8 pouces)<\/p>\n<p>Enti\u00e8rement pli\u00e9 (sans couvercle) : H13.2 x W22.1 x D19.8 cm (H5.2 x W8.7 x D7.8 inches)<\/p>\n","protected":false},"excerpt":{"rendered":"<p>Tous les ustensiles de cuisine ne se valent pas. Voici Space, notre gamme r\u00e9volutionnaire d&#8217;ustensiles de cuisine de qualit\u00e9 professionnelle,<\/p>\n","protected":false},"featured_media":460829,"template":"","meta":{"_acf_changed":false,"inline_featured_image":false},"product_cat":[12458,14777],"product_tag":[25026,25021,12465],"acf":[],"yoast_head":"<!-- This site is optimized with the Yoast SEO Premium plugin v18.6 (Yoast SEO v19.13) - https:\/\/yoast.com\/wordpress\/plugins\/seo\/ -->\n<title>JOSEPH JOSEPH Space Casserole antiadh\u00e9sive avec poign\u00e9e pliante 19 cm Bleu - Erresse Shop<\/title>\n<meta name=\"description\" content=\"Tous les ustensiles de cuisine ne se valent pas. Voici Space, notre gamme r\u00e9volutionnaire d&#039;ustensiles de cuisine de qualit\u00e9 professionnelle, finis dans\" \/>\n<meta name=\"robots\" content=\"index, follow, max-snippet:-1, max-image-preview:large, max-video-preview:-1\" \/>\n<link rel=\"canonical\" href=\"https:\/\/www.erresse-shop.it\/fr\/shop\/poeles-pots\/casseroles\/joseph-joseph-space-casserole-antiadhesive-avec-poignee-pliante-19-cm-bleu\/\" \/>\n<meta property=\"og:locale\" content=\"fr_FR\" \/>\n<meta property=\"og:type\" content=\"article\" \/>\n<meta property=\"og:title\" content=\"JOSEPH JOSEPH Space Casserole antiadh\u00e9sive avec poign\u00e9e pliante 19 cm Bleu\" \/>\n<meta property=\"og:description\" content=\"Tous les ustensiles de cuisine ne se valent pas. Voici Space, notre gamme r\u00e9volutionnaire d&#039;ustensiles de cuisine de qualit\u00e9 professionnelle, finis dans\" \/>\n<meta property=\"og:url\" content=\"https:\/\/www.erresse-shop.it\/fr\/shop\/poeles-pots\/casseroles\/joseph-joseph-space-casserole-antiadhesive-avec-poignee-pliante-19-cm-bleu\/\" \/>\n<meta property=\"og:site_name\" content=\"Erresse Shop\" \/>\n<meta property=\"article:modified_time\" content=\"2024-10-28T11:12:36+00:00\" \/>\n<meta property=\"og:image\" content=\"https:\/\/www.erresse-shop.it\/wp-content\/uploads\/2024\/09\/JOSEPH-JOSEPH-Space-Casseruola-Antiaderente-con-Manico-Pieghevole-19-cm-Blu.png\" \/>\n\t<meta property=\"og:image:width\" content=\"800\" \/>\n\t<meta property=\"og:image:height\" content=\"800\" \/>\n\t<meta property=\"og:image:type\" content=\"image\/png\" \/>\n<meta name=\"twitter:card\" content=\"summary_large_image\" \/>\n<script type=\"application\/ld+json\" class=\"yoast-schema-graph\">{\"@context\":\"https:\/\/schema.org\",\"@graph\":[{\"@type\":\"WebPage\",\"@id\":\"https:\/\/www.erresse-shop.it\/fr\/shop\/poeles-pots\/casseroles\/joseph-joseph-space-casserole-antiadhesive-avec-poignee-pliante-19-cm-bleu\/\",\"url\":\"https:\/\/www.erresse-shop.it\/fr\/shop\/poeles-pots\/casseroles\/joseph-joseph-space-casserole-antiadhesive-avec-poignee-pliante-19-cm-bleu\/\",\"name\":\"JOSEPH JOSEPH Space Casserole antiadh\u00e9sive avec poign\u00e9e pliante 19 cm Bleu - Erresse Shop\",\"isPartOf\":{\"@id\":\"https:\/\/www.erresse-shop.it\/fr\/#website\"},\"datePublished\":\"2024-09-03T09:59:25+00:00\",\"dateModified\":\"2024-10-28T11:12:36+00:00\",\"description\":\"Tous les ustensiles de cuisine ne se valent pas. Voici Space, notre gamme r\u00e9volutionnaire d'ustensiles de cuisine de qualit\u00e9 professionnelle, finis dans\",\"breadcrumb\":{\"@id\":\"https:\/\/www.erresse-shop.it\/fr\/shop\/poeles-pots\/casseroles\/joseph-joseph-space-casserole-antiadhesive-avec-poignee-pliante-19-cm-bleu\/#breadcrumb\"},\"inLanguage\":\"fr-FR\",\"potentialAction\":[{\"@type\":\"ReadAction\",\"target\":[\"https:\/\/www.erresse-shop.it\/fr\/shop\/poeles-pots\/casseroles\/joseph-joseph-space-casserole-antiadhesive-avec-poignee-pliante-19-cm-bleu\/\"]}]},{\"@type\":\"BreadcrumbList\",\"@id\":\"https:\/\/www.erresse-shop.it\/fr\/shop\/poeles-pots\/casseroles\/joseph-joseph-space-casserole-antiadhesive-avec-poignee-pliante-19-cm-bleu\/#breadcrumb\",\"itemListElement\":[{\"@type\":\"ListItem\",\"position\":1,\"name\":\"Home\",\"item\":\"https:\/\/www.erresse-shop.it\/fr\/\"},{\"@type\":\"ListItem\",\"position\":2,\"name\":\"Shop\",\"item\":\"https:\/\/www.erresse-shop.it\/fr\/shop\/\"},{\"@type\":\"ListItem\",\"position\":3,\"name\":\"JOSEPH JOSEPH Space Casserole antiadh\u00e9sive avec poign\u00e9e pliante 19 cm Bleu\"}]},{\"@type\":\"WebSite\",\"@id\":\"https:\/\/www.erresse-shop.it\/fr\/#website\",\"url\":\"https:\/\/www.erresse-shop.it\/fr\/\",\"name\":\"Erresse Shop\",\"description\":\"Articoli di qualit\u00e0 per la casa\",\"potentialAction\":[{\"@type\":\"SearchAction\",\"target\":{\"@type\":\"EntryPoint\",\"urlTemplate\":\"https:\/\/www.erresse-shop.it\/fr\/?s={search_term_string}\"},\"query-input\":\"required name=search_term_string\"}],\"inLanguage\":\"fr-FR\"}]}<\/script>\n<!-- \/ Yoast SEO Premium plugin. -->","yoast_head_json":{"title":"JOSEPH JOSEPH Space Casserole antiadh\u00e9sive avec poign\u00e9e pliante 19 cm Bleu - Erresse Shop","description":"Tous les ustensiles de cuisine ne se valent pas. Voici Space, notre gamme r\u00e9volutionnaire d'ustensiles de cuisine de qualit\u00e9 professionnelle, finis dans","robots":{"index":"index","follow":"follow","max-snippet":"max-snippet:-1","max-image-preview":"max-image-preview:large","max-video-preview":"max-video-preview:-1"},"canonical":"https:\/\/www.erresse-shop.it\/fr\/shop\/poeles-pots\/casseroles\/joseph-joseph-space-casserole-antiadhesive-avec-poignee-pliante-19-cm-bleu\/","og_locale":"fr_FR","og_type":"article","og_title":"JOSEPH JOSEPH Space Casserole antiadh\u00e9sive avec poign\u00e9e pliante 19 cm Bleu","og_description":"Tous les ustensiles de cuisine ne se valent pas. Voici Space, notre gamme r\u00e9volutionnaire d'ustensiles de cuisine de qualit\u00e9 professionnelle, finis dans","og_url":"https:\/\/www.erresse-shop.it\/fr\/shop\/poeles-pots\/casseroles\/joseph-joseph-space-casserole-antiadhesive-avec-poignee-pliante-19-cm-bleu\/","og_site_name":"Erresse Shop","article_modified_time":"2024-10-28T11:12:36+00:00","og_image":[{"width":800,"height":800,"url":"https:\/\/www.erresse-shop.it\/wp-content\/uploads\/2024\/09\/JOSEPH-JOSEPH-Space-Casseruola-Antiaderente-con-Manico-Pieghevole-19-cm-Blu.png","type":"image\/png"}],"twitter_card":"summary_large_image","schema":{"@context":"https:\/\/schema.org","@graph":[{"@type":"WebPage","@id":"https:\/\/www.erresse-shop.it\/fr\/shop\/poeles-pots\/casseroles\/joseph-joseph-space-casserole-antiadhesive-avec-poignee-pliante-19-cm-bleu\/","url":"https:\/\/www.erresse-shop.it\/fr\/shop\/poeles-pots\/casseroles\/joseph-joseph-space-casserole-antiadhesive-avec-poignee-pliante-19-cm-bleu\/","name":"JOSEPH JOSEPH Space Casserole antiadh\u00e9sive avec poign\u00e9e pliante 19 cm Bleu - Erresse Shop","isPartOf":{"@id":"https:\/\/www.erresse-shop.it\/fr\/#website"},"datePublished":"2024-09-03T09:59:25+00:00","dateModified":"2024-10-28T11:12:36+00:00","description":"Tous les ustensiles de cuisine ne se valent pas. Voici Space, notre gamme r\u00e9volutionnaire d'ustensiles de cuisine de qualit\u00e9 professionnelle, finis dans","breadcrumb":{"@id":"https:\/\/www.erresse-shop.it\/fr\/shop\/poeles-pots\/casseroles\/joseph-joseph-space-casserole-antiadhesive-avec-poignee-pliante-19-cm-bleu\/#breadcrumb"},"inLanguage":"fr-FR","potentialAction":[{"@type":"ReadAction","target":["https:\/\/www.erresse-shop.it\/fr\/shop\/poeles-pots\/casseroles\/joseph-joseph-space-casserole-antiadhesive-avec-poignee-pliante-19-cm-bleu\/"]}]},{"@type":"BreadcrumbList","@id":"https:\/\/www.erresse-shop.it\/fr\/shop\/poeles-pots\/casseroles\/joseph-joseph-space-casserole-antiadhesive-avec-poignee-pliante-19-cm-bleu\/#breadcrumb","itemListElement":[{"@type":"ListItem","position":1,"name":"Home","item":"https:\/\/www.erresse-shop.it\/fr\/"},{"@type":"ListItem","position":2,"name":"Shop","item":"https:\/\/www.erresse-shop.it\/fr\/shop\/"},{"@type":"ListItem","position":3,"name":"JOSEPH JOSEPH Space Casserole antiadh\u00e9sive avec poign\u00e9e pliante 19 cm Bleu"}]},{"@type":"WebSite","@id":"https:\/\/www.erresse-shop.it\/fr\/#website","url":"https:\/\/www.erresse-shop.it\/fr\/","name":"Erresse Shop","description":"Articoli di qualit\u00e0 per la casa","potentialAction":[{"@type":"SearchAction","target":{"@type":"EntryPoint","urlTemplate":"https:\/\/www.erresse-shop.it\/fr\/?s={search_term_string}"},"query-input":"required name=search_term_string"}],"inLanguage":"fr-FR"}]}},"df_price":79.95,"df_sale_price":79.95,"df_regular_price":109.99,"df_image_link":"https:\/\/www.erresse-shop.it\/wp-content\/uploads\/2024\/09\/JOSEPH-JOSEPH-Space-Casseruola-Antiaderente-con-Manico-Pieghevole-19-cm-Blu-300x300.jpg","_links":{"self":[{"href":"https:\/\/www.erresse-shop.it\/fr\/wp-json\/wp\/v2\/product\/429957"}],"collection":[{"href":"https:\/\/www.erresse-shop.it\/fr\/wp-json\/wp\/v2\/product"}],"about":[{"href":"https:\/\/www.erresse-shop.it\/fr\/wp-json\/wp\/v2\/types\/product"}],"wp:featuredmedia":[{"embeddable":true,"href":"https:\/\/www.erresse-shop.it\/fr\/wp-json\/wp\/v2\/media\/460829"}],"wp:attachment":[{"href":"https:\/\/www.erresse-shop.it\/fr\/wp-json\/wp\/v2\/media?parent=429957"}],"wp:term":[{"taxonomy":"product_cat","embeddable":true,"href":"https:\/\/www.erresse-shop.it\/fr\/wp-json\/wp\/v2\/product_cat?post=429957"},{"taxonomy":"product_tag","embeddable":true,"href":"https:\/\/www.erresse-shop.it\/fr\/wp-json\/wp\/v2\/product_tag?post=429957"}],"curies":[{"name":"wp","href":"https:\/\/api.w.org\/{rel}","templated":true}]}}