{"id":428355,"date":"2024-08-06T10:53:03","date_gmt":"2024-08-06T10:53:04","guid":{"rendered":"https:\/\/www.erresse-shop.it\/?post_type=product&#038;p=428355"},"modified":"2024-10-16T10:45:09","modified_gmt":"2024-10-16T10:45:09","slug":"zwilling-couteau-a-legumes-8-cm-professional-s","status":"publish","type":"product","link":"https:\/\/www.erresse-shop.it\/fr\/shop\/cuisine\/couteaux\/zwilling-couteau-a-legumes-8-cm-professional-s\/","title":{"rendered":"ZWILLING Couteau \u00e0 L\u00e9gumes 8 cm Professional S"},"content":{"rendered":"<p>Le couteau \u00e0 l\u00e9gumes polyvalent ZWILLING est d\u00e9j\u00e0 appr\u00e9ci\u00e9 parmi les chefs professionnels du monde entier. Sa lame robuste, son bord lisse et sa pointe stable vous permettent de nettoyer, peler et couper les fruits et l\u00e9gumes habilement et en toute simplicit\u00e9. Le couteau \u00e0 l\u00e9gumes est un compl\u00e9ment indispensable aux couteaux de toute cuisine moderne et soucieuse de sa sant\u00e9. Le couteau SIGMAFORGE\u00ae b\u00e9n\u00e9ficie d&#8217;un forgeage fin \u00e0 partir d&#8217;une seule pi\u00e8ce d&#8217;acier de formule sp\u00e9ciale ZWILLING, qui combine de mani\u00e8re optimale les composants chrome et carbone. La lame FRIODUR\u00ae est soumise \u00e0 un durcissement cryog\u00e9nique sp\u00e9cial, qui conf\u00e8re \u00e0 votre couteau \u00e0 l\u00e9gumes une lame particuli\u00e8rement tranchante, r\u00e9sistante \u00e0 la corrosion et flexible. Une g\u00e9om\u00e9trie impeccable et un bord pr\u00e9cis rendent la coupe des fruits et l\u00e9gumes plus facile et plus rapide. Dot\u00e9 d&#8217;un manche en plastique solide et continu, le couteau de 8 cm est confortable \u00e0 tenir m\u00eame pour les travaux de longue dur\u00e9e. Le n\u0153ud emp\u00eache les doigts de glisser, tandis que la surface continue jusqu&#8217;\u00e0 la poign\u00e9e assure une utilisation confortable et facile. Le couteau polyvalent compact de la gamme FOUR STAR\u00ae est con\u00e7u pour \u00eatre polyvalent, r\u00e9pondre \u00e0 des besoins importants et est donc id\u00e9al pour la pr\u00e9paration quotidienne des aliments.<\/p>\n<ul>\n<li>Lame trait\u00e9e avec le durcissement cryog\u00e9nique FRIODUR\u00ae pour une r\u00e9sistance exceptionnelle aux bords et \u00e0 la corrosion.<\/li>\n<li>Acier inoxydable de formule sp\u00e9ciale, mat\u00e9riaux ZWILLING avec composition sp\u00e9ciale : ces couteaux sont \u00e0 la fois robustes, r\u00e9sistants \u00e0 la corrosion et flexibles.<\/li>\n<li>Couteau SIGMAFORGE\u00ae \u2013 forgeage fin d&#8217;une seule pi\u00e8ce<\/li>\n<li>Surface continue du manche \u00e0 la lame.<\/li>\n<li>Manche ergonomique en plastique : Pour une utilisation facile et s\u00fbre du couteau.<\/li>\n<\/ul>\n","protected":false},"excerpt":{"rendered":"<p>Le couteau \u00e0 l\u00e9gumes polyvalent ZWILLING est d\u00e9j\u00e0 appr\u00e9ci\u00e9 parmi les chefs professionnels du monde entier. Sa lame robuste, son<\/p>\n","protected":false},"featured_media":437665,"template":"","meta":{"_acf_changed":false,"inline_featured_image":false},"product_cat":[12742,14452,12748],"product_tag":[12838,12839,13621,15400,14248,12823,15401,15402],"acf":[],"yoast_head":"<!-- This site is optimized with the Yoast SEO Premium plugin v18.6 (Yoast SEO v19.13) - https:\/\/yoast.com\/wordpress\/plugins\/seo\/ -->\n<title>ZWILLING Couteau \u00e0 L\u00e9gumes 8 cm Professional S - Erresse Shop<\/title>\n<meta name=\"description\" content=\"Le couteau \u00e0 l\u00e9gumes polyvalent ZWILLING est d\u00e9j\u00e0 appr\u00e9ci\u00e9 parmi les chefs professionnels du monde entier. Sa lame robuste, son bord lisse et sa pointe\" \/>\n<meta name=\"robots\" content=\"index, follow, max-snippet:-1, max-image-preview:large, max-video-preview:-1\" \/>\n<link rel=\"canonical\" href=\"https:\/\/www.erresse-shop.it\/fr\/shop\/cuisine\/couteaux\/zwilling-couteau-a-legumes-8-cm-professional-s\/\" \/>\n<meta property=\"og:locale\" content=\"fr_FR\" \/>\n<meta property=\"og:type\" content=\"article\" \/>\n<meta property=\"og:title\" content=\"ZWILLING Couteau \u00e0 L\u00e9gumes 8 cm Professional S\" \/>\n<meta property=\"og:description\" content=\"Le couteau \u00e0 l\u00e9gumes polyvalent ZWILLING est d\u00e9j\u00e0 appr\u00e9ci\u00e9 parmi les chefs professionnels du monde entier. Sa lame robuste, son bord lisse et sa pointe\" \/>\n<meta property=\"og:url\" content=\"https:\/\/www.erresse-shop.it\/fr\/shop\/cuisine\/couteaux\/zwilling-couteau-a-legumes-8-cm-professional-s\/\" \/>\n<meta property=\"og:site_name\" content=\"Erresse Shop\" \/>\n<meta property=\"article:modified_time\" content=\"2024-10-16T10:45:09+00:00\" \/>\n<meta property=\"og:image\" content=\"https:\/\/www.erresse-shop.it\/wp-content\/uploads\/2024\/08\/ZWILLING-Coltello-da-verdura-8-cm-Professional-S.jpg\" \/>\n\t<meta property=\"og:image:width\" content=\"1200\" \/>\n\t<meta property=\"og:image:height\" content=\"1200\" \/>\n\t<meta property=\"og:image:type\" content=\"image\/jpeg\" \/>\n<meta name=\"twitter:card\" content=\"summary_large_image\" \/>\n<script type=\"application\/ld+json\" class=\"yoast-schema-graph\">{\"@context\":\"https:\/\/schema.org\",\"@graph\":[{\"@type\":\"WebPage\",\"@id\":\"https:\/\/www.erresse-shop.it\/fr\/shop\/cuisine\/couteaux\/zwilling-couteau-a-legumes-8-cm-professional-s\/\",\"url\":\"https:\/\/www.erresse-shop.it\/fr\/shop\/cuisine\/couteaux\/zwilling-couteau-a-legumes-8-cm-professional-s\/\",\"name\":\"ZWILLING Couteau \u00e0 L\u00e9gumes 8 cm Professional S - Erresse Shop\",\"isPartOf\":{\"@id\":\"https:\/\/www.erresse-shop.it\/fr\/#website\"},\"datePublished\":\"2024-08-06T10:53:04+00:00\",\"dateModified\":\"2024-10-16T10:45:09+00:00\",\"description\":\"Le couteau \u00e0 l\u00e9gumes polyvalent ZWILLING est d\u00e9j\u00e0 appr\u00e9ci\u00e9 parmi les chefs professionnels du monde entier. Sa lame robuste, son bord lisse et sa pointe\",\"breadcrumb\":{\"@id\":\"https:\/\/www.erresse-shop.it\/fr\/shop\/cuisine\/couteaux\/zwilling-couteau-a-legumes-8-cm-professional-s\/#breadcrumb\"},\"inLanguage\":\"fr-FR\",\"potentialAction\":[{\"@type\":\"ReadAction\",\"target\":[\"https:\/\/www.erresse-shop.it\/fr\/shop\/cuisine\/couteaux\/zwilling-couteau-a-legumes-8-cm-professional-s\/\"]}]},{\"@type\":\"BreadcrumbList\",\"@id\":\"https:\/\/www.erresse-shop.it\/fr\/shop\/cuisine\/couteaux\/zwilling-couteau-a-legumes-8-cm-professional-s\/#breadcrumb\",\"itemListElement\":[{\"@type\":\"ListItem\",\"position\":1,\"name\":\"Home\",\"item\":\"https:\/\/www.erresse-shop.it\/fr\/\"},{\"@type\":\"ListItem\",\"position\":2,\"name\":\"Shop\",\"item\":\"https:\/\/www.erresse-shop.it\/fr\/shop\/\"},{\"@type\":\"ListItem\",\"position\":3,\"name\":\"ZWILLING Couteau \u00e0 L\u00e9gumes 8 cm Professional S\"}]},{\"@type\":\"WebSite\",\"@id\":\"https:\/\/www.erresse-shop.it\/fr\/#website\",\"url\":\"https:\/\/www.erresse-shop.it\/fr\/\",\"name\":\"Erresse Shop\",\"description\":\"Articoli di qualit\u00e0 per la casa\",\"potentialAction\":[{\"@type\":\"SearchAction\",\"target\":{\"@type\":\"EntryPoint\",\"urlTemplate\":\"https:\/\/www.erresse-shop.it\/fr\/?s={search_term_string}\"},\"query-input\":\"required name=search_term_string\"}],\"inLanguage\":\"fr-FR\"}]}<\/script>\n<!-- \/ Yoast SEO Premium plugin. -->","yoast_head_json":{"title":"ZWILLING Couteau \u00e0 L\u00e9gumes 8 cm Professional S - Erresse Shop","description":"Le couteau \u00e0 l\u00e9gumes polyvalent ZWILLING est d\u00e9j\u00e0 appr\u00e9ci\u00e9 parmi les chefs professionnels du monde entier. Sa lame robuste, son bord lisse et sa pointe","robots":{"index":"index","follow":"follow","max-snippet":"max-snippet:-1","max-image-preview":"max-image-preview:large","max-video-preview":"max-video-preview:-1"},"canonical":"https:\/\/www.erresse-shop.it\/fr\/shop\/cuisine\/couteaux\/zwilling-couteau-a-legumes-8-cm-professional-s\/","og_locale":"fr_FR","og_type":"article","og_title":"ZWILLING Couteau \u00e0 L\u00e9gumes 8 cm Professional S","og_description":"Le couteau \u00e0 l\u00e9gumes polyvalent ZWILLING est d\u00e9j\u00e0 appr\u00e9ci\u00e9 parmi les chefs professionnels du monde entier. Sa lame robuste, son bord lisse et sa pointe","og_url":"https:\/\/www.erresse-shop.it\/fr\/shop\/cuisine\/couteaux\/zwilling-couteau-a-legumes-8-cm-professional-s\/","og_site_name":"Erresse Shop","article_modified_time":"2024-10-16T10:45:09+00:00","og_image":[{"width":1200,"height":1200,"url":"https:\/\/www.erresse-shop.it\/wp-content\/uploads\/2024\/08\/ZWILLING-Coltello-da-verdura-8-cm-Professional-S.jpg","type":"image\/jpeg"}],"twitter_card":"summary_large_image","schema":{"@context":"https:\/\/schema.org","@graph":[{"@type":"WebPage","@id":"https:\/\/www.erresse-shop.it\/fr\/shop\/cuisine\/couteaux\/zwilling-couteau-a-legumes-8-cm-professional-s\/","url":"https:\/\/www.erresse-shop.it\/fr\/shop\/cuisine\/couteaux\/zwilling-couteau-a-legumes-8-cm-professional-s\/","name":"ZWILLING Couteau \u00e0 L\u00e9gumes 8 cm Professional S - Erresse Shop","isPartOf":{"@id":"https:\/\/www.erresse-shop.it\/fr\/#website"},"datePublished":"2024-08-06T10:53:04+00:00","dateModified":"2024-10-16T10:45:09+00:00","description":"Le couteau \u00e0 l\u00e9gumes polyvalent ZWILLING est d\u00e9j\u00e0 appr\u00e9ci\u00e9 parmi les chefs professionnels du monde entier. Sa lame robuste, son bord lisse et sa pointe","breadcrumb":{"@id":"https:\/\/www.erresse-shop.it\/fr\/shop\/cuisine\/couteaux\/zwilling-couteau-a-legumes-8-cm-professional-s\/#breadcrumb"},"inLanguage":"fr-FR","potentialAction":[{"@type":"ReadAction","target":["https:\/\/www.erresse-shop.it\/fr\/shop\/cuisine\/couteaux\/zwilling-couteau-a-legumes-8-cm-professional-s\/"]}]},{"@type":"BreadcrumbList","@id":"https:\/\/www.erresse-shop.it\/fr\/shop\/cuisine\/couteaux\/zwilling-couteau-a-legumes-8-cm-professional-s\/#breadcrumb","itemListElement":[{"@type":"ListItem","position":1,"name":"Home","item":"https:\/\/www.erresse-shop.it\/fr\/"},{"@type":"ListItem","position":2,"name":"Shop","item":"https:\/\/www.erresse-shop.it\/fr\/shop\/"},{"@type":"ListItem","position":3,"name":"ZWILLING Couteau \u00e0 L\u00e9gumes 8 cm Professional S"}]},{"@type":"WebSite","@id":"https:\/\/www.erresse-shop.it\/fr\/#website","url":"https:\/\/www.erresse-shop.it\/fr\/","name":"Erresse Shop","description":"Articoli di qualit\u00e0 per la casa","potentialAction":[{"@type":"SearchAction","target":{"@type":"EntryPoint","urlTemplate":"https:\/\/www.erresse-shop.it\/fr\/?s={search_term_string}"},"query-input":"required name=search_term_string"}],"inLanguage":"fr-FR"}]}},"df_price":23.975,"df_sale_price":23.975,"df_regular_price":47.95,"df_image_link":"https:\/\/www.erresse-shop.it\/wp-content\/uploads\/2024\/08\/ZWILLING-Coltello-da-verdura-8-cm-Professional-S-300x300.jpg","_links":{"self":[{"href":"https:\/\/www.erresse-shop.it\/fr\/wp-json\/wp\/v2\/product\/428355"}],"collection":[{"href":"https:\/\/www.erresse-shop.it\/fr\/wp-json\/wp\/v2\/product"}],"about":[{"href":"https:\/\/www.erresse-shop.it\/fr\/wp-json\/wp\/v2\/types\/product"}],"wp:featuredmedia":[{"embeddable":true,"href":"https:\/\/www.erresse-shop.it\/fr\/wp-json\/wp\/v2\/media\/437665"}],"wp:attachment":[{"href":"https:\/\/www.erresse-shop.it\/fr\/wp-json\/wp\/v2\/media?parent=428355"}],"wp:term":[{"taxonomy":"product_cat","embeddable":true,"href":"https:\/\/www.erresse-shop.it\/fr\/wp-json\/wp\/v2\/product_cat?post=428355"},{"taxonomy":"product_tag","embeddable":true,"href":"https:\/\/www.erresse-shop.it\/fr\/wp-json\/wp\/v2\/product_tag?post=428355"}],"curies":[{"name":"wp","href":"https:\/\/api.w.org\/{rel}","templated":true}]}}