{"id":428288,"date":"2024-08-06T10:17:13","date_gmt":"2024-08-06T10:17:14","guid":{"rendered":"https:\/\/www.erresse-shop.it\/?post_type=product&#038;p=428288"},"modified":"2024-10-16T10:49:30","modified_gmt":"2024-10-16T10:49:30","slug":"zwilling-couteau-santoku-alveole-professional-s","status":"publish","type":"product","link":"https:\/\/www.erresse-shop.it\/fr\/shop\/cuisine\/couteaux\/zwilling-couteau-santoku-alveole-professional-s\/","title":{"rendered":"ZWILLING Couteau Santoku Alv\u00e9ol\u00e9 Professional S"},"content":{"rendered":"","protected":false},"excerpt":{"rendered":"<p>Le couteau Santoku dentel\u00e9 de la s\u00e9rie PROFESSIONAL &#8220;S&#8221; se distingue par sa qualit\u00e9 particuli\u00e8rement \u00e9lev\u00e9e. Son origine remonte \u00e0 longtemps au Japon, mais il s\u2019agit d\u2019une invention relativement nouvelle. Les couteliers japonais l&#8217;ont d\u00e9velopp\u00e9 \u00e0 mesure que la viande devenait de plus en plus populaire au menu des Asiatiques. Les couteaux japonais traditionnels \u00e9taient principalement adapt\u00e9s \u00e0 la d\u00e9coupe du poisson et des l\u00e9gumes. Le couteau Santoku est cependant encore plus polyvalent. Il combine de bonnes propri\u00e9t\u00e9s de coupe pour les ingr\u00e9dients mentionn\u00e9s, mais il est \u00e9galement facile de couper de la viande avec. C&#8217;est pourquoi il s&#8217;agit de la forme japonaise du couteau utilitaire. Les caract\u00e9ristiques de ce couteau sont que le bord sup\u00e9rieur de la lame est align\u00e9 avec le manche. Comme le manche est \u00e9galement assez fin, vos doigts ont suffisamment d&#8217;espace pour saisir. L&#8217;acier utilis\u00e9 est constitu\u00e9 d&#8217;un alliage sp\u00e9cial extr\u00eamement dur mais flexible. Le raffinage de la lame FRIODUR\u00ae avec un processus de durcissement \u00e0 la glace am\u00e9liore encore les propri\u00e9t\u00e9s du couteau. Le mat\u00e9riau peut \u00eatre aff\u00fbt\u00e9 avec une pr\u00e9cision particuli\u00e8re, de sorte que la lame est extr\u00eamement tranchante. Cela permet une coupe nette sans effort. L&#8217;acier continu de la pointe \u00e0 la poign\u00e9e assure \u00e9galement une longue dur\u00e9e de vie. Avec le couteau Santoku de ZWILLING, vous pouvez pr\u00e9parer sans trop d&#8217;effort des plats passionnants d&#8217;Extr\u00eame-Orient et surprendre vos invit\u00e9s avec des saveurs compl\u00e8tement nouvelles.<\/p>\n<ul>\n<li>Lame FRIODUR\u00ae tremp\u00e9e \u00e0 la glace pour une dur\u00e9e de vie particuli\u00e8rement longue et une r\u00e9sistance \u00e0 la corrosion.<\/li>\n<li>Acier inoxydable sp\u00e9cial, fonte sp\u00e9ciale ZWILLING\u00a0: ces couteaux sont \u00e0 la fois robustes, r\u00e9sistants \u00e0 la corrosion et flexibles.<\/li>\n<li>Mat\u00e9riau de la poign\u00e9e: plastique, conception \u00e0 trois rivets<\/li>\n<li>Couteaux SIGMAFORGE\u00ae &#8211; forg\u00e9s d&#8217;une seule pi\u00e8ce<\/li>\n<li>Transition fluide entre le manche et la lame.<\/li>\n<\/ul>\n","protected":false},"featured_media":437346,"template":"","meta":{"_acf_changed":false,"inline_featured_image":false},"product_cat":[12742,14452,12748],"product_tag":[12838,12839,18702,13621,15400,12823,15401,15402,13624,22436,12841],"acf":[],"yoast_head":"<!-- This site is optimized with the Yoast SEO Premium plugin v18.6 (Yoast SEO v19.13) - https:\/\/yoast.com\/wordpress\/plugins\/seo\/ -->\n<title>ZWILLING Couteau Santoku Alv\u00e9ol\u00e9 Professional S - Erresse Shop<\/title>\n<meta name=\"description\" content=\"Le couteau Santoku dentel\u00e9 de la s\u00e9rie PROFESSIONAL &quot;S&quot; se distingue par sa qualit\u00e9 particuli\u00e8rement \u00e9lev\u00e9e. Son origine remonte \u00e0 longtemps au Japon, mais il s\u2019agit d\u2019une invention relativement nouvelle. Les couteliers japonais l&#039;ont d\u00e9velopp\u00e9 \u00e0 mesure que la viande devenait de plus en plus populaire au menu des Asiatiques. Les couteaux japonais traditionnels \u00e9taient principalement adapt\u00e9s \u00e0 la d\u00e9coupe du poisson et des l\u00e9gumes. Le couteau Santoku est cependant encore plus polyvalent. Il combine de bonnes propri\u00e9t\u00e9s de coupe pour les ingr\u00e9dients mentionn\u00e9s, mais il est \u00e9galement facile de couper de la viande avec. C&#039;est pourquoi il s&#039;agit de la forme japonaise du couteau utilitaire. Les caract\u00e9ristiques de ce couteau sont que le bord sup\u00e9rieur de la lame est align\u00e9 avec le manche. Comme le manche est \u00e9galement assez fin, vos doigts ont suffisamment d&#039;espace pour saisir. L&#039;acier utilis\u00e9 est constitu\u00e9 d&#039;un alliage sp\u00e9cial extr\u00eamement dur mais flexible. Le raffinage de la lame FRIODUR\u00ae avec un processus de durcissement \u00e0 la glace am\u00e9liore encore les propri\u00e9t\u00e9s du couteau. Le mat\u00e9riau peut \u00eatre aff\u00fbt\u00e9 avec une pr\u00e9cision particuli\u00e8re, de sorte que la lame est extr\u00eamement tranchante. Cela permet une coupe nette sans effort. L&#039;acier continu de la pointe \u00e0 la poign\u00e9e assure \u00e9galement une longue dur\u00e9e de vie. Avec le couteau Santoku de ZWILLING, vous pouvez pr\u00e9parer sans trop d&#039;effort des plats passionnants d&#039;Extr\u00eame-Orient et surprendre vos invit\u00e9s avec des saveurs compl\u00e8tement nouvelles.   Lame FRIODUR\u00ae tremp\u00e9e \u00e0 la glace pour une dur\u00e9e de vie particuli\u00e8rement longue et une r\u00e9sistance \u00e0 la corrosion.  Acier inoxydable sp\u00e9cial, fonte sp\u00e9ciale ZWILLING\u00a0: ces couteaux sont \u00e0 la fois robustes, r\u00e9sistants \u00e0 la corrosion et flexibles.  Mat\u00e9riau de la poign\u00e9e: plastique, conception \u00e0 trois rivets  Couteaux SIGMAFORGE\u00ae - forg\u00e9s d&#039;une seule pi\u00e8ce  Transition fluide entre le manche et la lame.\" \/>\n<meta name=\"robots\" content=\"index, follow, max-snippet:-1, max-image-preview:large, max-video-preview:-1\" \/>\n<link rel=\"canonical\" href=\"https:\/\/www.erresse-shop.it\/fr\/shop\/cuisine\/couteaux\/zwilling-couteau-santoku-alveole-professional-s\/\" \/>\n<meta property=\"og:locale\" content=\"fr_FR\" \/>\n<meta property=\"og:type\" content=\"article\" \/>\n<meta property=\"og:title\" content=\"ZWILLING Couteau Santoku Alv\u00e9ol\u00e9 Professional S\" \/>\n<meta property=\"og:description\" content=\"Le couteau Santoku dentel\u00e9 de la s\u00e9rie PROFESSIONAL &quot;S&quot; se distingue par sa qualit\u00e9 particuli\u00e8rement \u00e9lev\u00e9e. Son origine remonte \u00e0 longtemps au Japon, mais il s\u2019agit d\u2019une invention relativement nouvelle. Les couteliers japonais l&#039;ont d\u00e9velopp\u00e9 \u00e0 mesure que la viande devenait de plus en plus populaire au menu des Asiatiques. Les couteaux japonais traditionnels \u00e9taient principalement adapt\u00e9s \u00e0 la d\u00e9coupe du poisson et des l\u00e9gumes. Le couteau Santoku est cependant encore plus polyvalent. Il combine de bonnes propri\u00e9t\u00e9s de coupe pour les ingr\u00e9dients mentionn\u00e9s, mais il est \u00e9galement facile de couper de la viande avec. C&#039;est pourquoi il s&#039;agit de la forme japonaise du couteau utilitaire. Les caract\u00e9ristiques de ce couteau sont que le bord sup\u00e9rieur de la lame est align\u00e9 avec le manche. Comme le manche est \u00e9galement assez fin, vos doigts ont suffisamment d&#039;espace pour saisir. L&#039;acier utilis\u00e9 est constitu\u00e9 d&#039;un alliage sp\u00e9cial extr\u00eamement dur mais flexible. Le raffinage de la lame FRIODUR\u00ae avec un processus de durcissement \u00e0 la glace am\u00e9liore encore les propri\u00e9t\u00e9s du couteau. Le mat\u00e9riau peut \u00eatre aff\u00fbt\u00e9 avec une pr\u00e9cision particuli\u00e8re, de sorte que la lame est extr\u00eamement tranchante. Cela permet une coupe nette sans effort. L&#039;acier continu de la pointe \u00e0 la poign\u00e9e assure \u00e9galement une longue dur\u00e9e de vie. Avec le couteau Santoku de ZWILLING, vous pouvez pr\u00e9parer sans trop d&#039;effort des plats passionnants d&#039;Extr\u00eame-Orient et surprendre vos invit\u00e9s avec des saveurs compl\u00e8tement nouvelles.   Lame FRIODUR\u00ae tremp\u00e9e \u00e0 la glace pour une dur\u00e9e de vie particuli\u00e8rement longue et une r\u00e9sistance \u00e0 la corrosion.  Acier inoxydable sp\u00e9cial, fonte sp\u00e9ciale ZWILLING\u00a0: ces couteaux sont \u00e0 la fois robustes, r\u00e9sistants \u00e0 la corrosion et flexibles.  Mat\u00e9riau de la poign\u00e9e: plastique, conception \u00e0 trois rivets  Couteaux SIGMAFORGE\u00ae - forg\u00e9s d&#039;une seule pi\u00e8ce  Transition fluide entre le manche et la lame.\" \/>\n<meta property=\"og:url\" content=\"https:\/\/www.erresse-shop.it\/fr\/shop\/cuisine\/couteaux\/zwilling-couteau-santoku-alveole-professional-s\/\" \/>\n<meta property=\"og:site_name\" content=\"Erresse Shop\" \/>\n<meta property=\"article:modified_time\" content=\"2024-10-16T10:49:30+00:00\" \/>\n<meta property=\"og:image\" content=\"https:\/\/www.erresse-shop.it\/wp-content\/uploads\/2024\/08\/ZWILLING-Coltello-Santoku-Alveolato-Professional-S.jpg\" \/>\n\t<meta property=\"og:image:width\" content=\"1200\" \/>\n\t<meta property=\"og:image:height\" content=\"1200\" \/>\n\t<meta property=\"og:image:type\" content=\"image\/jpeg\" \/>\n<meta name=\"twitter:card\" content=\"summary_large_image\" \/>\n<script type=\"application\/ld+json\" class=\"yoast-schema-graph\">{\"@context\":\"https:\/\/schema.org\",\"@graph\":[{\"@type\":\"WebPage\",\"@id\":\"https:\/\/www.erresse-shop.it\/fr\/shop\/cuisine\/couteaux\/zwilling-couteau-santoku-alveole-professional-s\/\",\"url\":\"https:\/\/www.erresse-shop.it\/fr\/shop\/cuisine\/couteaux\/zwilling-couteau-santoku-alveole-professional-s\/\",\"name\":\"ZWILLING Couteau Santoku Alv\u00e9ol\u00e9 Professional S - Erresse Shop\",\"isPartOf\":{\"@id\":\"https:\/\/www.erresse-shop.it\/fr\/#website\"},\"datePublished\":\"2024-08-06T10:17:14+00:00\",\"dateModified\":\"2024-10-16T10:49:30+00:00\",\"description\":\"Le couteau Santoku dentel\u00e9 de la s\u00e9rie PROFESSIONAL \\\"S\\\" se distingue par sa qualit\u00e9 particuli\u00e8rement \u00e9lev\u00e9e. Son origine remonte \u00e0 longtemps au Japon, mais il s\u2019agit d\u2019une invention relativement nouvelle. Les couteliers japonais l'ont d\u00e9velopp\u00e9 \u00e0 mesure que la viande devenait de plus en plus populaire au menu des Asiatiques. Les couteaux japonais traditionnels \u00e9taient principalement adapt\u00e9s \u00e0 la d\u00e9coupe du poisson et des l\u00e9gumes. Le couteau Santoku est cependant encore plus polyvalent. Il combine de bonnes propri\u00e9t\u00e9s de coupe pour les ingr\u00e9dients mentionn\u00e9s, mais il est \u00e9galement facile de couper de la viande avec. C'est pourquoi il s'agit de la forme japonaise du couteau utilitaire. Les caract\u00e9ristiques de ce couteau sont que le bord sup\u00e9rieur de la lame est align\u00e9 avec le manche. Comme le manche est \u00e9galement assez fin, vos doigts ont suffisamment d'espace pour saisir. L'acier utilis\u00e9 est constitu\u00e9 d'un alliage sp\u00e9cial extr\u00eamement dur mais flexible. Le raffinage de la lame FRIODUR\u00ae avec un processus de durcissement \u00e0 la glace am\u00e9liore encore les propri\u00e9t\u00e9s du couteau. Le mat\u00e9riau peut \u00eatre aff\u00fbt\u00e9 avec une pr\u00e9cision particuli\u00e8re, de sorte que la lame est extr\u00eamement tranchante. Cela permet une coupe nette sans effort. L'acier continu de la pointe \u00e0 la poign\u00e9e assure \u00e9galement une longue dur\u00e9e de vie. Avec le couteau Santoku de ZWILLING, vous pouvez pr\u00e9parer sans trop d'effort des plats passionnants d'Extr\u00eame-Orient et surprendre vos invit\u00e9s avec des saveurs compl\u00e8tement nouvelles. Lame FRIODUR\u00ae tremp\u00e9e \u00e0 la glace pour une dur\u00e9e de vie particuli\u00e8rement longue et une r\u00e9sistance \u00e0 la corrosion. Acier inoxydable sp\u00e9cial, fonte sp\u00e9ciale ZWILLING\u00a0: ces couteaux sont \u00e0 la fois robustes, r\u00e9sistants \u00e0 la corrosion et flexibles. Mat\u00e9riau de la poign\u00e9e: plastique, conception \u00e0 trois rivets Couteaux SIGMAFORGE\u00ae - forg\u00e9s d'une seule pi\u00e8ce Transition fluide entre le manche et la lame.\",\"breadcrumb\":{\"@id\":\"https:\/\/www.erresse-shop.it\/fr\/shop\/cuisine\/couteaux\/zwilling-couteau-santoku-alveole-professional-s\/#breadcrumb\"},\"inLanguage\":\"fr-FR\",\"potentialAction\":[{\"@type\":\"ReadAction\",\"target\":[\"https:\/\/www.erresse-shop.it\/fr\/shop\/cuisine\/couteaux\/zwilling-couteau-santoku-alveole-professional-s\/\"]}]},{\"@type\":\"BreadcrumbList\",\"@id\":\"https:\/\/www.erresse-shop.it\/fr\/shop\/cuisine\/couteaux\/zwilling-couteau-santoku-alveole-professional-s\/#breadcrumb\",\"itemListElement\":[{\"@type\":\"ListItem\",\"position\":1,\"name\":\"Home\",\"item\":\"https:\/\/www.erresse-shop.it\/fr\/\"},{\"@type\":\"ListItem\",\"position\":2,\"name\":\"Shop\",\"item\":\"https:\/\/www.erresse-shop.it\/fr\/shop\/\"},{\"@type\":\"ListItem\",\"position\":3,\"name\":\"ZWILLING Couteau Santoku Alv\u00e9ol\u00e9 Professional S\"}]},{\"@type\":\"WebSite\",\"@id\":\"https:\/\/www.erresse-shop.it\/fr\/#website\",\"url\":\"https:\/\/www.erresse-shop.it\/fr\/\",\"name\":\"Erresse Shop\",\"description\":\"Articoli di qualit\u00e0 per la casa\",\"potentialAction\":[{\"@type\":\"SearchAction\",\"target\":{\"@type\":\"EntryPoint\",\"urlTemplate\":\"https:\/\/www.erresse-shop.it\/fr\/?s={search_term_string}\"},\"query-input\":\"required name=search_term_string\"}],\"inLanguage\":\"fr-FR\"}]}<\/script>\n<!-- \/ Yoast SEO Premium plugin. -->","yoast_head_json":{"title":"ZWILLING Couteau Santoku Alv\u00e9ol\u00e9 Professional S - Erresse Shop","description":"Le couteau Santoku dentel\u00e9 de la s\u00e9rie PROFESSIONAL \"S\" se distingue par sa qualit\u00e9 particuli\u00e8rement \u00e9lev\u00e9e. Son origine remonte \u00e0 longtemps au Japon, mais il s\u2019agit d\u2019une invention relativement nouvelle. Les couteliers japonais l'ont d\u00e9velopp\u00e9 \u00e0 mesure que la viande devenait de plus en plus populaire au menu des Asiatiques. Les couteaux japonais traditionnels \u00e9taient principalement adapt\u00e9s \u00e0 la d\u00e9coupe du poisson et des l\u00e9gumes. Le couteau Santoku est cependant encore plus polyvalent. Il combine de bonnes propri\u00e9t\u00e9s de coupe pour les ingr\u00e9dients mentionn\u00e9s, mais il est \u00e9galement facile de couper de la viande avec. C'est pourquoi il s'agit de la forme japonaise du couteau utilitaire. Les caract\u00e9ristiques de ce couteau sont que le bord sup\u00e9rieur de la lame est align\u00e9 avec le manche. Comme le manche est \u00e9galement assez fin, vos doigts ont suffisamment d'espace pour saisir. L'acier utilis\u00e9 est constitu\u00e9 d'un alliage sp\u00e9cial extr\u00eamement dur mais flexible. Le raffinage de la lame FRIODUR\u00ae avec un processus de durcissement \u00e0 la glace am\u00e9liore encore les propri\u00e9t\u00e9s du couteau. Le mat\u00e9riau peut \u00eatre aff\u00fbt\u00e9 avec une pr\u00e9cision particuli\u00e8re, de sorte que la lame est extr\u00eamement tranchante. Cela permet une coupe nette sans effort. L'acier continu de la pointe \u00e0 la poign\u00e9e assure \u00e9galement une longue dur\u00e9e de vie. Avec le couteau Santoku de ZWILLING, vous pouvez pr\u00e9parer sans trop d'effort des plats passionnants d'Extr\u00eame-Orient et surprendre vos invit\u00e9s avec des saveurs compl\u00e8tement nouvelles.   Lame FRIODUR\u00ae tremp\u00e9e \u00e0 la glace pour une dur\u00e9e de vie particuli\u00e8rement longue et une r\u00e9sistance \u00e0 la corrosion.  Acier inoxydable sp\u00e9cial, fonte sp\u00e9ciale ZWILLING\u00a0: ces couteaux sont \u00e0 la fois robustes, r\u00e9sistants \u00e0 la corrosion et flexibles.  Mat\u00e9riau de la poign\u00e9e: plastique, conception \u00e0 trois rivets  Couteaux SIGMAFORGE\u00ae - forg\u00e9s d'une seule pi\u00e8ce  Transition fluide entre le manche et la lame.","robots":{"index":"index","follow":"follow","max-snippet":"max-snippet:-1","max-image-preview":"max-image-preview:large","max-video-preview":"max-video-preview:-1"},"canonical":"https:\/\/www.erresse-shop.it\/fr\/shop\/cuisine\/couteaux\/zwilling-couteau-santoku-alveole-professional-s\/","og_locale":"fr_FR","og_type":"article","og_title":"ZWILLING Couteau Santoku Alv\u00e9ol\u00e9 Professional S","og_description":"Le couteau Santoku dentel\u00e9 de la s\u00e9rie PROFESSIONAL \"S\" se distingue par sa qualit\u00e9 particuli\u00e8rement \u00e9lev\u00e9e. Son origine remonte \u00e0 longtemps au Japon, mais il s\u2019agit d\u2019une invention relativement nouvelle. Les couteliers japonais l'ont d\u00e9velopp\u00e9 \u00e0 mesure que la viande devenait de plus en plus populaire au menu des Asiatiques. Les couteaux japonais traditionnels \u00e9taient principalement adapt\u00e9s \u00e0 la d\u00e9coupe du poisson et des l\u00e9gumes. Le couteau Santoku est cependant encore plus polyvalent. Il combine de bonnes propri\u00e9t\u00e9s de coupe pour les ingr\u00e9dients mentionn\u00e9s, mais il est \u00e9galement facile de couper de la viande avec. C'est pourquoi il s'agit de la forme japonaise du couteau utilitaire. Les caract\u00e9ristiques de ce couteau sont que le bord sup\u00e9rieur de la lame est align\u00e9 avec le manche. Comme le manche est \u00e9galement assez fin, vos doigts ont suffisamment d'espace pour saisir. L'acier utilis\u00e9 est constitu\u00e9 d'un alliage sp\u00e9cial extr\u00eamement dur mais flexible. Le raffinage de la lame FRIODUR\u00ae avec un processus de durcissement \u00e0 la glace am\u00e9liore encore les propri\u00e9t\u00e9s du couteau. Le mat\u00e9riau peut \u00eatre aff\u00fbt\u00e9 avec une pr\u00e9cision particuli\u00e8re, de sorte que la lame est extr\u00eamement tranchante. Cela permet une coupe nette sans effort. L'acier continu de la pointe \u00e0 la poign\u00e9e assure \u00e9galement une longue dur\u00e9e de vie. Avec le couteau Santoku de ZWILLING, vous pouvez pr\u00e9parer sans trop d'effort des plats passionnants d'Extr\u00eame-Orient et surprendre vos invit\u00e9s avec des saveurs compl\u00e8tement nouvelles.   Lame FRIODUR\u00ae tremp\u00e9e \u00e0 la glace pour une dur\u00e9e de vie particuli\u00e8rement longue et une r\u00e9sistance \u00e0 la corrosion.  Acier inoxydable sp\u00e9cial, fonte sp\u00e9ciale ZWILLING\u00a0: ces couteaux sont \u00e0 la fois robustes, r\u00e9sistants \u00e0 la corrosion et flexibles.  Mat\u00e9riau de la poign\u00e9e: plastique, conception \u00e0 trois rivets  Couteaux SIGMAFORGE\u00ae - forg\u00e9s d'une seule pi\u00e8ce  Transition fluide entre le manche et la lame.","og_url":"https:\/\/www.erresse-shop.it\/fr\/shop\/cuisine\/couteaux\/zwilling-couteau-santoku-alveole-professional-s\/","og_site_name":"Erresse Shop","article_modified_time":"2024-10-16T10:49:30+00:00","og_image":[{"width":1200,"height":1200,"url":"https:\/\/www.erresse-shop.it\/wp-content\/uploads\/2024\/08\/ZWILLING-Coltello-Santoku-Alveolato-Professional-S.jpg","type":"image\/jpeg"}],"twitter_card":"summary_large_image","schema":{"@context":"https:\/\/schema.org","@graph":[{"@type":"WebPage","@id":"https:\/\/www.erresse-shop.it\/fr\/shop\/cuisine\/couteaux\/zwilling-couteau-santoku-alveole-professional-s\/","url":"https:\/\/www.erresse-shop.it\/fr\/shop\/cuisine\/couteaux\/zwilling-couteau-santoku-alveole-professional-s\/","name":"ZWILLING Couteau Santoku Alv\u00e9ol\u00e9 Professional S - Erresse Shop","isPartOf":{"@id":"https:\/\/www.erresse-shop.it\/fr\/#website"},"datePublished":"2024-08-06T10:17:14+00:00","dateModified":"2024-10-16T10:49:30+00:00","description":"Le couteau Santoku dentel\u00e9 de la s\u00e9rie PROFESSIONAL \"S\" se distingue par sa qualit\u00e9 particuli\u00e8rement \u00e9lev\u00e9e. Son origine remonte \u00e0 longtemps au Japon, mais il s\u2019agit d\u2019une invention relativement nouvelle. Les couteliers japonais l'ont d\u00e9velopp\u00e9 \u00e0 mesure que la viande devenait de plus en plus populaire au menu des Asiatiques. Les couteaux japonais traditionnels \u00e9taient principalement adapt\u00e9s \u00e0 la d\u00e9coupe du poisson et des l\u00e9gumes. Le couteau Santoku est cependant encore plus polyvalent. Il combine de bonnes propri\u00e9t\u00e9s de coupe pour les ingr\u00e9dients mentionn\u00e9s, mais il est \u00e9galement facile de couper de la viande avec. C'est pourquoi il s'agit de la forme japonaise du couteau utilitaire. Les caract\u00e9ristiques de ce couteau sont que le bord sup\u00e9rieur de la lame est align\u00e9 avec le manche. Comme le manche est \u00e9galement assez fin, vos doigts ont suffisamment d'espace pour saisir. L'acier utilis\u00e9 est constitu\u00e9 d'un alliage sp\u00e9cial extr\u00eamement dur mais flexible. Le raffinage de la lame FRIODUR\u00ae avec un processus de durcissement \u00e0 la glace am\u00e9liore encore les propri\u00e9t\u00e9s du couteau. Le mat\u00e9riau peut \u00eatre aff\u00fbt\u00e9 avec une pr\u00e9cision particuli\u00e8re, de sorte que la lame est extr\u00eamement tranchante. Cela permet une coupe nette sans effort. L'acier continu de la pointe \u00e0 la poign\u00e9e assure \u00e9galement une longue dur\u00e9e de vie. Avec le couteau Santoku de ZWILLING, vous pouvez pr\u00e9parer sans trop d'effort des plats passionnants d'Extr\u00eame-Orient et surprendre vos invit\u00e9s avec des saveurs compl\u00e8tement nouvelles. Lame FRIODUR\u00ae tremp\u00e9e \u00e0 la glace pour une dur\u00e9e de vie particuli\u00e8rement longue et une r\u00e9sistance \u00e0 la corrosion. Acier inoxydable sp\u00e9cial, fonte sp\u00e9ciale ZWILLING\u00a0: ces couteaux sont \u00e0 la fois robustes, r\u00e9sistants \u00e0 la corrosion et flexibles. Mat\u00e9riau de la poign\u00e9e: plastique, conception \u00e0 trois rivets Couteaux SIGMAFORGE\u00ae - forg\u00e9s d'une seule pi\u00e8ce Transition fluide entre le manche et la lame.","breadcrumb":{"@id":"https:\/\/www.erresse-shop.it\/fr\/shop\/cuisine\/couteaux\/zwilling-couteau-santoku-alveole-professional-s\/#breadcrumb"},"inLanguage":"fr-FR","potentialAction":[{"@type":"ReadAction","target":["https:\/\/www.erresse-shop.it\/fr\/shop\/cuisine\/couteaux\/zwilling-couteau-santoku-alveole-professional-s\/"]}]},{"@type":"BreadcrumbList","@id":"https:\/\/www.erresse-shop.it\/fr\/shop\/cuisine\/couteaux\/zwilling-couteau-santoku-alveole-professional-s\/#breadcrumb","itemListElement":[{"@type":"ListItem","position":1,"name":"Home","item":"https:\/\/www.erresse-shop.it\/fr\/"},{"@type":"ListItem","position":2,"name":"Shop","item":"https:\/\/www.erresse-shop.it\/fr\/shop\/"},{"@type":"ListItem","position":3,"name":"ZWILLING Couteau Santoku Alv\u00e9ol\u00e9 Professional S"}]},{"@type":"WebSite","@id":"https:\/\/www.erresse-shop.it\/fr\/#website","url":"https:\/\/www.erresse-shop.it\/fr\/","name":"Erresse Shop","description":"Articoli di qualit\u00e0 per la casa","potentialAction":[{"@type":"SearchAction","target":{"@type":"EntryPoint","urlTemplate":"https:\/\/www.erresse-shop.it\/fr\/?s={search_term_string}"},"query-input":"required name=search_term_string"}],"inLanguage":"fr-FR"}]}},"df_price":54.5,"df_sale_price":54.5,"df_regular_price":109,"df_image_link":"https:\/\/www.erresse-shop.it\/wp-content\/uploads\/2024\/08\/ZWILLING-Coltello-Santoku-Alveolato-Professional-S-300x300.jpg","_links":{"self":[{"href":"https:\/\/www.erresse-shop.it\/fr\/wp-json\/wp\/v2\/product\/428288"}],"collection":[{"href":"https:\/\/www.erresse-shop.it\/fr\/wp-json\/wp\/v2\/product"}],"about":[{"href":"https:\/\/www.erresse-shop.it\/fr\/wp-json\/wp\/v2\/types\/product"}],"wp:featuredmedia":[{"embeddable":true,"href":"https:\/\/www.erresse-shop.it\/fr\/wp-json\/wp\/v2\/media\/437346"}],"wp:attachment":[{"href":"https:\/\/www.erresse-shop.it\/fr\/wp-json\/wp\/v2\/media?parent=428288"}],"wp:term":[{"taxonomy":"product_cat","embeddable":true,"href":"https:\/\/www.erresse-shop.it\/fr\/wp-json\/wp\/v2\/product_cat?post=428288"},{"taxonomy":"product_tag","embeddable":true,"href":"https:\/\/www.erresse-shop.it\/fr\/wp-json\/wp\/v2\/product_tag?post=428288"}],"curies":[{"name":"wp","href":"https:\/\/api.w.org\/{rel}","templated":true}]}}