{"id":428270,"date":"2024-08-06T10:02:23","date_gmt":"2024-08-06T10:02:24","guid":{"rendered":"https:\/\/www.erresse-shop.it\/?post_type=product&#038;p=428270"},"modified":"2024-10-16T10:51:38","modified_gmt":"2024-10-16T10:51:38","slug":"zwilling-pro-epluche-citron","status":"publish","type":"product","link":"https:\/\/www.erresse-shop.it\/fr\/shop\/cuisine\/outils\/zwilling-pro-epluche-citron\/","title":{"rendered":"ZWILLING PRO Epluche-citron"},"content":{"rendered":"<p>Des lamelles tr\u00e8s fines, un bel effet. Le zesteur ZWILLING Pro Collection permet de r\u00e9aliser des lamelles d\u00e9coratives \u00e0 partir d&#8217;agrumes. Cet \u00e9l\u00e9gant accessoire de cuisine est dot\u00e9 de deux sections distinctes qui permettent de produire des zestes de diff\u00e9rentes \u00e9paisseurs avec un seul zesteur. Les zestes les plus \u00e9pais sont parfaits pour d\u00e9corer les desserts et les cocktails, tandis que les plus fins sont parfaits pour donner une touche suppl\u00e9mentaire aux aliments et aux boissons. En m\u00eame temps, vous \u00eates s\u00fbr que la partie blanche et plus am\u00e8re de l&#8217;\u00e9corce reste sur le fruit. L&#8217;agitateur zesteur est facile \u00e0 manier, car les designers de renomm\u00e9e mondiale Matteo Thun et Antonio Rodriguez ont consacr\u00e9 beaucoup d&#8217;efforts \u00e0 sa parfaite fonctionnalit\u00e9 au cours de la phase de d\u00e9veloppement. Non seulement la poign\u00e9e ergonomique est extr\u00eamement \u00e9l\u00e9gante, mais elle n&#8217;est pas inconfortable lorsqu&#8217;elle est press\u00e9e dans la paume de la main, m\u00eame en cas d&#8217;utilisation prolong\u00e9e. Une ligne d\u00e9corative d\u00e9coup\u00e9e au laser accentue le look minimaliste qui caract\u00e9rise toute la collection Pro, et l&#8217;utilisation de l&#8217;acier inoxydable permet au zesteur de passer au lave-vaisselle.<\/p>\n<ul>\n<li>Design minimaliste de Matteo Thun et Antonio Rodriguez<\/li>\n<li>Fabriqu\u00e9 en acier inoxydable de haute qualit\u00e9<\/li>\n<li>Poign\u00e9es ergonomiques pour un travail sans effort, avec transition continue<\/li>\n<li>vers la tige pour une hygi\u00e8ne maximale<\/li>\n<li>Lavable au lave-vaisselle<\/li>\n<li>Pour pr\u00e9lever le zeste des citrons, des limes et des oranges<\/li>\n<\/ul>\n","protected":false},"excerpt":{"rendered":"<p>Des lamelles tr\u00e8s fines, un bel effet. Le zesteur ZWILLING Pro Collection permet de r\u00e9aliser des lamelles d\u00e9coratives \u00e0 partir<\/p>\n","protected":false},"featured_media":507203,"template":"","meta":{"_acf_changed":false,"inline_featured_image":false},"product_cat":[12748,25333],"product_tag":[25036,17113,25021,15403],"acf":[],"yoast_head":"<!-- This site is optimized with the Yoast SEO Premium plugin v18.6 (Yoast SEO v19.13) - https:\/\/yoast.com\/wordpress\/plugins\/seo\/ -->\n<title>ZWILLING PRO Epluche-citron - Erresse Shop<\/title>\n<meta name=\"description\" content=\"Des lamelles tr\u00e8s fines, un bel effet. Le zesteur ZWILLING Pro Collection permet de r\u00e9aliser des lamelles d\u00e9coratives \u00e0 partir d&#039;agrumes. Cet \u00e9l\u00e9gant\" \/>\n<meta name=\"robots\" content=\"index, follow, max-snippet:-1, max-image-preview:large, max-video-preview:-1\" \/>\n<link rel=\"canonical\" href=\"https:\/\/www.erresse-shop.it\/fr\/shop\/cuisine\/outils\/zwilling-pro-epluche-citron\/\" \/>\n<meta property=\"og:locale\" content=\"fr_FR\" \/>\n<meta property=\"og:type\" content=\"article\" \/>\n<meta property=\"og:title\" content=\"ZWILLING PRO Epluche-citron\" \/>\n<meta property=\"og:description\" content=\"Des lamelles tr\u00e8s fines, un bel effet. Le zesteur ZWILLING Pro Collection permet de r\u00e9aliser des lamelles d\u00e9coratives \u00e0 partir d&#039;agrumes. Cet \u00e9l\u00e9gant\" \/>\n<meta property=\"og:url\" content=\"https:\/\/www.erresse-shop.it\/fr\/shop\/cuisine\/outils\/zwilling-pro-epluche-citron\/\" \/>\n<meta property=\"og:site_name\" content=\"Erresse Shop\" \/>\n<meta property=\"article:modified_time\" content=\"2024-10-16T10:51:38+00:00\" \/>\n<meta property=\"og:image\" content=\"https:\/\/www.erresse-shop.it\/wp-content\/uploads\/2024\/08\/ZWILLING-PRO-Pelalimoni.png\" \/>\n\t<meta property=\"og:image:width\" content=\"800\" \/>\n\t<meta property=\"og:image:height\" content=\"800\" \/>\n\t<meta property=\"og:image:type\" content=\"image\/png\" \/>\n<meta name=\"twitter:card\" content=\"summary_large_image\" \/>\n<script type=\"application\/ld+json\" class=\"yoast-schema-graph\">{\"@context\":\"https:\/\/schema.org\",\"@graph\":[{\"@type\":\"WebPage\",\"@id\":\"https:\/\/www.erresse-shop.it\/fr\/shop\/cuisine\/outils\/zwilling-pro-epluche-citron\/\",\"url\":\"https:\/\/www.erresse-shop.it\/fr\/shop\/cuisine\/outils\/zwilling-pro-epluche-citron\/\",\"name\":\"ZWILLING PRO Epluche-citron - Erresse Shop\",\"isPartOf\":{\"@id\":\"https:\/\/www.erresse-shop.it\/fr\/#website\"},\"datePublished\":\"2024-08-06T10:02:24+00:00\",\"dateModified\":\"2024-10-16T10:51:38+00:00\",\"description\":\"Des lamelles tr\u00e8s fines, un bel effet. Le zesteur ZWILLING Pro Collection permet de r\u00e9aliser des lamelles d\u00e9coratives \u00e0 partir d'agrumes. Cet \u00e9l\u00e9gant\",\"breadcrumb\":{\"@id\":\"https:\/\/www.erresse-shop.it\/fr\/shop\/cuisine\/outils\/zwilling-pro-epluche-citron\/#breadcrumb\"},\"inLanguage\":\"fr-FR\",\"potentialAction\":[{\"@type\":\"ReadAction\",\"target\":[\"https:\/\/www.erresse-shop.it\/fr\/shop\/cuisine\/outils\/zwilling-pro-epluche-citron\/\"]}]},{\"@type\":\"BreadcrumbList\",\"@id\":\"https:\/\/www.erresse-shop.it\/fr\/shop\/cuisine\/outils\/zwilling-pro-epluche-citron\/#breadcrumb\",\"itemListElement\":[{\"@type\":\"ListItem\",\"position\":1,\"name\":\"Home\",\"item\":\"https:\/\/www.erresse-shop.it\/fr\/\"},{\"@type\":\"ListItem\",\"position\":2,\"name\":\"Shop\",\"item\":\"https:\/\/www.erresse-shop.it\/fr\/shop\/\"},{\"@type\":\"ListItem\",\"position\":3,\"name\":\"ZWILLING PRO Epluche-citron\"}]},{\"@type\":\"WebSite\",\"@id\":\"https:\/\/www.erresse-shop.it\/fr\/#website\",\"url\":\"https:\/\/www.erresse-shop.it\/fr\/\",\"name\":\"Erresse Shop\",\"description\":\"Articoli di qualit\u00e0 per la casa\",\"potentialAction\":[{\"@type\":\"SearchAction\",\"target\":{\"@type\":\"EntryPoint\",\"urlTemplate\":\"https:\/\/www.erresse-shop.it\/fr\/?s={search_term_string}\"},\"query-input\":\"required name=search_term_string\"}],\"inLanguage\":\"fr-FR\"}]}<\/script>\n<!-- \/ Yoast SEO Premium plugin. -->","yoast_head_json":{"title":"ZWILLING PRO Epluche-citron - Erresse Shop","description":"Des lamelles tr\u00e8s fines, un bel effet. Le zesteur ZWILLING Pro Collection permet de r\u00e9aliser des lamelles d\u00e9coratives \u00e0 partir d'agrumes. Cet \u00e9l\u00e9gant","robots":{"index":"index","follow":"follow","max-snippet":"max-snippet:-1","max-image-preview":"max-image-preview:large","max-video-preview":"max-video-preview:-1"},"canonical":"https:\/\/www.erresse-shop.it\/fr\/shop\/cuisine\/outils\/zwilling-pro-epluche-citron\/","og_locale":"fr_FR","og_type":"article","og_title":"ZWILLING PRO Epluche-citron","og_description":"Des lamelles tr\u00e8s fines, un bel effet. Le zesteur ZWILLING Pro Collection permet de r\u00e9aliser des lamelles d\u00e9coratives \u00e0 partir d'agrumes. Cet \u00e9l\u00e9gant","og_url":"https:\/\/www.erresse-shop.it\/fr\/shop\/cuisine\/outils\/zwilling-pro-epluche-citron\/","og_site_name":"Erresse Shop","article_modified_time":"2024-10-16T10:51:38+00:00","og_image":[{"width":800,"height":800,"url":"https:\/\/www.erresse-shop.it\/wp-content\/uploads\/2024\/08\/ZWILLING-PRO-Pelalimoni.png","type":"image\/png"}],"twitter_card":"summary_large_image","schema":{"@context":"https:\/\/schema.org","@graph":[{"@type":"WebPage","@id":"https:\/\/www.erresse-shop.it\/fr\/shop\/cuisine\/outils\/zwilling-pro-epluche-citron\/","url":"https:\/\/www.erresse-shop.it\/fr\/shop\/cuisine\/outils\/zwilling-pro-epluche-citron\/","name":"ZWILLING PRO Epluche-citron - Erresse Shop","isPartOf":{"@id":"https:\/\/www.erresse-shop.it\/fr\/#website"},"datePublished":"2024-08-06T10:02:24+00:00","dateModified":"2024-10-16T10:51:38+00:00","description":"Des lamelles tr\u00e8s fines, un bel effet. Le zesteur ZWILLING Pro Collection permet de r\u00e9aliser des lamelles d\u00e9coratives \u00e0 partir d'agrumes. Cet \u00e9l\u00e9gant","breadcrumb":{"@id":"https:\/\/www.erresse-shop.it\/fr\/shop\/cuisine\/outils\/zwilling-pro-epluche-citron\/#breadcrumb"},"inLanguage":"fr-FR","potentialAction":[{"@type":"ReadAction","target":["https:\/\/www.erresse-shop.it\/fr\/shop\/cuisine\/outils\/zwilling-pro-epluche-citron\/"]}]},{"@type":"BreadcrumbList","@id":"https:\/\/www.erresse-shop.it\/fr\/shop\/cuisine\/outils\/zwilling-pro-epluche-citron\/#breadcrumb","itemListElement":[{"@type":"ListItem","position":1,"name":"Home","item":"https:\/\/www.erresse-shop.it\/fr\/"},{"@type":"ListItem","position":2,"name":"Shop","item":"https:\/\/www.erresse-shop.it\/fr\/shop\/"},{"@type":"ListItem","position":3,"name":"ZWILLING PRO Epluche-citron"}]},{"@type":"WebSite","@id":"https:\/\/www.erresse-shop.it\/fr\/#website","url":"https:\/\/www.erresse-shop.it\/fr\/","name":"Erresse Shop","description":"Articoli di qualit\u00e0 per la casa","potentialAction":[{"@type":"SearchAction","target":{"@type":"EntryPoint","urlTemplate":"https:\/\/www.erresse-shop.it\/fr\/?s={search_term_string}"},"query-input":"required name=search_term_string"}],"inLanguage":"fr-FR"}]}},"df_price":8.475,"df_sale_price":8.475,"df_regular_price":16.95,"df_image_link":"https:\/\/www.erresse-shop.it\/wp-content\/uploads\/2024\/08\/ZWILLING-PRO-Pelalimoni-300x300.jpg","_links":{"self":[{"href":"https:\/\/www.erresse-shop.it\/fr\/wp-json\/wp\/v2\/product\/428270"}],"collection":[{"href":"https:\/\/www.erresse-shop.it\/fr\/wp-json\/wp\/v2\/product"}],"about":[{"href":"https:\/\/www.erresse-shop.it\/fr\/wp-json\/wp\/v2\/types\/product"}],"wp:featuredmedia":[{"embeddable":true,"href":"https:\/\/www.erresse-shop.it\/fr\/wp-json\/wp\/v2\/media\/507203"}],"wp:attachment":[{"href":"https:\/\/www.erresse-shop.it\/fr\/wp-json\/wp\/v2\/media?parent=428270"}],"wp:term":[{"taxonomy":"product_cat","embeddable":true,"href":"https:\/\/www.erresse-shop.it\/fr\/wp-json\/wp\/v2\/product_cat?post=428270"},{"taxonomy":"product_tag","embeddable":true,"href":"https:\/\/www.erresse-shop.it\/fr\/wp-json\/wp\/v2\/product_tag?post=428270"}],"curies":[{"name":"wp","href":"https:\/\/api.w.org\/{rel}","templated":true}]}}