{"id":428227,"date":"2024-08-06T09:29:35","date_gmt":"2024-08-06T09:29:37","guid":{"rendered":"https:\/\/www.erresse-shop.it\/?post_type=product&#038;p=428227"},"modified":"2024-12-20T21:33:14","modified_gmt":"2024-12-20T21:33:14","slug":"zwilling-pro-louche-a-soupe","status":"publish","type":"product","link":"https:\/\/www.erresse-shop.it\/fr\/shop\/cuisine\/outils\/zwilling-pro-louche-a-soupe\/","title":{"rendered":"ZWILLING PRO Louche \u00e0 soupe"},"content":{"rendered":"<p>Les ustensiles de cuisine modernes doivent s\u00e9duire par leur fonctionnalit\u00e9, mais aussi par leur design. La collection ZWILLING Pro r\u00e9pond \u00e0 tous vos souhaits avec ses accessoires de cuisine \u00e9l\u00e9gants qui se distinguent \u00e9galement par leur extraordinaire fonctionnalit\u00e9. La louche d&#8217;une capacit\u00e9 de 150 ml, particuli\u00e8rement pratique pour servir les soupes et les rago\u00fbts, a tout ce qu&#8217;il faut pour devenir un v\u00e9ritable classique. Son design est l&#8217;\u0153uvre des designers de renomm\u00e9e mondiale Matteo Thun et Antonio Rodriguez, qui ont utilis\u00e9 un langage des formes \u00e0 la fois intemporel et moderne. La louche est fabriqu\u00e9e en acier inoxydable de haute qualit\u00e9, magnifiquement travaill\u00e9, qui a ensuite re\u00e7u une finition polie et satin\u00e9e. Notez le contraste subtil entre la finition polie de la louche et le manche mat. Le manche ergonomique conf\u00e8re \u00e0 la louche une prise en main agr\u00e9able. En effet, le plaisir de pr\u00e9parer une soupe ne sera surpass\u00e9 que par l&#8217;envie de la servir avec cette merveilleuse louche.<\/p>\n<ul>\n<li>Design minimaliste de Matteo Thun et Antonio Rodriguez<\/li>\n<li>Fabriqu\u00e9e en acier inoxydable de haute qualit\u00e9<\/li>\n<li>Poign\u00e9es ergonomiques pour un travail sans fatigue, avec transition continue vers la tige pour une hygi\u00e8ne maximale<\/li>\n<li>Peut \u00eatre lav\u00e9e au lave-vaisselle<\/li>\n<li>Id\u00e9ale pour servir les soupes et les rago\u00fbts<\/li>\n<\/ul>\n","protected":false},"excerpt":{"rendered":"<p>Les ustensiles de cuisine modernes doivent s\u00e9duire par leur fonctionnalit\u00e9, mais aussi par leur design. La collection ZWILLING Pro r\u00e9pond<\/p>\n","protected":false},"featured_media":437637,"template":"","meta":{"_acf_changed":false,"inline_featured_image":false},"product_cat":[12748,25333],"product_tag":[25036,17113,25021,21633,15403],"acf":[],"yoast_head":"<!-- This site is optimized with the Yoast SEO Premium plugin v18.6 (Yoast SEO v19.13) - https:\/\/yoast.com\/wordpress\/plugins\/seo\/ -->\n<title>ZWILLING PRO Louche \u00e0 soupe - Erresse Shop<\/title>\n<meta name=\"description\" content=\"Les ustensiles de cuisine modernes doivent s\u00e9duire par leur fonctionnalit\u00e9, mais aussi par leur design. La collection ZWILLING Pro r\u00e9pond \u00e0 tous vos\" \/>\n<meta name=\"robots\" content=\"index, follow, max-snippet:-1, max-image-preview:large, max-video-preview:-1\" \/>\n<link rel=\"canonical\" href=\"https:\/\/www.erresse-shop.it\/fr\/shop\/cuisine\/outils\/zwilling-pro-louche-a-soupe\/\" \/>\n<meta property=\"og:locale\" content=\"fr_FR\" \/>\n<meta property=\"og:type\" content=\"article\" \/>\n<meta property=\"og:title\" content=\"ZWILLING PRO Louche \u00e0 soupe\" \/>\n<meta property=\"og:description\" content=\"Les ustensiles de cuisine modernes doivent s\u00e9duire par leur fonctionnalit\u00e9, mais aussi par leur design. La collection ZWILLING Pro r\u00e9pond \u00e0 tous vos\" \/>\n<meta property=\"og:url\" content=\"https:\/\/www.erresse-shop.it\/fr\/shop\/cuisine\/outils\/zwilling-pro-louche-a-soupe\/\" \/>\n<meta property=\"og:site_name\" content=\"Erresse Shop\" \/>\n<meta property=\"article:modified_time\" content=\"2024-12-20T21:33:14+00:00\" \/>\n<meta property=\"og:image\" content=\"https:\/\/www.erresse-shop.it\/wp-content\/uploads\/2024\/08\/ZWILLING-PRO-Mestolo-Zuppa.jpg\" \/>\n\t<meta property=\"og:image:width\" content=\"1200\" \/>\n\t<meta property=\"og:image:height\" content=\"1200\" \/>\n\t<meta property=\"og:image:type\" content=\"image\/jpeg\" \/>\n<meta name=\"twitter:card\" content=\"summary_large_image\" \/>\n<script type=\"application\/ld+json\" class=\"yoast-schema-graph\">{\"@context\":\"https:\/\/schema.org\",\"@graph\":[{\"@type\":\"WebPage\",\"@id\":\"https:\/\/www.erresse-shop.it\/fr\/shop\/cuisine\/outils\/zwilling-pro-louche-a-soupe\/\",\"url\":\"https:\/\/www.erresse-shop.it\/fr\/shop\/cuisine\/outils\/zwilling-pro-louche-a-soupe\/\",\"name\":\"ZWILLING PRO Louche \u00e0 soupe - Erresse Shop\",\"isPartOf\":{\"@id\":\"https:\/\/www.erresse-shop.it\/fr\/#website\"},\"datePublished\":\"2024-08-06T09:29:37+00:00\",\"dateModified\":\"2024-12-20T21:33:14+00:00\",\"description\":\"Les ustensiles de cuisine modernes doivent s\u00e9duire par leur fonctionnalit\u00e9, mais aussi par leur design. La collection ZWILLING Pro r\u00e9pond \u00e0 tous vos\",\"breadcrumb\":{\"@id\":\"https:\/\/www.erresse-shop.it\/fr\/shop\/cuisine\/outils\/zwilling-pro-louche-a-soupe\/#breadcrumb\"},\"inLanguage\":\"fr-FR\",\"potentialAction\":[{\"@type\":\"ReadAction\",\"target\":[\"https:\/\/www.erresse-shop.it\/fr\/shop\/cuisine\/outils\/zwilling-pro-louche-a-soupe\/\"]}]},{\"@type\":\"BreadcrumbList\",\"@id\":\"https:\/\/www.erresse-shop.it\/fr\/shop\/cuisine\/outils\/zwilling-pro-louche-a-soupe\/#breadcrumb\",\"itemListElement\":[{\"@type\":\"ListItem\",\"position\":1,\"name\":\"Home\",\"item\":\"https:\/\/www.erresse-shop.it\/fr\/\"},{\"@type\":\"ListItem\",\"position\":2,\"name\":\"Shop\",\"item\":\"https:\/\/www.erresse-shop.it\/fr\/shop\/\"},{\"@type\":\"ListItem\",\"position\":3,\"name\":\"ZWILLING PRO Louche \u00e0 soupe\"}]},{\"@type\":\"WebSite\",\"@id\":\"https:\/\/www.erresse-shop.it\/fr\/#website\",\"url\":\"https:\/\/www.erresse-shop.it\/fr\/\",\"name\":\"Erresse Shop\",\"description\":\"Articoli di qualit\u00e0 per la casa\",\"potentialAction\":[{\"@type\":\"SearchAction\",\"target\":{\"@type\":\"EntryPoint\",\"urlTemplate\":\"https:\/\/www.erresse-shop.it\/fr\/?s={search_term_string}\"},\"query-input\":\"required name=search_term_string\"}],\"inLanguage\":\"fr-FR\"}]}<\/script>\n<!-- \/ Yoast SEO Premium plugin. -->","yoast_head_json":{"title":"ZWILLING PRO Louche \u00e0 soupe - Erresse Shop","description":"Les ustensiles de cuisine modernes doivent s\u00e9duire par leur fonctionnalit\u00e9, mais aussi par leur design. La collection ZWILLING Pro r\u00e9pond \u00e0 tous vos","robots":{"index":"index","follow":"follow","max-snippet":"max-snippet:-1","max-image-preview":"max-image-preview:large","max-video-preview":"max-video-preview:-1"},"canonical":"https:\/\/www.erresse-shop.it\/fr\/shop\/cuisine\/outils\/zwilling-pro-louche-a-soupe\/","og_locale":"fr_FR","og_type":"article","og_title":"ZWILLING PRO Louche \u00e0 soupe","og_description":"Les ustensiles de cuisine modernes doivent s\u00e9duire par leur fonctionnalit\u00e9, mais aussi par leur design. La collection ZWILLING Pro r\u00e9pond \u00e0 tous vos","og_url":"https:\/\/www.erresse-shop.it\/fr\/shop\/cuisine\/outils\/zwilling-pro-louche-a-soupe\/","og_site_name":"Erresse Shop","article_modified_time":"2024-12-20T21:33:14+00:00","og_image":[{"width":1200,"height":1200,"url":"https:\/\/www.erresse-shop.it\/wp-content\/uploads\/2024\/08\/ZWILLING-PRO-Mestolo-Zuppa.jpg","type":"image\/jpeg"}],"twitter_card":"summary_large_image","schema":{"@context":"https:\/\/schema.org","@graph":[{"@type":"WebPage","@id":"https:\/\/www.erresse-shop.it\/fr\/shop\/cuisine\/outils\/zwilling-pro-louche-a-soupe\/","url":"https:\/\/www.erresse-shop.it\/fr\/shop\/cuisine\/outils\/zwilling-pro-louche-a-soupe\/","name":"ZWILLING PRO Louche \u00e0 soupe - Erresse Shop","isPartOf":{"@id":"https:\/\/www.erresse-shop.it\/fr\/#website"},"datePublished":"2024-08-06T09:29:37+00:00","dateModified":"2024-12-20T21:33:14+00:00","description":"Les ustensiles de cuisine modernes doivent s\u00e9duire par leur fonctionnalit\u00e9, mais aussi par leur design. La collection ZWILLING Pro r\u00e9pond \u00e0 tous vos","breadcrumb":{"@id":"https:\/\/www.erresse-shop.it\/fr\/shop\/cuisine\/outils\/zwilling-pro-louche-a-soupe\/#breadcrumb"},"inLanguage":"fr-FR","potentialAction":[{"@type":"ReadAction","target":["https:\/\/www.erresse-shop.it\/fr\/shop\/cuisine\/outils\/zwilling-pro-louche-a-soupe\/"]}]},{"@type":"BreadcrumbList","@id":"https:\/\/www.erresse-shop.it\/fr\/shop\/cuisine\/outils\/zwilling-pro-louche-a-soupe\/#breadcrumb","itemListElement":[{"@type":"ListItem","position":1,"name":"Home","item":"https:\/\/www.erresse-shop.it\/fr\/"},{"@type":"ListItem","position":2,"name":"Shop","item":"https:\/\/www.erresse-shop.it\/fr\/shop\/"},{"@type":"ListItem","position":3,"name":"ZWILLING PRO Louche \u00e0 soupe"}]},{"@type":"WebSite","@id":"https:\/\/www.erresse-shop.it\/fr\/#website","url":"https:\/\/www.erresse-shop.it\/fr\/","name":"Erresse Shop","description":"Articoli di qualit\u00e0 per la casa","potentialAction":[{"@type":"SearchAction","target":{"@type":"EntryPoint","urlTemplate":"https:\/\/www.erresse-shop.it\/fr\/?s={search_term_string}"},"query-input":"required name=search_term_string"}],"inLanguage":"fr-FR"}]}},"df_price":12.475,"df_sale_price":12.475,"df_regular_price":24.95,"df_image_link":"https:\/\/www.erresse-shop.it\/wp-content\/uploads\/2024\/08\/ZWILLING-PRO-Mestolo-Zuppa-300x300.jpg","_links":{"self":[{"href":"https:\/\/www.erresse-shop.it\/fr\/wp-json\/wp\/v2\/product\/428227"}],"collection":[{"href":"https:\/\/www.erresse-shop.it\/fr\/wp-json\/wp\/v2\/product"}],"about":[{"href":"https:\/\/www.erresse-shop.it\/fr\/wp-json\/wp\/v2\/types\/product"}],"wp:featuredmedia":[{"embeddable":true,"href":"https:\/\/www.erresse-shop.it\/fr\/wp-json\/wp\/v2\/media\/437637"}],"wp:attachment":[{"href":"https:\/\/www.erresse-shop.it\/fr\/wp-json\/wp\/v2\/media?parent=428227"}],"wp:term":[{"taxonomy":"product_cat","embeddable":true,"href":"https:\/\/www.erresse-shop.it\/fr\/wp-json\/wp\/v2\/product_cat?post=428227"},{"taxonomy":"product_tag","embeddable":true,"href":"https:\/\/www.erresse-shop.it\/fr\/wp-json\/wp\/v2\/product_tag?post=428227"}],"curies":[{"name":"wp","href":"https:\/\/api.w.org\/{rel}","templated":true}]}}