{"id":428172,"date":"2024-08-06T08:41:16","date_gmt":"2024-08-06T08:41:17","guid":{"rendered":"https:\/\/www.erresse-shop.it\/?post_type=product&#038;p=428172"},"modified":"2024-10-16T12:17:24","modified_gmt":"2024-10-16T12:17:24","slug":"zwilling-enfinigy-ouvre-bouteille-electrique-noir","status":"publish","type":"product","link":"https:\/\/www.erresse-shop.it\/fr\/shop\/table-fr-2\/vin\/zwilling-enfinigy-ouvre-bouteille-electrique-noir\/","title":{"rendered":"ZWILLING Enfinigy Ouvre-bouteille \u00e9lectrique Noir"},"content":{"rendered":"<p>Un produit indispensable pour tous les amateurs de vin : l&#8217;ouvre-bouteille \u00e9lectrique ZWILLING ENFINIGY permet d&#8217;ouvrir les bouteilles de vin sans effort, sur simple pression d&#8217;un bouton. Gr\u00e2ce \u00e0 une seule touche, vous pouvez retirer la capsule et le bouchon des bouteilles de votre vin pr\u00e9f\u00e9r\u00e9 en un clin d&#8217;\u0153il ! La batterie puissante vous permet d&#8217;ouvrir jusqu&#8217;\u00e0 50 bouteilles, tandis que le coupe-feu int\u00e9gr\u00e9 et l&#8217;\u00e9clairage LED en font un accessoire complet et sophistiqu\u00e9. De plus, son \u00e9l\u00e9gant design italien fait de ce d\u00e9capsuleur \u00e9lectrique l&#8217;accessoire parfait pour toute cuisine ou tout bar. Avec l&#8217;ENFINIGY de ZWILLING, vous b\u00e9n\u00e9ficiez d&#8217;un confort maximal lorsque vous servez et buvez du vin &#8211; la fa\u00e7on id\u00e9ale de savourer votre prochain verre de vin !<\/p>\n<ul>\n<li>Ouvre les bouteilles de vin d&#8217;un simple clic<\/li>\n<li>Une seule charge de batterie suffit pour servir jusqu&#8217;\u00e0 50 bouteilles<\/li>\n<li>Rev\u00eatement en silicone sans PTFE<\/li>\n<li>Coupe-papier int\u00e9gr\u00e9<\/li>\n<li>Lampe LED int\u00e9gr\u00e9e<\/li>\n<li>Con\u00e7u par Matteo Thun et Antonio Rodriguez<\/li>\n<\/ul>\n<p>Couleur : noir<br \/>\nMat\u00e9riau : plastique<br \/>\nTension : 7,4 V<br \/>\nFr\u00e9quence : 50\/60 Hz<br \/>\nType de moteur : moteur \u00e0 courant continu<\/p>\n","protected":false},"excerpt":{"rendered":"<p>Un produit indispensable pour tous les amateurs de vin : l&#8217;ouvre-bouteille \u00e9lectrique ZWILLING ENFINIGY permet d&#8217;ouvrir les bouteilles de vin<\/p>\n","protected":false},"featured_media":496111,"template":"","meta":{"_acf_changed":false,"inline_featured_image":false},"product_cat":[12782,14463,12754],"product_tag":[25036,12820,13718,25021,21198,21199,16884],"acf":[],"yoast_head":"<!-- This site is optimized with the Yoast SEO Premium plugin v18.6 (Yoast SEO v19.13) - https:\/\/yoast.com\/wordpress\/plugins\/seo\/ -->\n<title>ZWILLING Enfinigy Ouvre-bouteille \u00e9lectrique Noir - Erresse Shop<\/title>\n<meta name=\"description\" content=\"Un produit indispensable pour tous les amateurs de vin : l&#039;ouvre-bouteille \u00e9lectrique ZWILLING ENFINIGY permet d&#039;ouvrir les bouteilles de vin sans effort,\" \/>\n<meta name=\"robots\" content=\"index, follow, max-snippet:-1, max-image-preview:large, max-video-preview:-1\" \/>\n<link rel=\"canonical\" href=\"https:\/\/www.erresse-shop.it\/fr\/shop\/table-fr-2\/vin\/zwilling-enfinigy-ouvre-bouteille-electrique-noir\/\" \/>\n<meta property=\"og:locale\" content=\"fr_FR\" \/>\n<meta property=\"og:type\" content=\"article\" \/>\n<meta property=\"og:title\" content=\"ZWILLING Enfinigy Ouvre-bouteille \u00e9lectrique Noir\" \/>\n<meta property=\"og:description\" content=\"Un produit indispensable pour tous les amateurs de vin : l&#039;ouvre-bouteille \u00e9lectrique ZWILLING ENFINIGY permet d&#039;ouvrir les bouteilles de vin sans effort,\" \/>\n<meta property=\"og:url\" content=\"https:\/\/www.erresse-shop.it\/fr\/shop\/table-fr-2\/vin\/zwilling-enfinigy-ouvre-bouteille-electrique-noir\/\" \/>\n<meta property=\"og:site_name\" content=\"Erresse Shop\" \/>\n<meta property=\"article:modified_time\" content=\"2024-10-16T12:17:24+00:00\" \/>\n<meta property=\"og:image\" content=\"https:\/\/www.erresse-shop.it\/wp-content\/uploads\/2024\/08\/ZWILLING-Enfinigy-Apribottiglie-Vino-Elettrico-Nero.png\" \/>\n\t<meta property=\"og:image:width\" content=\"800\" \/>\n\t<meta property=\"og:image:height\" content=\"800\" \/>\n\t<meta property=\"og:image:type\" content=\"image\/png\" \/>\n<meta name=\"twitter:card\" content=\"summary_large_image\" \/>\n<script type=\"application\/ld+json\" class=\"yoast-schema-graph\">{\"@context\":\"https:\/\/schema.org\",\"@graph\":[{\"@type\":\"WebPage\",\"@id\":\"https:\/\/www.erresse-shop.it\/fr\/shop\/table-fr-2\/vin\/zwilling-enfinigy-ouvre-bouteille-electrique-noir\/\",\"url\":\"https:\/\/www.erresse-shop.it\/fr\/shop\/table-fr-2\/vin\/zwilling-enfinigy-ouvre-bouteille-electrique-noir\/\",\"name\":\"ZWILLING Enfinigy Ouvre-bouteille \u00e9lectrique Noir - Erresse Shop\",\"isPartOf\":{\"@id\":\"https:\/\/www.erresse-shop.it\/fr\/#website\"},\"datePublished\":\"2024-08-06T08:41:17+00:00\",\"dateModified\":\"2024-10-16T12:17:24+00:00\",\"description\":\"Un produit indispensable pour tous les amateurs de vin : l'ouvre-bouteille \u00e9lectrique ZWILLING ENFINIGY permet d'ouvrir les bouteilles de vin sans effort,\",\"breadcrumb\":{\"@id\":\"https:\/\/www.erresse-shop.it\/fr\/shop\/table-fr-2\/vin\/zwilling-enfinigy-ouvre-bouteille-electrique-noir\/#breadcrumb\"},\"inLanguage\":\"fr-FR\",\"potentialAction\":[{\"@type\":\"ReadAction\",\"target\":[\"https:\/\/www.erresse-shop.it\/fr\/shop\/table-fr-2\/vin\/zwilling-enfinigy-ouvre-bouteille-electrique-noir\/\"]}]},{\"@type\":\"BreadcrumbList\",\"@id\":\"https:\/\/www.erresse-shop.it\/fr\/shop\/table-fr-2\/vin\/zwilling-enfinigy-ouvre-bouteille-electrique-noir\/#breadcrumb\",\"itemListElement\":[{\"@type\":\"ListItem\",\"position\":1,\"name\":\"Home\",\"item\":\"https:\/\/www.erresse-shop.it\/fr\/\"},{\"@type\":\"ListItem\",\"position\":2,\"name\":\"Shop\",\"item\":\"https:\/\/www.erresse-shop.it\/fr\/shop\/\"},{\"@type\":\"ListItem\",\"position\":3,\"name\":\"ZWILLING Enfinigy Ouvre-bouteille \u00e9lectrique Noir\"}]},{\"@type\":\"WebSite\",\"@id\":\"https:\/\/www.erresse-shop.it\/fr\/#website\",\"url\":\"https:\/\/www.erresse-shop.it\/fr\/\",\"name\":\"Erresse Shop\",\"description\":\"Articoli di qualit\u00e0 per la casa\",\"potentialAction\":[{\"@type\":\"SearchAction\",\"target\":{\"@type\":\"EntryPoint\",\"urlTemplate\":\"https:\/\/www.erresse-shop.it\/fr\/?s={search_term_string}\"},\"query-input\":\"required name=search_term_string\"}],\"inLanguage\":\"fr-FR\"}]}<\/script>\n<!-- \/ Yoast SEO Premium plugin. -->","yoast_head_json":{"title":"ZWILLING Enfinigy Ouvre-bouteille \u00e9lectrique Noir - Erresse Shop","description":"Un produit indispensable pour tous les amateurs de vin : l'ouvre-bouteille \u00e9lectrique ZWILLING ENFINIGY permet d'ouvrir les bouteilles de vin sans effort,","robots":{"index":"index","follow":"follow","max-snippet":"max-snippet:-1","max-image-preview":"max-image-preview:large","max-video-preview":"max-video-preview:-1"},"canonical":"https:\/\/www.erresse-shop.it\/fr\/shop\/table-fr-2\/vin\/zwilling-enfinigy-ouvre-bouteille-electrique-noir\/","og_locale":"fr_FR","og_type":"article","og_title":"ZWILLING Enfinigy Ouvre-bouteille \u00e9lectrique Noir","og_description":"Un produit indispensable pour tous les amateurs de vin : l'ouvre-bouteille \u00e9lectrique ZWILLING ENFINIGY permet d'ouvrir les bouteilles de vin sans effort,","og_url":"https:\/\/www.erresse-shop.it\/fr\/shop\/table-fr-2\/vin\/zwilling-enfinigy-ouvre-bouteille-electrique-noir\/","og_site_name":"Erresse Shop","article_modified_time":"2024-10-16T12:17:24+00:00","og_image":[{"width":800,"height":800,"url":"https:\/\/www.erresse-shop.it\/wp-content\/uploads\/2024\/08\/ZWILLING-Enfinigy-Apribottiglie-Vino-Elettrico-Nero.png","type":"image\/png"}],"twitter_card":"summary_large_image","schema":{"@context":"https:\/\/schema.org","@graph":[{"@type":"WebPage","@id":"https:\/\/www.erresse-shop.it\/fr\/shop\/table-fr-2\/vin\/zwilling-enfinigy-ouvre-bouteille-electrique-noir\/","url":"https:\/\/www.erresse-shop.it\/fr\/shop\/table-fr-2\/vin\/zwilling-enfinigy-ouvre-bouteille-electrique-noir\/","name":"ZWILLING Enfinigy Ouvre-bouteille \u00e9lectrique Noir - Erresse Shop","isPartOf":{"@id":"https:\/\/www.erresse-shop.it\/fr\/#website"},"datePublished":"2024-08-06T08:41:17+00:00","dateModified":"2024-10-16T12:17:24+00:00","description":"Un produit indispensable pour tous les amateurs de vin : l'ouvre-bouteille \u00e9lectrique ZWILLING ENFINIGY permet d'ouvrir les bouteilles de vin sans effort,","breadcrumb":{"@id":"https:\/\/www.erresse-shop.it\/fr\/shop\/table-fr-2\/vin\/zwilling-enfinigy-ouvre-bouteille-electrique-noir\/#breadcrumb"},"inLanguage":"fr-FR","potentialAction":[{"@type":"ReadAction","target":["https:\/\/www.erresse-shop.it\/fr\/shop\/table-fr-2\/vin\/zwilling-enfinigy-ouvre-bouteille-electrique-noir\/"]}]},{"@type":"BreadcrumbList","@id":"https:\/\/www.erresse-shop.it\/fr\/shop\/table-fr-2\/vin\/zwilling-enfinigy-ouvre-bouteille-electrique-noir\/#breadcrumb","itemListElement":[{"@type":"ListItem","position":1,"name":"Home","item":"https:\/\/www.erresse-shop.it\/fr\/"},{"@type":"ListItem","position":2,"name":"Shop","item":"https:\/\/www.erresse-shop.it\/fr\/shop\/"},{"@type":"ListItem","position":3,"name":"ZWILLING Enfinigy Ouvre-bouteille \u00e9lectrique Noir"}]},{"@type":"WebSite","@id":"https:\/\/www.erresse-shop.it\/fr\/#website","url":"https:\/\/www.erresse-shop.it\/fr\/","name":"Erresse Shop","description":"Articoli di qualit\u00e0 per la casa","potentialAction":[{"@type":"SearchAction","target":{"@type":"EntryPoint","urlTemplate":"https:\/\/www.erresse-shop.it\/fr\/?s={search_term_string}"},"query-input":"required name=search_term_string"}],"inLanguage":"fr-FR"}]}},"df_price":24.975,"df_sale_price":24.975,"df_regular_price":49.95,"df_image_link":"https:\/\/www.erresse-shop.it\/wp-content\/uploads\/2024\/08\/ZWILLING-Enfinigy-Apribottiglie-Vino-Elettrico-Nero-300x300.jpg","_links":{"self":[{"href":"https:\/\/www.erresse-shop.it\/fr\/wp-json\/wp\/v2\/product\/428172"}],"collection":[{"href":"https:\/\/www.erresse-shop.it\/fr\/wp-json\/wp\/v2\/product"}],"about":[{"href":"https:\/\/www.erresse-shop.it\/fr\/wp-json\/wp\/v2\/types\/product"}],"wp:featuredmedia":[{"embeddable":true,"href":"https:\/\/www.erresse-shop.it\/fr\/wp-json\/wp\/v2\/media\/496111"}],"wp:attachment":[{"href":"https:\/\/www.erresse-shop.it\/fr\/wp-json\/wp\/v2\/media?parent=428172"}],"wp:term":[{"taxonomy":"product_cat","embeddable":true,"href":"https:\/\/www.erresse-shop.it\/fr\/wp-json\/wp\/v2\/product_cat?post=428172"},{"taxonomy":"product_tag","embeddable":true,"href":"https:\/\/www.erresse-shop.it\/fr\/wp-json\/wp\/v2\/product_tag?post=428172"}],"curies":[{"name":"wp","href":"https:\/\/api.w.org\/{rel}","templated":true}]}}