{"id":428096,"date":"2024-08-06T07:38:35","date_gmt":"2024-08-06T07:38:36","guid":{"rendered":"https:\/\/www.erresse-shop.it\/?post_type=product&#038;p=428096"},"modified":"2024-11-06T07:58:45","modified_gmt":"2024-11-06T07:58:45","slug":"smeg-aesthetic-50s-four-a-vapeur-combine-vert","status":"publish","type":"product","link":"https:\/\/www.erresse-shop.it\/fr\/shop\/petits-electromenagers\/fours\/smeg-aesthetic-50s-four-a-vapeur-combine-vert\/","title":{"rendered":"SMEG Aesthetic 50s Four \u00e0 vapeur combin\u00e9 Vert"},"content":{"rendered":"<p><b>SMEG\u00a0<\/b>serie anni 50<\/p>\n<p>Objets de rencontre symbolique, ic\u00f4nes qui transforment l&#8217;espace qu&#8217;ils occupent, les nouveaux petits de la ligne Anni &#8217;50s, con\u00e7us en collaboration avec Matteo Bazzicalupo et Raffaella Mangiarotti de deepdesign, \u00e9voquent d&#8217;autres temps et fa\u00e7onnent des lieux quotidiens, en investissant ce qui existe ou a exist\u00e9 d&#8217;une nouvelle signification, comme cela se produit dans l&#8217;art et la m\u00e9moire.<br \/>\nDes produits aux formes arrondies et compactes, protagonistes de la cuisine, con\u00e7us pour ceux qui souhaitent vivre l&#8217;exp\u00e9rience d&#8217;un chef, mais pas seulement. Pour ceux qui aiment s&#8217;entourer d&#8217;objets \u00e0 fort caract\u00e8re esth\u00e9tique sans perdre de vue la qualit\u00e9 des prestations.<\/p>\n<p>Four mixte 10 en 1 Made in Italy : le meilleur de la technologie des fours domestiques Smeg, con\u00e7u pour le plan de travail de votre cuisine. Polyvalence et r\u00e9sultats professionnels gr\u00e2ce \u00e0 la cuisson traditionnelle, \u00e0 la vapeur et aux recettes du chef automatique.<\/p>\n<p><strong>AESTHETICS<\/strong><\/p>\n<p><strong>Couleur<\/strong> : Vert pastel<br \/>\n<strong>Finition<\/strong> : brillante<br \/>\n<strong>Esth\u00e9tique<\/strong> : Style ann\u00e9es 50<br \/>\n<strong>Couleur de la fen\u00eatre<\/strong> : fum\u00e9e<br \/>\n<strong>Couleur de la base<\/strong> : Gris mat<br \/>\n<strong>Mat\u00e9riau de la poign\u00e9e<\/strong> : Aluminium<br \/>\n<strong>Mat\u00e9riau du r\u00e9servoir<\/strong> : Plastique<br \/>\n<strong>Mat\u00e9riau des pieds antid\u00e9rapants<\/strong> : caoutchouc<br \/>\n<strong>Couleur du levier d&#8217;ouverture du r\u00e9servoir<\/strong> : Vert pastel<br \/>\n<strong>Mat\u00e9riau de la fen\u00eatre<\/strong> : verre avec cadre en plastique poli<br \/>\n<strong>Mat\u00e9riau du levier d&#8217;ouverture du r\u00e9servoir<\/strong> : plastique<\/p>\n<p><strong>PROGRAMMES \/ FONCTIONS<\/strong><\/p>\n<p><strong>Nombre de fonctions de cuisson<\/strong> : 10<br \/>\n<strong>Avertissement de d\u00e9tartrage<\/strong> : Oui<br \/>\n<strong>Avertissement de r\u00e9servoir d&#8217;eau vide\/manquant<\/strong> : Oui<br \/>\n<strong>Avertissements sonores<\/strong> : En option<br \/>\n<strong>Fonction gril<\/strong> : Oui<br \/>\n<strong>Fonction de ventilation<\/strong> : Oui<br \/>\n<strong>Fonction de base ventil\u00e9e<\/strong> : Oui<br \/>\n<strong>Fonction Air Fry<\/strong> : Oui<br \/>\n<strong>Fonction statique<\/strong> : Oui<br \/>\n<strong>Menu de cuisson traditionnel<\/strong> : Statique, Ventil\u00e9, Gril, Base ventil\u00e9e, Air fry, Maintien au chaud, D\u00e9cong\u00e9lation<br \/>\n<strong>Nombre de recettes automatiques<\/strong> : 33<br \/>\n<strong>Fonction combin\u00e9e vapeur + gril ventil\u00e9<\/strong> : Oui (20-70%)<br \/>\n<strong>Fonction vapeur pure<\/strong> : Oui (100 %)<br \/>\n<strong>Fonction d\u00e9cong\u00e9lation<\/strong> : Oui<br \/>\n<strong>Menu du chef<\/strong> : Viande et volaille, Poisson et crustac\u00e9s, L\u00e9gumes et accompagnements, G\u00e2teaux et desserts, Pain \/ pizza et flans<br \/>\n<strong>Fonction maintien au chaud<\/strong> : Oui<br \/>\n<strong>Fonction combin\u00e9e vapeur + ventilation<\/strong> : Oui (20-70%)<br \/>\n<strong>Menu de cuisson \u00e0 la vapeur<\/strong> : Vapeur pure (100 %), Vapeur combin\u00e9e + ventil\u00e9e, Vapeur combin\u00e9e + gril ventil\u00e9<\/p>\n<p><strong>COMMANDES<\/strong><br \/>\n<strong>Type de commande<\/strong> : Boutons<br \/>\n<strong>Mat\u00e9riau des boutons<\/strong> : Plastique<br \/>\n<strong>Couleur des boutons<\/strong> : Argent<br \/>\n<strong>Nombre de boutons de boissons<\/strong> : 4<br \/>\n<strong>Marche\/arr\u00eat automatique<\/strong><\/p>\n<p><strong>CARACT\u00c9RISTIQUES TECHNIQUES<\/strong><\/p>\n<p><strong>Technologie d&#8217;affichage<\/strong> : LCD couleur<br \/>\n<strong>R\u00e9servoir d&#8217;eau amovible<\/strong> : Oui<br \/>\n<strong>R\u00e9glage de la temp\u00e9rature<\/strong> : \u00e9lectronique<br \/>\n<strong>Temp\u00e9rature minimale<\/strong> : 40 \u00b0C<br \/>\n<strong>Temp\u00e9rature maximale<\/strong> : 230 \u00b0C<br \/>\n<strong>Mat\u00e9riau de la cavit\u00e9<\/strong> : \u00c9maill\u00e9<br \/>\n<strong>Nombre d&#8217;\u00e9tag\u00e8res<\/strong> : 3<br \/>\n<strong>Type d&#8217;\u00e9tag\u00e8res<\/strong> : Cadres m\u00e9talliques<br \/>\n<strong>Ventilateur<\/strong> : Simple<\/p>\n<p><strong>RACCORDEMENT \u00c9LECTRIQUE<\/strong><br \/>\n<strong>Tension (V)<\/strong> : 220-240 V<br \/>\n<strong>Fr\u00e9quence Hz<\/strong> : 50\/60 Hz<br \/>\n<strong>Longueur du c\u00e2ble d&#8217;alimentation<\/strong> : 1 m<\/p>\n<p><u style=\"font-size: 13px; line-height: 20.8px;\"><strong>Not for sale outside from Europe<\/strong><\/u><\/p>\n","protected":false},"excerpt":{"rendered":"<p>SMEG\u00a0serie anni 50 Objets de rencontre symbolique, ic\u00f4nes qui transforment l&#8217;espace qu&#8217;ils occupent, les nouveaux petits de la ligne Anni<\/p>\n","protected":false},"featured_media":491507,"template":"","meta":{"_acf_changed":false,"inline_featured_image":false},"product_cat":[15660,12449],"product_tag":[25181,23910,13253,25021,17107,19952,19953],"acf":[],"yoast_head":"<!-- This site is optimized with the Yoast SEO Premium plugin v18.6 (Yoast SEO v19.13) - https:\/\/yoast.com\/wordpress\/plugins\/seo\/ -->\n<title>SMEG Aesthetic 50s Four \u00e0 vapeur combin\u00e9 Vert - Erresse Shop<\/title>\n<meta name=\"description\" content=\"SMEG\u00a0serie anni 50 Objets de rencontre symbolique, ic\u00f4nes qui transforment l&#039;espace qu&#039;ils occupent, les nouveaux petits de la ligne Anni &#039;50s, con\u00e7us en\" \/>\n<meta name=\"robots\" content=\"index, follow, max-snippet:-1, max-image-preview:large, max-video-preview:-1\" \/>\n<link rel=\"canonical\" href=\"https:\/\/www.erresse-shop.it\/fr\/shop\/petits-electromenagers\/fours\/smeg-aesthetic-50s-four-a-vapeur-combine-vert\/\" \/>\n<meta property=\"og:locale\" content=\"fr_FR\" \/>\n<meta property=\"og:type\" content=\"article\" \/>\n<meta property=\"og:title\" content=\"SMEG Aesthetic 50s Four \u00e0 vapeur combin\u00e9 Vert\" \/>\n<meta property=\"og:description\" content=\"SMEG\u00a0serie anni 50 Objets de rencontre symbolique, ic\u00f4nes qui transforment l&#039;espace qu&#039;ils occupent, les nouveaux petits de la ligne Anni &#039;50s, con\u00e7us en\" \/>\n<meta property=\"og:url\" content=\"https:\/\/www.erresse-shop.it\/fr\/shop\/petits-electromenagers\/fours\/smeg-aesthetic-50s-four-a-vapeur-combine-vert\/\" \/>\n<meta property=\"og:site_name\" content=\"Erresse Shop\" \/>\n<meta property=\"article:modified_time\" content=\"2024-11-06T07:58:45+00:00\" \/>\n<meta property=\"og:image\" content=\"https:\/\/www.erresse-shop.it\/wp-content\/uploads\/2024\/08\/SMEG-Estetica-Anni-50-Forno-Combinato-a-Vapore-Verde.png\" \/>\n\t<meta property=\"og:image:width\" content=\"800\" \/>\n\t<meta property=\"og:image:height\" content=\"800\" \/>\n\t<meta property=\"og:image:type\" content=\"image\/png\" \/>\n<meta name=\"twitter:card\" content=\"summary_large_image\" \/>\n<script type=\"application\/ld+json\" class=\"yoast-schema-graph\">{\"@context\":\"https:\/\/schema.org\",\"@graph\":[{\"@type\":\"WebPage\",\"@id\":\"https:\/\/www.erresse-shop.it\/fr\/shop\/petits-electromenagers\/fours\/smeg-aesthetic-50s-four-a-vapeur-combine-vert\/\",\"url\":\"https:\/\/www.erresse-shop.it\/fr\/shop\/petits-electromenagers\/fours\/smeg-aesthetic-50s-four-a-vapeur-combine-vert\/\",\"name\":\"SMEG Aesthetic 50s Four \u00e0 vapeur combin\u00e9 Vert - Erresse Shop\",\"isPartOf\":{\"@id\":\"https:\/\/www.erresse-shop.it\/fr\/#website\"},\"datePublished\":\"2024-08-06T07:38:36+00:00\",\"dateModified\":\"2024-11-06T07:58:45+00:00\",\"description\":\"SMEG\u00a0serie anni 50 Objets de rencontre symbolique, ic\u00f4nes qui transforment l'espace qu'ils occupent, les nouveaux petits de la ligne Anni '50s, con\u00e7us en\",\"breadcrumb\":{\"@id\":\"https:\/\/www.erresse-shop.it\/fr\/shop\/petits-electromenagers\/fours\/smeg-aesthetic-50s-four-a-vapeur-combine-vert\/#breadcrumb\"},\"inLanguage\":\"fr-FR\",\"potentialAction\":[{\"@type\":\"ReadAction\",\"target\":[\"https:\/\/www.erresse-shop.it\/fr\/shop\/petits-electromenagers\/fours\/smeg-aesthetic-50s-four-a-vapeur-combine-vert\/\"]}]},{\"@type\":\"BreadcrumbList\",\"@id\":\"https:\/\/www.erresse-shop.it\/fr\/shop\/petits-electromenagers\/fours\/smeg-aesthetic-50s-four-a-vapeur-combine-vert\/#breadcrumb\",\"itemListElement\":[{\"@type\":\"ListItem\",\"position\":1,\"name\":\"Home\",\"item\":\"https:\/\/www.erresse-shop.it\/fr\/\"},{\"@type\":\"ListItem\",\"position\":2,\"name\":\"Shop\",\"item\":\"https:\/\/www.erresse-shop.it\/fr\/shop\/\"},{\"@type\":\"ListItem\",\"position\":3,\"name\":\"SMEG Aesthetic 50s Four \u00e0 vapeur combin\u00e9 Vert\"}]},{\"@type\":\"WebSite\",\"@id\":\"https:\/\/www.erresse-shop.it\/fr\/#website\",\"url\":\"https:\/\/www.erresse-shop.it\/fr\/\",\"name\":\"Erresse Shop\",\"description\":\"Articoli di qualit\u00e0 per la casa\",\"potentialAction\":[{\"@type\":\"SearchAction\",\"target\":{\"@type\":\"EntryPoint\",\"urlTemplate\":\"https:\/\/www.erresse-shop.it\/fr\/?s={search_term_string}\"},\"query-input\":\"required name=search_term_string\"}],\"inLanguage\":\"fr-FR\"}]}<\/script>\n<!-- \/ Yoast SEO Premium plugin. -->","yoast_head_json":{"title":"SMEG Aesthetic 50s Four \u00e0 vapeur combin\u00e9 Vert - Erresse Shop","description":"SMEG\u00a0serie anni 50 Objets de rencontre symbolique, ic\u00f4nes qui transforment l'espace qu'ils occupent, les nouveaux petits de la ligne Anni '50s, con\u00e7us en","robots":{"index":"index","follow":"follow","max-snippet":"max-snippet:-1","max-image-preview":"max-image-preview:large","max-video-preview":"max-video-preview:-1"},"canonical":"https:\/\/www.erresse-shop.it\/fr\/shop\/petits-electromenagers\/fours\/smeg-aesthetic-50s-four-a-vapeur-combine-vert\/","og_locale":"fr_FR","og_type":"article","og_title":"SMEG Aesthetic 50s Four \u00e0 vapeur combin\u00e9 Vert","og_description":"SMEG\u00a0serie anni 50 Objets de rencontre symbolique, ic\u00f4nes qui transforment l'espace qu'ils occupent, les nouveaux petits de la ligne Anni '50s, con\u00e7us en","og_url":"https:\/\/www.erresse-shop.it\/fr\/shop\/petits-electromenagers\/fours\/smeg-aesthetic-50s-four-a-vapeur-combine-vert\/","og_site_name":"Erresse Shop","article_modified_time":"2024-11-06T07:58:45+00:00","og_image":[{"width":800,"height":800,"url":"https:\/\/www.erresse-shop.it\/wp-content\/uploads\/2024\/08\/SMEG-Estetica-Anni-50-Forno-Combinato-a-Vapore-Verde.png","type":"image\/png"}],"twitter_card":"summary_large_image","schema":{"@context":"https:\/\/schema.org","@graph":[{"@type":"WebPage","@id":"https:\/\/www.erresse-shop.it\/fr\/shop\/petits-electromenagers\/fours\/smeg-aesthetic-50s-four-a-vapeur-combine-vert\/","url":"https:\/\/www.erresse-shop.it\/fr\/shop\/petits-electromenagers\/fours\/smeg-aesthetic-50s-four-a-vapeur-combine-vert\/","name":"SMEG Aesthetic 50s Four \u00e0 vapeur combin\u00e9 Vert - Erresse Shop","isPartOf":{"@id":"https:\/\/www.erresse-shop.it\/fr\/#website"},"datePublished":"2024-08-06T07:38:36+00:00","dateModified":"2024-11-06T07:58:45+00:00","description":"SMEG\u00a0serie anni 50 Objets de rencontre symbolique, ic\u00f4nes qui transforment l'espace qu'ils occupent, les nouveaux petits de la ligne Anni '50s, con\u00e7us en","breadcrumb":{"@id":"https:\/\/www.erresse-shop.it\/fr\/shop\/petits-electromenagers\/fours\/smeg-aesthetic-50s-four-a-vapeur-combine-vert\/#breadcrumb"},"inLanguage":"fr-FR","potentialAction":[{"@type":"ReadAction","target":["https:\/\/www.erresse-shop.it\/fr\/shop\/petits-electromenagers\/fours\/smeg-aesthetic-50s-four-a-vapeur-combine-vert\/"]}]},{"@type":"BreadcrumbList","@id":"https:\/\/www.erresse-shop.it\/fr\/shop\/petits-electromenagers\/fours\/smeg-aesthetic-50s-four-a-vapeur-combine-vert\/#breadcrumb","itemListElement":[{"@type":"ListItem","position":1,"name":"Home","item":"https:\/\/www.erresse-shop.it\/fr\/"},{"@type":"ListItem","position":2,"name":"Shop","item":"https:\/\/www.erresse-shop.it\/fr\/shop\/"},{"@type":"ListItem","position":3,"name":"SMEG Aesthetic 50s Four \u00e0 vapeur combin\u00e9 Vert"}]},{"@type":"WebSite","@id":"https:\/\/www.erresse-shop.it\/fr\/#website","url":"https:\/\/www.erresse-shop.it\/fr\/","name":"Erresse Shop","description":"Articoli di qualit\u00e0 per la casa","potentialAction":[{"@type":"SearchAction","target":{"@type":"EntryPoint","urlTemplate":"https:\/\/www.erresse-shop.it\/fr\/?s={search_term_string}"},"query-input":"required name=search_term_string"}],"inLanguage":"fr-FR"}]}},"df_price":629.3,"df_sale_price":629.3,"df_regular_price":899,"df_image_link":"https:\/\/www.erresse-shop.it\/wp-content\/uploads\/2024\/08\/SMEG-Estetica-Anni-50-Forno-Combinato-a-Vapore-Verde-300x300.jpg","_links":{"self":[{"href":"https:\/\/www.erresse-shop.it\/fr\/wp-json\/wp\/v2\/product\/428096"}],"collection":[{"href":"https:\/\/www.erresse-shop.it\/fr\/wp-json\/wp\/v2\/product"}],"about":[{"href":"https:\/\/www.erresse-shop.it\/fr\/wp-json\/wp\/v2\/types\/product"}],"wp:featuredmedia":[{"embeddable":true,"href":"https:\/\/www.erresse-shop.it\/fr\/wp-json\/wp\/v2\/media\/491507"}],"wp:attachment":[{"href":"https:\/\/www.erresse-shop.it\/fr\/wp-json\/wp\/v2\/media?parent=428096"}],"wp:term":[{"taxonomy":"product_cat","embeddable":true,"href":"https:\/\/www.erresse-shop.it\/fr\/wp-json\/wp\/v2\/product_cat?post=428096"},{"taxonomy":"product_tag","embeddable":true,"href":"https:\/\/www.erresse-shop.it\/fr\/wp-json\/wp\/v2\/product_tag?post=428096"}],"curies":[{"name":"wp","href":"https:\/\/api.w.org\/{rel}","templated":true}]}}