{"id":427831,"date":"2024-08-05T05:37:47","date_gmt":"2024-08-05T05:37:50","guid":{"rendered":"https:\/\/www.erresse-shop.it\/?post_type=product&#038;p=427831"},"modified":"2024-10-16T12:29:13","modified_gmt":"2024-10-16T12:29:13","slug":"villeroy-boch-rock-set-de-3-tasses-a-sauce","status":"publish","type":"product","link":"https:\/\/www.erresse-shop.it\/fr\/shop\/table-fr-2\/recipients-et-bols\/villeroy-boch-rock-set-de-3-tasses-a-sauce\/","title":{"rendered":"VILLEROY &#038; BOCH Rock Set de 3 tasses \u00e0 sauce"},"content":{"rendered":"<p><strong>Un look ardoise tr\u00e8s tendance<\/strong><br \/>\nManufacture Rock est quelque chose de tr\u00e8s sp\u00e9cial : une utilisation innovante des mat\u00e9riaux, des surfaces en porcelaine avec une finition mate et un noir expressif donnent \u00e0 la gamme tendance embl\u00e9matique son aspect ardoise unique et sa sensation exceptionnelle. Les combinaisons au sein de l&#8217;ensemble de la s\u00e9rie Manufacture sont int\u00e9ressantes. Qu&#8217;il s&#8217;agisse de hors-d&#8217;\u0153uvre, de petits en-cas ou de sauces savoureuses, ce set de 4 petits bols vous permettra de faire forte impression. Faites-vous plaisir avec un design plein de caract\u00e8re.<\/p>\n<p><strong>L&#8217;ensemble se compose de :<\/strong><\/p>\n<ul>\n<li>1 Plateau de service, 28 cm x 16,9 cm<\/li>\n<li>3 bols \u00e0 sauce, 60 ml<\/li>\n<\/ul>\n","protected":false},"excerpt":{"rendered":"<p>Un look ardoise tr\u00e8s tendance Manufacture Rock est quelque chose de tr\u00e8s sp\u00e9cial : une utilisation innovante des mat\u00e9riaux, des<\/p>\n","protected":false},"featured_media":487689,"template":"","meta":{"_acf_changed":false,"inline_featured_image":false},"product_cat":[14244,12782],"product_tag":[15414,15901,17887],"acf":[],"yoast_head":"<!-- This site is optimized with the Yoast SEO Premium plugin v18.6 (Yoast SEO v19.13) - https:\/\/yoast.com\/wordpress\/plugins\/seo\/ -->\n<title>VILLEROY &amp; BOCH Rock Set de 3 tasses \u00e0 sauce - Erresse Shop<\/title>\n<meta name=\"description\" content=\"Un look ardoise tr\u00e8s tendance Manufacture Rock est quelque chose de tr\u00e8s sp\u00e9cial : une utilisation innovante des mat\u00e9riaux, des surfaces en porcelaine\" \/>\n<meta name=\"robots\" content=\"index, follow, max-snippet:-1, max-image-preview:large, max-video-preview:-1\" \/>\n<link rel=\"canonical\" href=\"https:\/\/www.erresse-shop.it\/fr\/shop\/table-fr-2\/recipients-et-bols\/villeroy-boch-rock-set-de-3-tasses-a-sauce\/\" \/>\n<meta property=\"og:locale\" content=\"fr_FR\" \/>\n<meta property=\"og:type\" content=\"article\" \/>\n<meta property=\"og:title\" content=\"VILLEROY &amp; BOCH Rock Set de 3 tasses \u00e0 sauce\" \/>\n<meta property=\"og:description\" content=\"Un look ardoise tr\u00e8s tendance Manufacture Rock est quelque chose de tr\u00e8s sp\u00e9cial : une utilisation innovante des mat\u00e9riaux, des surfaces en porcelaine\" \/>\n<meta property=\"og:url\" content=\"https:\/\/www.erresse-shop.it\/fr\/shop\/table-fr-2\/recipients-et-bols\/villeroy-boch-rock-set-de-3-tasses-a-sauce\/\" \/>\n<meta property=\"og:site_name\" content=\"Erresse Shop\" \/>\n<meta property=\"article:modified_time\" content=\"2024-10-16T12:29:13+00:00\" \/>\n<meta property=\"og:image\" content=\"https:\/\/www.erresse-shop.it\/wp-content\/uploads\/2024\/08\/VILLEROY-BOCH-Rock-Set-3-Coppette-Salsa.png\" \/>\n\t<meta property=\"og:image:width\" content=\"800\" \/>\n\t<meta property=\"og:image:height\" content=\"800\" \/>\n\t<meta property=\"og:image:type\" content=\"image\/png\" \/>\n<meta name=\"twitter:card\" content=\"summary_large_image\" \/>\n<script type=\"application\/ld+json\" class=\"yoast-schema-graph\">{\"@context\":\"https:\/\/schema.org\",\"@graph\":[{\"@type\":\"WebPage\",\"@id\":\"https:\/\/www.erresse-shop.it\/fr\/shop\/table-fr-2\/recipients-et-bols\/villeroy-boch-rock-set-de-3-tasses-a-sauce\/\",\"url\":\"https:\/\/www.erresse-shop.it\/fr\/shop\/table-fr-2\/recipients-et-bols\/villeroy-boch-rock-set-de-3-tasses-a-sauce\/\",\"name\":\"VILLEROY & BOCH Rock Set de 3 tasses \u00e0 sauce - Erresse Shop\",\"isPartOf\":{\"@id\":\"https:\/\/www.erresse-shop.it\/fr\/#website\"},\"datePublished\":\"2024-08-05T05:37:50+00:00\",\"dateModified\":\"2024-10-16T12:29:13+00:00\",\"description\":\"Un look ardoise tr\u00e8s tendance Manufacture Rock est quelque chose de tr\u00e8s sp\u00e9cial : une utilisation innovante des mat\u00e9riaux, des surfaces en porcelaine\",\"breadcrumb\":{\"@id\":\"https:\/\/www.erresse-shop.it\/fr\/shop\/table-fr-2\/recipients-et-bols\/villeroy-boch-rock-set-de-3-tasses-a-sauce\/#breadcrumb\"},\"inLanguage\":\"fr-FR\",\"potentialAction\":[{\"@type\":\"ReadAction\",\"target\":[\"https:\/\/www.erresse-shop.it\/fr\/shop\/table-fr-2\/recipients-et-bols\/villeroy-boch-rock-set-de-3-tasses-a-sauce\/\"]}]},{\"@type\":\"BreadcrumbList\",\"@id\":\"https:\/\/www.erresse-shop.it\/fr\/shop\/table-fr-2\/recipients-et-bols\/villeroy-boch-rock-set-de-3-tasses-a-sauce\/#breadcrumb\",\"itemListElement\":[{\"@type\":\"ListItem\",\"position\":1,\"name\":\"Home\",\"item\":\"https:\/\/www.erresse-shop.it\/fr\/\"},{\"@type\":\"ListItem\",\"position\":2,\"name\":\"Shop\",\"item\":\"https:\/\/www.erresse-shop.it\/fr\/shop\/\"},{\"@type\":\"ListItem\",\"position\":3,\"name\":\"VILLEROY &#038; BOCH Rock Set de 3 tasses \u00e0 sauce\"}]},{\"@type\":\"WebSite\",\"@id\":\"https:\/\/www.erresse-shop.it\/fr\/#website\",\"url\":\"https:\/\/www.erresse-shop.it\/fr\/\",\"name\":\"Erresse Shop\",\"description\":\"Articoli di qualit\u00e0 per la casa\",\"potentialAction\":[{\"@type\":\"SearchAction\",\"target\":{\"@type\":\"EntryPoint\",\"urlTemplate\":\"https:\/\/www.erresse-shop.it\/fr\/?s={search_term_string}\"},\"query-input\":\"required name=search_term_string\"}],\"inLanguage\":\"fr-FR\"}]}<\/script>\n<!-- \/ Yoast SEO Premium plugin. -->","yoast_head_json":{"title":"VILLEROY & BOCH Rock Set de 3 tasses \u00e0 sauce - Erresse Shop","description":"Un look ardoise tr\u00e8s tendance Manufacture Rock est quelque chose de tr\u00e8s sp\u00e9cial : une utilisation innovante des mat\u00e9riaux, des surfaces en porcelaine","robots":{"index":"index","follow":"follow","max-snippet":"max-snippet:-1","max-image-preview":"max-image-preview:large","max-video-preview":"max-video-preview:-1"},"canonical":"https:\/\/www.erresse-shop.it\/fr\/shop\/table-fr-2\/recipients-et-bols\/villeroy-boch-rock-set-de-3-tasses-a-sauce\/","og_locale":"fr_FR","og_type":"article","og_title":"VILLEROY & BOCH Rock Set de 3 tasses \u00e0 sauce","og_description":"Un look ardoise tr\u00e8s tendance Manufacture Rock est quelque chose de tr\u00e8s sp\u00e9cial : une utilisation innovante des mat\u00e9riaux, des surfaces en porcelaine","og_url":"https:\/\/www.erresse-shop.it\/fr\/shop\/table-fr-2\/recipients-et-bols\/villeroy-boch-rock-set-de-3-tasses-a-sauce\/","og_site_name":"Erresse Shop","article_modified_time":"2024-10-16T12:29:13+00:00","og_image":[{"width":800,"height":800,"url":"https:\/\/www.erresse-shop.it\/wp-content\/uploads\/2024\/08\/VILLEROY-BOCH-Rock-Set-3-Coppette-Salsa.png","type":"image\/png"}],"twitter_card":"summary_large_image","schema":{"@context":"https:\/\/schema.org","@graph":[{"@type":"WebPage","@id":"https:\/\/www.erresse-shop.it\/fr\/shop\/table-fr-2\/recipients-et-bols\/villeroy-boch-rock-set-de-3-tasses-a-sauce\/","url":"https:\/\/www.erresse-shop.it\/fr\/shop\/table-fr-2\/recipients-et-bols\/villeroy-boch-rock-set-de-3-tasses-a-sauce\/","name":"VILLEROY & BOCH Rock Set de 3 tasses \u00e0 sauce - Erresse Shop","isPartOf":{"@id":"https:\/\/www.erresse-shop.it\/fr\/#website"},"datePublished":"2024-08-05T05:37:50+00:00","dateModified":"2024-10-16T12:29:13+00:00","description":"Un look ardoise tr\u00e8s tendance Manufacture Rock est quelque chose de tr\u00e8s sp\u00e9cial : une utilisation innovante des mat\u00e9riaux, des surfaces en porcelaine","breadcrumb":{"@id":"https:\/\/www.erresse-shop.it\/fr\/shop\/table-fr-2\/recipients-et-bols\/villeroy-boch-rock-set-de-3-tasses-a-sauce\/#breadcrumb"},"inLanguage":"fr-FR","potentialAction":[{"@type":"ReadAction","target":["https:\/\/www.erresse-shop.it\/fr\/shop\/table-fr-2\/recipients-et-bols\/villeroy-boch-rock-set-de-3-tasses-a-sauce\/"]}]},{"@type":"BreadcrumbList","@id":"https:\/\/www.erresse-shop.it\/fr\/shop\/table-fr-2\/recipients-et-bols\/villeroy-boch-rock-set-de-3-tasses-a-sauce\/#breadcrumb","itemListElement":[{"@type":"ListItem","position":1,"name":"Home","item":"https:\/\/www.erresse-shop.it\/fr\/"},{"@type":"ListItem","position":2,"name":"Shop","item":"https:\/\/www.erresse-shop.it\/fr\/shop\/"},{"@type":"ListItem","position":3,"name":"VILLEROY &#038; BOCH Rock Set de 3 tasses \u00e0 sauce"}]},{"@type":"WebSite","@id":"https:\/\/www.erresse-shop.it\/fr\/#website","url":"https:\/\/www.erresse-shop.it\/fr\/","name":"Erresse Shop","description":"Articoli di qualit\u00e0 per la casa","potentialAction":[{"@type":"SearchAction","target":{"@type":"EntryPoint","urlTemplate":"https:\/\/www.erresse-shop.it\/fr\/?s={search_term_string}"},"query-input":"required name=search_term_string"}],"inLanguage":"fr-FR"}]}},"df_price":59.95,"df_sale_price":59.95,"df_regular_price":72.6,"df_image_link":"https:\/\/www.erresse-shop.it\/wp-content\/uploads\/2024\/08\/VILLEROY-BOCH-Rock-Set-3-Coppette-Salsa-300x300.jpg","_links":{"self":[{"href":"https:\/\/www.erresse-shop.it\/fr\/wp-json\/wp\/v2\/product\/427831"}],"collection":[{"href":"https:\/\/www.erresse-shop.it\/fr\/wp-json\/wp\/v2\/product"}],"about":[{"href":"https:\/\/www.erresse-shop.it\/fr\/wp-json\/wp\/v2\/types\/product"}],"wp:featuredmedia":[{"embeddable":true,"href":"https:\/\/www.erresse-shop.it\/fr\/wp-json\/wp\/v2\/media\/487689"}],"wp:attachment":[{"href":"https:\/\/www.erresse-shop.it\/fr\/wp-json\/wp\/v2\/media?parent=427831"}],"wp:term":[{"taxonomy":"product_cat","embeddable":true,"href":"https:\/\/www.erresse-shop.it\/fr\/wp-json\/wp\/v2\/product_cat?post=427831"},{"taxonomy":"product_tag","embeddable":true,"href":"https:\/\/www.erresse-shop.it\/fr\/wp-json\/wp\/v2\/product_tag?post=427831"}],"curies":[{"name":"wp","href":"https:\/\/api.w.org\/{rel}","templated":true}]}}