{"id":424946,"date":"2024-07-26T14:07:56","date_gmt":"2024-07-26T14:07:57","guid":{"rendered":"https:\/\/www.erresse-shop.it\/?post_type=product&#038;p=424946"},"modified":"2024-10-16T12:46:17","modified_gmt":"2024-10-16T12:46:17","slug":"seletti-love-hurts-you","status":"publish","type":"product","link":"https:\/\/www.erresse-shop.it\/fr\/shop\/ameublement-maison\/objets-de-decoration\/seletti-love-hurts-you\/","title":{"rendered":"SELETTI Love Hurts You"},"content":{"rendered":"<p>\u2018Love Hurts You\u2019 est inspir\u00e9 par l&#8217;amour, le v\u00e9ritable amour. Nous ne pouvons pas nous \u00e9loigner de ceux que nous aimons vraiment, m\u00eame si nous avons parfois \u00e9t\u00e9 bless\u00e9s. Peu importe le nombre de pansements que nous mettons sur les coupures, nous sommes toujours pr\u00eats \u00e0 revenir vers la personne que nous aimons. Dans cette vie, nous sommes tous un peu comme le cactus et le ballon.<\/p>\n<p>Ornement en r\u00e9sine<\/p>\n<p><strong>Cr\u00e9ateur :<\/strong> Gianpiero D&#8217;Alessandro<\/p>\n<p><strong>Mat\u00e9riau :<\/strong> R\u00e9sine<\/p>\n<p><strong>Dimensions :<\/strong> CM 15,50 x 8,00 CM 15,50 x 8,00 x 7,00 I IN 6,10 x 3,15 x 2,76<\/p>\n","protected":false},"excerpt":{"rendered":"<p>\u2018Love Hurts You\u2019 est inspir\u00e9 par l&#8217;amour, le v\u00e9ritable amour. Nous ne pouvons pas nous \u00e9loigner de ceux que nous<\/p>\n","protected":false},"featured_media":462473,"template":"","meta":{"_acf_changed":false,"inline_featured_image":false},"product_cat":[12738,14441],"product_tag":[13014,13015],"acf":[],"yoast_head":"<!-- This site is optimized with the Yoast SEO Premium plugin v18.6 (Yoast SEO v19.13) - https:\/\/yoast.com\/wordpress\/plugins\/seo\/ -->\n<title>SELETTI Love Hurts You - Erresse Shop<\/title>\n<meta name=\"description\" content=\"\u2018Love Hurts You\u2019 est inspir\u00e9 par l&#039;amour, le v\u00e9ritable amour. Nous ne pouvons pas nous \u00e9loigner de ceux que nous aimons vraiment, m\u00eame si nous avons\" \/>\n<meta name=\"robots\" content=\"index, follow, max-snippet:-1, max-image-preview:large, max-video-preview:-1\" \/>\n<link rel=\"canonical\" href=\"https:\/\/www.erresse-shop.it\/fr\/shop\/ameublement-maison\/objets-de-decoration\/seletti-love-hurts-you\/\" \/>\n<meta property=\"og:locale\" content=\"fr_FR\" \/>\n<meta property=\"og:type\" content=\"article\" \/>\n<meta property=\"og:title\" content=\"SELETTI Love Hurts You\" \/>\n<meta property=\"og:description\" content=\"\u2018Love Hurts You\u2019 est inspir\u00e9 par l&#039;amour, le v\u00e9ritable amour. Nous ne pouvons pas nous \u00e9loigner de ceux que nous aimons vraiment, m\u00eame si nous avons\" \/>\n<meta property=\"og:url\" content=\"https:\/\/www.erresse-shop.it\/fr\/shop\/ameublement-maison\/objets-de-decoration\/seletti-love-hurts-you\/\" \/>\n<meta property=\"og:site_name\" content=\"Erresse Shop\" \/>\n<meta property=\"article:modified_time\" content=\"2024-10-16T12:46:17+00:00\" \/>\n<meta property=\"og:image\" content=\"https:\/\/www.erresse-shop.it\/wp-content\/uploads\/2024\/07\/SELETTI-Love-Hurts-You.png\" \/>\n\t<meta property=\"og:image:width\" content=\"800\" \/>\n\t<meta property=\"og:image:height\" content=\"800\" \/>\n\t<meta property=\"og:image:type\" content=\"image\/png\" \/>\n<meta name=\"twitter:card\" content=\"summary_large_image\" \/>\n<script type=\"application\/ld+json\" class=\"yoast-schema-graph\">{\"@context\":\"https:\/\/schema.org\",\"@graph\":[{\"@type\":\"WebPage\",\"@id\":\"https:\/\/www.erresse-shop.it\/fr\/shop\/ameublement-maison\/objets-de-decoration\/seletti-love-hurts-you\/\",\"url\":\"https:\/\/www.erresse-shop.it\/fr\/shop\/ameublement-maison\/objets-de-decoration\/seletti-love-hurts-you\/\",\"name\":\"SELETTI Love Hurts You - Erresse Shop\",\"isPartOf\":{\"@id\":\"https:\/\/www.erresse-shop.it\/fr\/#website\"},\"datePublished\":\"2024-07-26T14:07:57+00:00\",\"dateModified\":\"2024-10-16T12:46:17+00:00\",\"description\":\"\u2018Love Hurts You\u2019 est inspir\u00e9 par l'amour, le v\u00e9ritable amour. Nous ne pouvons pas nous \u00e9loigner de ceux que nous aimons vraiment, m\u00eame si nous avons\",\"breadcrumb\":{\"@id\":\"https:\/\/www.erresse-shop.it\/fr\/shop\/ameublement-maison\/objets-de-decoration\/seletti-love-hurts-you\/#breadcrumb\"},\"inLanguage\":\"fr-FR\",\"potentialAction\":[{\"@type\":\"ReadAction\",\"target\":[\"https:\/\/www.erresse-shop.it\/fr\/shop\/ameublement-maison\/objets-de-decoration\/seletti-love-hurts-you\/\"]}]},{\"@type\":\"BreadcrumbList\",\"@id\":\"https:\/\/www.erresse-shop.it\/fr\/shop\/ameublement-maison\/objets-de-decoration\/seletti-love-hurts-you\/#breadcrumb\",\"itemListElement\":[{\"@type\":\"ListItem\",\"position\":1,\"name\":\"Home\",\"item\":\"https:\/\/www.erresse-shop.it\/fr\/\"},{\"@type\":\"ListItem\",\"position\":2,\"name\":\"Shop\",\"item\":\"https:\/\/www.erresse-shop.it\/fr\/shop\/\"},{\"@type\":\"ListItem\",\"position\":3,\"name\":\"SELETTI Love Hurts You\"}]},{\"@type\":\"WebSite\",\"@id\":\"https:\/\/www.erresse-shop.it\/fr\/#website\",\"url\":\"https:\/\/www.erresse-shop.it\/fr\/\",\"name\":\"Erresse Shop\",\"description\":\"Articoli di qualit\u00e0 per la casa\",\"potentialAction\":[{\"@type\":\"SearchAction\",\"target\":{\"@type\":\"EntryPoint\",\"urlTemplate\":\"https:\/\/www.erresse-shop.it\/fr\/?s={search_term_string}\"},\"query-input\":\"required name=search_term_string\"}],\"inLanguage\":\"fr-FR\"}]}<\/script>\n<!-- \/ Yoast SEO Premium plugin. -->","yoast_head_json":{"title":"SELETTI Love Hurts You - Erresse Shop","description":"\u2018Love Hurts You\u2019 est inspir\u00e9 par l'amour, le v\u00e9ritable amour. Nous ne pouvons pas nous \u00e9loigner de ceux que nous aimons vraiment, m\u00eame si nous avons","robots":{"index":"index","follow":"follow","max-snippet":"max-snippet:-1","max-image-preview":"max-image-preview:large","max-video-preview":"max-video-preview:-1"},"canonical":"https:\/\/www.erresse-shop.it\/fr\/shop\/ameublement-maison\/objets-de-decoration\/seletti-love-hurts-you\/","og_locale":"fr_FR","og_type":"article","og_title":"SELETTI Love Hurts You","og_description":"\u2018Love Hurts You\u2019 est inspir\u00e9 par l'amour, le v\u00e9ritable amour. Nous ne pouvons pas nous \u00e9loigner de ceux que nous aimons vraiment, m\u00eame si nous avons","og_url":"https:\/\/www.erresse-shop.it\/fr\/shop\/ameublement-maison\/objets-de-decoration\/seletti-love-hurts-you\/","og_site_name":"Erresse Shop","article_modified_time":"2024-10-16T12:46:17+00:00","og_image":[{"width":800,"height":800,"url":"https:\/\/www.erresse-shop.it\/wp-content\/uploads\/2024\/07\/SELETTI-Love-Hurts-You.png","type":"image\/png"}],"twitter_card":"summary_large_image","schema":{"@context":"https:\/\/schema.org","@graph":[{"@type":"WebPage","@id":"https:\/\/www.erresse-shop.it\/fr\/shop\/ameublement-maison\/objets-de-decoration\/seletti-love-hurts-you\/","url":"https:\/\/www.erresse-shop.it\/fr\/shop\/ameublement-maison\/objets-de-decoration\/seletti-love-hurts-you\/","name":"SELETTI Love Hurts You - Erresse Shop","isPartOf":{"@id":"https:\/\/www.erresse-shop.it\/fr\/#website"},"datePublished":"2024-07-26T14:07:57+00:00","dateModified":"2024-10-16T12:46:17+00:00","description":"\u2018Love Hurts You\u2019 est inspir\u00e9 par l'amour, le v\u00e9ritable amour. Nous ne pouvons pas nous \u00e9loigner de ceux que nous aimons vraiment, m\u00eame si nous avons","breadcrumb":{"@id":"https:\/\/www.erresse-shop.it\/fr\/shop\/ameublement-maison\/objets-de-decoration\/seletti-love-hurts-you\/#breadcrumb"},"inLanguage":"fr-FR","potentialAction":[{"@type":"ReadAction","target":["https:\/\/www.erresse-shop.it\/fr\/shop\/ameublement-maison\/objets-de-decoration\/seletti-love-hurts-you\/"]}]},{"@type":"BreadcrumbList","@id":"https:\/\/www.erresse-shop.it\/fr\/shop\/ameublement-maison\/objets-de-decoration\/seletti-love-hurts-you\/#breadcrumb","itemListElement":[{"@type":"ListItem","position":1,"name":"Home","item":"https:\/\/www.erresse-shop.it\/fr\/"},{"@type":"ListItem","position":2,"name":"Shop","item":"https:\/\/www.erresse-shop.it\/fr\/shop\/"},{"@type":"ListItem","position":3,"name":"SELETTI Love Hurts You"}]},{"@type":"WebSite","@id":"https:\/\/www.erresse-shop.it\/fr\/#website","url":"https:\/\/www.erresse-shop.it\/fr\/","name":"Erresse Shop","description":"Articoli di qualit\u00e0 per la casa","potentialAction":[{"@type":"SearchAction","target":{"@type":"EntryPoint","urlTemplate":"https:\/\/www.erresse-shop.it\/fr\/?s={search_term_string}"},"query-input":"required name=search_term_string"}],"inLanguage":"fr-FR"}]}},"df_price":67.05,"df_sale_price":67.05,"df_regular_price":149,"df_image_link":"https:\/\/www.erresse-shop.it\/wp-content\/uploads\/2024\/07\/SELETTI-Love-Hurts-You-300x300.jpg","_links":{"self":[{"href":"https:\/\/www.erresse-shop.it\/fr\/wp-json\/wp\/v2\/product\/424946"}],"collection":[{"href":"https:\/\/www.erresse-shop.it\/fr\/wp-json\/wp\/v2\/product"}],"about":[{"href":"https:\/\/www.erresse-shop.it\/fr\/wp-json\/wp\/v2\/types\/product"}],"wp:featuredmedia":[{"embeddable":true,"href":"https:\/\/www.erresse-shop.it\/fr\/wp-json\/wp\/v2\/media\/462473"}],"wp:attachment":[{"href":"https:\/\/www.erresse-shop.it\/fr\/wp-json\/wp\/v2\/media?parent=424946"}],"wp:term":[{"taxonomy":"product_cat","embeddable":true,"href":"https:\/\/www.erresse-shop.it\/fr\/wp-json\/wp\/v2\/product_cat?post=424946"},{"taxonomy":"product_tag","embeddable":true,"href":"https:\/\/www.erresse-shop.it\/fr\/wp-json\/wp\/v2\/product_tag?post=424946"}],"curies":[{"name":"wp","href":"https:\/\/api.w.org\/{rel}","templated":true}]}}