{"id":424168,"date":"2024-07-25T13:00:08","date_gmt":"2024-07-25T13:00:11","guid":{"rendered":"https:\/\/www.erresse-shop.it\/?post_type=product&#038;p=424168"},"modified":"2024-10-16T14:36:08","modified_gmt":"2024-10-16T14:36:08","slug":"wusthof-classic-ikon-couteau-a-desosser-14-cm","status":"publish","type":"product","link":"https:\/\/www.erresse-shop.it\/fr\/shop\/cuisine\/couteaux\/wusthof-classic-ikon-couteau-a-desosser-14-cm\/","title":{"rendered":"WUSTHOF Classic Ikon Couteau \u00e0 d\u00e9sosser 14 cm"},"content":{"rendered":"<p>D\u00e9sosser et d\u00e9pecer la viande de mani\u00e8re professionnelle : gr\u00e2ce \u00e0 sa fabrication robuste et \u00e0 sa lame extr\u00eamement tranchante et maniable avec pointe, le couteau \u00e0 d\u00e9sosser est id\u00e9al pour d\u00e9sosser ou d\u00e9pecer la viande et la volaille. Les tendons et la graisse peuvent \u00e9galement \u00eatre retir\u00e9s facilement, ce qui en fait le compagnon id\u00e9al pour la pr\u00e9paration de la viande.<\/p>\n<p><strong>D\u00e9tails du produit :<\/strong><\/p>\n<ul>\n<li>Lame en acier inoxydable<\/li>\n<li>Excellente ergonomie.<\/li>\n<li>Equilibre parfait pour une coupe sans effort.<\/li>\n<li>Aucun espace entre le manche et la lame pour une hygi\u00e8ne parfaite.<\/li>\n<li>Manche noir en mati\u00e8re synth\u00e9tique sp\u00e9ciale.<\/li>\n<li>Tranchant constant dans le temps, gr\u00e2ce \u00e0 la technologie PEtec &#8211; Precision Edge de W\u00dcSTHOF.<\/li>\n<\/ul>\n","protected":false},"excerpt":{"rendered":"<p>D\u00e9sosser et d\u00e9pecer la viande de mani\u00e8re professionnelle : gr\u00e2ce \u00e0 sa fabrication robuste et \u00e0 sa lame extr\u00eamement tranchante<\/p>\n","protected":false},"featured_media":509307,"template":"","meta":{"_acf_changed":false,"inline_featured_image":false},"product_cat":[12742,14452,12748],"product_tag":[12838,12839,17322,13621],"acf":[],"yoast_head":"<!-- This site is optimized with the Yoast SEO Premium plugin v18.6 (Yoast SEO v19.13) - https:\/\/yoast.com\/wordpress\/plugins\/seo\/ -->\n<title>WUSTHOF Classic Ikon Couteau \u00e0 d\u00e9sosser 14 cm - Erresse Shop<\/title>\n<meta name=\"description\" content=\"D\u00e9sosser et d\u00e9pecer la viande de mani\u00e8re professionnelle : gr\u00e2ce \u00e0 sa fabrication robuste et \u00e0 sa lame extr\u00eamement tranchante et maniable avec pointe, le\" \/>\n<meta name=\"robots\" content=\"index, follow, max-snippet:-1, max-image-preview:large, max-video-preview:-1\" \/>\n<link rel=\"canonical\" href=\"https:\/\/www.erresse-shop.it\/fr\/shop\/cuisine\/couteaux\/wusthof-classic-ikon-couteau-a-desosser-14-cm\/\" \/>\n<meta property=\"og:locale\" content=\"fr_FR\" \/>\n<meta property=\"og:type\" content=\"article\" \/>\n<meta property=\"og:title\" content=\"WUSTHOF Classic Ikon Couteau \u00e0 d\u00e9sosser 14 cm\" \/>\n<meta property=\"og:description\" content=\"D\u00e9sosser et d\u00e9pecer la viande de mani\u00e8re professionnelle : gr\u00e2ce \u00e0 sa fabrication robuste et \u00e0 sa lame extr\u00eamement tranchante et maniable avec pointe, le\" \/>\n<meta property=\"og:url\" content=\"https:\/\/www.erresse-shop.it\/fr\/shop\/cuisine\/couteaux\/wusthof-classic-ikon-couteau-a-desosser-14-cm\/\" \/>\n<meta property=\"og:site_name\" content=\"Erresse Shop\" \/>\n<meta property=\"article:modified_time\" content=\"2024-10-16T14:36:08+00:00\" \/>\n<meta property=\"og:image\" content=\"https:\/\/www.erresse-shop.it\/wp-content\/uploads\/2024\/07\/WUSTHOF-Classic-Ikon-Coltello-per-Disossare-14-cm.png\" \/>\n\t<meta property=\"og:image:width\" content=\"800\" \/>\n\t<meta property=\"og:image:height\" content=\"800\" \/>\n\t<meta property=\"og:image:type\" content=\"image\/png\" \/>\n<meta name=\"twitter:card\" content=\"summary_large_image\" \/>\n<script type=\"application\/ld+json\" class=\"yoast-schema-graph\">{\"@context\":\"https:\/\/schema.org\",\"@graph\":[{\"@type\":\"WebPage\",\"@id\":\"https:\/\/www.erresse-shop.it\/fr\/shop\/cuisine\/couteaux\/wusthof-classic-ikon-couteau-a-desosser-14-cm\/\",\"url\":\"https:\/\/www.erresse-shop.it\/fr\/shop\/cuisine\/couteaux\/wusthof-classic-ikon-couteau-a-desosser-14-cm\/\",\"name\":\"WUSTHOF Classic Ikon Couteau \u00e0 d\u00e9sosser 14 cm - Erresse Shop\",\"isPartOf\":{\"@id\":\"https:\/\/www.erresse-shop.it\/fr\/#website\"},\"datePublished\":\"2024-07-25T13:00:11+00:00\",\"dateModified\":\"2024-10-16T14:36:08+00:00\",\"description\":\"D\u00e9sosser et d\u00e9pecer la viande de mani\u00e8re professionnelle : gr\u00e2ce \u00e0 sa fabrication robuste et \u00e0 sa lame extr\u00eamement tranchante et maniable avec pointe, le\",\"breadcrumb\":{\"@id\":\"https:\/\/www.erresse-shop.it\/fr\/shop\/cuisine\/couteaux\/wusthof-classic-ikon-couteau-a-desosser-14-cm\/#breadcrumb\"},\"inLanguage\":\"fr-FR\",\"potentialAction\":[{\"@type\":\"ReadAction\",\"target\":[\"https:\/\/www.erresse-shop.it\/fr\/shop\/cuisine\/couteaux\/wusthof-classic-ikon-couteau-a-desosser-14-cm\/\"]}]},{\"@type\":\"BreadcrumbList\",\"@id\":\"https:\/\/www.erresse-shop.it\/fr\/shop\/cuisine\/couteaux\/wusthof-classic-ikon-couteau-a-desosser-14-cm\/#breadcrumb\",\"itemListElement\":[{\"@type\":\"ListItem\",\"position\":1,\"name\":\"Home\",\"item\":\"https:\/\/www.erresse-shop.it\/fr\/\"},{\"@type\":\"ListItem\",\"position\":2,\"name\":\"Shop\",\"item\":\"https:\/\/www.erresse-shop.it\/fr\/shop\/\"},{\"@type\":\"ListItem\",\"position\":3,\"name\":\"WUSTHOF Classic Ikon Couteau \u00e0 d\u00e9sosser 14 cm\"}]},{\"@type\":\"WebSite\",\"@id\":\"https:\/\/www.erresse-shop.it\/fr\/#website\",\"url\":\"https:\/\/www.erresse-shop.it\/fr\/\",\"name\":\"Erresse Shop\",\"description\":\"Articoli di qualit\u00e0 per la casa\",\"potentialAction\":[{\"@type\":\"SearchAction\",\"target\":{\"@type\":\"EntryPoint\",\"urlTemplate\":\"https:\/\/www.erresse-shop.it\/fr\/?s={search_term_string}\"},\"query-input\":\"required name=search_term_string\"}],\"inLanguage\":\"fr-FR\"}]}<\/script>\n<!-- \/ Yoast SEO Premium plugin. -->","yoast_head_json":{"title":"WUSTHOF Classic Ikon Couteau \u00e0 d\u00e9sosser 14 cm - Erresse Shop","description":"D\u00e9sosser et d\u00e9pecer la viande de mani\u00e8re professionnelle : gr\u00e2ce \u00e0 sa fabrication robuste et \u00e0 sa lame extr\u00eamement tranchante et maniable avec pointe, le","robots":{"index":"index","follow":"follow","max-snippet":"max-snippet:-1","max-image-preview":"max-image-preview:large","max-video-preview":"max-video-preview:-1"},"canonical":"https:\/\/www.erresse-shop.it\/fr\/shop\/cuisine\/couteaux\/wusthof-classic-ikon-couteau-a-desosser-14-cm\/","og_locale":"fr_FR","og_type":"article","og_title":"WUSTHOF Classic Ikon Couteau \u00e0 d\u00e9sosser 14 cm","og_description":"D\u00e9sosser et d\u00e9pecer la viande de mani\u00e8re professionnelle : gr\u00e2ce \u00e0 sa fabrication robuste et \u00e0 sa lame extr\u00eamement tranchante et maniable avec pointe, le","og_url":"https:\/\/www.erresse-shop.it\/fr\/shop\/cuisine\/couteaux\/wusthof-classic-ikon-couteau-a-desosser-14-cm\/","og_site_name":"Erresse Shop","article_modified_time":"2024-10-16T14:36:08+00:00","og_image":[{"width":800,"height":800,"url":"https:\/\/www.erresse-shop.it\/wp-content\/uploads\/2024\/07\/WUSTHOF-Classic-Ikon-Coltello-per-Disossare-14-cm.png","type":"image\/png"}],"twitter_card":"summary_large_image","schema":{"@context":"https:\/\/schema.org","@graph":[{"@type":"WebPage","@id":"https:\/\/www.erresse-shop.it\/fr\/shop\/cuisine\/couteaux\/wusthof-classic-ikon-couteau-a-desosser-14-cm\/","url":"https:\/\/www.erresse-shop.it\/fr\/shop\/cuisine\/couteaux\/wusthof-classic-ikon-couteau-a-desosser-14-cm\/","name":"WUSTHOF Classic Ikon Couteau \u00e0 d\u00e9sosser 14 cm - Erresse Shop","isPartOf":{"@id":"https:\/\/www.erresse-shop.it\/fr\/#website"},"datePublished":"2024-07-25T13:00:11+00:00","dateModified":"2024-10-16T14:36:08+00:00","description":"D\u00e9sosser et d\u00e9pecer la viande de mani\u00e8re professionnelle : gr\u00e2ce \u00e0 sa fabrication robuste et \u00e0 sa lame extr\u00eamement tranchante et maniable avec pointe, le","breadcrumb":{"@id":"https:\/\/www.erresse-shop.it\/fr\/shop\/cuisine\/couteaux\/wusthof-classic-ikon-couteau-a-desosser-14-cm\/#breadcrumb"},"inLanguage":"fr-FR","potentialAction":[{"@type":"ReadAction","target":["https:\/\/www.erresse-shop.it\/fr\/shop\/cuisine\/couteaux\/wusthof-classic-ikon-couteau-a-desosser-14-cm\/"]}]},{"@type":"BreadcrumbList","@id":"https:\/\/www.erresse-shop.it\/fr\/shop\/cuisine\/couteaux\/wusthof-classic-ikon-couteau-a-desosser-14-cm\/#breadcrumb","itemListElement":[{"@type":"ListItem","position":1,"name":"Home","item":"https:\/\/www.erresse-shop.it\/fr\/"},{"@type":"ListItem","position":2,"name":"Shop","item":"https:\/\/www.erresse-shop.it\/fr\/shop\/"},{"@type":"ListItem","position":3,"name":"WUSTHOF Classic Ikon Couteau \u00e0 d\u00e9sosser 14 cm"}]},{"@type":"WebSite","@id":"https:\/\/www.erresse-shop.it\/fr\/#website","url":"https:\/\/www.erresse-shop.it\/fr\/","name":"Erresse Shop","description":"Articoli di qualit\u00e0 per la casa","potentialAction":[{"@type":"SearchAction","target":{"@type":"EntryPoint","urlTemplate":"https:\/\/www.erresse-shop.it\/fr\/?s={search_term_string}"},"query-input":"required name=search_term_string"}],"inLanguage":"fr-FR"}]}},"df_price":95.2,"df_sale_price":95.2,"df_regular_price":119,"df_image_link":"https:\/\/www.erresse-shop.it\/wp-content\/uploads\/2024\/07\/WUSTHOF-Classic-Ikon-Coltello-per-Disossare-14-cm-300x300.jpg","_links":{"self":[{"href":"https:\/\/www.erresse-shop.it\/fr\/wp-json\/wp\/v2\/product\/424168"}],"collection":[{"href":"https:\/\/www.erresse-shop.it\/fr\/wp-json\/wp\/v2\/product"}],"about":[{"href":"https:\/\/www.erresse-shop.it\/fr\/wp-json\/wp\/v2\/types\/product"}],"wp:featuredmedia":[{"embeddable":true,"href":"https:\/\/www.erresse-shop.it\/fr\/wp-json\/wp\/v2\/media\/509307"}],"wp:attachment":[{"href":"https:\/\/www.erresse-shop.it\/fr\/wp-json\/wp\/v2\/media?parent=424168"}],"wp:term":[{"taxonomy":"product_cat","embeddable":true,"href":"https:\/\/www.erresse-shop.it\/fr\/wp-json\/wp\/v2\/product_cat?post=424168"},{"taxonomy":"product_tag","embeddable":true,"href":"https:\/\/www.erresse-shop.it\/fr\/wp-json\/wp\/v2\/product_tag?post=424168"}],"curies":[{"name":"wp","href":"https:\/\/api.w.org\/{rel}","templated":true}]}}