{"id":424071,"date":"2024-07-25T10:42:05","date_gmt":"2024-07-25T10:42:07","guid":{"rendered":"https:\/\/www.erresse-shop.it\/?post_type=product&#038;p=424071"},"modified":"2024-10-17T10:19:22","modified_gmt":"2024-10-17T10:19:22","slug":"wusthof-classic-ikon-couteau-a-decouper-20-cm","status":"publish","type":"product","link":"https:\/\/www.erresse-shop.it\/fr\/shop\/cuisine\/couteaux\/wusthof-classic-ikon-couteau-a-decouper-20-cm\/","title":{"rendered":"WUSTHOF Classic Ikon Couteau \u00e0 d\u00e9couper 20 cm"},"content":{"rendered":"<p>Avec une lame plus longue et plus \u00e9troite que celle d&#8217;un couteau de chef, le couteau \u00e0 d\u00e9couper W\u00dcSTHOF Classic Ikon a une forme et un tranchant particuliers, sp\u00e9cialement con\u00e7us pour d\u00e9couper habilement les ingr\u00e9dients les plus gros ou les plus durs &#8211; par exemple un r\u00f4ti de f\u00eate &#8211; en tranches nettes, r\u00e9guli\u00e8res et fines comme une gaufre. Ce couteau \u00e0 d\u00e9couper est un compagnon polyvalent pour d\u00e9couper les r\u00f4tis, les fruits et les l\u00e9gumes.<\/p>\n<p><strong>D\u00e9tails du produit :<\/strong><\/p>\n<ul>\n<li>Lame en acier inoxydable<\/li>\n<li>Excellente ergonomie.<\/li>\n<li>\u00c9quilibre parfait pour une coupe sans effort.<\/li>\n<li>Aucun espace entre le manche et la lame pour une hygi\u00e8ne parfaite.<\/li>\n<li>Manche noir en mati\u00e8re synth\u00e9tique sp\u00e9ciale.<\/li>\n<li>Tranchant constant dans le temps, gr\u00e2ce \u00e0 la technologie PEtec &#8211; Precision Edge de W\u00dcSTHOF.<\/li>\n<\/ul>\n","protected":false},"excerpt":{"rendered":"<p>Avec une lame plus longue et plus \u00e9troite que celle d&#8217;un couteau de chef, le couteau \u00e0 d\u00e9couper W\u00dcSTHOF Classic<\/p>\n","protected":false},"featured_media":0,"template":"","meta":{"_acf_changed":false,"inline_featured_image":false},"product_cat":[12742,14452,12748],"product_tag":[12838,12839,17280,13621],"acf":[],"yoast_head":"<!-- This site is optimized with the Yoast SEO Premium plugin v18.6 (Yoast SEO v19.13) - https:\/\/yoast.com\/wordpress\/plugins\/seo\/ -->\n<title>WUSTHOF Classic Ikon Couteau \u00e0 d\u00e9couper 20 cm - Erresse Shop<\/title>\n<meta name=\"description\" content=\"Avec une lame plus longue et plus \u00e9troite que celle d&#039;un couteau de chef, le couteau \u00e0 d\u00e9couper W\u00dcSTHOF Classic Ikon a une forme et un tranchant\" \/>\n<meta name=\"robots\" content=\"index, follow, max-snippet:-1, max-image-preview:large, max-video-preview:-1\" \/>\n<link rel=\"canonical\" href=\"https:\/\/www.erresse-shop.it\/fr\/shop\/cuisine\/couteaux\/wusthof-classic-ikon-couteau-a-decouper-20-cm\/\" \/>\n<meta property=\"og:locale\" content=\"fr_FR\" \/>\n<meta property=\"og:type\" content=\"article\" \/>\n<meta property=\"og:title\" content=\"WUSTHOF Classic Ikon Couteau \u00e0 d\u00e9couper 20 cm\" \/>\n<meta property=\"og:description\" content=\"Avec une lame plus longue et plus \u00e9troite que celle d&#039;un couteau de chef, le couteau \u00e0 d\u00e9couper W\u00dcSTHOF Classic Ikon a une forme et un tranchant\" \/>\n<meta property=\"og:url\" content=\"https:\/\/www.erresse-shop.it\/fr\/shop\/cuisine\/couteaux\/wusthof-classic-ikon-couteau-a-decouper-20-cm\/\" \/>\n<meta property=\"og:site_name\" content=\"Erresse Shop\" \/>\n<meta property=\"article:modified_time\" content=\"2024-10-17T10:19:22+00:00\" \/>\n<meta property=\"og:image\" content=\"https:\/\/www.erresse-shop.it\/wp-content\/uploads\/2024\/07\/WUSTHOF-Classic-Ikon-Coltello-da-Taglio-20-cm.png\" \/>\n\t<meta property=\"og:image:width\" content=\"800\" \/>\n\t<meta property=\"og:image:height\" content=\"800\" \/>\n\t<meta property=\"og:image:type\" content=\"image\/png\" \/>\n<meta name=\"twitter:card\" content=\"summary_large_image\" \/>\n<script type=\"application\/ld+json\" class=\"yoast-schema-graph\">{\"@context\":\"https:\/\/schema.org\",\"@graph\":[{\"@type\":\"WebPage\",\"@id\":\"https:\/\/www.erresse-shop.it\/fr\/shop\/cuisine\/couteaux\/wusthof-classic-ikon-couteau-a-decouper-20-cm\/\",\"url\":\"https:\/\/www.erresse-shop.it\/fr\/shop\/cuisine\/couteaux\/wusthof-classic-ikon-couteau-a-decouper-20-cm\/\",\"name\":\"WUSTHOF Classic Ikon Couteau \u00e0 d\u00e9couper 20 cm - Erresse Shop\",\"isPartOf\":{\"@id\":\"https:\/\/www.erresse-shop.it\/fr\/#website\"},\"datePublished\":\"2024-07-25T10:42:07+00:00\",\"dateModified\":\"2024-10-17T10:19:22+00:00\",\"description\":\"Avec une lame plus longue et plus \u00e9troite que celle d'un couteau de chef, le couteau \u00e0 d\u00e9couper W\u00dcSTHOF Classic Ikon a une forme et un tranchant\",\"breadcrumb\":{\"@id\":\"https:\/\/www.erresse-shop.it\/fr\/shop\/cuisine\/couteaux\/wusthof-classic-ikon-couteau-a-decouper-20-cm\/#breadcrumb\"},\"inLanguage\":\"fr-FR\",\"potentialAction\":[{\"@type\":\"ReadAction\",\"target\":[\"https:\/\/www.erresse-shop.it\/fr\/shop\/cuisine\/couteaux\/wusthof-classic-ikon-couteau-a-decouper-20-cm\/\"]}]},{\"@type\":\"BreadcrumbList\",\"@id\":\"https:\/\/www.erresse-shop.it\/fr\/shop\/cuisine\/couteaux\/wusthof-classic-ikon-couteau-a-decouper-20-cm\/#breadcrumb\",\"itemListElement\":[{\"@type\":\"ListItem\",\"position\":1,\"name\":\"Home\",\"item\":\"https:\/\/www.erresse-shop.it\/fr\/\"},{\"@type\":\"ListItem\",\"position\":2,\"name\":\"Shop\",\"item\":\"https:\/\/www.erresse-shop.it\/fr\/shop\/\"},{\"@type\":\"ListItem\",\"position\":3,\"name\":\"WUSTHOF Classic Ikon Couteau \u00e0 d\u00e9couper 20 cm\"}]},{\"@type\":\"WebSite\",\"@id\":\"https:\/\/www.erresse-shop.it\/fr\/#website\",\"url\":\"https:\/\/www.erresse-shop.it\/fr\/\",\"name\":\"Erresse Shop\",\"description\":\"Articoli di qualit\u00e0 per la casa\",\"potentialAction\":[{\"@type\":\"SearchAction\",\"target\":{\"@type\":\"EntryPoint\",\"urlTemplate\":\"https:\/\/www.erresse-shop.it\/fr\/?s={search_term_string}\"},\"query-input\":\"required name=search_term_string\"}],\"inLanguage\":\"fr-FR\"}]}<\/script>\n<!-- \/ Yoast SEO Premium plugin. -->","yoast_head_json":{"title":"WUSTHOF Classic Ikon Couteau \u00e0 d\u00e9couper 20 cm - Erresse Shop","description":"Avec une lame plus longue et plus \u00e9troite que celle d'un couteau de chef, le couteau \u00e0 d\u00e9couper W\u00dcSTHOF Classic Ikon a une forme et un tranchant","robots":{"index":"index","follow":"follow","max-snippet":"max-snippet:-1","max-image-preview":"max-image-preview:large","max-video-preview":"max-video-preview:-1"},"canonical":"https:\/\/www.erresse-shop.it\/fr\/shop\/cuisine\/couteaux\/wusthof-classic-ikon-couteau-a-decouper-20-cm\/","og_locale":"fr_FR","og_type":"article","og_title":"WUSTHOF Classic Ikon Couteau \u00e0 d\u00e9couper 20 cm","og_description":"Avec une lame plus longue et plus \u00e9troite que celle d'un couteau de chef, le couteau \u00e0 d\u00e9couper W\u00dcSTHOF Classic Ikon a une forme et un tranchant","og_url":"https:\/\/www.erresse-shop.it\/fr\/shop\/cuisine\/couteaux\/wusthof-classic-ikon-couteau-a-decouper-20-cm\/","og_site_name":"Erresse Shop","article_modified_time":"2024-10-17T10:19:22+00:00","og_image":[{"width":800,"height":800,"url":"https:\/\/www.erresse-shop.it\/wp-content\/uploads\/2024\/07\/WUSTHOF-Classic-Ikon-Coltello-da-Taglio-20-cm.png","type":"image\/png"}],"twitter_card":"summary_large_image","schema":{"@context":"https:\/\/schema.org","@graph":[{"@type":"WebPage","@id":"https:\/\/www.erresse-shop.it\/fr\/shop\/cuisine\/couteaux\/wusthof-classic-ikon-couteau-a-decouper-20-cm\/","url":"https:\/\/www.erresse-shop.it\/fr\/shop\/cuisine\/couteaux\/wusthof-classic-ikon-couteau-a-decouper-20-cm\/","name":"WUSTHOF Classic Ikon Couteau \u00e0 d\u00e9couper 20 cm - Erresse Shop","isPartOf":{"@id":"https:\/\/www.erresse-shop.it\/fr\/#website"},"datePublished":"2024-07-25T10:42:07+00:00","dateModified":"2024-10-17T10:19:22+00:00","description":"Avec une lame plus longue et plus \u00e9troite que celle d'un couteau de chef, le couteau \u00e0 d\u00e9couper W\u00dcSTHOF Classic Ikon a une forme et un tranchant","breadcrumb":{"@id":"https:\/\/www.erresse-shop.it\/fr\/shop\/cuisine\/couteaux\/wusthof-classic-ikon-couteau-a-decouper-20-cm\/#breadcrumb"},"inLanguage":"fr-FR","potentialAction":[{"@type":"ReadAction","target":["https:\/\/www.erresse-shop.it\/fr\/shop\/cuisine\/couteaux\/wusthof-classic-ikon-couteau-a-decouper-20-cm\/"]}]},{"@type":"BreadcrumbList","@id":"https:\/\/www.erresse-shop.it\/fr\/shop\/cuisine\/couteaux\/wusthof-classic-ikon-couteau-a-decouper-20-cm\/#breadcrumb","itemListElement":[{"@type":"ListItem","position":1,"name":"Home","item":"https:\/\/www.erresse-shop.it\/fr\/"},{"@type":"ListItem","position":2,"name":"Shop","item":"https:\/\/www.erresse-shop.it\/fr\/shop\/"},{"@type":"ListItem","position":3,"name":"WUSTHOF Classic Ikon Couteau \u00e0 d\u00e9couper 20 cm"}]},{"@type":"WebSite","@id":"https:\/\/www.erresse-shop.it\/fr\/#website","url":"https:\/\/www.erresse-shop.it\/fr\/","name":"Erresse Shop","description":"Articoli di qualit\u00e0 per la casa","potentialAction":[{"@type":"SearchAction","target":{"@type":"EntryPoint","urlTemplate":"https:\/\/www.erresse-shop.it\/fr\/?s={search_term_string}"},"query-input":"required name=search_term_string"}],"inLanguage":"fr-FR"}]}},"df_price":119.2,"df_sale_price":119.2,"df_regular_price":149,"df_image_link":"https:\/\/www.erresse-shop.it\/wp-content\/uploads\/woocommerce-placeholder-300x300.png","_links":{"self":[{"href":"https:\/\/www.erresse-shop.it\/fr\/wp-json\/wp\/v2\/product\/424071"}],"collection":[{"href":"https:\/\/www.erresse-shop.it\/fr\/wp-json\/wp\/v2\/product"}],"about":[{"href":"https:\/\/www.erresse-shop.it\/fr\/wp-json\/wp\/v2\/types\/product"}],"wp:attachment":[{"href":"https:\/\/www.erresse-shop.it\/fr\/wp-json\/wp\/v2\/media?parent=424071"}],"wp:term":[{"taxonomy":"product_cat","embeddable":true,"href":"https:\/\/www.erresse-shop.it\/fr\/wp-json\/wp\/v2\/product_cat?post=424071"},{"taxonomy":"product_tag","embeddable":true,"href":"https:\/\/www.erresse-shop.it\/fr\/wp-json\/wp\/v2\/product_tag?post=424071"}],"curies":[{"name":"wp","href":"https:\/\/api.w.org\/{rel}","templated":true}]}}