{"id":423985,"date":"2024-07-25T09:12:14","date_gmt":"2024-07-25T09:12:17","guid":{"rendered":"https:\/\/www.erresse-shop.it\/?post_type=product&#038;p=423985"},"modified":"2024-10-17T10:26:18","modified_gmt":"2024-10-17T10:26:18","slug":"wusthof-classic-ikon-couteau-de-chef-20-cm","status":"publish","type":"product","link":"https:\/\/www.erresse-shop.it\/fr\/shop\/cuisine\/couteaux\/wusthof-classic-ikon-couteau-de-chef-20-cm\/","title":{"rendered":"WUSTHOF Classic Ikon Couteau de chef 20 cm"},"content":{"rendered":"<p>Le couteau \u00e0 tout faire : pour hacher, \u00e9mincer ou couper la viande, le poisson, les fruits et les l\u00e9gumes. Ce couteau de chef participe activement \u00e0 de nombreuses t\u00e2ches en cuisine, rend la pr\u00e9paration des aliments agr\u00e9able et fait partie de l&#8217;\u00e9quipement de base de tout cuisinier professionnel ou amateur. La demi-mitre, jointure entre le manche et la lame, r\u00e9duit le poids du couteau, ce qui le rend plus facile \u00e0 manipuler. Elle facilite \u00e9galement l&#8217;aiguisage de toute la lame.<\/p>\n<p><strong>D\u00e9tails du produit :<\/strong><\/p>\n<ul>\n<li>Lame en acier inoxydable<\/li>\n<li>Excellente ergonomie.<\/li>\n<li>Equilibre parfait pour une coupe sans effort.<\/li>\n<li>Aucun espace entre le manche et la lame pour une hygi\u00e8ne parfaite.<\/li>\n<li>Manche noir en mati\u00e8re synth\u00e9tique sp\u00e9ciale.<\/li>\n<li>Tranchant constant dans le temps, gr\u00e2ce \u00e0 la technologie PEtec &#8211; Precision Edge de W\u00dcSTHOF.<\/li>\n<\/ul>\n","protected":false},"excerpt":{"rendered":"<p>Le couteau \u00e0 tout faire : pour hacher, \u00e9mincer ou couper la viande, le poisson, les fruits et les l\u00e9gumes.<\/p>\n","protected":false},"featured_media":437421,"template":"","meta":{"_acf_changed":false,"inline_featured_image":false},"product_cat":[12742,14452,12748],"product_tag":[12838,12839,21261],"acf":[],"yoast_head":"<!-- This site is optimized with the Yoast SEO Premium plugin v18.6 (Yoast SEO v19.13) - https:\/\/yoast.com\/wordpress\/plugins\/seo\/ -->\n<title>WUSTHOF Classic Ikon Couteau de chef 20 cm - Erresse Shop<\/title>\n<meta name=\"description\" content=\"Le couteau \u00e0 tout faire : pour hacher, \u00e9mincer ou couper la viande, le poisson, les fruits et les l\u00e9gumes. Ce couteau de chef participe activement \u00e0 de\" \/>\n<meta name=\"robots\" content=\"index, follow, max-snippet:-1, max-image-preview:large, max-video-preview:-1\" \/>\n<link rel=\"canonical\" href=\"https:\/\/www.erresse-shop.it\/fr\/shop\/cuisine\/couteaux\/wusthof-classic-ikon-couteau-de-chef-20-cm\/\" \/>\n<meta property=\"og:locale\" content=\"fr_FR\" \/>\n<meta property=\"og:type\" content=\"article\" \/>\n<meta property=\"og:title\" content=\"WUSTHOF Classic Ikon Couteau de chef 20 cm\" \/>\n<meta property=\"og:description\" content=\"Le couteau \u00e0 tout faire : pour hacher, \u00e9mincer ou couper la viande, le poisson, les fruits et les l\u00e9gumes. Ce couteau de chef participe activement \u00e0 de\" \/>\n<meta property=\"og:url\" content=\"https:\/\/www.erresse-shop.it\/fr\/shop\/cuisine\/couteaux\/wusthof-classic-ikon-couteau-de-chef-20-cm\/\" \/>\n<meta property=\"og:site_name\" content=\"Erresse Shop\" \/>\n<meta property=\"article:modified_time\" content=\"2024-10-17T10:26:18+00:00\" \/>\n<meta property=\"og:image\" content=\"https:\/\/www.erresse-shop.it\/wp-content\/uploads\/2024\/07\/WUSTHOF-Classic-Ikon-Coltello-Chef-20-cm.jpg\" \/>\n\t<meta property=\"og:image:width\" content=\"1200\" \/>\n\t<meta property=\"og:image:height\" content=\"1200\" \/>\n\t<meta property=\"og:image:type\" content=\"image\/jpeg\" \/>\n<meta name=\"twitter:card\" content=\"summary_large_image\" \/>\n<script type=\"application\/ld+json\" class=\"yoast-schema-graph\">{\"@context\":\"https:\/\/schema.org\",\"@graph\":[{\"@type\":\"WebPage\",\"@id\":\"https:\/\/www.erresse-shop.it\/fr\/shop\/cuisine\/couteaux\/wusthof-classic-ikon-couteau-de-chef-20-cm\/\",\"url\":\"https:\/\/www.erresse-shop.it\/fr\/shop\/cuisine\/couteaux\/wusthof-classic-ikon-couteau-de-chef-20-cm\/\",\"name\":\"WUSTHOF Classic Ikon Couteau de chef 20 cm - Erresse Shop\",\"isPartOf\":{\"@id\":\"https:\/\/www.erresse-shop.it\/fr\/#website\"},\"datePublished\":\"2024-07-25T09:12:17+00:00\",\"dateModified\":\"2024-10-17T10:26:18+00:00\",\"description\":\"Le couteau \u00e0 tout faire : pour hacher, \u00e9mincer ou couper la viande, le poisson, les fruits et les l\u00e9gumes. Ce couteau de chef participe activement \u00e0 de\",\"breadcrumb\":{\"@id\":\"https:\/\/www.erresse-shop.it\/fr\/shop\/cuisine\/couteaux\/wusthof-classic-ikon-couteau-de-chef-20-cm\/#breadcrumb\"},\"inLanguage\":\"fr-FR\",\"potentialAction\":[{\"@type\":\"ReadAction\",\"target\":[\"https:\/\/www.erresse-shop.it\/fr\/shop\/cuisine\/couteaux\/wusthof-classic-ikon-couteau-de-chef-20-cm\/\"]}]},{\"@type\":\"BreadcrumbList\",\"@id\":\"https:\/\/www.erresse-shop.it\/fr\/shop\/cuisine\/couteaux\/wusthof-classic-ikon-couteau-de-chef-20-cm\/#breadcrumb\",\"itemListElement\":[{\"@type\":\"ListItem\",\"position\":1,\"name\":\"Home\",\"item\":\"https:\/\/www.erresse-shop.it\/fr\/\"},{\"@type\":\"ListItem\",\"position\":2,\"name\":\"Shop\",\"item\":\"https:\/\/www.erresse-shop.it\/fr\/shop\/\"},{\"@type\":\"ListItem\",\"position\":3,\"name\":\"WUSTHOF Classic Ikon Couteau de chef 20 cm\"}]},{\"@type\":\"WebSite\",\"@id\":\"https:\/\/www.erresse-shop.it\/fr\/#website\",\"url\":\"https:\/\/www.erresse-shop.it\/fr\/\",\"name\":\"Erresse Shop\",\"description\":\"Articoli di qualit\u00e0 per la casa\",\"potentialAction\":[{\"@type\":\"SearchAction\",\"target\":{\"@type\":\"EntryPoint\",\"urlTemplate\":\"https:\/\/www.erresse-shop.it\/fr\/?s={search_term_string}\"},\"query-input\":\"required name=search_term_string\"}],\"inLanguage\":\"fr-FR\"}]}<\/script>\n<!-- \/ Yoast SEO Premium plugin. -->","yoast_head_json":{"title":"WUSTHOF Classic Ikon Couteau de chef 20 cm - Erresse Shop","description":"Le couteau \u00e0 tout faire : pour hacher, \u00e9mincer ou couper la viande, le poisson, les fruits et les l\u00e9gumes. Ce couteau de chef participe activement \u00e0 de","robots":{"index":"index","follow":"follow","max-snippet":"max-snippet:-1","max-image-preview":"max-image-preview:large","max-video-preview":"max-video-preview:-1"},"canonical":"https:\/\/www.erresse-shop.it\/fr\/shop\/cuisine\/couteaux\/wusthof-classic-ikon-couteau-de-chef-20-cm\/","og_locale":"fr_FR","og_type":"article","og_title":"WUSTHOF Classic Ikon Couteau de chef 20 cm","og_description":"Le couteau \u00e0 tout faire : pour hacher, \u00e9mincer ou couper la viande, le poisson, les fruits et les l\u00e9gumes. Ce couteau de chef participe activement \u00e0 de","og_url":"https:\/\/www.erresse-shop.it\/fr\/shop\/cuisine\/couteaux\/wusthof-classic-ikon-couteau-de-chef-20-cm\/","og_site_name":"Erresse Shop","article_modified_time":"2024-10-17T10:26:18+00:00","og_image":[{"width":1200,"height":1200,"url":"https:\/\/www.erresse-shop.it\/wp-content\/uploads\/2024\/07\/WUSTHOF-Classic-Ikon-Coltello-Chef-20-cm.jpg","type":"image\/jpeg"}],"twitter_card":"summary_large_image","schema":{"@context":"https:\/\/schema.org","@graph":[{"@type":"WebPage","@id":"https:\/\/www.erresse-shop.it\/fr\/shop\/cuisine\/couteaux\/wusthof-classic-ikon-couteau-de-chef-20-cm\/","url":"https:\/\/www.erresse-shop.it\/fr\/shop\/cuisine\/couteaux\/wusthof-classic-ikon-couteau-de-chef-20-cm\/","name":"WUSTHOF Classic Ikon Couteau de chef 20 cm - Erresse Shop","isPartOf":{"@id":"https:\/\/www.erresse-shop.it\/fr\/#website"},"datePublished":"2024-07-25T09:12:17+00:00","dateModified":"2024-10-17T10:26:18+00:00","description":"Le couteau \u00e0 tout faire : pour hacher, \u00e9mincer ou couper la viande, le poisson, les fruits et les l\u00e9gumes. Ce couteau de chef participe activement \u00e0 de","breadcrumb":{"@id":"https:\/\/www.erresse-shop.it\/fr\/shop\/cuisine\/couteaux\/wusthof-classic-ikon-couteau-de-chef-20-cm\/#breadcrumb"},"inLanguage":"fr-FR","potentialAction":[{"@type":"ReadAction","target":["https:\/\/www.erresse-shop.it\/fr\/shop\/cuisine\/couteaux\/wusthof-classic-ikon-couteau-de-chef-20-cm\/"]}]},{"@type":"BreadcrumbList","@id":"https:\/\/www.erresse-shop.it\/fr\/shop\/cuisine\/couteaux\/wusthof-classic-ikon-couteau-de-chef-20-cm\/#breadcrumb","itemListElement":[{"@type":"ListItem","position":1,"name":"Home","item":"https:\/\/www.erresse-shop.it\/fr\/"},{"@type":"ListItem","position":2,"name":"Shop","item":"https:\/\/www.erresse-shop.it\/fr\/shop\/"},{"@type":"ListItem","position":3,"name":"WUSTHOF Classic Ikon Couteau de chef 20 cm"}]},{"@type":"WebSite","@id":"https:\/\/www.erresse-shop.it\/fr\/#website","url":"https:\/\/www.erresse-shop.it\/fr\/","name":"Erresse Shop","description":"Articoli di qualit\u00e0 per la casa","potentialAction":[{"@type":"SearchAction","target":{"@type":"EntryPoint","urlTemplate":"https:\/\/www.erresse-shop.it\/fr\/?s={search_term_string}"},"query-input":"required name=search_term_string"}],"inLanguage":"fr-FR"}]}},"df_price":119.2,"df_sale_price":119.2,"df_regular_price":149,"df_image_link":"https:\/\/www.erresse-shop.it\/wp-content\/uploads\/2024\/07\/WUSTHOF-Classic-Ikon-Coltello-Chef-20-cm-300x300.jpg","_links":{"self":[{"href":"https:\/\/www.erresse-shop.it\/fr\/wp-json\/wp\/v2\/product\/423985"}],"collection":[{"href":"https:\/\/www.erresse-shop.it\/fr\/wp-json\/wp\/v2\/product"}],"about":[{"href":"https:\/\/www.erresse-shop.it\/fr\/wp-json\/wp\/v2\/types\/product"}],"wp:featuredmedia":[{"embeddable":true,"href":"https:\/\/www.erresse-shop.it\/fr\/wp-json\/wp\/v2\/media\/437421"}],"wp:attachment":[{"href":"https:\/\/www.erresse-shop.it\/fr\/wp-json\/wp\/v2\/media?parent=423985"}],"wp:term":[{"taxonomy":"product_cat","embeddable":true,"href":"https:\/\/www.erresse-shop.it\/fr\/wp-json\/wp\/v2\/product_cat?post=423985"},{"taxonomy":"product_tag","embeddable":true,"href":"https:\/\/www.erresse-shop.it\/fr\/wp-json\/wp\/v2\/product_tag?post=423985"}],"curies":[{"name":"wp","href":"https:\/\/api.w.org\/{rel}","templated":true}]}}