{"id":423688,"date":"2024-07-24T12:52:31","date_gmt":"2024-07-24T12:52:33","guid":{"rendered":"https:\/\/www.erresse-shop.it\/?post_type=product&#038;p=423688"},"modified":"2024-10-17T10:43:18","modified_gmt":"2024-10-17T10:43:18","slug":"wusthof-classic-couteau-a-decouper-23-cm","status":"publish","type":"product","link":"https:\/\/www.erresse-shop.it\/fr\/shop\/cuisine\/couteaux\/wusthof-classic-couteau-a-decouper-23-cm\/","title":{"rendered":"WUSTHOF Classic Couteau \u00e0 d\u00e9couper 23 cm"},"content":{"rendered":"<p>Couteau sp\u00e9cialement con\u00e7u pour la d\u00e9coupe de charcuteries et de jambons. Sa lame \u00e0 coupe droite forg\u00e9e dans une seule pi\u00e8ce d&#8217;acier tremp\u00e9 conf\u00e8re \u00e0 cet outil une excellente robustesse ainsi qu&#8217;une grande maniabilit\u00e9. Couteau id\u00e9al \u00e9galement pour trancher les r\u00f4tis, les volailles et les viandes en g\u00e9n\u00e9ral, il est compos\u00e9 de lames de diff\u00e9rentes longueurs pour r\u00e9pondre \u00e0 toutes les exigences de coupe. Indispensable dans chaque cuisine.<\/p>\n<p><strong>D\u00e9tails du produit :<\/strong><\/p>\n<ul>\n<li>Lame en acier inoxydable<\/li>\n<li>Excellente ergonomie.<\/li>\n<li>Equilibre parfait pour une coupe sans effort.<\/li>\n<li>Pas d&#8217;espace entre le manche et la lame pour une hygi\u00e8ne parfaite.<\/li>\n<li>Manche noir en mati\u00e8re synth\u00e9tique sp\u00e9ciale.<\/li>\n<li>Tranchant constant dans le temps, gr\u00e2ce \u00e0 la technologie PEtec &#8211; Precision Edge de W\u00dcSTHOF.<\/li>\n<\/ul>\n","protected":false},"excerpt":{"rendered":"<p>Couteau sp\u00e9cialement con\u00e7u pour la d\u00e9coupe de charcuteries et de jambons. Sa lame \u00e0 coupe droite forg\u00e9e dans une seule<\/p>\n","protected":false},"featured_media":512701,"template":"","meta":{"_acf_changed":false,"inline_featured_image":false},"product_cat":[12742,14452,12748],"product_tag":[12838,12839,17280,13621],"acf":[],"yoast_head":"<!-- This site is optimized with the Yoast SEO Premium plugin v18.6 (Yoast SEO v19.13) - https:\/\/yoast.com\/wordpress\/plugins\/seo\/ -->\n<title>WUSTHOF Classic Couteau \u00e0 d\u00e9couper 23 cm - Erresse Shop<\/title>\n<meta name=\"description\" content=\"Couteau sp\u00e9cialement con\u00e7u pour la d\u00e9coupe de charcuteries et de jambons. Sa lame \u00e0 coupe droite forg\u00e9e dans une seule pi\u00e8ce d&#039;acier tremp\u00e9 conf\u00e8re \u00e0 cet\" \/>\n<meta name=\"robots\" content=\"index, follow, max-snippet:-1, max-image-preview:large, max-video-preview:-1\" \/>\n<link rel=\"canonical\" href=\"https:\/\/www.erresse-shop.it\/fr\/shop\/cuisine\/couteaux\/wusthof-classic-couteau-a-decouper-23-cm\/\" \/>\n<meta property=\"og:locale\" content=\"fr_FR\" \/>\n<meta property=\"og:type\" content=\"article\" \/>\n<meta property=\"og:title\" content=\"WUSTHOF Classic Couteau \u00e0 d\u00e9couper 23 cm\" \/>\n<meta property=\"og:description\" content=\"Couteau sp\u00e9cialement con\u00e7u pour la d\u00e9coupe de charcuteries et de jambons. Sa lame \u00e0 coupe droite forg\u00e9e dans une seule pi\u00e8ce d&#039;acier tremp\u00e9 conf\u00e8re \u00e0 cet\" \/>\n<meta property=\"og:url\" content=\"https:\/\/www.erresse-shop.it\/fr\/shop\/cuisine\/couteaux\/wusthof-classic-couteau-a-decouper-23-cm\/\" \/>\n<meta property=\"og:site_name\" content=\"Erresse Shop\" \/>\n<meta property=\"article:modified_time\" content=\"2024-10-17T10:43:18+00:00\" \/>\n<meta property=\"og:image\" content=\"https:\/\/www.erresse-shop.it\/wp-content\/uploads\/2024\/07\/WUSTHOF-Classic-Coltello-da-Taglio-23-cm.png\" \/>\n\t<meta property=\"og:image:width\" content=\"800\" \/>\n\t<meta property=\"og:image:height\" content=\"800\" \/>\n\t<meta property=\"og:image:type\" content=\"image\/png\" \/>\n<meta name=\"twitter:card\" content=\"summary_large_image\" \/>\n<script type=\"application\/ld+json\" class=\"yoast-schema-graph\">{\"@context\":\"https:\/\/schema.org\",\"@graph\":[{\"@type\":\"WebPage\",\"@id\":\"https:\/\/www.erresse-shop.it\/fr\/shop\/cuisine\/couteaux\/wusthof-classic-couteau-a-decouper-23-cm\/\",\"url\":\"https:\/\/www.erresse-shop.it\/fr\/shop\/cuisine\/couteaux\/wusthof-classic-couteau-a-decouper-23-cm\/\",\"name\":\"WUSTHOF Classic Couteau \u00e0 d\u00e9couper 23 cm - Erresse Shop\",\"isPartOf\":{\"@id\":\"https:\/\/www.erresse-shop.it\/fr\/#website\"},\"datePublished\":\"2024-07-24T12:52:33+00:00\",\"dateModified\":\"2024-10-17T10:43:18+00:00\",\"description\":\"Couteau sp\u00e9cialement con\u00e7u pour la d\u00e9coupe de charcuteries et de jambons. Sa lame \u00e0 coupe droite forg\u00e9e dans une seule pi\u00e8ce d'acier tremp\u00e9 conf\u00e8re \u00e0 cet\",\"breadcrumb\":{\"@id\":\"https:\/\/www.erresse-shop.it\/fr\/shop\/cuisine\/couteaux\/wusthof-classic-couteau-a-decouper-23-cm\/#breadcrumb\"},\"inLanguage\":\"fr-FR\",\"potentialAction\":[{\"@type\":\"ReadAction\",\"target\":[\"https:\/\/www.erresse-shop.it\/fr\/shop\/cuisine\/couteaux\/wusthof-classic-couteau-a-decouper-23-cm\/\"]}]},{\"@type\":\"BreadcrumbList\",\"@id\":\"https:\/\/www.erresse-shop.it\/fr\/shop\/cuisine\/couteaux\/wusthof-classic-couteau-a-decouper-23-cm\/#breadcrumb\",\"itemListElement\":[{\"@type\":\"ListItem\",\"position\":1,\"name\":\"Home\",\"item\":\"https:\/\/www.erresse-shop.it\/fr\/\"},{\"@type\":\"ListItem\",\"position\":2,\"name\":\"Shop\",\"item\":\"https:\/\/www.erresse-shop.it\/fr\/shop\/\"},{\"@type\":\"ListItem\",\"position\":3,\"name\":\"WUSTHOF Classic Couteau \u00e0 d\u00e9couper 23 cm\"}]},{\"@type\":\"WebSite\",\"@id\":\"https:\/\/www.erresse-shop.it\/fr\/#website\",\"url\":\"https:\/\/www.erresse-shop.it\/fr\/\",\"name\":\"Erresse Shop\",\"description\":\"Articoli di qualit\u00e0 per la casa\",\"potentialAction\":[{\"@type\":\"SearchAction\",\"target\":{\"@type\":\"EntryPoint\",\"urlTemplate\":\"https:\/\/www.erresse-shop.it\/fr\/?s={search_term_string}\"},\"query-input\":\"required name=search_term_string\"}],\"inLanguage\":\"fr-FR\"}]}<\/script>\n<!-- \/ Yoast SEO Premium plugin. -->","yoast_head_json":{"title":"WUSTHOF Classic Couteau \u00e0 d\u00e9couper 23 cm - Erresse Shop","description":"Couteau sp\u00e9cialement con\u00e7u pour la d\u00e9coupe de charcuteries et de jambons. Sa lame \u00e0 coupe droite forg\u00e9e dans une seule pi\u00e8ce d'acier tremp\u00e9 conf\u00e8re \u00e0 cet","robots":{"index":"index","follow":"follow","max-snippet":"max-snippet:-1","max-image-preview":"max-image-preview:large","max-video-preview":"max-video-preview:-1"},"canonical":"https:\/\/www.erresse-shop.it\/fr\/shop\/cuisine\/couteaux\/wusthof-classic-couteau-a-decouper-23-cm\/","og_locale":"fr_FR","og_type":"article","og_title":"WUSTHOF Classic Couteau \u00e0 d\u00e9couper 23 cm","og_description":"Couteau sp\u00e9cialement con\u00e7u pour la d\u00e9coupe de charcuteries et de jambons. Sa lame \u00e0 coupe droite forg\u00e9e dans une seule pi\u00e8ce d'acier tremp\u00e9 conf\u00e8re \u00e0 cet","og_url":"https:\/\/www.erresse-shop.it\/fr\/shop\/cuisine\/couteaux\/wusthof-classic-couteau-a-decouper-23-cm\/","og_site_name":"Erresse Shop","article_modified_time":"2024-10-17T10:43:18+00:00","og_image":[{"width":800,"height":800,"url":"https:\/\/www.erresse-shop.it\/wp-content\/uploads\/2024\/07\/WUSTHOF-Classic-Coltello-da-Taglio-23-cm.png","type":"image\/png"}],"twitter_card":"summary_large_image","schema":{"@context":"https:\/\/schema.org","@graph":[{"@type":"WebPage","@id":"https:\/\/www.erresse-shop.it\/fr\/shop\/cuisine\/couteaux\/wusthof-classic-couteau-a-decouper-23-cm\/","url":"https:\/\/www.erresse-shop.it\/fr\/shop\/cuisine\/couteaux\/wusthof-classic-couteau-a-decouper-23-cm\/","name":"WUSTHOF Classic Couteau \u00e0 d\u00e9couper 23 cm - Erresse Shop","isPartOf":{"@id":"https:\/\/www.erresse-shop.it\/fr\/#website"},"datePublished":"2024-07-24T12:52:33+00:00","dateModified":"2024-10-17T10:43:18+00:00","description":"Couteau sp\u00e9cialement con\u00e7u pour la d\u00e9coupe de charcuteries et de jambons. Sa lame \u00e0 coupe droite forg\u00e9e dans une seule pi\u00e8ce d'acier tremp\u00e9 conf\u00e8re \u00e0 cet","breadcrumb":{"@id":"https:\/\/www.erresse-shop.it\/fr\/shop\/cuisine\/couteaux\/wusthof-classic-couteau-a-decouper-23-cm\/#breadcrumb"},"inLanguage":"fr-FR","potentialAction":[{"@type":"ReadAction","target":["https:\/\/www.erresse-shop.it\/fr\/shop\/cuisine\/couteaux\/wusthof-classic-couteau-a-decouper-23-cm\/"]}]},{"@type":"BreadcrumbList","@id":"https:\/\/www.erresse-shop.it\/fr\/shop\/cuisine\/couteaux\/wusthof-classic-couteau-a-decouper-23-cm\/#breadcrumb","itemListElement":[{"@type":"ListItem","position":1,"name":"Home","item":"https:\/\/www.erresse-shop.it\/fr\/"},{"@type":"ListItem","position":2,"name":"Shop","item":"https:\/\/www.erresse-shop.it\/fr\/shop\/"},{"@type":"ListItem","position":3,"name":"WUSTHOF Classic Couteau \u00e0 d\u00e9couper 23 cm"}]},{"@type":"WebSite","@id":"https:\/\/www.erresse-shop.it\/fr\/#website","url":"https:\/\/www.erresse-shop.it\/fr\/","name":"Erresse Shop","description":"Articoli di qualit\u00e0 per la casa","potentialAction":[{"@type":"SearchAction","target":{"@type":"EntryPoint","urlTemplate":"https:\/\/www.erresse-shop.it\/fr\/?s={search_term_string}"},"query-input":"required name=search_term_string"}],"inLanguage":"fr-FR"}]}},"df_price":87.2,"df_sale_price":87.2,"df_regular_price":109,"df_image_link":"https:\/\/www.erresse-shop.it\/wp-content\/uploads\/2024\/07\/WUSTHOF-Classic-Coltello-da-Taglio-23-cm-300x300.jpg","_links":{"self":[{"href":"https:\/\/www.erresse-shop.it\/fr\/wp-json\/wp\/v2\/product\/423688"}],"collection":[{"href":"https:\/\/www.erresse-shop.it\/fr\/wp-json\/wp\/v2\/product"}],"about":[{"href":"https:\/\/www.erresse-shop.it\/fr\/wp-json\/wp\/v2\/types\/product"}],"wp:featuredmedia":[{"embeddable":true,"href":"https:\/\/www.erresse-shop.it\/fr\/wp-json\/wp\/v2\/media\/512701"}],"wp:attachment":[{"href":"https:\/\/www.erresse-shop.it\/fr\/wp-json\/wp\/v2\/media?parent=423688"}],"wp:term":[{"taxonomy":"product_cat","embeddable":true,"href":"https:\/\/www.erresse-shop.it\/fr\/wp-json\/wp\/v2\/product_cat?post=423688"},{"taxonomy":"product_tag","embeddable":true,"href":"https:\/\/www.erresse-shop.it\/fr\/wp-json\/wp\/v2\/product_tag?post=423688"}],"curies":[{"name":"wp","href":"https:\/\/api.w.org\/{rel}","templated":true}]}}