{"id":423614,"date":"2024-07-24T10:09:27","date_gmt":"2024-07-24T10:09:29","guid":{"rendered":"https:\/\/www.erresse-shop.it\/?post_type=product&#038;p=423614"},"modified":"2024-10-17T12:17:06","modified_gmt":"2024-10-17T12:17:06","slug":"wusthof-classic-couteau-doffice-9-cm","status":"publish","type":"product","link":"https:\/\/www.erresse-shop.it\/fr\/shop\/cuisine\/couteaux\/wusthof-classic-couteau-doffice-9-cm\/","title":{"rendered":"WUSTHOF Classic Couteau d&#8217;office 9 cm"},"content":{"rendered":"<p>Lame effil\u00e9e \u00e0 bord droit pour ce couteau lin\u00e9aire et extr\u00eamement polyvalent. Trancher, hacher, \u00e9plucher et d\u00e9corer les fruits et l\u00e9gumes sont les utilisations les plus courantes de ce mod\u00e8le v\u00e9ritablement polyvalent. Wusthof a cr\u00e9\u00e9 cette gamme de couteaux d&#8217;office pour r\u00e9pondre \u00e0 tous les besoins o\u00f9 la pr\u00e9cision et la maniabilit\u00e9 sont les principales exigences. Outils d&#8217;une efficacit\u00e9 imbattable, leur succ\u00e8s est principalement d\u00fb au grand soin apport\u00e9 \u00e0 leur construction : le corps unique en acier inoxydable tremp\u00e9, l&#8217;ajustement parfait du manche et l&#8217;aff\u00fbtage fin de la lame sont les pierres angulaires de la production Wusthof \u00e0 Solingen, en Allemagne.<\/p>\n<p><strong>D\u00e9tails du produit :<\/strong><\/p>\n<ul>\n<li>Lame en acier inoxydable.<\/li>\n<li>Excellente ergonomie.<\/li>\n<li>Equilibre parfait pour une coupe sans effort.<\/li>\n<li>Aucun espace entre le manche et la lame pour une hygi\u00e8ne parfaite.<\/li>\n<li>Manche noir en mati\u00e8re synth\u00e9tique sp\u00e9ciale.<\/li>\n<li>Tranchant constant dans le temps, gr\u00e2ce \u00e0 la technologie PEtec &#8211; Precision Edge de W\u00dcSTHOF.<\/li>\n<\/ul>\n","protected":false},"excerpt":{"rendered":"<p>Lame effil\u00e9e \u00e0 bord droit pour ce couteau lin\u00e9aire et extr\u00eamement polyvalent. Trancher, hacher, \u00e9plucher et d\u00e9corer les fruits et<\/p>\n","protected":false},"featured_media":509299,"template":"","meta":{"_acf_changed":false,"inline_featured_image":false},"product_cat":[12742,14452,12748],"product_tag":[12838,12839,15812,13621],"acf":[],"yoast_head":"<!-- This site is optimized with the Yoast SEO Premium plugin v18.6 (Yoast SEO v19.13) - https:\/\/yoast.com\/wordpress\/plugins\/seo\/ -->\n<title>WUSTHOF Classic Couteau d&#039;office 9 cm - Erresse Shop<\/title>\n<meta name=\"description\" content=\"Lame effil\u00e9e \u00e0 bord droit pour ce couteau lin\u00e9aire et extr\u00eamement polyvalent. Trancher, hacher, \u00e9plucher et d\u00e9corer les fruits et l\u00e9gumes sont les\" \/>\n<meta name=\"robots\" content=\"index, follow, max-snippet:-1, max-image-preview:large, max-video-preview:-1\" \/>\n<link rel=\"canonical\" href=\"https:\/\/www.erresse-shop.it\/fr\/shop\/cuisine\/couteaux\/wusthof-classic-couteau-doffice-9-cm\/\" \/>\n<meta property=\"og:locale\" content=\"fr_FR\" \/>\n<meta property=\"og:type\" content=\"article\" \/>\n<meta property=\"og:title\" content=\"WUSTHOF Classic Couteau d&#039;office 9 cm\" \/>\n<meta property=\"og:description\" content=\"Lame effil\u00e9e \u00e0 bord droit pour ce couteau lin\u00e9aire et extr\u00eamement polyvalent. Trancher, hacher, \u00e9plucher et d\u00e9corer les fruits et l\u00e9gumes sont les\" \/>\n<meta property=\"og:url\" content=\"https:\/\/www.erresse-shop.it\/fr\/shop\/cuisine\/couteaux\/wusthof-classic-couteau-doffice-9-cm\/\" \/>\n<meta property=\"og:site_name\" content=\"Erresse Shop\" \/>\n<meta property=\"article:modified_time\" content=\"2024-10-17T12:17:06+00:00\" \/>\n<meta property=\"og:image\" content=\"https:\/\/www.erresse-shop.it\/wp-content\/uploads\/2024\/07\/WUSTHOF-Classic-Spelucchino-9-cm.png\" \/>\n\t<meta property=\"og:image:width\" content=\"800\" \/>\n\t<meta property=\"og:image:height\" content=\"800\" \/>\n\t<meta property=\"og:image:type\" content=\"image\/png\" \/>\n<meta name=\"twitter:card\" content=\"summary_large_image\" \/>\n<script type=\"application\/ld+json\" class=\"yoast-schema-graph\">{\"@context\":\"https:\/\/schema.org\",\"@graph\":[{\"@type\":\"WebPage\",\"@id\":\"https:\/\/www.erresse-shop.it\/fr\/shop\/cuisine\/couteaux\/wusthof-classic-couteau-doffice-9-cm\/\",\"url\":\"https:\/\/www.erresse-shop.it\/fr\/shop\/cuisine\/couteaux\/wusthof-classic-couteau-doffice-9-cm\/\",\"name\":\"WUSTHOF Classic Couteau d'office 9 cm - Erresse Shop\",\"isPartOf\":{\"@id\":\"https:\/\/www.erresse-shop.it\/fr\/#website\"},\"datePublished\":\"2024-07-24T10:09:29+00:00\",\"dateModified\":\"2024-10-17T12:17:06+00:00\",\"description\":\"Lame effil\u00e9e \u00e0 bord droit pour ce couteau lin\u00e9aire et extr\u00eamement polyvalent. Trancher, hacher, \u00e9plucher et d\u00e9corer les fruits et l\u00e9gumes sont les\",\"breadcrumb\":{\"@id\":\"https:\/\/www.erresse-shop.it\/fr\/shop\/cuisine\/couteaux\/wusthof-classic-couteau-doffice-9-cm\/#breadcrumb\"},\"inLanguage\":\"fr-FR\",\"potentialAction\":[{\"@type\":\"ReadAction\",\"target\":[\"https:\/\/www.erresse-shop.it\/fr\/shop\/cuisine\/couteaux\/wusthof-classic-couteau-doffice-9-cm\/\"]}]},{\"@type\":\"BreadcrumbList\",\"@id\":\"https:\/\/www.erresse-shop.it\/fr\/shop\/cuisine\/couteaux\/wusthof-classic-couteau-doffice-9-cm\/#breadcrumb\",\"itemListElement\":[{\"@type\":\"ListItem\",\"position\":1,\"name\":\"Home\",\"item\":\"https:\/\/www.erresse-shop.it\/fr\/\"},{\"@type\":\"ListItem\",\"position\":2,\"name\":\"Shop\",\"item\":\"https:\/\/www.erresse-shop.it\/fr\/shop\/\"},{\"@type\":\"ListItem\",\"position\":3,\"name\":\"WUSTHOF Classic Couteau d&#8217;office 9 cm\"}]},{\"@type\":\"WebSite\",\"@id\":\"https:\/\/www.erresse-shop.it\/fr\/#website\",\"url\":\"https:\/\/www.erresse-shop.it\/fr\/\",\"name\":\"Erresse Shop\",\"description\":\"Articoli di qualit\u00e0 per la casa\",\"potentialAction\":[{\"@type\":\"SearchAction\",\"target\":{\"@type\":\"EntryPoint\",\"urlTemplate\":\"https:\/\/www.erresse-shop.it\/fr\/?s={search_term_string}\"},\"query-input\":\"required name=search_term_string\"}],\"inLanguage\":\"fr-FR\"}]}<\/script>\n<!-- \/ Yoast SEO Premium plugin. -->","yoast_head_json":{"title":"WUSTHOF Classic Couteau d'office 9 cm - Erresse Shop","description":"Lame effil\u00e9e \u00e0 bord droit pour ce couteau lin\u00e9aire et extr\u00eamement polyvalent. Trancher, hacher, \u00e9plucher et d\u00e9corer les fruits et l\u00e9gumes sont les","robots":{"index":"index","follow":"follow","max-snippet":"max-snippet:-1","max-image-preview":"max-image-preview:large","max-video-preview":"max-video-preview:-1"},"canonical":"https:\/\/www.erresse-shop.it\/fr\/shop\/cuisine\/couteaux\/wusthof-classic-couteau-doffice-9-cm\/","og_locale":"fr_FR","og_type":"article","og_title":"WUSTHOF Classic Couteau d'office 9 cm","og_description":"Lame effil\u00e9e \u00e0 bord droit pour ce couteau lin\u00e9aire et extr\u00eamement polyvalent. Trancher, hacher, \u00e9plucher et d\u00e9corer les fruits et l\u00e9gumes sont les","og_url":"https:\/\/www.erresse-shop.it\/fr\/shop\/cuisine\/couteaux\/wusthof-classic-couteau-doffice-9-cm\/","og_site_name":"Erresse Shop","article_modified_time":"2024-10-17T12:17:06+00:00","og_image":[{"width":800,"height":800,"url":"https:\/\/www.erresse-shop.it\/wp-content\/uploads\/2024\/07\/WUSTHOF-Classic-Spelucchino-9-cm.png","type":"image\/png"}],"twitter_card":"summary_large_image","schema":{"@context":"https:\/\/schema.org","@graph":[{"@type":"WebPage","@id":"https:\/\/www.erresse-shop.it\/fr\/shop\/cuisine\/couteaux\/wusthof-classic-couteau-doffice-9-cm\/","url":"https:\/\/www.erresse-shop.it\/fr\/shop\/cuisine\/couteaux\/wusthof-classic-couteau-doffice-9-cm\/","name":"WUSTHOF Classic Couteau d'office 9 cm - Erresse Shop","isPartOf":{"@id":"https:\/\/www.erresse-shop.it\/fr\/#website"},"datePublished":"2024-07-24T10:09:29+00:00","dateModified":"2024-10-17T12:17:06+00:00","description":"Lame effil\u00e9e \u00e0 bord droit pour ce couteau lin\u00e9aire et extr\u00eamement polyvalent. Trancher, hacher, \u00e9plucher et d\u00e9corer les fruits et l\u00e9gumes sont les","breadcrumb":{"@id":"https:\/\/www.erresse-shop.it\/fr\/shop\/cuisine\/couteaux\/wusthof-classic-couteau-doffice-9-cm\/#breadcrumb"},"inLanguage":"fr-FR","potentialAction":[{"@type":"ReadAction","target":["https:\/\/www.erresse-shop.it\/fr\/shop\/cuisine\/couteaux\/wusthof-classic-couteau-doffice-9-cm\/"]}]},{"@type":"BreadcrumbList","@id":"https:\/\/www.erresse-shop.it\/fr\/shop\/cuisine\/couteaux\/wusthof-classic-couteau-doffice-9-cm\/#breadcrumb","itemListElement":[{"@type":"ListItem","position":1,"name":"Home","item":"https:\/\/www.erresse-shop.it\/fr\/"},{"@type":"ListItem","position":2,"name":"Shop","item":"https:\/\/www.erresse-shop.it\/fr\/shop\/"},{"@type":"ListItem","position":3,"name":"WUSTHOF Classic Couteau d&#8217;office 9 cm"}]},{"@type":"WebSite","@id":"https:\/\/www.erresse-shop.it\/fr\/#website","url":"https:\/\/www.erresse-shop.it\/fr\/","name":"Erresse Shop","description":"Articoli di qualit\u00e0 per la casa","potentialAction":[{"@type":"SearchAction","target":{"@type":"EntryPoint","urlTemplate":"https:\/\/www.erresse-shop.it\/fr\/?s={search_term_string}"},"query-input":"required name=search_term_string"}],"inLanguage":"fr-FR"}]}},"df_price":55.2,"df_sale_price":55.2,"df_regular_price":69,"df_image_link":"https:\/\/www.erresse-shop.it\/wp-content\/uploads\/2024\/07\/WUSTHOF-Classic-Spelucchino-9-cm-300x300.jpg","_links":{"self":[{"href":"https:\/\/www.erresse-shop.it\/fr\/wp-json\/wp\/v2\/product\/423614"}],"collection":[{"href":"https:\/\/www.erresse-shop.it\/fr\/wp-json\/wp\/v2\/product"}],"about":[{"href":"https:\/\/www.erresse-shop.it\/fr\/wp-json\/wp\/v2\/types\/product"}],"wp:featuredmedia":[{"embeddable":true,"href":"https:\/\/www.erresse-shop.it\/fr\/wp-json\/wp\/v2\/media\/509299"}],"wp:attachment":[{"href":"https:\/\/www.erresse-shop.it\/fr\/wp-json\/wp\/v2\/media?parent=423614"}],"wp:term":[{"taxonomy":"product_cat","embeddable":true,"href":"https:\/\/www.erresse-shop.it\/fr\/wp-json\/wp\/v2\/product_cat?post=423614"},{"taxonomy":"product_tag","embeddable":true,"href":"https:\/\/www.erresse-shop.it\/fr\/wp-json\/wp\/v2\/product_tag?post=423614"}],"curies":[{"name":"wp","href":"https:\/\/api.w.org\/{rel}","templated":true}]}}