{"id":423495,"date":"2024-07-24T07:43:34","date_gmt":"2024-07-24T07:43:35","guid":{"rendered":"https:\/\/www.erresse-shop.it\/?post_type=product&#038;p=423495"},"modified":"2024-10-17T13:39:44","modified_gmt":"2024-10-17T13:39:44","slug":"imperia-machine-pour-pates-ipasta-rouge","status":"publish","type":"product","link":"https:\/\/www.erresse-shop.it\/fr\/shop\/cuisine\/machines-pour-pates\/imperia-machine-pour-pates-ipasta-rouge\/","title":{"rendered":"IMPERIA Machine pour P\u00e2tes iPasta Rouge"},"content":{"rendered":"<p>L&#8217;iPasta Classica est une v\u00e9ritable incarnation de l&#8217;excellence italienne en mati\u00e8re de production de p\u00e2tes. Cette machine est m\u00e9ticuleusement fabriqu\u00e9e en acier chrom\u00e9 pour garantir son \u00e9l\u00e9gance et sa durabilit\u00e9. Fabriqu\u00e9e en Italie, elle t\u00e9moigne du savoir-faire et de l&#8217;attention port\u00e9s \u00e0 sa production. L&#8217;iPasta Classica est \u00e9quip\u00e9e de rouleaux r\u00e9glables avec six \u00e9paisseurs, garantissant polyvalence et pr\u00e9cision pour diff\u00e9rentes \u00e9paisseurs de p\u00e2te. Elle est \u00e9galement \u00e9quip\u00e9e du coupeur Duplex, qui permet de cr\u00e9er facilement deux formes de p\u00e2tes populaires : les tagliatelles et les fettuccines. Con\u00e7ue pour un maximum de commodit\u00e9, elle comprend une pince de plan de travail pour une utilisation en toute s\u00e9curit\u00e9 et une tr\u00e9mie pour une alimentation rationnelle en p\u00e2tes. Cette machine allie les techniques traditionnelles de fabrication des p\u00e2tes \u00e0 une fonctionnalit\u00e9 moderne, ce qui en fait un outil indispensable pour tous les amateurs de p\u00e2tes.<\/p>\n<p><strong>Caract\u00e9ristiques principales :<\/strong><\/p>\n<p><strong>Couleur :<\/strong> Rouge Imperia classique<br \/>\n<strong>Qualit\u00e9 de fabrication :<\/strong> La construction en acier chrom\u00e9 et le savoir-faire italien garantissent une longue dur\u00e9e de vie.<br \/>\n<strong>Couteau double :<\/strong> permet de faire des tagliatelles et des fettuccine.<br \/>\n<strong>Conception conviviale :<\/strong> comprend une pince pour le plan de travail et une tr\u00e9mie pour faciliter l&#8217;utilisation.<\/p>\n","protected":false},"excerpt":{"rendered":"<p>L&#8217;iPasta Classica est une v\u00e9ritable incarnation de l&#8217;excellence italienne en mati\u00e8re de production de p\u00e2tes. Cette machine est m\u00e9ticuleusement fabriqu\u00e9e<\/p>\n","protected":false},"featured_media":457039,"template":"","meta":{"_acf_changed":false,"inline_featured_image":false},"product_cat":[12748,12941],"product_tag":[23273,14831,23274],"acf":[],"yoast_head":"<!-- This site is optimized with the Yoast SEO Premium plugin v18.6 (Yoast SEO v19.13) - https:\/\/yoast.com\/wordpress\/plugins\/seo\/ -->\n<title>IMPERIA Machine pour P\u00e2tes iPasta Rouge - Erresse Shop<\/title>\n<meta name=\"description\" content=\"L&#039;iPasta Classica est une v\u00e9ritable incarnation de l&#039;excellence italienne en mati\u00e8re de production de p\u00e2tes. Cette machine est m\u00e9ticuleusement fabriqu\u00e9e\" \/>\n<meta name=\"robots\" content=\"index, follow, max-snippet:-1, max-image-preview:large, max-video-preview:-1\" \/>\n<link rel=\"canonical\" href=\"https:\/\/www.erresse-shop.it\/fr\/shop\/cuisine\/machines-pour-pates\/imperia-machine-pour-pates-ipasta-rouge\/\" \/>\n<meta property=\"og:locale\" content=\"fr_FR\" \/>\n<meta property=\"og:type\" content=\"article\" \/>\n<meta property=\"og:title\" content=\"IMPERIA Machine pour P\u00e2tes iPasta Rouge\" \/>\n<meta property=\"og:description\" content=\"L&#039;iPasta Classica est une v\u00e9ritable incarnation de l&#039;excellence italienne en mati\u00e8re de production de p\u00e2tes. Cette machine est m\u00e9ticuleusement fabriqu\u00e9e\" \/>\n<meta property=\"og:url\" content=\"https:\/\/www.erresse-shop.it\/fr\/shop\/cuisine\/machines-pour-pates\/imperia-machine-pour-pates-ipasta-rouge\/\" \/>\n<meta property=\"og:site_name\" content=\"Erresse Shop\" \/>\n<meta property=\"article:modified_time\" content=\"2024-10-17T13:39:44+00:00\" \/>\n<meta property=\"og:image\" content=\"https:\/\/www.erresse-shop.it\/wp-content\/uploads\/2024\/07\/IMPERIA-Macchina-per-Pasta-iPasta-Rosso.png\" \/>\n\t<meta property=\"og:image:width\" content=\"800\" \/>\n\t<meta property=\"og:image:height\" content=\"800\" \/>\n\t<meta property=\"og:image:type\" content=\"image\/png\" \/>\n<meta name=\"twitter:card\" content=\"summary_large_image\" \/>\n<script type=\"application\/ld+json\" class=\"yoast-schema-graph\">{\"@context\":\"https:\/\/schema.org\",\"@graph\":[{\"@type\":\"WebPage\",\"@id\":\"https:\/\/www.erresse-shop.it\/fr\/shop\/cuisine\/machines-pour-pates\/imperia-machine-pour-pates-ipasta-rouge\/\",\"url\":\"https:\/\/www.erresse-shop.it\/fr\/shop\/cuisine\/machines-pour-pates\/imperia-machine-pour-pates-ipasta-rouge\/\",\"name\":\"IMPERIA Machine pour P\u00e2tes iPasta Rouge - Erresse Shop\",\"isPartOf\":{\"@id\":\"https:\/\/www.erresse-shop.it\/fr\/#website\"},\"datePublished\":\"2024-07-24T07:43:35+00:00\",\"dateModified\":\"2024-10-17T13:39:44+00:00\",\"description\":\"L'iPasta Classica est une v\u00e9ritable incarnation de l'excellence italienne en mati\u00e8re de production de p\u00e2tes. Cette machine est m\u00e9ticuleusement fabriqu\u00e9e\",\"breadcrumb\":{\"@id\":\"https:\/\/www.erresse-shop.it\/fr\/shop\/cuisine\/machines-pour-pates\/imperia-machine-pour-pates-ipasta-rouge\/#breadcrumb\"},\"inLanguage\":\"fr-FR\",\"potentialAction\":[{\"@type\":\"ReadAction\",\"target\":[\"https:\/\/www.erresse-shop.it\/fr\/shop\/cuisine\/machines-pour-pates\/imperia-machine-pour-pates-ipasta-rouge\/\"]}]},{\"@type\":\"BreadcrumbList\",\"@id\":\"https:\/\/www.erresse-shop.it\/fr\/shop\/cuisine\/machines-pour-pates\/imperia-machine-pour-pates-ipasta-rouge\/#breadcrumb\",\"itemListElement\":[{\"@type\":\"ListItem\",\"position\":1,\"name\":\"Home\",\"item\":\"https:\/\/www.erresse-shop.it\/fr\/\"},{\"@type\":\"ListItem\",\"position\":2,\"name\":\"Shop\",\"item\":\"https:\/\/www.erresse-shop.it\/fr\/shop\/\"},{\"@type\":\"ListItem\",\"position\":3,\"name\":\"IMPERIA Machine pour P\u00e2tes iPasta Rouge\"}]},{\"@type\":\"WebSite\",\"@id\":\"https:\/\/www.erresse-shop.it\/fr\/#website\",\"url\":\"https:\/\/www.erresse-shop.it\/fr\/\",\"name\":\"Erresse Shop\",\"description\":\"Articoli di qualit\u00e0 per la casa\",\"potentialAction\":[{\"@type\":\"SearchAction\",\"target\":{\"@type\":\"EntryPoint\",\"urlTemplate\":\"https:\/\/www.erresse-shop.it\/fr\/?s={search_term_string}\"},\"query-input\":\"required name=search_term_string\"}],\"inLanguage\":\"fr-FR\"}]}<\/script>\n<!-- \/ Yoast SEO Premium plugin. -->","yoast_head_json":{"title":"IMPERIA Machine pour P\u00e2tes iPasta Rouge - Erresse Shop","description":"L'iPasta Classica est une v\u00e9ritable incarnation de l'excellence italienne en mati\u00e8re de production de p\u00e2tes. Cette machine est m\u00e9ticuleusement fabriqu\u00e9e","robots":{"index":"index","follow":"follow","max-snippet":"max-snippet:-1","max-image-preview":"max-image-preview:large","max-video-preview":"max-video-preview:-1"},"canonical":"https:\/\/www.erresse-shop.it\/fr\/shop\/cuisine\/machines-pour-pates\/imperia-machine-pour-pates-ipasta-rouge\/","og_locale":"fr_FR","og_type":"article","og_title":"IMPERIA Machine pour P\u00e2tes iPasta Rouge","og_description":"L'iPasta Classica est une v\u00e9ritable incarnation de l'excellence italienne en mati\u00e8re de production de p\u00e2tes. Cette machine est m\u00e9ticuleusement fabriqu\u00e9e","og_url":"https:\/\/www.erresse-shop.it\/fr\/shop\/cuisine\/machines-pour-pates\/imperia-machine-pour-pates-ipasta-rouge\/","og_site_name":"Erresse Shop","article_modified_time":"2024-10-17T13:39:44+00:00","og_image":[{"width":800,"height":800,"url":"https:\/\/www.erresse-shop.it\/wp-content\/uploads\/2024\/07\/IMPERIA-Macchina-per-Pasta-iPasta-Rosso.png","type":"image\/png"}],"twitter_card":"summary_large_image","schema":{"@context":"https:\/\/schema.org","@graph":[{"@type":"WebPage","@id":"https:\/\/www.erresse-shop.it\/fr\/shop\/cuisine\/machines-pour-pates\/imperia-machine-pour-pates-ipasta-rouge\/","url":"https:\/\/www.erresse-shop.it\/fr\/shop\/cuisine\/machines-pour-pates\/imperia-machine-pour-pates-ipasta-rouge\/","name":"IMPERIA Machine pour P\u00e2tes iPasta Rouge - Erresse Shop","isPartOf":{"@id":"https:\/\/www.erresse-shop.it\/fr\/#website"},"datePublished":"2024-07-24T07:43:35+00:00","dateModified":"2024-10-17T13:39:44+00:00","description":"L'iPasta Classica est une v\u00e9ritable incarnation de l'excellence italienne en mati\u00e8re de production de p\u00e2tes. Cette machine est m\u00e9ticuleusement fabriqu\u00e9e","breadcrumb":{"@id":"https:\/\/www.erresse-shop.it\/fr\/shop\/cuisine\/machines-pour-pates\/imperia-machine-pour-pates-ipasta-rouge\/#breadcrumb"},"inLanguage":"fr-FR","potentialAction":[{"@type":"ReadAction","target":["https:\/\/www.erresse-shop.it\/fr\/shop\/cuisine\/machines-pour-pates\/imperia-machine-pour-pates-ipasta-rouge\/"]}]},{"@type":"BreadcrumbList","@id":"https:\/\/www.erresse-shop.it\/fr\/shop\/cuisine\/machines-pour-pates\/imperia-machine-pour-pates-ipasta-rouge\/#breadcrumb","itemListElement":[{"@type":"ListItem","position":1,"name":"Home","item":"https:\/\/www.erresse-shop.it\/fr\/"},{"@type":"ListItem","position":2,"name":"Shop","item":"https:\/\/www.erresse-shop.it\/fr\/shop\/"},{"@type":"ListItem","position":3,"name":"IMPERIA Machine pour P\u00e2tes iPasta Rouge"}]},{"@type":"WebSite","@id":"https:\/\/www.erresse-shop.it\/fr\/#website","url":"https:\/\/www.erresse-shop.it\/fr\/","name":"Erresse Shop","description":"Articoli di qualit\u00e0 per la casa","potentialAction":[{"@type":"SearchAction","target":{"@type":"EntryPoint","urlTemplate":"https:\/\/www.erresse-shop.it\/fr\/?s={search_term_string}"},"query-input":"required name=search_term_string"}],"inLanguage":"fr-FR"}]}},"df_price":54.95,"df_sale_price":54.95,"df_regular_price":104.95,"df_image_link":"https:\/\/www.erresse-shop.it\/wp-content\/uploads\/2024\/07\/IMPERIA-Macchina-per-Pasta-iPasta-Rosso-300x300.jpg","_links":{"self":[{"href":"https:\/\/www.erresse-shop.it\/fr\/wp-json\/wp\/v2\/product\/423495"}],"collection":[{"href":"https:\/\/www.erresse-shop.it\/fr\/wp-json\/wp\/v2\/product"}],"about":[{"href":"https:\/\/www.erresse-shop.it\/fr\/wp-json\/wp\/v2\/types\/product"}],"wp:featuredmedia":[{"embeddable":true,"href":"https:\/\/www.erresse-shop.it\/fr\/wp-json\/wp\/v2\/media\/457039"}],"wp:attachment":[{"href":"https:\/\/www.erresse-shop.it\/fr\/wp-json\/wp\/v2\/media?parent=423495"}],"wp:term":[{"taxonomy":"product_cat","embeddable":true,"href":"https:\/\/www.erresse-shop.it\/fr\/wp-json\/wp\/v2\/product_cat?post=423495"},{"taxonomy":"product_tag","embeddable":true,"href":"https:\/\/www.erresse-shop.it\/fr\/wp-json\/wp\/v2\/product_tag?post=423495"}],"curies":[{"name":"wp","href":"https:\/\/api.w.org\/{rel}","templated":true}]}}