{"id":423459,"date":"2024-07-24T07:04:50","date_gmt":"2024-07-24T07:04:51","guid":{"rendered":"https:\/\/www.erresse-shop.it\/?post_type=product&#038;p=423459"},"modified":"2024-10-28T11:26:15","modified_gmt":"2024-10-28T11:26:15","slug":"imperia-machine-pour-pates-pastapresto-gourmet-gris-argente","status":"publish","type":"product","link":"https:\/\/www.erresse-shop.it\/fr\/shop\/cuisine\/machines-pour-pates\/imperia-machine-pour-pates-pastapresto-gourmet-gris-argente\/","title":{"rendered":"IMPERIA Machine pour P\u00e2tes Pastapresto Gourmet Gris argent\u00e9"},"content":{"rendered":"<p>Imperia Pasta Presto red\u00e9finit l&#8217;art de la fabrication des p\u00e2tes gr\u00e2ce \u00e0 son design sophistiqu\u00e9 et efficace. Cette machine \u00e0 p\u00e2tes, de couleur gris argent\u00e9, est sp\u00e9cialis\u00e9e dans la production de feuilles de p\u00e2tes \u00e0 la texture rugueuse unique, id\u00e9ale pour absorber les sauces. Ses r\u00e9glages pr\u00e9cis d&#8217;\u00e9paisseur, de 6,5 \u00e0 12 mm, lui permettent de s&#8217;adapter \u00e0 une grande vari\u00e9t\u00e9 de plats de p\u00e2tes, incarnant ainsi l&#8217;essence de la tradition culinaire italienne.<\/p>\n<p><strong>Caract\u00e9ristiques principales :<\/strong><\/p>\n<p><strong>R\u00e9glable :<\/strong> Passez en douceur de 6,5 \u00e0 12 mm pour obtenir la largeur de p\u00e2te souhait\u00e9e.<br \/>\n<strong>\u00c9l\u00e9gante et durable :<\/strong> Une finition robuste gris argent\u00e9 qui allie style et durabilit\u00e9.<br \/>\n<strong>Texture rugueuse :<\/strong> cr\u00e9e une texture unique pour les p\u00e2tes afin d&#8217;am\u00e9liorer l&#8217;absorption de la sauce.<\/p>\n<p>Veuillez noter que ce produit est con\u00e7u pour une utilisation en 110V. Il se peut qu&#8217;il ne puisse pas \u00eatre utilis\u00e9 dans d&#8217;autres pays en raison de la compatibilit\u00e9 des tensions et des normes r\u00e9glementaires.<\/p>\n","protected":false},"excerpt":{"rendered":"<p>Imperia Pasta Presto red\u00e9finit l&#8217;art de la fabrication des p\u00e2tes gr\u00e2ce \u00e0 son design sophistiqu\u00e9 et efficace. Cette machine \u00e0<\/p>\n","protected":false},"featured_media":459092,"template":"","meta":{"_acf_changed":false,"inline_featured_image":false},"product_cat":[12748,12941],"product_tag":[23273,14831,23274],"acf":[],"yoast_head":"<!-- This site is optimized with the Yoast SEO Premium plugin v18.6 (Yoast SEO v19.13) - https:\/\/yoast.com\/wordpress\/plugins\/seo\/ -->\n<title>IMPERIA Machine pour P\u00e2tes Pastapresto Gourmet Gris argent\u00e9 - Erresse Shop<\/title>\n<meta name=\"description\" content=\"Imperia Pasta Presto red\u00e9finit l&#039;art de la fabrication des p\u00e2tes gr\u00e2ce \u00e0 son design sophistiqu\u00e9 et efficace. Cette machine \u00e0 p\u00e2tes, de couleur gris\" \/>\n<meta name=\"robots\" content=\"index, follow, max-snippet:-1, max-image-preview:large, max-video-preview:-1\" \/>\n<link rel=\"canonical\" href=\"https:\/\/www.erresse-shop.it\/fr\/shop\/cuisine\/machines-pour-pates\/imperia-machine-pour-pates-pastapresto-gourmet-gris-argente\/\" \/>\n<meta property=\"og:locale\" content=\"fr_FR\" \/>\n<meta property=\"og:type\" content=\"article\" \/>\n<meta property=\"og:title\" content=\"IMPERIA Machine pour P\u00e2tes Pastapresto Gourmet Gris argent\u00e9\" \/>\n<meta property=\"og:description\" content=\"Imperia Pasta Presto red\u00e9finit l&#039;art de la fabrication des p\u00e2tes gr\u00e2ce \u00e0 son design sophistiqu\u00e9 et efficace. Cette machine \u00e0 p\u00e2tes, de couleur gris\" \/>\n<meta property=\"og:url\" content=\"https:\/\/www.erresse-shop.it\/fr\/shop\/cuisine\/machines-pour-pates\/imperia-machine-pour-pates-pastapresto-gourmet-gris-argente\/\" \/>\n<meta property=\"og:site_name\" content=\"Erresse Shop\" \/>\n<meta property=\"article:modified_time\" content=\"2024-10-28T11:26:15+00:00\" \/>\n<meta property=\"og:image\" content=\"https:\/\/www.erresse-shop.it\/wp-content\/uploads\/2024\/07\/IMPERIA-Macchina-per-Pasta-Pastapresto-Gourmet-Grigio-Antracite-Grigio-argento.png\" \/>\n\t<meta property=\"og:image:width\" content=\"800\" \/>\n\t<meta property=\"og:image:height\" content=\"800\" \/>\n\t<meta property=\"og:image:type\" content=\"image\/png\" \/>\n<meta name=\"twitter:card\" content=\"summary_large_image\" \/>\n<script type=\"application\/ld+json\" class=\"yoast-schema-graph\">{\"@context\":\"https:\/\/schema.org\",\"@graph\":[{\"@type\":\"WebPage\",\"@id\":\"https:\/\/www.erresse-shop.it\/fr\/shop\/cuisine\/machines-pour-pates\/imperia-machine-pour-pates-pastapresto-gourmet-gris-argente\/\",\"url\":\"https:\/\/www.erresse-shop.it\/fr\/shop\/cuisine\/machines-pour-pates\/imperia-machine-pour-pates-pastapresto-gourmet-gris-argente\/\",\"name\":\"IMPERIA Machine pour P\u00e2tes Pastapresto Gourmet Gris argent\u00e9 - Erresse Shop\",\"isPartOf\":{\"@id\":\"https:\/\/www.erresse-shop.it\/fr\/#website\"},\"datePublished\":\"2024-07-24T07:04:51+00:00\",\"dateModified\":\"2024-10-28T11:26:15+00:00\",\"description\":\"Imperia Pasta Presto red\u00e9finit l'art de la fabrication des p\u00e2tes gr\u00e2ce \u00e0 son design sophistiqu\u00e9 et efficace. Cette machine \u00e0 p\u00e2tes, de couleur gris\",\"breadcrumb\":{\"@id\":\"https:\/\/www.erresse-shop.it\/fr\/shop\/cuisine\/machines-pour-pates\/imperia-machine-pour-pates-pastapresto-gourmet-gris-argente\/#breadcrumb\"},\"inLanguage\":\"fr-FR\",\"potentialAction\":[{\"@type\":\"ReadAction\",\"target\":[\"https:\/\/www.erresse-shop.it\/fr\/shop\/cuisine\/machines-pour-pates\/imperia-machine-pour-pates-pastapresto-gourmet-gris-argente\/\"]}]},{\"@type\":\"BreadcrumbList\",\"@id\":\"https:\/\/www.erresse-shop.it\/fr\/shop\/cuisine\/machines-pour-pates\/imperia-machine-pour-pates-pastapresto-gourmet-gris-argente\/#breadcrumb\",\"itemListElement\":[{\"@type\":\"ListItem\",\"position\":1,\"name\":\"Home\",\"item\":\"https:\/\/www.erresse-shop.it\/fr\/\"},{\"@type\":\"ListItem\",\"position\":2,\"name\":\"Shop\",\"item\":\"https:\/\/www.erresse-shop.it\/fr\/shop\/\"},{\"@type\":\"ListItem\",\"position\":3,\"name\":\"IMPERIA Machine pour P\u00e2tes Pastapresto Gourmet Gris argent\u00e9\"}]},{\"@type\":\"WebSite\",\"@id\":\"https:\/\/www.erresse-shop.it\/fr\/#website\",\"url\":\"https:\/\/www.erresse-shop.it\/fr\/\",\"name\":\"Erresse Shop\",\"description\":\"Articoli di qualit\u00e0 per la casa\",\"potentialAction\":[{\"@type\":\"SearchAction\",\"target\":{\"@type\":\"EntryPoint\",\"urlTemplate\":\"https:\/\/www.erresse-shop.it\/fr\/?s={search_term_string}\"},\"query-input\":\"required name=search_term_string\"}],\"inLanguage\":\"fr-FR\"}]}<\/script>\n<!-- \/ Yoast SEO Premium plugin. -->","yoast_head_json":{"title":"IMPERIA Machine pour P\u00e2tes Pastapresto Gourmet Gris argent\u00e9 - Erresse Shop","description":"Imperia Pasta Presto red\u00e9finit l'art de la fabrication des p\u00e2tes gr\u00e2ce \u00e0 son design sophistiqu\u00e9 et efficace. Cette machine \u00e0 p\u00e2tes, de couleur gris","robots":{"index":"index","follow":"follow","max-snippet":"max-snippet:-1","max-image-preview":"max-image-preview:large","max-video-preview":"max-video-preview:-1"},"canonical":"https:\/\/www.erresse-shop.it\/fr\/shop\/cuisine\/machines-pour-pates\/imperia-machine-pour-pates-pastapresto-gourmet-gris-argente\/","og_locale":"fr_FR","og_type":"article","og_title":"IMPERIA Machine pour P\u00e2tes Pastapresto Gourmet Gris argent\u00e9","og_description":"Imperia Pasta Presto red\u00e9finit l'art de la fabrication des p\u00e2tes gr\u00e2ce \u00e0 son design sophistiqu\u00e9 et efficace. Cette machine \u00e0 p\u00e2tes, de couleur gris","og_url":"https:\/\/www.erresse-shop.it\/fr\/shop\/cuisine\/machines-pour-pates\/imperia-machine-pour-pates-pastapresto-gourmet-gris-argente\/","og_site_name":"Erresse Shop","article_modified_time":"2024-10-28T11:26:15+00:00","og_image":[{"width":800,"height":800,"url":"https:\/\/www.erresse-shop.it\/wp-content\/uploads\/2024\/07\/IMPERIA-Macchina-per-Pasta-Pastapresto-Gourmet-Grigio-Antracite-Grigio-argento.png","type":"image\/png"}],"twitter_card":"summary_large_image","schema":{"@context":"https:\/\/schema.org","@graph":[{"@type":"WebPage","@id":"https:\/\/www.erresse-shop.it\/fr\/shop\/cuisine\/machines-pour-pates\/imperia-machine-pour-pates-pastapresto-gourmet-gris-argente\/","url":"https:\/\/www.erresse-shop.it\/fr\/shop\/cuisine\/machines-pour-pates\/imperia-machine-pour-pates-pastapresto-gourmet-gris-argente\/","name":"IMPERIA Machine pour P\u00e2tes Pastapresto Gourmet Gris argent\u00e9 - Erresse Shop","isPartOf":{"@id":"https:\/\/www.erresse-shop.it\/fr\/#website"},"datePublished":"2024-07-24T07:04:51+00:00","dateModified":"2024-10-28T11:26:15+00:00","description":"Imperia Pasta Presto red\u00e9finit l'art de la fabrication des p\u00e2tes gr\u00e2ce \u00e0 son design sophistiqu\u00e9 et efficace. Cette machine \u00e0 p\u00e2tes, de couleur gris","breadcrumb":{"@id":"https:\/\/www.erresse-shop.it\/fr\/shop\/cuisine\/machines-pour-pates\/imperia-machine-pour-pates-pastapresto-gourmet-gris-argente\/#breadcrumb"},"inLanguage":"fr-FR","potentialAction":[{"@type":"ReadAction","target":["https:\/\/www.erresse-shop.it\/fr\/shop\/cuisine\/machines-pour-pates\/imperia-machine-pour-pates-pastapresto-gourmet-gris-argente\/"]}]},{"@type":"BreadcrumbList","@id":"https:\/\/www.erresse-shop.it\/fr\/shop\/cuisine\/machines-pour-pates\/imperia-machine-pour-pates-pastapresto-gourmet-gris-argente\/#breadcrumb","itemListElement":[{"@type":"ListItem","position":1,"name":"Home","item":"https:\/\/www.erresse-shop.it\/fr\/"},{"@type":"ListItem","position":2,"name":"Shop","item":"https:\/\/www.erresse-shop.it\/fr\/shop\/"},{"@type":"ListItem","position":3,"name":"IMPERIA Machine pour P\u00e2tes Pastapresto Gourmet Gris argent\u00e9"}]},{"@type":"WebSite","@id":"https:\/\/www.erresse-shop.it\/fr\/#website","url":"https:\/\/www.erresse-shop.it\/fr\/","name":"Erresse Shop","description":"Articoli di qualit\u00e0 per la casa","potentialAction":[{"@type":"SearchAction","target":{"@type":"EntryPoint","urlTemplate":"https:\/\/www.erresse-shop.it\/fr\/?s={search_term_string}"},"query-input":"required name=search_term_string"}],"inLanguage":"fr-FR"}]}},"df_price":159.95,"df_sale_price":159.95,"df_regular_price":350,"df_image_link":"https:\/\/www.erresse-shop.it\/wp-content\/uploads\/2024\/07\/IMPERIA-Macchina-per-Pasta-Pastapresto-Gourmet-Grigio-argento-300x300.jpg","_links":{"self":[{"href":"https:\/\/www.erresse-shop.it\/fr\/wp-json\/wp\/v2\/product\/423459"}],"collection":[{"href":"https:\/\/www.erresse-shop.it\/fr\/wp-json\/wp\/v2\/product"}],"about":[{"href":"https:\/\/www.erresse-shop.it\/fr\/wp-json\/wp\/v2\/types\/product"}],"wp:featuredmedia":[{"embeddable":true,"href":"https:\/\/www.erresse-shop.it\/fr\/wp-json\/wp\/v2\/media\/459092"}],"wp:attachment":[{"href":"https:\/\/www.erresse-shop.it\/fr\/wp-json\/wp\/v2\/media?parent=423459"}],"wp:term":[{"taxonomy":"product_cat","embeddable":true,"href":"https:\/\/www.erresse-shop.it\/fr\/wp-json\/wp\/v2\/product_cat?post=423459"},{"taxonomy":"product_tag","embeddable":true,"href":"https:\/\/www.erresse-shop.it\/fr\/wp-json\/wp\/v2\/product_tag?post=423459"}],"curies":[{"name":"wp","href":"https:\/\/api.w.org\/{rel}","templated":true}]}}