{"id":423446,"date":"2024-07-24T06:21:19","date_gmt":"2024-07-24T06:21:20","guid":{"rendered":"https:\/\/www.erresse-shop.it\/?post_type=product&#038;p=423446"},"modified":"2024-10-28T11:29:02","modified_gmt":"2024-10-28T11:29:02","slug":"imperia-machine-pour-pates-pastapresto-gourmet-gris-anthracite","status":"publish","type":"product","link":"https:\/\/www.erresse-shop.it\/fr\/shop\/cuisine\/machines-pour-pates\/imperia-machine-pour-pates-pastapresto-gourmet-gris-anthracite\/","title":{"rendered":"IMPERIA Machine pour P\u00e2tes Pastapresto Gourmet Gris anthracite"},"content":{"rendered":"<p>Imperia Pasta Presto est une machine \u00e0 p\u00e2tes motoris\u00e9e au design exclusif et \u00e9l\u00e9gant qui offre une combinaison parfaite de fonctionnalit\u00e9, de tradition et d&#8217;innovation. Cette machine se distingue par son design \u00e9l\u00e9gant et convivial, qui rend la pr\u00e9paration des p\u00e2tes facile et agr\u00e9able. Pasta Presto n&#8217;est pas seulement robuste, elle est \u00e9galement dot\u00e9e de fonctions avanc\u00e9es, dont la capacit\u00e9 unique de cr\u00e9er des p\u00e2tes \u00e0 la texture rustique, id\u00e9ale pour am\u00e9liorer l&#8217;adh\u00e9rence de la sauce et donner une nouvelle dimension aux plats.<\/p>\n<p>Le processus simplifi\u00e9 de la machine vous permet de cr\u00e9er diff\u00e9rents types de p\u00e2tes, en conservant la sensation et le go\u00fbt authentiques des p\u00e2tes italiennes traditionnelles, mais avec l&#8217;ajout d&#8217;une surface textur\u00e9e. Id\u00e9ale pour les d\u00e9butants comme pour les cuisiniers exp\u00e9riment\u00e9s, Imperia Pasta Presto est un outil indispensable pour tous ceux qui appr\u00e9cient la qualit\u00e9, l&#8217;h\u00e9ritage et l&#8217;innovation des p\u00e2tes faites maison.<\/p>\n<p><strong>Caract\u00e9ristiques principales :<\/strong><\/p>\n<p><strong>Couleur :<\/strong> gris fonc\u00e9 opaque<br \/>\n<strong>Design \u00e9l\u00e9gant et efficace :<\/strong> allie l&#8217;esth\u00e9tique moderne \u00e0 la fonctionnalit\u00e9 pratique<br \/>\n<strong>Commodit\u00e9 motoris\u00e9e :<\/strong> simplifie la pr\u00e9paration des p\u00e2tes en offrant facilit\u00e9 et efficacit\u00e9.<br \/>\n<strong>Exp\u00e9rience authentique des p\u00e2tes :<\/strong> pr\u00e9serve la tradition des p\u00e2tes italiennes faites maison en permettant de cr\u00e9er des p\u00e2tes rustiques et textur\u00e9es.<br \/>\n<strong>230V<\/strong><\/p>\n","protected":false},"excerpt":{"rendered":"<p>Imperia Pasta Presto est une machine \u00e0 p\u00e2tes motoris\u00e9e au design exclusif et \u00e9l\u00e9gant qui offre une combinaison parfaite de<\/p>\n","protected":false},"featured_media":457186,"template":"","meta":{"_acf_changed":false,"inline_featured_image":false},"product_cat":[12748,12941],"product_tag":[23273,14831,23274],"acf":[],"yoast_head":"<!-- This site is optimized with the Yoast SEO Premium plugin v18.6 (Yoast SEO v19.13) - https:\/\/yoast.com\/wordpress\/plugins\/seo\/ -->\n<title>IMPERIA Machine pour P\u00e2tes Pastapresto Gourmet Gris anthracite - Erresse Shop<\/title>\n<meta name=\"description\" content=\"Imperia Pasta Presto est une machine \u00e0 p\u00e2tes motoris\u00e9e au design exclusif et \u00e9l\u00e9gant qui offre une combinaison parfaite de fonctionnalit\u00e9, de tradition et\" \/>\n<meta name=\"robots\" content=\"index, follow, max-snippet:-1, max-image-preview:large, max-video-preview:-1\" \/>\n<link rel=\"canonical\" href=\"https:\/\/www.erresse-shop.it\/fr\/shop\/cuisine\/machines-pour-pates\/imperia-machine-pour-pates-pastapresto-gourmet-gris-anthracite\/\" \/>\n<meta property=\"og:locale\" content=\"fr_FR\" \/>\n<meta property=\"og:type\" content=\"article\" \/>\n<meta property=\"og:title\" content=\"IMPERIA Machine pour P\u00e2tes Pastapresto Gourmet Gris anthracite\" \/>\n<meta property=\"og:description\" content=\"Imperia Pasta Presto est une machine \u00e0 p\u00e2tes motoris\u00e9e au design exclusif et \u00e9l\u00e9gant qui offre une combinaison parfaite de fonctionnalit\u00e9, de tradition et\" \/>\n<meta property=\"og:url\" content=\"https:\/\/www.erresse-shop.it\/fr\/shop\/cuisine\/machines-pour-pates\/imperia-machine-pour-pates-pastapresto-gourmet-gris-anthracite\/\" \/>\n<meta property=\"og:site_name\" content=\"Erresse Shop\" \/>\n<meta property=\"article:modified_time\" content=\"2024-10-28T11:29:02+00:00\" \/>\n<meta property=\"og:image\" content=\"https:\/\/www.erresse-shop.it\/wp-content\/uploads\/2024\/07\/IMPERIA-Macchina-per-Pasta-Pastapresto-Gourmet-Grigio-Antracite.png\" \/>\n\t<meta property=\"og:image:width\" content=\"800\" \/>\n\t<meta property=\"og:image:height\" content=\"800\" \/>\n\t<meta property=\"og:image:type\" content=\"image\/png\" \/>\n<meta name=\"twitter:card\" content=\"summary_large_image\" \/>\n<script type=\"application\/ld+json\" class=\"yoast-schema-graph\">{\"@context\":\"https:\/\/schema.org\",\"@graph\":[{\"@type\":\"WebPage\",\"@id\":\"https:\/\/www.erresse-shop.it\/fr\/shop\/cuisine\/machines-pour-pates\/imperia-machine-pour-pates-pastapresto-gourmet-gris-anthracite\/\",\"url\":\"https:\/\/www.erresse-shop.it\/fr\/shop\/cuisine\/machines-pour-pates\/imperia-machine-pour-pates-pastapresto-gourmet-gris-anthracite\/\",\"name\":\"IMPERIA Machine pour P\u00e2tes Pastapresto Gourmet Gris anthracite - Erresse Shop\",\"isPartOf\":{\"@id\":\"https:\/\/www.erresse-shop.it\/fr\/#website\"},\"datePublished\":\"2024-07-24T06:21:20+00:00\",\"dateModified\":\"2024-10-28T11:29:02+00:00\",\"description\":\"Imperia Pasta Presto est une machine \u00e0 p\u00e2tes motoris\u00e9e au design exclusif et \u00e9l\u00e9gant qui offre une combinaison parfaite de fonctionnalit\u00e9, de tradition et\",\"breadcrumb\":{\"@id\":\"https:\/\/www.erresse-shop.it\/fr\/shop\/cuisine\/machines-pour-pates\/imperia-machine-pour-pates-pastapresto-gourmet-gris-anthracite\/#breadcrumb\"},\"inLanguage\":\"fr-FR\",\"potentialAction\":[{\"@type\":\"ReadAction\",\"target\":[\"https:\/\/www.erresse-shop.it\/fr\/shop\/cuisine\/machines-pour-pates\/imperia-machine-pour-pates-pastapresto-gourmet-gris-anthracite\/\"]}]},{\"@type\":\"BreadcrumbList\",\"@id\":\"https:\/\/www.erresse-shop.it\/fr\/shop\/cuisine\/machines-pour-pates\/imperia-machine-pour-pates-pastapresto-gourmet-gris-anthracite\/#breadcrumb\",\"itemListElement\":[{\"@type\":\"ListItem\",\"position\":1,\"name\":\"Home\",\"item\":\"https:\/\/www.erresse-shop.it\/fr\/\"},{\"@type\":\"ListItem\",\"position\":2,\"name\":\"Shop\",\"item\":\"https:\/\/www.erresse-shop.it\/fr\/shop\/\"},{\"@type\":\"ListItem\",\"position\":3,\"name\":\"IMPERIA Machine pour P\u00e2tes Pastapresto Gourmet Gris anthracite\"}]},{\"@type\":\"WebSite\",\"@id\":\"https:\/\/www.erresse-shop.it\/fr\/#website\",\"url\":\"https:\/\/www.erresse-shop.it\/fr\/\",\"name\":\"Erresse Shop\",\"description\":\"Articoli di qualit\u00e0 per la casa\",\"potentialAction\":[{\"@type\":\"SearchAction\",\"target\":{\"@type\":\"EntryPoint\",\"urlTemplate\":\"https:\/\/www.erresse-shop.it\/fr\/?s={search_term_string}\"},\"query-input\":\"required name=search_term_string\"}],\"inLanguage\":\"fr-FR\"}]}<\/script>\n<!-- \/ Yoast SEO Premium plugin. -->","yoast_head_json":{"title":"IMPERIA Machine pour P\u00e2tes Pastapresto Gourmet Gris anthracite - Erresse Shop","description":"Imperia Pasta Presto est une machine \u00e0 p\u00e2tes motoris\u00e9e au design exclusif et \u00e9l\u00e9gant qui offre une combinaison parfaite de fonctionnalit\u00e9, de tradition et","robots":{"index":"index","follow":"follow","max-snippet":"max-snippet:-1","max-image-preview":"max-image-preview:large","max-video-preview":"max-video-preview:-1"},"canonical":"https:\/\/www.erresse-shop.it\/fr\/shop\/cuisine\/machines-pour-pates\/imperia-machine-pour-pates-pastapresto-gourmet-gris-anthracite\/","og_locale":"fr_FR","og_type":"article","og_title":"IMPERIA Machine pour P\u00e2tes Pastapresto Gourmet Gris anthracite","og_description":"Imperia Pasta Presto est une machine \u00e0 p\u00e2tes motoris\u00e9e au design exclusif et \u00e9l\u00e9gant qui offre une combinaison parfaite de fonctionnalit\u00e9, de tradition et","og_url":"https:\/\/www.erresse-shop.it\/fr\/shop\/cuisine\/machines-pour-pates\/imperia-machine-pour-pates-pastapresto-gourmet-gris-anthracite\/","og_site_name":"Erresse Shop","article_modified_time":"2024-10-28T11:29:02+00:00","og_image":[{"width":800,"height":800,"url":"https:\/\/www.erresse-shop.it\/wp-content\/uploads\/2024\/07\/IMPERIA-Macchina-per-Pasta-Pastapresto-Gourmet-Grigio-Antracite.png","type":"image\/png"}],"twitter_card":"summary_large_image","schema":{"@context":"https:\/\/schema.org","@graph":[{"@type":"WebPage","@id":"https:\/\/www.erresse-shop.it\/fr\/shop\/cuisine\/machines-pour-pates\/imperia-machine-pour-pates-pastapresto-gourmet-gris-anthracite\/","url":"https:\/\/www.erresse-shop.it\/fr\/shop\/cuisine\/machines-pour-pates\/imperia-machine-pour-pates-pastapresto-gourmet-gris-anthracite\/","name":"IMPERIA Machine pour P\u00e2tes Pastapresto Gourmet Gris anthracite - Erresse Shop","isPartOf":{"@id":"https:\/\/www.erresse-shop.it\/fr\/#website"},"datePublished":"2024-07-24T06:21:20+00:00","dateModified":"2024-10-28T11:29:02+00:00","description":"Imperia Pasta Presto est une machine \u00e0 p\u00e2tes motoris\u00e9e au design exclusif et \u00e9l\u00e9gant qui offre une combinaison parfaite de fonctionnalit\u00e9, de tradition et","breadcrumb":{"@id":"https:\/\/www.erresse-shop.it\/fr\/shop\/cuisine\/machines-pour-pates\/imperia-machine-pour-pates-pastapresto-gourmet-gris-anthracite\/#breadcrumb"},"inLanguage":"fr-FR","potentialAction":[{"@type":"ReadAction","target":["https:\/\/www.erresse-shop.it\/fr\/shop\/cuisine\/machines-pour-pates\/imperia-machine-pour-pates-pastapresto-gourmet-gris-anthracite\/"]}]},{"@type":"BreadcrumbList","@id":"https:\/\/www.erresse-shop.it\/fr\/shop\/cuisine\/machines-pour-pates\/imperia-machine-pour-pates-pastapresto-gourmet-gris-anthracite\/#breadcrumb","itemListElement":[{"@type":"ListItem","position":1,"name":"Home","item":"https:\/\/www.erresse-shop.it\/fr\/"},{"@type":"ListItem","position":2,"name":"Shop","item":"https:\/\/www.erresse-shop.it\/fr\/shop\/"},{"@type":"ListItem","position":3,"name":"IMPERIA Machine pour P\u00e2tes Pastapresto Gourmet Gris anthracite"}]},{"@type":"WebSite","@id":"https:\/\/www.erresse-shop.it\/fr\/#website","url":"https:\/\/www.erresse-shop.it\/fr\/","name":"Erresse Shop","description":"Articoli di qualit\u00e0 per la casa","potentialAction":[{"@type":"SearchAction","target":{"@type":"EntryPoint","urlTemplate":"https:\/\/www.erresse-shop.it\/fr\/?s={search_term_string}"},"query-input":"required name=search_term_string"}],"inLanguage":"fr-FR"}]}},"df_price":175,"df_sale_price":175,"df_regular_price":350,"df_image_link":"https:\/\/www.erresse-shop.it\/wp-content\/uploads\/2024\/07\/IMPERIA-Macchina-per-Pasta-Pastapresto-Gourmet-Grigio-Antracite-300x300.jpg","_links":{"self":[{"href":"https:\/\/www.erresse-shop.it\/fr\/wp-json\/wp\/v2\/product\/423446"}],"collection":[{"href":"https:\/\/www.erresse-shop.it\/fr\/wp-json\/wp\/v2\/product"}],"about":[{"href":"https:\/\/www.erresse-shop.it\/fr\/wp-json\/wp\/v2\/types\/product"}],"wp:featuredmedia":[{"embeddable":true,"href":"https:\/\/www.erresse-shop.it\/fr\/wp-json\/wp\/v2\/media\/457186"}],"wp:attachment":[{"href":"https:\/\/www.erresse-shop.it\/fr\/wp-json\/wp\/v2\/media?parent=423446"}],"wp:term":[{"taxonomy":"product_cat","embeddable":true,"href":"https:\/\/www.erresse-shop.it\/fr\/wp-json\/wp\/v2\/product_cat?post=423446"},{"taxonomy":"product_tag","embeddable":true,"href":"https:\/\/www.erresse-shop.it\/fr\/wp-json\/wp\/v2\/product_tag?post=423446"}],"curies":[{"name":"wp","href":"https:\/\/api.w.org\/{rel}","templated":true}]}}