{"id":423433,"date":"2024-07-24T06:08:31","date_gmt":"2024-07-24T06:08:32","guid":{"rendered":"https:\/\/www.erresse-shop.it\/?post_type=product&#038;p=423433"},"modified":"2024-10-28T11:31:23","modified_gmt":"2024-10-28T11:31:23","slug":"imperia-machine-pour-pates-pastapresto-rouge","status":"publish","type":"product","link":"https:\/\/www.erresse-shop.it\/fr\/shop\/cuisine\/machines-pour-pates\/imperia-machine-pour-pates-pastapresto-rouge\/","title":{"rendered":"IMPERIA Machine pour P\u00e2tes Pastapresto Rouge"},"content":{"rendered":"<p>Imperia Pasta Presto, une machine \u00e0 p\u00e2tes motoris\u00e9e au design exclusif et \u00e9l\u00e9gant qui incarne le m\u00e9lange parfait de la fonctionnalit\u00e9 et de la tradition. Avec son design \u00e9l\u00e9gant et facile \u00e0 utiliser, Pasta Presto fait de la pr\u00e9paration des p\u00e2tes une exp\u00e9rience agr\u00e9able et sans effort. Sa construction robuste et ses fonctions avanc\u00e9es simplifient le processus de cr\u00e9ation d&#8217;une vari\u00e9t\u00e9 de types de p\u00e2tes tout en conservant la sensation et le go\u00fbt authentiques des p\u00e2tes italiennes traditionnelles. Id\u00e9ale pour les novices et les exp\u00e9riment\u00e9s, l&#8217;Imperia Pasta Presto est un must pour tous ceux qui appr\u00e9cient la qualit\u00e9 et l&#8217;h\u00e9ritage des p\u00e2tes faites \u00e0 la maison.<\/p>\n<p><strong>Caract\u00e9ristiques principales :<\/strong><\/p>\n<p><strong>Couleur :<\/strong> Rouge Imperia classique<br \/>\n<strong>Design \u00e9l\u00e9gant et efficace :<\/strong> allie esth\u00e9tique moderne et fonctionnalit\u00e9 pratique.<br \/>\n<strong>Commodit\u00e9 motoris\u00e9e :<\/strong> simplifie la pr\u00e9paration des p\u00e2tes en offrant facilit\u00e9 et efficacit\u00e9.<br \/>\n<strong>Exp\u00e9rience authentique des p\u00e2tes :<\/strong> pr\u00e9serve la tradition des p\u00e2tes italiennes faites \u00e0 la maison.<br \/>\n<strong>230V<\/strong><\/p>\n","protected":false},"excerpt":{"rendered":"<p>Imperia Pasta Presto, une machine \u00e0 p\u00e2tes motoris\u00e9e au design exclusif et \u00e9l\u00e9gant qui incarne le m\u00e9lange parfait de la<\/p>\n","protected":false},"featured_media":457032,"template":"","meta":{"_acf_changed":false,"inline_featured_image":false},"product_cat":[12748,12941],"product_tag":[23273,14831,23274],"acf":[],"yoast_head":"<!-- This site is optimized with the Yoast SEO Premium plugin v18.6 (Yoast SEO v19.13) - https:\/\/yoast.com\/wordpress\/plugins\/seo\/ -->\n<title>IMPERIA Machine pour P\u00e2tes Pastapresto Rouge - Erresse Shop<\/title>\n<meta name=\"description\" content=\"Imperia Pasta Presto, une machine \u00e0 p\u00e2tes motoris\u00e9e au design exclusif et \u00e9l\u00e9gant qui incarne le m\u00e9lange parfait de la fonctionnalit\u00e9 et de la tradition.\" \/>\n<meta name=\"robots\" content=\"index, follow, max-snippet:-1, max-image-preview:large, max-video-preview:-1\" \/>\n<link rel=\"canonical\" href=\"https:\/\/www.erresse-shop.it\/fr\/shop\/cuisine\/machines-pour-pates\/imperia-machine-pour-pates-pastapresto-rouge\/\" \/>\n<meta property=\"og:locale\" content=\"fr_FR\" \/>\n<meta property=\"og:type\" content=\"article\" \/>\n<meta property=\"og:title\" content=\"IMPERIA Machine pour P\u00e2tes Pastapresto Rouge\" \/>\n<meta property=\"og:description\" content=\"Imperia Pasta Presto, une machine \u00e0 p\u00e2tes motoris\u00e9e au design exclusif et \u00e9l\u00e9gant qui incarne le m\u00e9lange parfait de la fonctionnalit\u00e9 et de la tradition.\" \/>\n<meta property=\"og:url\" content=\"https:\/\/www.erresse-shop.it\/fr\/shop\/cuisine\/machines-pour-pates\/imperia-machine-pour-pates-pastapresto-rouge\/\" \/>\n<meta property=\"og:site_name\" content=\"Erresse Shop\" \/>\n<meta property=\"article:modified_time\" content=\"2024-10-28T11:31:23+00:00\" \/>\n<meta property=\"og:image\" content=\"https:\/\/www.erresse-shop.it\/wp-content\/uploads\/2024\/07\/IMPERIA-Macchina-per-Pasta-Pastapresto-Rosso.png\" \/>\n\t<meta property=\"og:image:width\" content=\"800\" \/>\n\t<meta property=\"og:image:height\" content=\"800\" \/>\n\t<meta property=\"og:image:type\" content=\"image\/png\" \/>\n<meta name=\"twitter:card\" content=\"summary_large_image\" \/>\n<script type=\"application\/ld+json\" class=\"yoast-schema-graph\">{\"@context\":\"https:\/\/schema.org\",\"@graph\":[{\"@type\":\"WebPage\",\"@id\":\"https:\/\/www.erresse-shop.it\/fr\/shop\/cuisine\/machines-pour-pates\/imperia-machine-pour-pates-pastapresto-rouge\/\",\"url\":\"https:\/\/www.erresse-shop.it\/fr\/shop\/cuisine\/machines-pour-pates\/imperia-machine-pour-pates-pastapresto-rouge\/\",\"name\":\"IMPERIA Machine pour P\u00e2tes Pastapresto Rouge - Erresse Shop\",\"isPartOf\":{\"@id\":\"https:\/\/www.erresse-shop.it\/fr\/#website\"},\"datePublished\":\"2024-07-24T06:08:32+00:00\",\"dateModified\":\"2024-10-28T11:31:23+00:00\",\"description\":\"Imperia Pasta Presto, une machine \u00e0 p\u00e2tes motoris\u00e9e au design exclusif et \u00e9l\u00e9gant qui incarne le m\u00e9lange parfait de la fonctionnalit\u00e9 et de la tradition.\",\"breadcrumb\":{\"@id\":\"https:\/\/www.erresse-shop.it\/fr\/shop\/cuisine\/machines-pour-pates\/imperia-machine-pour-pates-pastapresto-rouge\/#breadcrumb\"},\"inLanguage\":\"fr-FR\",\"potentialAction\":[{\"@type\":\"ReadAction\",\"target\":[\"https:\/\/www.erresse-shop.it\/fr\/shop\/cuisine\/machines-pour-pates\/imperia-machine-pour-pates-pastapresto-rouge\/\"]}]},{\"@type\":\"BreadcrumbList\",\"@id\":\"https:\/\/www.erresse-shop.it\/fr\/shop\/cuisine\/machines-pour-pates\/imperia-machine-pour-pates-pastapresto-rouge\/#breadcrumb\",\"itemListElement\":[{\"@type\":\"ListItem\",\"position\":1,\"name\":\"Home\",\"item\":\"https:\/\/www.erresse-shop.it\/fr\/\"},{\"@type\":\"ListItem\",\"position\":2,\"name\":\"Shop\",\"item\":\"https:\/\/www.erresse-shop.it\/fr\/shop\/\"},{\"@type\":\"ListItem\",\"position\":3,\"name\":\"IMPERIA Machine pour P\u00e2tes Pastapresto Rouge\"}]},{\"@type\":\"WebSite\",\"@id\":\"https:\/\/www.erresse-shop.it\/fr\/#website\",\"url\":\"https:\/\/www.erresse-shop.it\/fr\/\",\"name\":\"Erresse Shop\",\"description\":\"Articoli di qualit\u00e0 per la casa\",\"potentialAction\":[{\"@type\":\"SearchAction\",\"target\":{\"@type\":\"EntryPoint\",\"urlTemplate\":\"https:\/\/www.erresse-shop.it\/fr\/?s={search_term_string}\"},\"query-input\":\"required name=search_term_string\"}],\"inLanguage\":\"fr-FR\"}]}<\/script>\n<!-- \/ Yoast SEO Premium plugin. -->","yoast_head_json":{"title":"IMPERIA Machine pour P\u00e2tes Pastapresto Rouge - Erresse Shop","description":"Imperia Pasta Presto, une machine \u00e0 p\u00e2tes motoris\u00e9e au design exclusif et \u00e9l\u00e9gant qui incarne le m\u00e9lange parfait de la fonctionnalit\u00e9 et de la tradition.","robots":{"index":"index","follow":"follow","max-snippet":"max-snippet:-1","max-image-preview":"max-image-preview:large","max-video-preview":"max-video-preview:-1"},"canonical":"https:\/\/www.erresse-shop.it\/fr\/shop\/cuisine\/machines-pour-pates\/imperia-machine-pour-pates-pastapresto-rouge\/","og_locale":"fr_FR","og_type":"article","og_title":"IMPERIA Machine pour P\u00e2tes Pastapresto Rouge","og_description":"Imperia Pasta Presto, une machine \u00e0 p\u00e2tes motoris\u00e9e au design exclusif et \u00e9l\u00e9gant qui incarne le m\u00e9lange parfait de la fonctionnalit\u00e9 et de la tradition.","og_url":"https:\/\/www.erresse-shop.it\/fr\/shop\/cuisine\/machines-pour-pates\/imperia-machine-pour-pates-pastapresto-rouge\/","og_site_name":"Erresse Shop","article_modified_time":"2024-10-28T11:31:23+00:00","og_image":[{"width":800,"height":800,"url":"https:\/\/www.erresse-shop.it\/wp-content\/uploads\/2024\/07\/IMPERIA-Macchina-per-Pasta-Pastapresto-Rosso.png","type":"image\/png"}],"twitter_card":"summary_large_image","schema":{"@context":"https:\/\/schema.org","@graph":[{"@type":"WebPage","@id":"https:\/\/www.erresse-shop.it\/fr\/shop\/cuisine\/machines-pour-pates\/imperia-machine-pour-pates-pastapresto-rouge\/","url":"https:\/\/www.erresse-shop.it\/fr\/shop\/cuisine\/machines-pour-pates\/imperia-machine-pour-pates-pastapresto-rouge\/","name":"IMPERIA Machine pour P\u00e2tes Pastapresto Rouge - Erresse Shop","isPartOf":{"@id":"https:\/\/www.erresse-shop.it\/fr\/#website"},"datePublished":"2024-07-24T06:08:32+00:00","dateModified":"2024-10-28T11:31:23+00:00","description":"Imperia Pasta Presto, une machine \u00e0 p\u00e2tes motoris\u00e9e au design exclusif et \u00e9l\u00e9gant qui incarne le m\u00e9lange parfait de la fonctionnalit\u00e9 et de la tradition.","breadcrumb":{"@id":"https:\/\/www.erresse-shop.it\/fr\/shop\/cuisine\/machines-pour-pates\/imperia-machine-pour-pates-pastapresto-rouge\/#breadcrumb"},"inLanguage":"fr-FR","potentialAction":[{"@type":"ReadAction","target":["https:\/\/www.erresse-shop.it\/fr\/shop\/cuisine\/machines-pour-pates\/imperia-machine-pour-pates-pastapresto-rouge\/"]}]},{"@type":"BreadcrumbList","@id":"https:\/\/www.erresse-shop.it\/fr\/shop\/cuisine\/machines-pour-pates\/imperia-machine-pour-pates-pastapresto-rouge\/#breadcrumb","itemListElement":[{"@type":"ListItem","position":1,"name":"Home","item":"https:\/\/www.erresse-shop.it\/fr\/"},{"@type":"ListItem","position":2,"name":"Shop","item":"https:\/\/www.erresse-shop.it\/fr\/shop\/"},{"@type":"ListItem","position":3,"name":"IMPERIA Machine pour P\u00e2tes Pastapresto Rouge"}]},{"@type":"WebSite","@id":"https:\/\/www.erresse-shop.it\/fr\/#website","url":"https:\/\/www.erresse-shop.it\/fr\/","name":"Erresse Shop","description":"Articoli di qualit\u00e0 per la casa","potentialAction":[{"@type":"SearchAction","target":{"@type":"EntryPoint","urlTemplate":"https:\/\/www.erresse-shop.it\/fr\/?s={search_term_string}"},"query-input":"required name=search_term_string"}],"inLanguage":"fr-FR"}]}},"df_price":165,"df_sale_price":165,"df_regular_price":330,"df_image_link":"https:\/\/www.erresse-shop.it\/wp-content\/uploads\/2024\/07\/IMPERIA-Macchina-per-Pasta-Pastapresto-Rosso-300x300.jpg","_links":{"self":[{"href":"https:\/\/www.erresse-shop.it\/fr\/wp-json\/wp\/v2\/product\/423433"}],"collection":[{"href":"https:\/\/www.erresse-shop.it\/fr\/wp-json\/wp\/v2\/product"}],"about":[{"href":"https:\/\/www.erresse-shop.it\/fr\/wp-json\/wp\/v2\/types\/product"}],"wp:featuredmedia":[{"embeddable":true,"href":"https:\/\/www.erresse-shop.it\/fr\/wp-json\/wp\/v2\/media\/457032"}],"wp:attachment":[{"href":"https:\/\/www.erresse-shop.it\/fr\/wp-json\/wp\/v2\/media?parent=423433"}],"wp:term":[{"taxonomy":"product_cat","embeddable":true,"href":"https:\/\/www.erresse-shop.it\/fr\/wp-json\/wp\/v2\/product_cat?post=423433"},{"taxonomy":"product_tag","embeddable":true,"href":"https:\/\/www.erresse-shop.it\/fr\/wp-json\/wp\/v2\/product_tag?post=423433"}],"curies":[{"name":"wp","href":"https:\/\/api.w.org\/{rel}","templated":true}]}}