{"id":423374,"date":"2024-07-23T13:59:46","date_gmt":"2024-07-23T13:59:49","guid":{"rendered":"https:\/\/www.erresse-shop.it\/?post_type=product&#038;p=423374"},"modified":"2024-10-17T13:50:06","modified_gmt":"2024-10-17T13:50:06","slug":"wusthof-classic-couteau-de-chef-16-cm","status":"publish","type":"product","link":"https:\/\/www.erresse-shop.it\/fr\/shop\/cuisine\/couteaux\/wusthof-classic-couteau-de-chef-16-cm\/","title":{"rendered":"WUSTHOF Classic Couteau de chef 16 cm"},"content":{"rendered":"<p>Ce couteau est un outil indispensable pour le cuisinier professionnel. Tr\u00e8s pr\u00e9cis et robuste, il permet une utilisation intensive sans effort gr\u00e2ce \u00e0 son \u00e9quilibre de poids optimal et \u00e0 son manche ergonomique con\u00e7u en collaboration avec des chefs et des experts. L&#8217;aff\u00fbtage tr\u00e8s fin de la lame le rend incroyablement efficace pour hacher et couper la viande, le poisson et les l\u00e9gumes. Attention, si vous l&#8217;utilisez pour cisailler des os, vous endommagerez la finesse de la coupe.<\/p>\n<p><strong>D\u00e9tails du produit :<\/strong><\/p>\n<ul>\n<li>Lame en acier inoxydable<\/li>\n<li>Excellente ergonomie.<\/li>\n<li>Equilibre parfait pour une coupe sans effort.<\/li>\n<li>Aucun espace entre le manche et la lame pour une hygi\u00e8ne parfaite.<\/li>\n<li>Manche noir en mati\u00e8re synth\u00e9tique sp\u00e9ciale.<\/li>\n<li>Tranchant constant dans le temps, gr\u00e2ce \u00e0 la technologie PEtec &#8211; Precision Edge de W\u00dcSTHOF.<\/li>\n<\/ul>\n","protected":false},"excerpt":{"rendered":"<p>Ce couteau est un outil indispensable pour le cuisinier professionnel. Tr\u00e8s pr\u00e9cis et robuste, il permet une utilisation intensive sans<\/p>\n","protected":false},"featured_media":509377,"template":"","meta":{"_acf_changed":false,"inline_featured_image":false},"product_cat":[12742,14452,12748],"product_tag":[12838,12839,21261],"acf":[],"yoast_head":"<!-- This site is optimized with the Yoast SEO Premium plugin v18.6 (Yoast SEO v19.13) - https:\/\/yoast.com\/wordpress\/plugins\/seo\/ -->\n<title>WUSTHOF Classic Couteau de chef 16 cm - Erresse Shop<\/title>\n<meta name=\"description\" content=\"Ce couteau est un outil indispensable pour le cuisinier professionnel. Tr\u00e8s pr\u00e9cis et robuste, il permet une utilisation intensive sans effort gr\u00e2ce \u00e0 son\" \/>\n<meta name=\"robots\" content=\"index, follow, max-snippet:-1, max-image-preview:large, max-video-preview:-1\" \/>\n<link rel=\"canonical\" href=\"https:\/\/www.erresse-shop.it\/fr\/shop\/cuisine\/couteaux\/wusthof-classic-couteau-de-chef-16-cm\/\" \/>\n<meta property=\"og:locale\" content=\"fr_FR\" \/>\n<meta property=\"og:type\" content=\"article\" \/>\n<meta property=\"og:title\" content=\"WUSTHOF Classic Couteau de chef 16 cm\" \/>\n<meta property=\"og:description\" content=\"Ce couteau est un outil indispensable pour le cuisinier professionnel. Tr\u00e8s pr\u00e9cis et robuste, il permet une utilisation intensive sans effort gr\u00e2ce \u00e0 son\" \/>\n<meta property=\"og:url\" content=\"https:\/\/www.erresse-shop.it\/fr\/shop\/cuisine\/couteaux\/wusthof-classic-couteau-de-chef-16-cm\/\" \/>\n<meta property=\"og:site_name\" content=\"Erresse Shop\" \/>\n<meta property=\"article:modified_time\" content=\"2024-10-17T13:50:06+00:00\" \/>\n<meta property=\"og:image\" content=\"https:\/\/www.erresse-shop.it\/wp-content\/uploads\/2024\/07\/WUSTHOF-Classic-Coltello-Chef-16-cm.png\" \/>\n\t<meta property=\"og:image:width\" content=\"800\" \/>\n\t<meta property=\"og:image:height\" content=\"800\" \/>\n\t<meta property=\"og:image:type\" content=\"image\/png\" \/>\n<meta name=\"twitter:card\" content=\"summary_large_image\" \/>\n<script type=\"application\/ld+json\" class=\"yoast-schema-graph\">{\"@context\":\"https:\/\/schema.org\",\"@graph\":[{\"@type\":\"WebPage\",\"@id\":\"https:\/\/www.erresse-shop.it\/fr\/shop\/cuisine\/couteaux\/wusthof-classic-couteau-de-chef-16-cm\/\",\"url\":\"https:\/\/www.erresse-shop.it\/fr\/shop\/cuisine\/couteaux\/wusthof-classic-couteau-de-chef-16-cm\/\",\"name\":\"WUSTHOF Classic Couteau de chef 16 cm - Erresse Shop\",\"isPartOf\":{\"@id\":\"https:\/\/www.erresse-shop.it\/fr\/#website\"},\"datePublished\":\"2024-07-23T13:59:49+00:00\",\"dateModified\":\"2024-10-17T13:50:06+00:00\",\"description\":\"Ce couteau est un outil indispensable pour le cuisinier professionnel. Tr\u00e8s pr\u00e9cis et robuste, il permet une utilisation intensive sans effort gr\u00e2ce \u00e0 son\",\"breadcrumb\":{\"@id\":\"https:\/\/www.erresse-shop.it\/fr\/shop\/cuisine\/couteaux\/wusthof-classic-couteau-de-chef-16-cm\/#breadcrumb\"},\"inLanguage\":\"fr-FR\",\"potentialAction\":[{\"@type\":\"ReadAction\",\"target\":[\"https:\/\/www.erresse-shop.it\/fr\/shop\/cuisine\/couteaux\/wusthof-classic-couteau-de-chef-16-cm\/\"]}]},{\"@type\":\"BreadcrumbList\",\"@id\":\"https:\/\/www.erresse-shop.it\/fr\/shop\/cuisine\/couteaux\/wusthof-classic-couteau-de-chef-16-cm\/#breadcrumb\",\"itemListElement\":[{\"@type\":\"ListItem\",\"position\":1,\"name\":\"Home\",\"item\":\"https:\/\/www.erresse-shop.it\/fr\/\"},{\"@type\":\"ListItem\",\"position\":2,\"name\":\"Shop\",\"item\":\"https:\/\/www.erresse-shop.it\/fr\/shop\/\"},{\"@type\":\"ListItem\",\"position\":3,\"name\":\"WUSTHOF Classic Couteau de chef 16 cm\"}]},{\"@type\":\"WebSite\",\"@id\":\"https:\/\/www.erresse-shop.it\/fr\/#website\",\"url\":\"https:\/\/www.erresse-shop.it\/fr\/\",\"name\":\"Erresse Shop\",\"description\":\"Articoli di qualit\u00e0 per la casa\",\"potentialAction\":[{\"@type\":\"SearchAction\",\"target\":{\"@type\":\"EntryPoint\",\"urlTemplate\":\"https:\/\/www.erresse-shop.it\/fr\/?s={search_term_string}\"},\"query-input\":\"required name=search_term_string\"}],\"inLanguage\":\"fr-FR\"}]}<\/script>\n<!-- \/ Yoast SEO Premium plugin. -->","yoast_head_json":{"title":"WUSTHOF Classic Couteau de chef 16 cm - Erresse Shop","description":"Ce couteau est un outil indispensable pour le cuisinier professionnel. Tr\u00e8s pr\u00e9cis et robuste, il permet une utilisation intensive sans effort gr\u00e2ce \u00e0 son","robots":{"index":"index","follow":"follow","max-snippet":"max-snippet:-1","max-image-preview":"max-image-preview:large","max-video-preview":"max-video-preview:-1"},"canonical":"https:\/\/www.erresse-shop.it\/fr\/shop\/cuisine\/couteaux\/wusthof-classic-couteau-de-chef-16-cm\/","og_locale":"fr_FR","og_type":"article","og_title":"WUSTHOF Classic Couteau de chef 16 cm","og_description":"Ce couteau est un outil indispensable pour le cuisinier professionnel. Tr\u00e8s pr\u00e9cis et robuste, il permet une utilisation intensive sans effort gr\u00e2ce \u00e0 son","og_url":"https:\/\/www.erresse-shop.it\/fr\/shop\/cuisine\/couteaux\/wusthof-classic-couteau-de-chef-16-cm\/","og_site_name":"Erresse Shop","article_modified_time":"2024-10-17T13:50:06+00:00","og_image":[{"width":800,"height":800,"url":"https:\/\/www.erresse-shop.it\/wp-content\/uploads\/2024\/07\/WUSTHOF-Classic-Coltello-Chef-16-cm.png","type":"image\/png"}],"twitter_card":"summary_large_image","schema":{"@context":"https:\/\/schema.org","@graph":[{"@type":"WebPage","@id":"https:\/\/www.erresse-shop.it\/fr\/shop\/cuisine\/couteaux\/wusthof-classic-couteau-de-chef-16-cm\/","url":"https:\/\/www.erresse-shop.it\/fr\/shop\/cuisine\/couteaux\/wusthof-classic-couteau-de-chef-16-cm\/","name":"WUSTHOF Classic Couteau de chef 16 cm - Erresse Shop","isPartOf":{"@id":"https:\/\/www.erresse-shop.it\/fr\/#website"},"datePublished":"2024-07-23T13:59:49+00:00","dateModified":"2024-10-17T13:50:06+00:00","description":"Ce couteau est un outil indispensable pour le cuisinier professionnel. Tr\u00e8s pr\u00e9cis et robuste, il permet une utilisation intensive sans effort gr\u00e2ce \u00e0 son","breadcrumb":{"@id":"https:\/\/www.erresse-shop.it\/fr\/shop\/cuisine\/couteaux\/wusthof-classic-couteau-de-chef-16-cm\/#breadcrumb"},"inLanguage":"fr-FR","potentialAction":[{"@type":"ReadAction","target":["https:\/\/www.erresse-shop.it\/fr\/shop\/cuisine\/couteaux\/wusthof-classic-couteau-de-chef-16-cm\/"]}]},{"@type":"BreadcrumbList","@id":"https:\/\/www.erresse-shop.it\/fr\/shop\/cuisine\/couteaux\/wusthof-classic-couteau-de-chef-16-cm\/#breadcrumb","itemListElement":[{"@type":"ListItem","position":1,"name":"Home","item":"https:\/\/www.erresse-shop.it\/fr\/"},{"@type":"ListItem","position":2,"name":"Shop","item":"https:\/\/www.erresse-shop.it\/fr\/shop\/"},{"@type":"ListItem","position":3,"name":"WUSTHOF Classic Couteau de chef 16 cm"}]},{"@type":"WebSite","@id":"https:\/\/www.erresse-shop.it\/fr\/#website","url":"https:\/\/www.erresse-shop.it\/fr\/","name":"Erresse Shop","description":"Articoli di qualit\u00e0 per la casa","potentialAction":[{"@type":"SearchAction","target":{"@type":"EntryPoint","urlTemplate":"https:\/\/www.erresse-shop.it\/fr\/?s={search_term_string}"},"query-input":"required name=search_term_string"}],"inLanguage":"fr-FR"}]}},"df_price":79.2,"df_sale_price":79.2,"df_regular_price":99,"df_image_link":"https:\/\/www.erresse-shop.it\/wp-content\/uploads\/2024\/07\/WUSTHOF-Classic-Coltello-Chef-16-cm-300x300.jpg","_links":{"self":[{"href":"https:\/\/www.erresse-shop.it\/fr\/wp-json\/wp\/v2\/product\/423374"}],"collection":[{"href":"https:\/\/www.erresse-shop.it\/fr\/wp-json\/wp\/v2\/product"}],"about":[{"href":"https:\/\/www.erresse-shop.it\/fr\/wp-json\/wp\/v2\/types\/product"}],"wp:featuredmedia":[{"embeddable":true,"href":"https:\/\/www.erresse-shop.it\/fr\/wp-json\/wp\/v2\/media\/509377"}],"wp:attachment":[{"href":"https:\/\/www.erresse-shop.it\/fr\/wp-json\/wp\/v2\/media?parent=423374"}],"wp:term":[{"taxonomy":"product_cat","embeddable":true,"href":"https:\/\/www.erresse-shop.it\/fr\/wp-json\/wp\/v2\/product_cat?post=423374"},{"taxonomy":"product_tag","embeddable":true,"href":"https:\/\/www.erresse-shop.it\/fr\/wp-json\/wp\/v2\/product_tag?post=423374"}],"curies":[{"name":"wp","href":"https:\/\/api.w.org\/{rel}","templated":true}]}}