{"id":423355,"date":"2024-07-23T12:39:34","date_gmt":"2024-07-23T12:39:36","guid":{"rendered":"https:\/\/www.erresse-shop.it\/?post_type=product&#038;p=423355"},"modified":"2024-10-17T13:52:45","modified_gmt":"2024-10-17T13:52:45","slug":"kitchenaid-pince-a-grille-pain","status":"publish","type":"product","link":"https:\/\/www.erresse-shop.it\/fr\/shop\/petits-electromenagers\/grille-pains\/kitchenaid-pince-a-grille-pain\/","title":{"rendered":"KITCHENAID Pince \u00e0 grille-pain"},"content":{"rendered":"<p>La pince \u00e0 toasts vous permet de pr\u00e9parer de d\u00e9licieux toasts tout en minimisant les risques de d\u00e9bordement gr\u00e2ce \u00e0 un syst\u00e8me de blocage int\u00e9gr\u00e9.<br \/>\nIl suffit de l&#8217;ouvrir et de placer le pain \u00e0 l&#8217;int\u00e9rieur, garni de fines tranches de fromage, de charcuterie ou d&#8217;autres ingr\u00e9dients.<br \/>\nGr\u00e2ce \u00e0 sa poign\u00e9e confortable, la manipulation est facile et s\u00fbre.<\/p>\n<ul>\n<li>Mat\u00e9riau : acier inoxydable<\/li>\n<li>Peut \u00eatre lav\u00e9 au lave-vaisselle<\/li>\n<li>Compatible avec tous les mod\u00e8les de grille-pain KitchenAid<\/li>\n<\/ul>\n","protected":false},"excerpt":{"rendered":"<p>La pince \u00e0 toasts vous permet de pr\u00e9parer de d\u00e9licieux toasts tout en minimisant les risques de d\u00e9bordement gr\u00e2ce \u00e0<\/p>\n","protected":false},"featured_media":507671,"template":"","meta":{"_acf_changed":false,"inline_featured_image":false},"product_cat":[12770,12449],"product_tag":[13637,13265,13251,15610,22973],"acf":[],"yoast_head":"<!-- This site is optimized with the Yoast SEO Premium plugin v18.6 (Yoast SEO v19.13) - https:\/\/yoast.com\/wordpress\/plugins\/seo\/ -->\n<title>KITCHENAID Pince \u00e0 grille-pain - Erresse Shop<\/title>\n<meta name=\"description\" content=\"La pince \u00e0 toasts vous permet de pr\u00e9parer de d\u00e9licieux toasts tout en minimisant les risques de d\u00e9bordement gr\u00e2ce \u00e0 un syst\u00e8me de blocage int\u00e9gr\u00e9. Il\" \/>\n<meta name=\"robots\" content=\"index, follow, max-snippet:-1, max-image-preview:large, max-video-preview:-1\" \/>\n<link rel=\"canonical\" href=\"https:\/\/www.erresse-shop.it\/fr\/shop\/petits-electromenagers\/grille-pains\/kitchenaid-pince-a-grille-pain\/\" \/>\n<meta property=\"og:locale\" content=\"fr_FR\" \/>\n<meta property=\"og:type\" content=\"article\" \/>\n<meta property=\"og:title\" content=\"KITCHENAID Pince \u00e0 grille-pain\" \/>\n<meta property=\"og:description\" content=\"La pince \u00e0 toasts vous permet de pr\u00e9parer de d\u00e9licieux toasts tout en minimisant les risques de d\u00e9bordement gr\u00e2ce \u00e0 un syst\u00e8me de blocage int\u00e9gr\u00e9. Il\" \/>\n<meta property=\"og:url\" content=\"https:\/\/www.erresse-shop.it\/fr\/shop\/petits-electromenagers\/grille-pains\/kitchenaid-pince-a-grille-pain\/\" \/>\n<meta property=\"og:site_name\" content=\"Erresse Shop\" \/>\n<meta property=\"article:modified_time\" content=\"2024-10-17T13:52:45+00:00\" \/>\n<meta property=\"og:image\" content=\"https:\/\/www.erresse-shop.it\/wp-content\/uploads\/2024\/07\/KITCHENAID-Pinze-per-Tostapane.png\" \/>\n\t<meta property=\"og:image:width\" content=\"800\" \/>\n\t<meta property=\"og:image:height\" content=\"800\" \/>\n\t<meta property=\"og:image:type\" content=\"image\/png\" \/>\n<meta name=\"twitter:card\" content=\"summary_large_image\" \/>\n<script type=\"application\/ld+json\" class=\"yoast-schema-graph\">{\"@context\":\"https:\/\/schema.org\",\"@graph\":[{\"@type\":\"WebPage\",\"@id\":\"https:\/\/www.erresse-shop.it\/fr\/shop\/petits-electromenagers\/grille-pains\/kitchenaid-pince-a-grille-pain\/\",\"url\":\"https:\/\/www.erresse-shop.it\/fr\/shop\/petits-electromenagers\/grille-pains\/kitchenaid-pince-a-grille-pain\/\",\"name\":\"KITCHENAID Pince \u00e0 grille-pain - Erresse Shop\",\"isPartOf\":{\"@id\":\"https:\/\/www.erresse-shop.it\/fr\/#website\"},\"datePublished\":\"2024-07-23T12:39:36+00:00\",\"dateModified\":\"2024-10-17T13:52:45+00:00\",\"description\":\"La pince \u00e0 toasts vous permet de pr\u00e9parer de d\u00e9licieux toasts tout en minimisant les risques de d\u00e9bordement gr\u00e2ce \u00e0 un syst\u00e8me de blocage int\u00e9gr\u00e9. Il\",\"breadcrumb\":{\"@id\":\"https:\/\/www.erresse-shop.it\/fr\/shop\/petits-electromenagers\/grille-pains\/kitchenaid-pince-a-grille-pain\/#breadcrumb\"},\"inLanguage\":\"fr-FR\",\"potentialAction\":[{\"@type\":\"ReadAction\",\"target\":[\"https:\/\/www.erresse-shop.it\/fr\/shop\/petits-electromenagers\/grille-pains\/kitchenaid-pince-a-grille-pain\/\"]}]},{\"@type\":\"BreadcrumbList\",\"@id\":\"https:\/\/www.erresse-shop.it\/fr\/shop\/petits-electromenagers\/grille-pains\/kitchenaid-pince-a-grille-pain\/#breadcrumb\",\"itemListElement\":[{\"@type\":\"ListItem\",\"position\":1,\"name\":\"Home\",\"item\":\"https:\/\/www.erresse-shop.it\/fr\/\"},{\"@type\":\"ListItem\",\"position\":2,\"name\":\"Shop\",\"item\":\"https:\/\/www.erresse-shop.it\/fr\/shop\/\"},{\"@type\":\"ListItem\",\"position\":3,\"name\":\"KITCHENAID Pince \u00e0 grille-pain\"}]},{\"@type\":\"WebSite\",\"@id\":\"https:\/\/www.erresse-shop.it\/fr\/#website\",\"url\":\"https:\/\/www.erresse-shop.it\/fr\/\",\"name\":\"Erresse Shop\",\"description\":\"Articoli di qualit\u00e0 per la casa\",\"potentialAction\":[{\"@type\":\"SearchAction\",\"target\":{\"@type\":\"EntryPoint\",\"urlTemplate\":\"https:\/\/www.erresse-shop.it\/fr\/?s={search_term_string}\"},\"query-input\":\"required name=search_term_string\"}],\"inLanguage\":\"fr-FR\"}]}<\/script>\n<!-- \/ Yoast SEO Premium plugin. -->","yoast_head_json":{"title":"KITCHENAID Pince \u00e0 grille-pain - Erresse Shop","description":"La pince \u00e0 toasts vous permet de pr\u00e9parer de d\u00e9licieux toasts tout en minimisant les risques de d\u00e9bordement gr\u00e2ce \u00e0 un syst\u00e8me de blocage int\u00e9gr\u00e9. Il","robots":{"index":"index","follow":"follow","max-snippet":"max-snippet:-1","max-image-preview":"max-image-preview:large","max-video-preview":"max-video-preview:-1"},"canonical":"https:\/\/www.erresse-shop.it\/fr\/shop\/petits-electromenagers\/grille-pains\/kitchenaid-pince-a-grille-pain\/","og_locale":"fr_FR","og_type":"article","og_title":"KITCHENAID Pince \u00e0 grille-pain","og_description":"La pince \u00e0 toasts vous permet de pr\u00e9parer de d\u00e9licieux toasts tout en minimisant les risques de d\u00e9bordement gr\u00e2ce \u00e0 un syst\u00e8me de blocage int\u00e9gr\u00e9. Il","og_url":"https:\/\/www.erresse-shop.it\/fr\/shop\/petits-electromenagers\/grille-pains\/kitchenaid-pince-a-grille-pain\/","og_site_name":"Erresse Shop","article_modified_time":"2024-10-17T13:52:45+00:00","og_image":[{"width":800,"height":800,"url":"https:\/\/www.erresse-shop.it\/wp-content\/uploads\/2024\/07\/KITCHENAID-Pinze-per-Tostapane.png","type":"image\/png"}],"twitter_card":"summary_large_image","schema":{"@context":"https:\/\/schema.org","@graph":[{"@type":"WebPage","@id":"https:\/\/www.erresse-shop.it\/fr\/shop\/petits-electromenagers\/grille-pains\/kitchenaid-pince-a-grille-pain\/","url":"https:\/\/www.erresse-shop.it\/fr\/shop\/petits-electromenagers\/grille-pains\/kitchenaid-pince-a-grille-pain\/","name":"KITCHENAID Pince \u00e0 grille-pain - Erresse Shop","isPartOf":{"@id":"https:\/\/www.erresse-shop.it\/fr\/#website"},"datePublished":"2024-07-23T12:39:36+00:00","dateModified":"2024-10-17T13:52:45+00:00","description":"La pince \u00e0 toasts vous permet de pr\u00e9parer de d\u00e9licieux toasts tout en minimisant les risques de d\u00e9bordement gr\u00e2ce \u00e0 un syst\u00e8me de blocage int\u00e9gr\u00e9. Il","breadcrumb":{"@id":"https:\/\/www.erresse-shop.it\/fr\/shop\/petits-electromenagers\/grille-pains\/kitchenaid-pince-a-grille-pain\/#breadcrumb"},"inLanguage":"fr-FR","potentialAction":[{"@type":"ReadAction","target":["https:\/\/www.erresse-shop.it\/fr\/shop\/petits-electromenagers\/grille-pains\/kitchenaid-pince-a-grille-pain\/"]}]},{"@type":"BreadcrumbList","@id":"https:\/\/www.erresse-shop.it\/fr\/shop\/petits-electromenagers\/grille-pains\/kitchenaid-pince-a-grille-pain\/#breadcrumb","itemListElement":[{"@type":"ListItem","position":1,"name":"Home","item":"https:\/\/www.erresse-shop.it\/fr\/"},{"@type":"ListItem","position":2,"name":"Shop","item":"https:\/\/www.erresse-shop.it\/fr\/shop\/"},{"@type":"ListItem","position":3,"name":"KITCHENAID Pince \u00e0 grille-pain"}]},{"@type":"WebSite","@id":"https:\/\/www.erresse-shop.it\/fr\/#website","url":"https:\/\/www.erresse-shop.it\/fr\/","name":"Erresse Shop","description":"Articoli di qualit\u00e0 per la casa","potentialAction":[{"@type":"SearchAction","target":{"@type":"EntryPoint","urlTemplate":"https:\/\/www.erresse-shop.it\/fr\/?s={search_term_string}"},"query-input":"required name=search_term_string"}],"inLanguage":"fr-FR"}]}},"df_price":29.25,"df_sale_price":29.25,"df_regular_price":39,"df_image_link":"https:\/\/www.erresse-shop.it\/wp-content\/uploads\/2024\/07\/KITCHENAID-Pinze-per-Tostapane-300x300.jpg","_links":{"self":[{"href":"https:\/\/www.erresse-shop.it\/fr\/wp-json\/wp\/v2\/product\/423355"}],"collection":[{"href":"https:\/\/www.erresse-shop.it\/fr\/wp-json\/wp\/v2\/product"}],"about":[{"href":"https:\/\/www.erresse-shop.it\/fr\/wp-json\/wp\/v2\/types\/product"}],"wp:featuredmedia":[{"embeddable":true,"href":"https:\/\/www.erresse-shop.it\/fr\/wp-json\/wp\/v2\/media\/507671"}],"wp:attachment":[{"href":"https:\/\/www.erresse-shop.it\/fr\/wp-json\/wp\/v2\/media?parent=423355"}],"wp:term":[{"taxonomy":"product_cat","embeddable":true,"href":"https:\/\/www.erresse-shop.it\/fr\/wp-json\/wp\/v2\/product_cat?post=423355"},{"taxonomy":"product_tag","embeddable":true,"href":"https:\/\/www.erresse-shop.it\/fr\/wp-json\/wp\/v2\/product_tag?post=423355"}],"curies":[{"name":"wp","href":"https:\/\/api.w.org\/{rel}","templated":true}]}}