{"id":423213,"date":"2024-07-23T09:48:08","date_gmt":"2024-07-23T09:48:10","guid":{"rendered":"https:\/\/www.erresse-shop.it\/?post_type=product&#038;p=423213"},"modified":"2024-12-12T20:59:33","modified_gmt":"2024-12-12T20:59:33","slug":"kitchenaid-artisan-grille-pain-2-tranches-noir","status":"publish","type":"product","link":"https:\/\/www.erresse-shop.it\/fr\/shop\/petits-electromenagers\/grille-pains\/kitchenaid-artisan-grille-pain-2-tranches-noir\/","title":{"rendered":"KITCHENAID Artisan Grille-pain 2 tranches Noir"},"content":{"rendered":"<p>Grille-pain 2 tranches au design r\u00e9tro avec 2 compartiments extra-larges.<br \/>\nId\u00e9al pour une utilisation quotidienne afin de griller \u00e0 la perfection le pain, les bagels et bien d&#8217;autres aliments.<br \/>\nPince \u00e0 toast pratique incluse dans l&#8217;emballage.<\/p>\n<ul>\n<li>Corps en m\u00e9tal moul\u00e9<\/li>\n<li>7 r\u00e9glages de brunissement diff\u00e9rents<\/li>\n<li>Minuterie LED pour le compte \u00e0 rebours<\/li>\n<li>Mont\u00e9e et descente automatique<\/li>\n<li>Maintien de la temp\u00e9rature<\/li>\n<li>Mode d\u00e9cong\u00e9lation<\/li>\n<li>Mode bagel<\/li>\n<li>Bac \u00e0 miettes<\/li>\n<\/ul>\n<p>Dimensions : 34,8 x 18 x 22,6 cm<\/p>\n","protected":false},"excerpt":{"rendered":"<p>Grille-pain 2 tranches au design r\u00e9tro avec 2 compartiments extra-larges. Id\u00e9al pour une utilisation quotidienne afin de griller \u00e0 la<\/p>\n","protected":false},"featured_media":457046,"template":"","meta":{"_acf_changed":false,"inline_featured_image":false},"product_cat":[12770,12449],"product_tag":[13637,13265,13251,15610],"acf":[],"yoast_head":"<!-- This site is optimized with the Yoast SEO Premium plugin v18.6 (Yoast SEO v19.13) - https:\/\/yoast.com\/wordpress\/plugins\/seo\/ -->\n<title>KITCHENAID Artisan Grille-pain 2 tranches Noir - Erresse Shop<\/title>\n<meta name=\"description\" content=\"Grille-pain 2 tranches au design r\u00e9tro avec 2 compartiments extra-larges. Id\u00e9al pour une utilisation quotidienne afin de griller \u00e0 la perfection le pain,\" \/>\n<meta name=\"robots\" content=\"index, follow, max-snippet:-1, max-image-preview:large, max-video-preview:-1\" \/>\n<link rel=\"canonical\" href=\"https:\/\/www.erresse-shop.it\/fr\/shop\/petits-electromenagers\/grille-pains\/kitchenaid-artisan-grille-pain-2-tranches-noir\/\" \/>\n<meta property=\"og:locale\" content=\"fr_FR\" \/>\n<meta property=\"og:type\" content=\"article\" \/>\n<meta property=\"og:title\" content=\"KITCHENAID Artisan Grille-pain 2 tranches Noir\" \/>\n<meta property=\"og:description\" content=\"Grille-pain 2 tranches au design r\u00e9tro avec 2 compartiments extra-larges. Id\u00e9al pour une utilisation quotidienne afin de griller \u00e0 la perfection le pain,\" \/>\n<meta property=\"og:url\" content=\"https:\/\/www.erresse-shop.it\/fr\/shop\/petits-electromenagers\/grille-pains\/kitchenaid-artisan-grille-pain-2-tranches-noir\/\" \/>\n<meta property=\"og:site_name\" content=\"Erresse Shop\" \/>\n<meta property=\"article:modified_time\" content=\"2024-12-12T20:59:33+00:00\" \/>\n<meta property=\"og:image\" content=\"https:\/\/www.erresse-shop.it\/wp-content\/uploads\/2024\/07\/KITCHENAID-Artisan-Tostapane-2-Fette-Nero.png\" \/>\n\t<meta property=\"og:image:width\" content=\"800\" \/>\n\t<meta property=\"og:image:height\" content=\"800\" \/>\n\t<meta property=\"og:image:type\" content=\"image\/png\" \/>\n<meta name=\"twitter:card\" content=\"summary_large_image\" \/>\n<script type=\"application\/ld+json\" class=\"yoast-schema-graph\">{\"@context\":\"https:\/\/schema.org\",\"@graph\":[{\"@type\":\"WebPage\",\"@id\":\"https:\/\/www.erresse-shop.it\/fr\/shop\/petits-electromenagers\/grille-pains\/kitchenaid-artisan-grille-pain-2-tranches-noir\/\",\"url\":\"https:\/\/www.erresse-shop.it\/fr\/shop\/petits-electromenagers\/grille-pains\/kitchenaid-artisan-grille-pain-2-tranches-noir\/\",\"name\":\"KITCHENAID Artisan Grille-pain 2 tranches Noir - Erresse Shop\",\"isPartOf\":{\"@id\":\"https:\/\/www.erresse-shop.it\/fr\/#website\"},\"datePublished\":\"2024-07-23T09:48:10+00:00\",\"dateModified\":\"2024-12-12T20:59:33+00:00\",\"description\":\"Grille-pain 2 tranches au design r\u00e9tro avec 2 compartiments extra-larges. Id\u00e9al pour une utilisation quotidienne afin de griller \u00e0 la perfection le pain,\",\"breadcrumb\":{\"@id\":\"https:\/\/www.erresse-shop.it\/fr\/shop\/petits-electromenagers\/grille-pains\/kitchenaid-artisan-grille-pain-2-tranches-noir\/#breadcrumb\"},\"inLanguage\":\"fr-FR\",\"potentialAction\":[{\"@type\":\"ReadAction\",\"target\":[\"https:\/\/www.erresse-shop.it\/fr\/shop\/petits-electromenagers\/grille-pains\/kitchenaid-artisan-grille-pain-2-tranches-noir\/\"]}]},{\"@type\":\"BreadcrumbList\",\"@id\":\"https:\/\/www.erresse-shop.it\/fr\/shop\/petits-electromenagers\/grille-pains\/kitchenaid-artisan-grille-pain-2-tranches-noir\/#breadcrumb\",\"itemListElement\":[{\"@type\":\"ListItem\",\"position\":1,\"name\":\"Home\",\"item\":\"https:\/\/www.erresse-shop.it\/fr\/\"},{\"@type\":\"ListItem\",\"position\":2,\"name\":\"Shop\",\"item\":\"https:\/\/www.erresse-shop.it\/fr\/shop\/\"},{\"@type\":\"ListItem\",\"position\":3,\"name\":\"KITCHENAID Artisan Grille-pain 2 tranches Noir\"}]},{\"@type\":\"WebSite\",\"@id\":\"https:\/\/www.erresse-shop.it\/fr\/#website\",\"url\":\"https:\/\/www.erresse-shop.it\/fr\/\",\"name\":\"Erresse Shop\",\"description\":\"Articoli di qualit\u00e0 per la casa\",\"potentialAction\":[{\"@type\":\"SearchAction\",\"target\":{\"@type\":\"EntryPoint\",\"urlTemplate\":\"https:\/\/www.erresse-shop.it\/fr\/?s={search_term_string}\"},\"query-input\":\"required name=search_term_string\"}],\"inLanguage\":\"fr-FR\"}]}<\/script>\n<!-- \/ Yoast SEO Premium plugin. -->","yoast_head_json":{"title":"KITCHENAID Artisan Grille-pain 2 tranches Noir - Erresse Shop","description":"Grille-pain 2 tranches au design r\u00e9tro avec 2 compartiments extra-larges. Id\u00e9al pour une utilisation quotidienne afin de griller \u00e0 la perfection le pain,","robots":{"index":"index","follow":"follow","max-snippet":"max-snippet:-1","max-image-preview":"max-image-preview:large","max-video-preview":"max-video-preview:-1"},"canonical":"https:\/\/www.erresse-shop.it\/fr\/shop\/petits-electromenagers\/grille-pains\/kitchenaid-artisan-grille-pain-2-tranches-noir\/","og_locale":"fr_FR","og_type":"article","og_title":"KITCHENAID Artisan Grille-pain 2 tranches Noir","og_description":"Grille-pain 2 tranches au design r\u00e9tro avec 2 compartiments extra-larges. Id\u00e9al pour une utilisation quotidienne afin de griller \u00e0 la perfection le pain,","og_url":"https:\/\/www.erresse-shop.it\/fr\/shop\/petits-electromenagers\/grille-pains\/kitchenaid-artisan-grille-pain-2-tranches-noir\/","og_site_name":"Erresse Shop","article_modified_time":"2024-12-12T20:59:33+00:00","og_image":[{"width":800,"height":800,"url":"https:\/\/www.erresse-shop.it\/wp-content\/uploads\/2024\/07\/KITCHENAID-Artisan-Tostapane-2-Fette-Nero.png","type":"image\/png"}],"twitter_card":"summary_large_image","schema":{"@context":"https:\/\/schema.org","@graph":[{"@type":"WebPage","@id":"https:\/\/www.erresse-shop.it\/fr\/shop\/petits-electromenagers\/grille-pains\/kitchenaid-artisan-grille-pain-2-tranches-noir\/","url":"https:\/\/www.erresse-shop.it\/fr\/shop\/petits-electromenagers\/grille-pains\/kitchenaid-artisan-grille-pain-2-tranches-noir\/","name":"KITCHENAID Artisan Grille-pain 2 tranches Noir - Erresse Shop","isPartOf":{"@id":"https:\/\/www.erresse-shop.it\/fr\/#website"},"datePublished":"2024-07-23T09:48:10+00:00","dateModified":"2024-12-12T20:59:33+00:00","description":"Grille-pain 2 tranches au design r\u00e9tro avec 2 compartiments extra-larges. Id\u00e9al pour une utilisation quotidienne afin de griller \u00e0 la perfection le pain,","breadcrumb":{"@id":"https:\/\/www.erresse-shop.it\/fr\/shop\/petits-electromenagers\/grille-pains\/kitchenaid-artisan-grille-pain-2-tranches-noir\/#breadcrumb"},"inLanguage":"fr-FR","potentialAction":[{"@type":"ReadAction","target":["https:\/\/www.erresse-shop.it\/fr\/shop\/petits-electromenagers\/grille-pains\/kitchenaid-artisan-grille-pain-2-tranches-noir\/"]}]},{"@type":"BreadcrumbList","@id":"https:\/\/www.erresse-shop.it\/fr\/shop\/petits-electromenagers\/grille-pains\/kitchenaid-artisan-grille-pain-2-tranches-noir\/#breadcrumb","itemListElement":[{"@type":"ListItem","position":1,"name":"Home","item":"https:\/\/www.erresse-shop.it\/fr\/"},{"@type":"ListItem","position":2,"name":"Shop","item":"https:\/\/www.erresse-shop.it\/fr\/shop\/"},{"@type":"ListItem","position":3,"name":"KITCHENAID Artisan Grille-pain 2 tranches Noir"}]},{"@type":"WebSite","@id":"https:\/\/www.erresse-shop.it\/fr\/#website","url":"https:\/\/www.erresse-shop.it\/fr\/","name":"Erresse Shop","description":"Articoli di qualit\u00e0 per la casa","potentialAction":[{"@type":"SearchAction","target":{"@type":"EntryPoint","urlTemplate":"https:\/\/www.erresse-shop.it\/fr\/?s={search_term_string}"},"query-input":"required name=search_term_string"}],"inLanguage":"fr-FR"}]}},"df_price":246.75,"df_sale_price":246.75,"df_regular_price":329,"df_image_link":"https:\/\/www.erresse-shop.it\/wp-content\/uploads\/2024\/07\/KITCHENAID-Artisan-Tostapane-2-Fette-Nero-300x300.jpg","_links":{"self":[{"href":"https:\/\/www.erresse-shop.it\/fr\/wp-json\/wp\/v2\/product\/423213"}],"collection":[{"href":"https:\/\/www.erresse-shop.it\/fr\/wp-json\/wp\/v2\/product"}],"about":[{"href":"https:\/\/www.erresse-shop.it\/fr\/wp-json\/wp\/v2\/types\/product"}],"wp:featuredmedia":[{"embeddable":true,"href":"https:\/\/www.erresse-shop.it\/fr\/wp-json\/wp\/v2\/media\/457046"}],"wp:attachment":[{"href":"https:\/\/www.erresse-shop.it\/fr\/wp-json\/wp\/v2\/media?parent=423213"}],"wp:term":[{"taxonomy":"product_cat","embeddable":true,"href":"https:\/\/www.erresse-shop.it\/fr\/wp-json\/wp\/v2\/product_cat?post=423213"},{"taxonomy":"product_tag","embeddable":true,"href":"https:\/\/www.erresse-shop.it\/fr\/wp-json\/wp\/v2\/product_tag?post=423213"}],"curies":[{"name":"wp","href":"https:\/\/api.w.org\/{rel}","templated":true}]}}