{"id":423177,"date":"2024-07-23T09:22:41","date_gmt":"2024-07-23T09:22:43","guid":{"rendered":"https:\/\/www.erresse-shop.it\/?post_type=product&#038;p=423177"},"modified":"2024-10-28T11:50:10","modified_gmt":"2024-10-28T11:50:10","slug":"kitchenaid-grille-pain-2-tranches-rouge-imperial","status":"publish","type":"product","link":"https:\/\/www.erresse-shop.it\/fr\/shop\/petits-electromenagers\/grille-pains\/kitchenaid-grille-pain-2-tranches-rouge-imperial\/","title":{"rendered":"KITCHENAID Grille-pain 2 tranches Rouge imp\u00e9rial"},"content":{"rendered":"<p>Grille-pain 2 tranches au design r\u00e9tro avec 2 compartiments extra-larges.<br \/>\nId\u00e9al pour une utilisation quotidienne afin de griller \u00e0 la perfection le pain, les bagels et bien d&#8217;autres aliments.<br \/>\nLa pince n&#8217;est pas incluse dans l&#8217;emballage.<\/p>\n<ul>\n<li>Corps en m\u00e9tal moul\u00e9 sous pression<\/li>\n<li>Diff\u00e9rents r\u00e9glages de brunissement<\/li>\n<li>Levier de levage manuel<\/li>\n<li>Maintien au chaud jusqu&#8217;\u00e0 3 min.<\/li>\n<li>Mode d\u00e9cong\u00e9lation<\/li>\n<li>Mode bagel<\/li>\n<li>Bac \u00e0 miettes<\/li>\n<\/ul>\n<p>Dimensions : 30,7 x 17,5 x 21,1 cm<\/p>\n<p>Poids : 1,9 kg<\/p>\n","protected":false},"excerpt":{"rendered":"<p>Grille-pain 2 tranches au design r\u00e9tro avec 2 compartiments extra-larges. Id\u00e9al pour une utilisation quotidienne afin de griller \u00e0 la<\/p>\n","protected":false},"featured_media":461837,"template":"","meta":{"_acf_changed":false,"inline_featured_image":false},"product_cat":[12770,12449],"product_tag":[13637,13265,13251,15610],"acf":[],"yoast_head":"<!-- This site is optimized with the Yoast SEO Premium plugin v18.6 (Yoast SEO v19.13) - https:\/\/yoast.com\/wordpress\/plugins\/seo\/ -->\n<title>KITCHENAID Grille-pain 2 tranches Rouge imp\u00e9rial - Erresse Shop<\/title>\n<meta name=\"description\" content=\"Grille-pain 2 tranches au design r\u00e9tro avec 2 compartiments extra-larges. Id\u00e9al pour une utilisation quotidienne afin de griller \u00e0 la perfection le pain,\" \/>\n<meta name=\"robots\" content=\"index, follow, max-snippet:-1, max-image-preview:large, max-video-preview:-1\" \/>\n<link rel=\"canonical\" href=\"https:\/\/www.erresse-shop.it\/fr\/shop\/petits-electromenagers\/grille-pains\/kitchenaid-grille-pain-2-tranches-rouge-imperial\/\" \/>\n<meta property=\"og:locale\" content=\"fr_FR\" \/>\n<meta property=\"og:type\" content=\"article\" \/>\n<meta property=\"og:title\" content=\"KITCHENAID Grille-pain 2 tranches Rouge imp\u00e9rial\" \/>\n<meta property=\"og:description\" content=\"Grille-pain 2 tranches au design r\u00e9tro avec 2 compartiments extra-larges. Id\u00e9al pour une utilisation quotidienne afin de griller \u00e0 la perfection le pain,\" \/>\n<meta property=\"og:url\" content=\"https:\/\/www.erresse-shop.it\/fr\/shop\/petits-electromenagers\/grille-pains\/kitchenaid-grille-pain-2-tranches-rouge-imperial\/\" \/>\n<meta property=\"og:site_name\" content=\"Erresse Shop\" \/>\n<meta property=\"article:modified_time\" content=\"2024-10-28T11:50:10+00:00\" \/>\n<meta property=\"og:image\" content=\"https:\/\/www.erresse-shop.it\/wp-content\/uploads\/2024\/07\/KITCHENAID-Tostapane-2-Fette-Rosso.png\" \/>\n\t<meta property=\"og:image:width\" content=\"800\" \/>\n\t<meta property=\"og:image:height\" content=\"800\" \/>\n\t<meta property=\"og:image:type\" content=\"image\/png\" \/>\n<meta name=\"twitter:card\" content=\"summary_large_image\" \/>\n<script type=\"application\/ld+json\" class=\"yoast-schema-graph\">{\"@context\":\"https:\/\/schema.org\",\"@graph\":[{\"@type\":\"WebPage\",\"@id\":\"https:\/\/www.erresse-shop.it\/fr\/shop\/petits-electromenagers\/grille-pains\/kitchenaid-grille-pain-2-tranches-rouge-imperial\/\",\"url\":\"https:\/\/www.erresse-shop.it\/fr\/shop\/petits-electromenagers\/grille-pains\/kitchenaid-grille-pain-2-tranches-rouge-imperial\/\",\"name\":\"KITCHENAID Grille-pain 2 tranches Rouge imp\u00e9rial - Erresse Shop\",\"isPartOf\":{\"@id\":\"https:\/\/www.erresse-shop.it\/fr\/#website\"},\"datePublished\":\"2024-07-23T09:22:43+00:00\",\"dateModified\":\"2024-10-28T11:50:10+00:00\",\"description\":\"Grille-pain 2 tranches au design r\u00e9tro avec 2 compartiments extra-larges. Id\u00e9al pour une utilisation quotidienne afin de griller \u00e0 la perfection le pain,\",\"breadcrumb\":{\"@id\":\"https:\/\/www.erresse-shop.it\/fr\/shop\/petits-electromenagers\/grille-pains\/kitchenaid-grille-pain-2-tranches-rouge-imperial\/#breadcrumb\"},\"inLanguage\":\"fr-FR\",\"potentialAction\":[{\"@type\":\"ReadAction\",\"target\":[\"https:\/\/www.erresse-shop.it\/fr\/shop\/petits-electromenagers\/grille-pains\/kitchenaid-grille-pain-2-tranches-rouge-imperial\/\"]}]},{\"@type\":\"BreadcrumbList\",\"@id\":\"https:\/\/www.erresse-shop.it\/fr\/shop\/petits-electromenagers\/grille-pains\/kitchenaid-grille-pain-2-tranches-rouge-imperial\/#breadcrumb\",\"itemListElement\":[{\"@type\":\"ListItem\",\"position\":1,\"name\":\"Home\",\"item\":\"https:\/\/www.erresse-shop.it\/fr\/\"},{\"@type\":\"ListItem\",\"position\":2,\"name\":\"Shop\",\"item\":\"https:\/\/www.erresse-shop.it\/fr\/shop\/\"},{\"@type\":\"ListItem\",\"position\":3,\"name\":\"KITCHENAID Grille-pain 2 tranches Rouge imp\u00e9rial\"}]},{\"@type\":\"WebSite\",\"@id\":\"https:\/\/www.erresse-shop.it\/fr\/#website\",\"url\":\"https:\/\/www.erresse-shop.it\/fr\/\",\"name\":\"Erresse Shop\",\"description\":\"Articoli di qualit\u00e0 per la casa\",\"potentialAction\":[{\"@type\":\"SearchAction\",\"target\":{\"@type\":\"EntryPoint\",\"urlTemplate\":\"https:\/\/www.erresse-shop.it\/fr\/?s={search_term_string}\"},\"query-input\":\"required name=search_term_string\"}],\"inLanguage\":\"fr-FR\"}]}<\/script>\n<!-- \/ Yoast SEO Premium plugin. -->","yoast_head_json":{"title":"KITCHENAID Grille-pain 2 tranches Rouge imp\u00e9rial - Erresse Shop","description":"Grille-pain 2 tranches au design r\u00e9tro avec 2 compartiments extra-larges. Id\u00e9al pour une utilisation quotidienne afin de griller \u00e0 la perfection le pain,","robots":{"index":"index","follow":"follow","max-snippet":"max-snippet:-1","max-image-preview":"max-image-preview:large","max-video-preview":"max-video-preview:-1"},"canonical":"https:\/\/www.erresse-shop.it\/fr\/shop\/petits-electromenagers\/grille-pains\/kitchenaid-grille-pain-2-tranches-rouge-imperial\/","og_locale":"fr_FR","og_type":"article","og_title":"KITCHENAID Grille-pain 2 tranches Rouge imp\u00e9rial","og_description":"Grille-pain 2 tranches au design r\u00e9tro avec 2 compartiments extra-larges. Id\u00e9al pour une utilisation quotidienne afin de griller \u00e0 la perfection le pain,","og_url":"https:\/\/www.erresse-shop.it\/fr\/shop\/petits-electromenagers\/grille-pains\/kitchenaid-grille-pain-2-tranches-rouge-imperial\/","og_site_name":"Erresse Shop","article_modified_time":"2024-10-28T11:50:10+00:00","og_image":[{"width":800,"height":800,"url":"https:\/\/www.erresse-shop.it\/wp-content\/uploads\/2024\/07\/KITCHENAID-Tostapane-2-Fette-Rosso.png","type":"image\/png"}],"twitter_card":"summary_large_image","schema":{"@context":"https:\/\/schema.org","@graph":[{"@type":"WebPage","@id":"https:\/\/www.erresse-shop.it\/fr\/shop\/petits-electromenagers\/grille-pains\/kitchenaid-grille-pain-2-tranches-rouge-imperial\/","url":"https:\/\/www.erresse-shop.it\/fr\/shop\/petits-electromenagers\/grille-pains\/kitchenaid-grille-pain-2-tranches-rouge-imperial\/","name":"KITCHENAID Grille-pain 2 tranches Rouge imp\u00e9rial - Erresse Shop","isPartOf":{"@id":"https:\/\/www.erresse-shop.it\/fr\/#website"},"datePublished":"2024-07-23T09:22:43+00:00","dateModified":"2024-10-28T11:50:10+00:00","description":"Grille-pain 2 tranches au design r\u00e9tro avec 2 compartiments extra-larges. Id\u00e9al pour une utilisation quotidienne afin de griller \u00e0 la perfection le pain,","breadcrumb":{"@id":"https:\/\/www.erresse-shop.it\/fr\/shop\/petits-electromenagers\/grille-pains\/kitchenaid-grille-pain-2-tranches-rouge-imperial\/#breadcrumb"},"inLanguage":"fr-FR","potentialAction":[{"@type":"ReadAction","target":["https:\/\/www.erresse-shop.it\/fr\/shop\/petits-electromenagers\/grille-pains\/kitchenaid-grille-pain-2-tranches-rouge-imperial\/"]}]},{"@type":"BreadcrumbList","@id":"https:\/\/www.erresse-shop.it\/fr\/shop\/petits-electromenagers\/grille-pains\/kitchenaid-grille-pain-2-tranches-rouge-imperial\/#breadcrumb","itemListElement":[{"@type":"ListItem","position":1,"name":"Home","item":"https:\/\/www.erresse-shop.it\/fr\/"},{"@type":"ListItem","position":2,"name":"Shop","item":"https:\/\/www.erresse-shop.it\/fr\/shop\/"},{"@type":"ListItem","position":3,"name":"KITCHENAID Grille-pain 2 tranches Rouge imp\u00e9rial"}]},{"@type":"WebSite","@id":"https:\/\/www.erresse-shop.it\/fr\/#website","url":"https:\/\/www.erresse-shop.it\/fr\/","name":"Erresse Shop","description":"Articoli di qualit\u00e0 per la casa","potentialAction":[{"@type":"SearchAction","target":{"@type":"EntryPoint","urlTemplate":"https:\/\/www.erresse-shop.it\/fr\/?s={search_term_string}"},"query-input":"required name=search_term_string"}],"inLanguage":"fr-FR"}]}},"df_price":149.25,"df_sale_price":149.25,"df_regular_price":199,"df_image_link":"https:\/\/www.erresse-shop.it\/wp-content\/uploads\/2024\/07\/KITCHENAID-Tostapane-2-Fette-Rosso-Imperiale-300x300.jpg","_links":{"self":[{"href":"https:\/\/www.erresse-shop.it\/fr\/wp-json\/wp\/v2\/product\/423177"}],"collection":[{"href":"https:\/\/www.erresse-shop.it\/fr\/wp-json\/wp\/v2\/product"}],"about":[{"href":"https:\/\/www.erresse-shop.it\/fr\/wp-json\/wp\/v2\/types\/product"}],"wp:featuredmedia":[{"embeddable":true,"href":"https:\/\/www.erresse-shop.it\/fr\/wp-json\/wp\/v2\/media\/461837"}],"wp:attachment":[{"href":"https:\/\/www.erresse-shop.it\/fr\/wp-json\/wp\/v2\/media?parent=423177"}],"wp:term":[{"taxonomy":"product_cat","embeddable":true,"href":"https:\/\/www.erresse-shop.it\/fr\/wp-json\/wp\/v2\/product_cat?post=423177"},{"taxonomy":"product_tag","embeddable":true,"href":"https:\/\/www.erresse-shop.it\/fr\/wp-json\/wp\/v2\/product_tag?post=423177"}],"curies":[{"name":"wp","href":"https:\/\/api.w.org\/{rel}","templated":true}]}}