{"id":423159,"date":"2024-07-23T08:54:43","date_gmt":"2024-07-23T08:54:44","guid":{"rendered":"https:\/\/www.erresse-shop.it\/?post_type=product&#038;p=423159"},"modified":"2024-11-16T20:30:07","modified_gmt":"2024-11-16T20:30:07","slug":"kitchenaid-dechiqueteur-119-l-noir","status":"publish","type":"product","link":"https:\/\/www.erresse-shop.it\/fr\/shop\/petits-electromenagers\/robots-de-cuisine\/kitchenaid-dechiqueteur-119-l-noir\/","title":{"rendered":"KITCHENAID D\u00e9chiqueteur 1,19 L Onyx noir"},"content":{"rendered":"<p>Compact et l\u00e9ger, il est parfait pour les t\u00e2ches quotidiennes.<br \/>\nIl est \u00e9quip\u00e9 d&#8217;une lame polyvalente en acier inoxydable et d&#8217;un fouet pour hacher, r\u00e9duire en pur\u00e9e et mixer.<\/p>\n<ul>\n<li>Capacit\u00e9 de 1,19 L<\/li>\n<li>2 vitesses et fonction Pulse<\/li>\n<li>Puissance : 240 W<\/li>\n<\/ul>\n","protected":false},"excerpt":{"rendered":"<p>Compact et l\u00e9ger, il est parfait pour les t\u00e2ches quotidiennes. Il est \u00e9quip\u00e9 d&#8217;une lame polyvalente en acier inoxydable et<\/p>\n","protected":false},"featured_media":458943,"template":"","meta":{"_acf_changed":false,"inline_featured_image":false},"product_cat":[12449,12768],"product_tag":[13265,21531,17956,15610],"acf":[],"yoast_head":"<!-- This site is optimized with the Yoast SEO Premium plugin v18.6 (Yoast SEO v19.13) - https:\/\/yoast.com\/wordpress\/plugins\/seo\/ -->\n<title>KITCHENAID D\u00e9chiqueteur 1,19 L Onyx noir - Erresse Shop<\/title>\n<meta name=\"description\" content=\"Compact et l\u00e9ger, il est parfait pour les t\u00e2ches quotidiennes. Il est \u00e9quip\u00e9 d&#039;une lame polyvalente en acier inoxydable et d&#039;un fouet pour hacher, r\u00e9duire\" \/>\n<meta name=\"robots\" content=\"index, follow, max-snippet:-1, max-image-preview:large, max-video-preview:-1\" \/>\n<link rel=\"canonical\" href=\"https:\/\/www.erresse-shop.it\/fr\/shop\/petits-electromenagers\/robots-de-cuisine\/kitchenaid-dechiqueteur-119-l-noir\/\" \/>\n<meta property=\"og:locale\" content=\"fr_FR\" \/>\n<meta property=\"og:type\" content=\"article\" \/>\n<meta property=\"og:title\" content=\"KITCHENAID D\u00e9chiqueteur 1,19 L Onyx noir\" \/>\n<meta property=\"og:description\" content=\"Compact et l\u00e9ger, il est parfait pour les t\u00e2ches quotidiennes. Il est \u00e9quip\u00e9 d&#039;une lame polyvalente en acier inoxydable et d&#039;un fouet pour hacher, r\u00e9duire\" \/>\n<meta property=\"og:url\" content=\"https:\/\/www.erresse-shop.it\/fr\/shop\/petits-electromenagers\/robots-de-cuisine\/kitchenaid-dechiqueteur-119-l-noir\/\" \/>\n<meta property=\"og:site_name\" content=\"Erresse Shop\" \/>\n<meta property=\"article:modified_time\" content=\"2024-11-16T20:30:07+00:00\" \/>\n<meta property=\"og:image\" content=\"https:\/\/www.erresse-shop.it\/wp-content\/uploads\/2024\/07\/KITCHENAID-Tritatutto-119-L-Nero.png\" \/>\n\t<meta property=\"og:image:width\" content=\"800\" \/>\n\t<meta property=\"og:image:height\" content=\"800\" \/>\n\t<meta property=\"og:image:type\" content=\"image\/png\" \/>\n<meta name=\"twitter:card\" content=\"summary_large_image\" \/>\n<script type=\"application\/ld+json\" class=\"yoast-schema-graph\">{\"@context\":\"https:\/\/schema.org\",\"@graph\":[{\"@type\":\"WebPage\",\"@id\":\"https:\/\/www.erresse-shop.it\/fr\/shop\/petits-electromenagers\/robots-de-cuisine\/kitchenaid-dechiqueteur-119-l-noir\/\",\"url\":\"https:\/\/www.erresse-shop.it\/fr\/shop\/petits-electromenagers\/robots-de-cuisine\/kitchenaid-dechiqueteur-119-l-noir\/\",\"name\":\"KITCHENAID D\u00e9chiqueteur 1,19 L Onyx noir - Erresse Shop\",\"isPartOf\":{\"@id\":\"https:\/\/www.erresse-shop.it\/fr\/#website\"},\"datePublished\":\"2024-07-23T08:54:44+00:00\",\"dateModified\":\"2024-11-16T20:30:07+00:00\",\"description\":\"Compact et l\u00e9ger, il est parfait pour les t\u00e2ches quotidiennes. Il est \u00e9quip\u00e9 d'une lame polyvalente en acier inoxydable et d'un fouet pour hacher, r\u00e9duire\",\"breadcrumb\":{\"@id\":\"https:\/\/www.erresse-shop.it\/fr\/shop\/petits-electromenagers\/robots-de-cuisine\/kitchenaid-dechiqueteur-119-l-noir\/#breadcrumb\"},\"inLanguage\":\"fr-FR\",\"potentialAction\":[{\"@type\":\"ReadAction\",\"target\":[\"https:\/\/www.erresse-shop.it\/fr\/shop\/petits-electromenagers\/robots-de-cuisine\/kitchenaid-dechiqueteur-119-l-noir\/\"]}]},{\"@type\":\"BreadcrumbList\",\"@id\":\"https:\/\/www.erresse-shop.it\/fr\/shop\/petits-electromenagers\/robots-de-cuisine\/kitchenaid-dechiqueteur-119-l-noir\/#breadcrumb\",\"itemListElement\":[{\"@type\":\"ListItem\",\"position\":1,\"name\":\"Home\",\"item\":\"https:\/\/www.erresse-shop.it\/fr\/\"},{\"@type\":\"ListItem\",\"position\":2,\"name\":\"Shop\",\"item\":\"https:\/\/www.erresse-shop.it\/fr\/shop\/\"},{\"@type\":\"ListItem\",\"position\":3,\"name\":\"KITCHENAID D\u00e9chiqueteur 1,19 L Onyx noir\"}]},{\"@type\":\"WebSite\",\"@id\":\"https:\/\/www.erresse-shop.it\/fr\/#website\",\"url\":\"https:\/\/www.erresse-shop.it\/fr\/\",\"name\":\"Erresse Shop\",\"description\":\"Articoli di qualit\u00e0 per la casa\",\"potentialAction\":[{\"@type\":\"SearchAction\",\"target\":{\"@type\":\"EntryPoint\",\"urlTemplate\":\"https:\/\/www.erresse-shop.it\/fr\/?s={search_term_string}\"},\"query-input\":\"required name=search_term_string\"}],\"inLanguage\":\"fr-FR\"}]}<\/script>\n<!-- \/ Yoast SEO Premium plugin. -->","yoast_head_json":{"title":"KITCHENAID D\u00e9chiqueteur 1,19 L Onyx noir - Erresse Shop","description":"Compact et l\u00e9ger, il est parfait pour les t\u00e2ches quotidiennes. Il est \u00e9quip\u00e9 d'une lame polyvalente en acier inoxydable et d'un fouet pour hacher, r\u00e9duire","robots":{"index":"index","follow":"follow","max-snippet":"max-snippet:-1","max-image-preview":"max-image-preview:large","max-video-preview":"max-video-preview:-1"},"canonical":"https:\/\/www.erresse-shop.it\/fr\/shop\/petits-electromenagers\/robots-de-cuisine\/kitchenaid-dechiqueteur-119-l-noir\/","og_locale":"fr_FR","og_type":"article","og_title":"KITCHENAID D\u00e9chiqueteur 1,19 L Onyx noir","og_description":"Compact et l\u00e9ger, il est parfait pour les t\u00e2ches quotidiennes. Il est \u00e9quip\u00e9 d'une lame polyvalente en acier inoxydable et d'un fouet pour hacher, r\u00e9duire","og_url":"https:\/\/www.erresse-shop.it\/fr\/shop\/petits-electromenagers\/robots-de-cuisine\/kitchenaid-dechiqueteur-119-l-noir\/","og_site_name":"Erresse Shop","article_modified_time":"2024-11-16T20:30:07+00:00","og_image":[{"width":800,"height":800,"url":"https:\/\/www.erresse-shop.it\/wp-content\/uploads\/2024\/07\/KITCHENAID-Tritatutto-119-L-Nero.png","type":"image\/png"}],"twitter_card":"summary_large_image","schema":{"@context":"https:\/\/schema.org","@graph":[{"@type":"WebPage","@id":"https:\/\/www.erresse-shop.it\/fr\/shop\/petits-electromenagers\/robots-de-cuisine\/kitchenaid-dechiqueteur-119-l-noir\/","url":"https:\/\/www.erresse-shop.it\/fr\/shop\/petits-electromenagers\/robots-de-cuisine\/kitchenaid-dechiqueteur-119-l-noir\/","name":"KITCHENAID D\u00e9chiqueteur 1,19 L Onyx noir - Erresse Shop","isPartOf":{"@id":"https:\/\/www.erresse-shop.it\/fr\/#website"},"datePublished":"2024-07-23T08:54:44+00:00","dateModified":"2024-11-16T20:30:07+00:00","description":"Compact et l\u00e9ger, il est parfait pour les t\u00e2ches quotidiennes. Il est \u00e9quip\u00e9 d'une lame polyvalente en acier inoxydable et d'un fouet pour hacher, r\u00e9duire","breadcrumb":{"@id":"https:\/\/www.erresse-shop.it\/fr\/shop\/petits-electromenagers\/robots-de-cuisine\/kitchenaid-dechiqueteur-119-l-noir\/#breadcrumb"},"inLanguage":"fr-FR","potentialAction":[{"@type":"ReadAction","target":["https:\/\/www.erresse-shop.it\/fr\/shop\/petits-electromenagers\/robots-de-cuisine\/kitchenaid-dechiqueteur-119-l-noir\/"]}]},{"@type":"BreadcrumbList","@id":"https:\/\/www.erresse-shop.it\/fr\/shop\/petits-electromenagers\/robots-de-cuisine\/kitchenaid-dechiqueteur-119-l-noir\/#breadcrumb","itemListElement":[{"@type":"ListItem","position":1,"name":"Home","item":"https:\/\/www.erresse-shop.it\/fr\/"},{"@type":"ListItem","position":2,"name":"Shop","item":"https:\/\/www.erresse-shop.it\/fr\/shop\/"},{"@type":"ListItem","position":3,"name":"KITCHENAID D\u00e9chiqueteur 1,19 L Onyx noir"}]},{"@type":"WebSite","@id":"https:\/\/www.erresse-shop.it\/fr\/#website","url":"https:\/\/www.erresse-shop.it\/fr\/","name":"Erresse Shop","description":"Articoli di qualit\u00e0 per la casa","potentialAction":[{"@type":"SearchAction","target":{"@type":"EntryPoint","urlTemplate":"https:\/\/www.erresse-shop.it\/fr\/?s={search_term_string}"},"query-input":"required name=search_term_string"}],"inLanguage":"fr-FR"}]}},"df_price":96.95,"df_sale_price":96.95,"df_regular_price":119,"df_image_link":"https:\/\/www.erresse-shop.it\/wp-content\/uploads\/2024\/07\/KITCHENAID-Tritatutto-119-L-Nero-Onice-300x300.jpg","_links":{"self":[{"href":"https:\/\/www.erresse-shop.it\/fr\/wp-json\/wp\/v2\/product\/423159"}],"collection":[{"href":"https:\/\/www.erresse-shop.it\/fr\/wp-json\/wp\/v2\/product"}],"about":[{"href":"https:\/\/www.erresse-shop.it\/fr\/wp-json\/wp\/v2\/types\/product"}],"wp:featuredmedia":[{"embeddable":true,"href":"https:\/\/www.erresse-shop.it\/fr\/wp-json\/wp\/v2\/media\/458943"}],"wp:attachment":[{"href":"https:\/\/www.erresse-shop.it\/fr\/wp-json\/wp\/v2\/media?parent=423159"}],"wp:term":[{"taxonomy":"product_cat","embeddable":true,"href":"https:\/\/www.erresse-shop.it\/fr\/wp-json\/wp\/v2\/product_cat?post=423159"},{"taxonomy":"product_tag","embeddable":true,"href":"https:\/\/www.erresse-shop.it\/fr\/wp-json\/wp\/v2\/product_tag?post=423159"}],"curies":[{"name":"wp","href":"https:\/\/api.w.org\/{rel}","templated":true}]}}