{"id":423105,"date":"2024-07-23T07:54:41","date_gmt":"2024-07-23T07:54:44","guid":{"rendered":"https:\/\/www.erresse-shop.it\/?post_type=product&#038;p=423105"},"modified":"2025-04-05T15:28:53","modified_gmt":"2025-04-05T15:28:53","slug":"kitchenaid-fouet-electrique-9-vitesses-rouge-empire-copia","status":"publish","type":"product","link":"https:\/\/www.erresse-shop.it\/fr\/shop\/petits-electromenagers\/bouilloires-electriques\/kitchenaid-fouet-electrique-9-vitesses-rouge-empire-copia\/","title":{"rendered":"KITCHENAID Bouilloire 1,5 L M\u00e9daillon argent"},"content":{"rendered":"<p>Bouilloire \u00e9lectrique : r\u00e9glez la temp\u00e9rature id\u00e9ale pour votre boisson<br \/>\nCette bouilloire \u00e9lectrique est l&#8217;accessoire id\u00e9al pour pr\u00e9parer toute boisson chaude avec pr\u00e9cision et confort. Gr\u00e2ce \u00e0 sa capacit\u00e9 \u00e0 r\u00e9gler la temp\u00e9rature de 50\u00b0C \u00e0 100\u00b0C, vous pouvez obtenir le point parfait pour votre th\u00e9 noir, votre tisane, votre th\u00e9 vert ou votre th\u00e9 blanc. Cet appareil intelligent emp\u00eache non seulement l&#8217;eau de bouillir, pr\u00e9servant ainsi le go\u00fbt de votre boisson, mais offre \u00e9galement une fonction de maintien de la temp\u00e9rature pour profiter de votre boisson \u00e0 la bonne temp\u00e9rature pendant une demi-heure.<br \/>\n\u00c9quip\u00e9e d&#8217;un \u00e9l\u00e9gant indicateur lat\u00e9ral pour v\u00e9rifier la temp\u00e9rature, notre bouilloire \u00e9lectrique est dot\u00e9e d&#8217;une double paroi isolante qui maintient l&#8217;ext\u00e9rieur frais au toucher et r\u00e9duit le bruit pendant le chauffage. Avec son design intemporel disponible en diff\u00e9rentes teintes, cette bouilloire s&#8217;int\u00e8gre parfaitement dans tous les styles de cuisine, qu&#8217;ils soient r\u00e9tro ou contemporains. Dot\u00e9e d&#8217;un filtre anticalcaire amovible, d&#8217;une poign\u00e9e souple et d&#8217;un enrouleur de cordon pratique, notre bouilloire \u00e9lectrique est un must pour les amateurs de boissons chaudes.<\/p>\n<ul>\n<li>Base 360\u00b0 pour un acc\u00e8s facile<\/li>\n<li>\u00c9l\u00e9gante jauge de temp\u00e9rature analogique<\/li>\n<li>7 r\u00e9glages diff\u00e9rents de la temp\u00e9rature de l&#8217;eau<\/li>\n<li>Plage de temp\u00e9rature : 50\u00b0C-100\u00b0C<\/li>\n<\/ul>\n","protected":false},"excerpt":{"rendered":"<p>Bouilloire \u00e9lectrique : r\u00e9glez la temp\u00e9rature id\u00e9ale pour votre boisson Cette bouilloire \u00e9lectrique est l&#8217;accessoire id\u00e9al pour pr\u00e9parer toute boisson<\/p>\n","protected":false},"featured_media":460536,"template":"","meta":{"_acf_changed":false,"inline_featured_image":false},"product_cat":[12763,12449],"product_tag":[13265,13895,15610],"acf":[],"yoast_head":"<!-- This site is optimized with the Yoast SEO Premium plugin v18.6 (Yoast SEO v19.13) - https:\/\/yoast.com\/wordpress\/plugins\/seo\/ -->\n<title>KITCHENAID Bouilloire 1,5 L M\u00e9daillon argent - Erresse Shop<\/title>\n<meta name=\"description\" content=\"Bouilloire \u00e9lectrique : r\u00e9glez la temp\u00e9rature id\u00e9ale pour votre boisson Cette bouilloire \u00e9lectrique est l&#039;accessoire id\u00e9al pour pr\u00e9parer toute boisson\" \/>\n<meta name=\"robots\" content=\"index, follow, max-snippet:-1, max-image-preview:large, max-video-preview:-1\" \/>\n<link rel=\"canonical\" href=\"https:\/\/www.erresse-shop.it\/fr\/shop\/petits-electromenagers\/bouilloires-electriques\/kitchenaid-fouet-electrique-9-vitesses-rouge-empire-copia\/\" \/>\n<meta property=\"og:locale\" content=\"fr_FR\" \/>\n<meta property=\"og:type\" content=\"article\" \/>\n<meta property=\"og:title\" content=\"KITCHENAID Bouilloire 1,5 L M\u00e9daillon argent\" \/>\n<meta property=\"og:description\" content=\"Bouilloire \u00e9lectrique : r\u00e9glez la temp\u00e9rature id\u00e9ale pour votre boisson Cette bouilloire \u00e9lectrique est l&#039;accessoire id\u00e9al pour pr\u00e9parer toute boisson\" \/>\n<meta property=\"og:url\" content=\"https:\/\/www.erresse-shop.it\/fr\/shop\/petits-electromenagers\/bouilloires-electriques\/kitchenaid-fouet-electrique-9-vitesses-rouge-empire-copia\/\" \/>\n<meta property=\"og:site_name\" content=\"Erresse Shop\" \/>\n<meta property=\"article:modified_time\" content=\"2025-04-05T15:28:53+00:00\" \/>\n<meta property=\"og:image\" content=\"https:\/\/www.erresse-shop.it\/wp-content\/uploads\/2024\/07\/KITCHENAID-Bollitore-15-L-Argento.png\" \/>\n\t<meta property=\"og:image:width\" content=\"800\" \/>\n\t<meta property=\"og:image:height\" content=\"800\" \/>\n\t<meta property=\"og:image:type\" content=\"image\/png\" \/>\n<meta name=\"twitter:card\" content=\"summary_large_image\" \/>\n<script type=\"application\/ld+json\" class=\"yoast-schema-graph\">{\"@context\":\"https:\/\/schema.org\",\"@graph\":[{\"@type\":\"WebPage\",\"@id\":\"https:\/\/www.erresse-shop.it\/fr\/shop\/petits-electromenagers\/bouilloires-electriques\/kitchenaid-fouet-electrique-9-vitesses-rouge-empire-copia\/\",\"url\":\"https:\/\/www.erresse-shop.it\/fr\/shop\/petits-electromenagers\/bouilloires-electriques\/kitchenaid-fouet-electrique-9-vitesses-rouge-empire-copia\/\",\"name\":\"KITCHENAID Bouilloire 1,5 L M\u00e9daillon argent - Erresse Shop\",\"isPartOf\":{\"@id\":\"https:\/\/www.erresse-shop.it\/fr\/#website\"},\"datePublished\":\"2024-07-23T07:54:44+00:00\",\"dateModified\":\"2025-04-05T15:28:53+00:00\",\"description\":\"Bouilloire \u00e9lectrique : r\u00e9glez la temp\u00e9rature id\u00e9ale pour votre boisson Cette bouilloire \u00e9lectrique est l'accessoire id\u00e9al pour pr\u00e9parer toute boisson\",\"breadcrumb\":{\"@id\":\"https:\/\/www.erresse-shop.it\/fr\/shop\/petits-electromenagers\/bouilloires-electriques\/kitchenaid-fouet-electrique-9-vitesses-rouge-empire-copia\/#breadcrumb\"},\"inLanguage\":\"fr-FR\",\"potentialAction\":[{\"@type\":\"ReadAction\",\"target\":[\"https:\/\/www.erresse-shop.it\/fr\/shop\/petits-electromenagers\/bouilloires-electriques\/kitchenaid-fouet-electrique-9-vitesses-rouge-empire-copia\/\"]}]},{\"@type\":\"BreadcrumbList\",\"@id\":\"https:\/\/www.erresse-shop.it\/fr\/shop\/petits-electromenagers\/bouilloires-electriques\/kitchenaid-fouet-electrique-9-vitesses-rouge-empire-copia\/#breadcrumb\",\"itemListElement\":[{\"@type\":\"ListItem\",\"position\":1,\"name\":\"Home\",\"item\":\"https:\/\/www.erresse-shop.it\/fr\/\"},{\"@type\":\"ListItem\",\"position\":2,\"name\":\"Shop\",\"item\":\"https:\/\/www.erresse-shop.it\/fr\/shop\/\"},{\"@type\":\"ListItem\",\"position\":3,\"name\":\"KITCHENAID Bouilloire 1,5 L M\u00e9daillon argent\"}]},{\"@type\":\"WebSite\",\"@id\":\"https:\/\/www.erresse-shop.it\/fr\/#website\",\"url\":\"https:\/\/www.erresse-shop.it\/fr\/\",\"name\":\"Erresse Shop\",\"description\":\"Articoli di qualit\u00e0 per la casa\",\"potentialAction\":[{\"@type\":\"SearchAction\",\"target\":{\"@type\":\"EntryPoint\",\"urlTemplate\":\"https:\/\/www.erresse-shop.it\/fr\/?s={search_term_string}\"},\"query-input\":\"required name=search_term_string\"}],\"inLanguage\":\"fr-FR\"}]}<\/script>\n<!-- \/ Yoast SEO Premium plugin. -->","yoast_head_json":{"title":"KITCHENAID Bouilloire 1,5 L M\u00e9daillon argent - Erresse Shop","description":"Bouilloire \u00e9lectrique : r\u00e9glez la temp\u00e9rature id\u00e9ale pour votre boisson Cette bouilloire \u00e9lectrique est l'accessoire id\u00e9al pour pr\u00e9parer toute boisson","robots":{"index":"index","follow":"follow","max-snippet":"max-snippet:-1","max-image-preview":"max-image-preview:large","max-video-preview":"max-video-preview:-1"},"canonical":"https:\/\/www.erresse-shop.it\/fr\/shop\/petits-electromenagers\/bouilloires-electriques\/kitchenaid-fouet-electrique-9-vitesses-rouge-empire-copia\/","og_locale":"fr_FR","og_type":"article","og_title":"KITCHENAID Bouilloire 1,5 L M\u00e9daillon argent","og_description":"Bouilloire \u00e9lectrique : r\u00e9glez la temp\u00e9rature id\u00e9ale pour votre boisson Cette bouilloire \u00e9lectrique est l'accessoire id\u00e9al pour pr\u00e9parer toute boisson","og_url":"https:\/\/www.erresse-shop.it\/fr\/shop\/petits-electromenagers\/bouilloires-electriques\/kitchenaid-fouet-electrique-9-vitesses-rouge-empire-copia\/","og_site_name":"Erresse Shop","article_modified_time":"2025-04-05T15:28:53+00:00","og_image":[{"width":800,"height":800,"url":"https:\/\/www.erresse-shop.it\/wp-content\/uploads\/2024\/07\/KITCHENAID-Bollitore-15-L-Argento.png","type":"image\/png"}],"twitter_card":"summary_large_image","schema":{"@context":"https:\/\/schema.org","@graph":[{"@type":"WebPage","@id":"https:\/\/www.erresse-shop.it\/fr\/shop\/petits-electromenagers\/bouilloires-electriques\/kitchenaid-fouet-electrique-9-vitesses-rouge-empire-copia\/","url":"https:\/\/www.erresse-shop.it\/fr\/shop\/petits-electromenagers\/bouilloires-electriques\/kitchenaid-fouet-electrique-9-vitesses-rouge-empire-copia\/","name":"KITCHENAID Bouilloire 1,5 L M\u00e9daillon argent - Erresse Shop","isPartOf":{"@id":"https:\/\/www.erresse-shop.it\/fr\/#website"},"datePublished":"2024-07-23T07:54:44+00:00","dateModified":"2025-04-05T15:28:53+00:00","description":"Bouilloire \u00e9lectrique : r\u00e9glez la temp\u00e9rature id\u00e9ale pour votre boisson Cette bouilloire \u00e9lectrique est l'accessoire id\u00e9al pour pr\u00e9parer toute boisson","breadcrumb":{"@id":"https:\/\/www.erresse-shop.it\/fr\/shop\/petits-electromenagers\/bouilloires-electriques\/kitchenaid-fouet-electrique-9-vitesses-rouge-empire-copia\/#breadcrumb"},"inLanguage":"fr-FR","potentialAction":[{"@type":"ReadAction","target":["https:\/\/www.erresse-shop.it\/fr\/shop\/petits-electromenagers\/bouilloires-electriques\/kitchenaid-fouet-electrique-9-vitesses-rouge-empire-copia\/"]}]},{"@type":"BreadcrumbList","@id":"https:\/\/www.erresse-shop.it\/fr\/shop\/petits-electromenagers\/bouilloires-electriques\/kitchenaid-fouet-electrique-9-vitesses-rouge-empire-copia\/#breadcrumb","itemListElement":[{"@type":"ListItem","position":1,"name":"Home","item":"https:\/\/www.erresse-shop.it\/fr\/"},{"@type":"ListItem","position":2,"name":"Shop","item":"https:\/\/www.erresse-shop.it\/fr\/shop\/"},{"@type":"ListItem","position":3,"name":"KITCHENAID Bouilloire 1,5 L M\u00e9daillon argent"}]},{"@type":"WebSite","@id":"https:\/\/www.erresse-shop.it\/fr\/#website","url":"https:\/\/www.erresse-shop.it\/fr\/","name":"Erresse Shop","description":"Articoli di qualit\u00e0 per la casa","potentialAction":[{"@type":"SearchAction","target":{"@type":"EntryPoint","urlTemplate":"https:\/\/www.erresse-shop.it\/fr\/?s={search_term_string}"},"query-input":"required name=search_term_string"}],"inLanguage":"fr-FR"}]}},"df_price":186.75,"df_sale_price":186.75,"df_regular_price":249,"df_image_link":"https:\/\/www.erresse-shop.it\/wp-content\/uploads\/2024\/07\/KITCHENAID-Bollitore-15-L-Argento-Medaglia-300x300.jpg","_links":{"self":[{"href":"https:\/\/www.erresse-shop.it\/fr\/wp-json\/wp\/v2\/product\/423105"}],"collection":[{"href":"https:\/\/www.erresse-shop.it\/fr\/wp-json\/wp\/v2\/product"}],"about":[{"href":"https:\/\/www.erresse-shop.it\/fr\/wp-json\/wp\/v2\/types\/product"}],"wp:featuredmedia":[{"embeddable":true,"href":"https:\/\/www.erresse-shop.it\/fr\/wp-json\/wp\/v2\/media\/460536"}],"wp:attachment":[{"href":"https:\/\/www.erresse-shop.it\/fr\/wp-json\/wp\/v2\/media?parent=423105"}],"wp:term":[{"taxonomy":"product_cat","embeddable":true,"href":"https:\/\/www.erresse-shop.it\/fr\/wp-json\/wp\/v2\/product_cat?post=423105"},{"taxonomy":"product_tag","embeddable":true,"href":"https:\/\/www.erresse-shop.it\/fr\/wp-json\/wp\/v2\/product_tag?post=423105"}],"curies":[{"name":"wp","href":"https:\/\/api.w.org\/{rel}","templated":true}]}}