{"id":423068,"date":"2024-07-23T06:26:05","date_gmt":"2024-07-23T06:26:07","guid":{"rendered":"https:\/\/www.erresse-shop.it\/?post_type=product&#038;p=423068"},"modified":"2024-10-28T13:04:19","modified_gmt":"2024-10-28T13:04:19","slug":"kitchenaid-fouet-electrique-9-vitesses-rouge","status":"publish","type":"product","link":"https:\/\/www.erresse-shop.it\/fr\/shop\/petits-electromenagers\/batteurs-a-main-electriques\/kitchenaid-fouet-electrique-9-vitesses-rouge\/","title":{"rendered":"KITCHENAID Fouet \u00c9lectrique 9 Vitesses Rouge imp\u00e9rial"},"content":{"rendered":"<p>Fouet compact et polyvalent \u00e0 9 vitesses.<br \/>\nC&#8217;est un accessoire id\u00e9al pour votre cuisine, car il vous aide \u00e0 pr\u00e9parer tout ce que vous voulez, des d\u00e9licieux plats de tous les jours aux menus \u00e9labor\u00e9s lorsque vous recevez des invit\u00e9s.<\/p>\n<ul>\n<li>9 vitesses avec d\u00e9marrage progressif<\/li>\n<li>Moteur DC silencieux et puissant<\/li>\n<li>Puissance : 85W<\/li>\n<li>Indicateur de vitesse LED<\/li>\n<\/ul>\n<p>Dimensions : 15 x 23,5 x 8 cm<\/p>\n<p>Poids : 1,4 kg<\/p>\n<p><strong>Le paquet contient :<\/strong><\/p>\n<ul>\n<li>Fouet turbo en acier inoxydable<\/li>\n<li>Fouet en fil m\u00e9tallique<\/li>\n<li>Crochets \u00e0 p\u00e9trir<\/li>\n<li>Tige de fouet<\/li>\n<\/ul>\n","protected":false},"excerpt":{"rendered":"<p>Fouet compact et polyvalent \u00e0 9 vitesses. C&#8217;est un accessoire id\u00e9al pour votre cuisine, car il vous aide \u00e0 pr\u00e9parer<\/p>\n","protected":false},"featured_media":465650,"template":"","meta":{"_acf_changed":false,"inline_featured_image":false},"product_cat":[20052,12449],"product_tag":[20043,20044,15610],"acf":[],"yoast_head":"<!-- This site is optimized with the Yoast SEO Premium plugin v18.6 (Yoast SEO v19.13) - https:\/\/yoast.com\/wordpress\/plugins\/seo\/ -->\n<title>KITCHENAID Fouet \u00c9lectrique 9 Vitesses Rouge imp\u00e9rial - Erresse Shop<\/title>\n<meta name=\"description\" content=\"Fouet compact et polyvalent \u00e0 9 vitesses. C&#039;est un accessoire id\u00e9al pour votre cuisine, car il vous aide \u00e0 pr\u00e9parer tout ce que vous voulez, des d\u00e9licieux\" \/>\n<meta name=\"robots\" content=\"index, follow, max-snippet:-1, max-image-preview:large, max-video-preview:-1\" \/>\n<link rel=\"canonical\" href=\"https:\/\/www.erresse-shop.it\/fr\/shop\/petits-electromenagers\/batteurs-a-main-electriques\/kitchenaid-fouet-electrique-9-vitesses-rouge\/\" \/>\n<meta property=\"og:locale\" content=\"fr_FR\" \/>\n<meta property=\"og:type\" content=\"article\" \/>\n<meta property=\"og:title\" content=\"KITCHENAID Fouet \u00c9lectrique 9 Vitesses Rouge imp\u00e9rial\" \/>\n<meta property=\"og:description\" content=\"Fouet compact et polyvalent \u00e0 9 vitesses. C&#039;est un accessoire id\u00e9al pour votre cuisine, car il vous aide \u00e0 pr\u00e9parer tout ce que vous voulez, des d\u00e9licieux\" \/>\n<meta property=\"og:url\" content=\"https:\/\/www.erresse-shop.it\/fr\/shop\/petits-electromenagers\/batteurs-a-main-electriques\/kitchenaid-fouet-electrique-9-vitesses-rouge\/\" \/>\n<meta property=\"og:site_name\" content=\"Erresse Shop\" \/>\n<meta property=\"article:modified_time\" content=\"2024-10-28T13:04:19+00:00\" \/>\n<meta property=\"og:image\" content=\"https:\/\/www.erresse-shop.it\/wp-content\/uploads\/2024\/07\/KITCHENAID-Sbattitore-Elettrico-9-Velocita-Rosso-Reale.png\" \/>\n\t<meta property=\"og:image:width\" content=\"800\" \/>\n\t<meta property=\"og:image:height\" content=\"800\" \/>\n\t<meta property=\"og:image:type\" content=\"image\/png\" \/>\n<meta name=\"twitter:card\" content=\"summary_large_image\" \/>\n<script type=\"application\/ld+json\" class=\"yoast-schema-graph\">{\"@context\":\"https:\/\/schema.org\",\"@graph\":[{\"@type\":\"WebPage\",\"@id\":\"https:\/\/www.erresse-shop.it\/fr\/shop\/petits-electromenagers\/batteurs-a-main-electriques\/kitchenaid-fouet-electrique-9-vitesses-rouge\/\",\"url\":\"https:\/\/www.erresse-shop.it\/fr\/shop\/petits-electromenagers\/batteurs-a-main-electriques\/kitchenaid-fouet-electrique-9-vitesses-rouge\/\",\"name\":\"KITCHENAID Fouet \u00c9lectrique 9 Vitesses Rouge imp\u00e9rial - Erresse Shop\",\"isPartOf\":{\"@id\":\"https:\/\/www.erresse-shop.it\/fr\/#website\"},\"datePublished\":\"2024-07-23T06:26:07+00:00\",\"dateModified\":\"2024-10-28T13:04:19+00:00\",\"description\":\"Fouet compact et polyvalent \u00e0 9 vitesses. C'est un accessoire id\u00e9al pour votre cuisine, car il vous aide \u00e0 pr\u00e9parer tout ce que vous voulez, des d\u00e9licieux\",\"breadcrumb\":{\"@id\":\"https:\/\/www.erresse-shop.it\/fr\/shop\/petits-electromenagers\/batteurs-a-main-electriques\/kitchenaid-fouet-electrique-9-vitesses-rouge\/#breadcrumb\"},\"inLanguage\":\"fr-FR\",\"potentialAction\":[{\"@type\":\"ReadAction\",\"target\":[\"https:\/\/www.erresse-shop.it\/fr\/shop\/petits-electromenagers\/batteurs-a-main-electriques\/kitchenaid-fouet-electrique-9-vitesses-rouge\/\"]}]},{\"@type\":\"BreadcrumbList\",\"@id\":\"https:\/\/www.erresse-shop.it\/fr\/shop\/petits-electromenagers\/batteurs-a-main-electriques\/kitchenaid-fouet-electrique-9-vitesses-rouge\/#breadcrumb\",\"itemListElement\":[{\"@type\":\"ListItem\",\"position\":1,\"name\":\"Home\",\"item\":\"https:\/\/www.erresse-shop.it\/fr\/\"},{\"@type\":\"ListItem\",\"position\":2,\"name\":\"Shop\",\"item\":\"https:\/\/www.erresse-shop.it\/fr\/shop\/\"},{\"@type\":\"ListItem\",\"position\":3,\"name\":\"KITCHENAID Fouet \u00c9lectrique 9 Vitesses Rouge imp\u00e9rial\"}]},{\"@type\":\"WebSite\",\"@id\":\"https:\/\/www.erresse-shop.it\/fr\/#website\",\"url\":\"https:\/\/www.erresse-shop.it\/fr\/\",\"name\":\"Erresse Shop\",\"description\":\"Articoli di qualit\u00e0 per la casa\",\"potentialAction\":[{\"@type\":\"SearchAction\",\"target\":{\"@type\":\"EntryPoint\",\"urlTemplate\":\"https:\/\/www.erresse-shop.it\/fr\/?s={search_term_string}\"},\"query-input\":\"required name=search_term_string\"}],\"inLanguage\":\"fr-FR\"}]}<\/script>\n<!-- \/ Yoast SEO Premium plugin. -->","yoast_head_json":{"title":"KITCHENAID Fouet \u00c9lectrique 9 Vitesses Rouge imp\u00e9rial - Erresse Shop","description":"Fouet compact et polyvalent \u00e0 9 vitesses. C'est un accessoire id\u00e9al pour votre cuisine, car il vous aide \u00e0 pr\u00e9parer tout ce que vous voulez, des d\u00e9licieux","robots":{"index":"index","follow":"follow","max-snippet":"max-snippet:-1","max-image-preview":"max-image-preview:large","max-video-preview":"max-video-preview:-1"},"canonical":"https:\/\/www.erresse-shop.it\/fr\/shop\/petits-electromenagers\/batteurs-a-main-electriques\/kitchenaid-fouet-electrique-9-vitesses-rouge\/","og_locale":"fr_FR","og_type":"article","og_title":"KITCHENAID Fouet \u00c9lectrique 9 Vitesses Rouge imp\u00e9rial","og_description":"Fouet compact et polyvalent \u00e0 9 vitesses. C'est un accessoire id\u00e9al pour votre cuisine, car il vous aide \u00e0 pr\u00e9parer tout ce que vous voulez, des d\u00e9licieux","og_url":"https:\/\/www.erresse-shop.it\/fr\/shop\/petits-electromenagers\/batteurs-a-main-electriques\/kitchenaid-fouet-electrique-9-vitesses-rouge\/","og_site_name":"Erresse Shop","article_modified_time":"2024-10-28T13:04:19+00:00","og_image":[{"width":800,"height":800,"url":"https:\/\/www.erresse-shop.it\/wp-content\/uploads\/2024\/07\/KITCHENAID-Sbattitore-Elettrico-9-Velocita-Rosso-Reale.png","type":"image\/png"}],"twitter_card":"summary_large_image","schema":{"@context":"https:\/\/schema.org","@graph":[{"@type":"WebPage","@id":"https:\/\/www.erresse-shop.it\/fr\/shop\/petits-electromenagers\/batteurs-a-main-electriques\/kitchenaid-fouet-electrique-9-vitesses-rouge\/","url":"https:\/\/www.erresse-shop.it\/fr\/shop\/petits-electromenagers\/batteurs-a-main-electriques\/kitchenaid-fouet-electrique-9-vitesses-rouge\/","name":"KITCHENAID Fouet \u00c9lectrique 9 Vitesses Rouge imp\u00e9rial - Erresse Shop","isPartOf":{"@id":"https:\/\/www.erresse-shop.it\/fr\/#website"},"datePublished":"2024-07-23T06:26:07+00:00","dateModified":"2024-10-28T13:04:19+00:00","description":"Fouet compact et polyvalent \u00e0 9 vitesses. C'est un accessoire id\u00e9al pour votre cuisine, car il vous aide \u00e0 pr\u00e9parer tout ce que vous voulez, des d\u00e9licieux","breadcrumb":{"@id":"https:\/\/www.erresse-shop.it\/fr\/shop\/petits-electromenagers\/batteurs-a-main-electriques\/kitchenaid-fouet-electrique-9-vitesses-rouge\/#breadcrumb"},"inLanguage":"fr-FR","potentialAction":[{"@type":"ReadAction","target":["https:\/\/www.erresse-shop.it\/fr\/shop\/petits-electromenagers\/batteurs-a-main-electriques\/kitchenaid-fouet-electrique-9-vitesses-rouge\/"]}]},{"@type":"BreadcrumbList","@id":"https:\/\/www.erresse-shop.it\/fr\/shop\/petits-electromenagers\/batteurs-a-main-electriques\/kitchenaid-fouet-electrique-9-vitesses-rouge\/#breadcrumb","itemListElement":[{"@type":"ListItem","position":1,"name":"Home","item":"https:\/\/www.erresse-shop.it\/fr\/"},{"@type":"ListItem","position":2,"name":"Shop","item":"https:\/\/www.erresse-shop.it\/fr\/shop\/"},{"@type":"ListItem","position":3,"name":"KITCHENAID Fouet \u00c9lectrique 9 Vitesses Rouge imp\u00e9rial"}]},{"@type":"WebSite","@id":"https:\/\/www.erresse-shop.it\/fr\/#website","url":"https:\/\/www.erresse-shop.it\/fr\/","name":"Erresse Shop","description":"Articoli di qualit\u00e0 per la casa","potentialAction":[{"@type":"SearchAction","target":{"@type":"EntryPoint","urlTemplate":"https:\/\/www.erresse-shop.it\/fr\/?s={search_term_string}"},"query-input":"required name=search_term_string"}],"inLanguage":"fr-FR"}]}},"df_price":126.75,"df_sale_price":126.75,"df_regular_price":169,"df_image_link":"https:\/\/www.erresse-shop.it\/wp-content\/uploads\/2024\/07\/KITCHENAID-Sbattitore-Elettrico-9-Velocita-Rosso-Imperiale-300x300.jpg","_links":{"self":[{"href":"https:\/\/www.erresse-shop.it\/fr\/wp-json\/wp\/v2\/product\/423068"}],"collection":[{"href":"https:\/\/www.erresse-shop.it\/fr\/wp-json\/wp\/v2\/product"}],"about":[{"href":"https:\/\/www.erresse-shop.it\/fr\/wp-json\/wp\/v2\/types\/product"}],"wp:featuredmedia":[{"embeddable":true,"href":"https:\/\/www.erresse-shop.it\/fr\/wp-json\/wp\/v2\/media\/465650"}],"wp:attachment":[{"href":"https:\/\/www.erresse-shop.it\/fr\/wp-json\/wp\/v2\/media?parent=423068"}],"wp:term":[{"taxonomy":"product_cat","embeddable":true,"href":"https:\/\/www.erresse-shop.it\/fr\/wp-json\/wp\/v2\/product_cat?post=423068"},{"taxonomy":"product_tag","embeddable":true,"href":"https:\/\/www.erresse-shop.it\/fr\/wp-json\/wp\/v2\/product_tag?post=423068"}],"curies":[{"name":"wp","href":"https:\/\/api.w.org\/{rel}","templated":true}]}}