{"id":422886,"date":"2024-07-19T12:40:09","date_gmt":"2024-07-19T12:40:11","guid":{"rendered":"https:\/\/www.erresse-shop.it\/?post_type=product&#038;p=422886"},"modified":"2024-10-17T14:47:19","modified_gmt":"2024-10-17T14:47:19","slug":"joseph-joseph-compo-4-conteneur-a-dechets-alimentaires-gris","status":"publish","type":"product","link":"https:\/\/www.erresse-shop.it\/fr\/shop\/cuisine\/accessoires-fr\/joseph-joseph-compo-4-conteneur-a-dechets-alimentaires-gris\/","title":{"rendered":"JOSEPH JOSEPH Compo 4 Conteneur \u00e0 d\u00e9chets alimentaires Gris"},"content":{"rendered":"<p>Cette poubelle mince est con\u00e7ue pour faciliter la collecte des restes alimentaires, gr\u00e2ce \u00e0 son couvercle rabattable pratique et \u00e0 sa tr\u00e8s large ouverture.<\/p>\n<ul>\n<li>La large ouverture permet de racler facilement les aliments sur les assiettes.<\/li>\n<li>Orifice d&#8217;a\u00e9ration r\u00e9glable : ouvert &#8211; aide \u00e0 r\u00e9duire l&#8217;accumulation d&#8217;humidit\u00e9 et d&#8217;odeurs ; ferm\u00e9 &#8211; constitue une barri\u00e8re pour les insectes<\/li>\n<li>Design mince &#8211; parfait pour le rangement sur les plans de travail ou \u00e0 l&#8217;int\u00e9rieur des armoires<\/li>\n<li>Support de montage pour porte inclus<\/li>\n<li>Capacit\u00e9 : 4 litres<\/li>\n<\/ul>\n<p><strong>Entretien et utilisation :<\/strong><\/p>\n<ul>\n<li>Laver et s\u00e9cher \u00e0 la main<\/li>\n<li>Peut \u00eatre utilis\u00e9 avec les sacs personnalis\u00e9s IW2 (peut \u00e9galement \u00eatre utilis\u00e9 avec les sacs standard)<\/li>\n<li>Sans BPA<\/li>\n<\/ul>\n<p><strong>Dimensions<\/strong> : H17,3 x L29,7 x P12cm H17.3 x W29.7 x D12cm (H7 x W11\u00be x D4\u00be inches)<\/p>\n<p><strong>Poids:<\/strong>\u00a00,65 kg<\/p>\n<p><strong>Concepteur:<\/strong>\u00a0PearsonLloyd<\/p>\n","protected":false},"excerpt":{"rendered":"<p>Cette poubelle mince est con\u00e7ue pour faciliter la collecte des restes alimentaires, gr\u00e2ce \u00e0 son couvercle rabattable pratique et \u00e0<\/p>\n","protected":false},"featured_media":432756,"template":"","meta":{"_acf_changed":false,"inline_featured_image":false},"product_cat":[12749,12748],"product_tag":[25026,21223,21222,25021,13485],"acf":[],"yoast_head":"<!-- This site is optimized with the Yoast SEO Premium plugin v18.6 (Yoast SEO v19.13) - https:\/\/yoast.com\/wordpress\/plugins\/seo\/ -->\n<title>JOSEPH JOSEPH Compo 4 Conteneur \u00e0 d\u00e9chets alimentaires Gris - Erresse Shop<\/title>\n<meta name=\"description\" content=\"Cette poubelle mince est con\u00e7ue pour faciliter la collecte des restes alimentaires, gr\u00e2ce \u00e0 son couvercle rabattable pratique et \u00e0 sa tr\u00e8s large\" \/>\n<meta name=\"robots\" content=\"index, follow, max-snippet:-1, max-image-preview:large, max-video-preview:-1\" \/>\n<link rel=\"canonical\" href=\"https:\/\/www.erresse-shop.it\/fr\/shop\/cuisine\/accessoires-fr\/joseph-joseph-compo-4-conteneur-a-dechets-alimentaires-gris\/\" \/>\n<meta property=\"og:locale\" content=\"fr_FR\" \/>\n<meta property=\"og:type\" content=\"article\" \/>\n<meta property=\"og:title\" content=\"JOSEPH JOSEPH Compo 4 Conteneur \u00e0 d\u00e9chets alimentaires Gris\" \/>\n<meta property=\"og:description\" content=\"Cette poubelle mince est con\u00e7ue pour faciliter la collecte des restes alimentaires, gr\u00e2ce \u00e0 son couvercle rabattable pratique et \u00e0 sa tr\u00e8s large\" \/>\n<meta property=\"og:url\" content=\"https:\/\/www.erresse-shop.it\/fr\/shop\/cuisine\/accessoires-fr\/joseph-joseph-compo-4-conteneur-a-dechets-alimentaires-gris\/\" \/>\n<meta property=\"og:site_name\" content=\"Erresse Shop\" \/>\n<meta property=\"article:modified_time\" content=\"2024-10-17T14:47:19+00:00\" \/>\n<meta property=\"og:image\" content=\"https:\/\/www.erresse-shop.it\/wp-content\/uploads\/2024\/07\/JOSEPH-JOSEPH-Compo-4-Contenitore-Rifiuti-Alimentari-Grigio.webp\" \/>\n\t<meta property=\"og:image:width\" content=\"1200\" \/>\n\t<meta property=\"og:image:height\" content=\"1200\" \/>\n\t<meta property=\"og:image:type\" content=\"image\/webp\" \/>\n<meta name=\"twitter:card\" content=\"summary_large_image\" \/>\n<script type=\"application\/ld+json\" class=\"yoast-schema-graph\">{\"@context\":\"https:\/\/schema.org\",\"@graph\":[{\"@type\":\"WebPage\",\"@id\":\"https:\/\/www.erresse-shop.it\/fr\/shop\/cuisine\/accessoires-fr\/joseph-joseph-compo-4-conteneur-a-dechets-alimentaires-gris\/\",\"url\":\"https:\/\/www.erresse-shop.it\/fr\/shop\/cuisine\/accessoires-fr\/joseph-joseph-compo-4-conteneur-a-dechets-alimentaires-gris\/\",\"name\":\"JOSEPH JOSEPH Compo 4 Conteneur \u00e0 d\u00e9chets alimentaires Gris - Erresse Shop\",\"isPartOf\":{\"@id\":\"https:\/\/www.erresse-shop.it\/fr\/#website\"},\"datePublished\":\"2024-07-19T12:40:11+00:00\",\"dateModified\":\"2024-10-17T14:47:19+00:00\",\"description\":\"Cette poubelle mince est con\u00e7ue pour faciliter la collecte des restes alimentaires, gr\u00e2ce \u00e0 son couvercle rabattable pratique et \u00e0 sa tr\u00e8s large\",\"breadcrumb\":{\"@id\":\"https:\/\/www.erresse-shop.it\/fr\/shop\/cuisine\/accessoires-fr\/joseph-joseph-compo-4-conteneur-a-dechets-alimentaires-gris\/#breadcrumb\"},\"inLanguage\":\"fr-FR\",\"potentialAction\":[{\"@type\":\"ReadAction\",\"target\":[\"https:\/\/www.erresse-shop.it\/fr\/shop\/cuisine\/accessoires-fr\/joseph-joseph-compo-4-conteneur-a-dechets-alimentaires-gris\/\"]}]},{\"@type\":\"BreadcrumbList\",\"@id\":\"https:\/\/www.erresse-shop.it\/fr\/shop\/cuisine\/accessoires-fr\/joseph-joseph-compo-4-conteneur-a-dechets-alimentaires-gris\/#breadcrumb\",\"itemListElement\":[{\"@type\":\"ListItem\",\"position\":1,\"name\":\"Home\",\"item\":\"https:\/\/www.erresse-shop.it\/fr\/\"},{\"@type\":\"ListItem\",\"position\":2,\"name\":\"Shop\",\"item\":\"https:\/\/www.erresse-shop.it\/fr\/shop\/\"},{\"@type\":\"ListItem\",\"position\":3,\"name\":\"JOSEPH JOSEPH Compo 4 Conteneur \u00e0 d\u00e9chets alimentaires Gris\"}]},{\"@type\":\"WebSite\",\"@id\":\"https:\/\/www.erresse-shop.it\/fr\/#website\",\"url\":\"https:\/\/www.erresse-shop.it\/fr\/\",\"name\":\"Erresse Shop\",\"description\":\"Articoli di qualit\u00e0 per la casa\",\"potentialAction\":[{\"@type\":\"SearchAction\",\"target\":{\"@type\":\"EntryPoint\",\"urlTemplate\":\"https:\/\/www.erresse-shop.it\/fr\/?s={search_term_string}\"},\"query-input\":\"required name=search_term_string\"}],\"inLanguage\":\"fr-FR\"}]}<\/script>\n<!-- \/ Yoast SEO Premium plugin. -->","yoast_head_json":{"title":"JOSEPH JOSEPH Compo 4 Conteneur \u00e0 d\u00e9chets alimentaires Gris - Erresse Shop","description":"Cette poubelle mince est con\u00e7ue pour faciliter la collecte des restes alimentaires, gr\u00e2ce \u00e0 son couvercle rabattable pratique et \u00e0 sa tr\u00e8s large","robots":{"index":"index","follow":"follow","max-snippet":"max-snippet:-1","max-image-preview":"max-image-preview:large","max-video-preview":"max-video-preview:-1"},"canonical":"https:\/\/www.erresse-shop.it\/fr\/shop\/cuisine\/accessoires-fr\/joseph-joseph-compo-4-conteneur-a-dechets-alimentaires-gris\/","og_locale":"fr_FR","og_type":"article","og_title":"JOSEPH JOSEPH Compo 4 Conteneur \u00e0 d\u00e9chets alimentaires Gris","og_description":"Cette poubelle mince est con\u00e7ue pour faciliter la collecte des restes alimentaires, gr\u00e2ce \u00e0 son couvercle rabattable pratique et \u00e0 sa tr\u00e8s large","og_url":"https:\/\/www.erresse-shop.it\/fr\/shop\/cuisine\/accessoires-fr\/joseph-joseph-compo-4-conteneur-a-dechets-alimentaires-gris\/","og_site_name":"Erresse Shop","article_modified_time":"2024-10-17T14:47:19+00:00","og_image":[{"width":1200,"height":1200,"url":"https:\/\/www.erresse-shop.it\/wp-content\/uploads\/2024\/07\/JOSEPH-JOSEPH-Compo-4-Contenitore-Rifiuti-Alimentari-Grigio.webp","type":"image\/webp"}],"twitter_card":"summary_large_image","schema":{"@context":"https:\/\/schema.org","@graph":[{"@type":"WebPage","@id":"https:\/\/www.erresse-shop.it\/fr\/shop\/cuisine\/accessoires-fr\/joseph-joseph-compo-4-conteneur-a-dechets-alimentaires-gris\/","url":"https:\/\/www.erresse-shop.it\/fr\/shop\/cuisine\/accessoires-fr\/joseph-joseph-compo-4-conteneur-a-dechets-alimentaires-gris\/","name":"JOSEPH JOSEPH Compo 4 Conteneur \u00e0 d\u00e9chets alimentaires Gris - Erresse Shop","isPartOf":{"@id":"https:\/\/www.erresse-shop.it\/fr\/#website"},"datePublished":"2024-07-19T12:40:11+00:00","dateModified":"2024-10-17T14:47:19+00:00","description":"Cette poubelle mince est con\u00e7ue pour faciliter la collecte des restes alimentaires, gr\u00e2ce \u00e0 son couvercle rabattable pratique et \u00e0 sa tr\u00e8s large","breadcrumb":{"@id":"https:\/\/www.erresse-shop.it\/fr\/shop\/cuisine\/accessoires-fr\/joseph-joseph-compo-4-conteneur-a-dechets-alimentaires-gris\/#breadcrumb"},"inLanguage":"fr-FR","potentialAction":[{"@type":"ReadAction","target":["https:\/\/www.erresse-shop.it\/fr\/shop\/cuisine\/accessoires-fr\/joseph-joseph-compo-4-conteneur-a-dechets-alimentaires-gris\/"]}]},{"@type":"BreadcrumbList","@id":"https:\/\/www.erresse-shop.it\/fr\/shop\/cuisine\/accessoires-fr\/joseph-joseph-compo-4-conteneur-a-dechets-alimentaires-gris\/#breadcrumb","itemListElement":[{"@type":"ListItem","position":1,"name":"Home","item":"https:\/\/www.erresse-shop.it\/fr\/"},{"@type":"ListItem","position":2,"name":"Shop","item":"https:\/\/www.erresse-shop.it\/fr\/shop\/"},{"@type":"ListItem","position":3,"name":"JOSEPH JOSEPH Compo 4 Conteneur \u00e0 d\u00e9chets alimentaires Gris"}]},{"@type":"WebSite","@id":"https:\/\/www.erresse-shop.it\/fr\/#website","url":"https:\/\/www.erresse-shop.it\/fr\/","name":"Erresse Shop","description":"Articoli di qualit\u00e0 per la casa","potentialAction":[{"@type":"SearchAction","target":{"@type":"EntryPoint","urlTemplate":"https:\/\/www.erresse-shop.it\/fr\/?s={search_term_string}"},"query-input":"required name=search_term_string"}],"inLanguage":"fr-FR"}]}},"df_price":26.95,"df_sale_price":26.95,"df_regular_price":34.99,"df_image_link":"https:\/\/www.erresse-shop.it\/wp-content\/uploads\/2024\/07\/JOSEPH-JOSEPH-Compo-4-Contenitore-Rifiuti-Alimentari-Grigio-300x300.webp","_links":{"self":[{"href":"https:\/\/www.erresse-shop.it\/fr\/wp-json\/wp\/v2\/product\/422886"}],"collection":[{"href":"https:\/\/www.erresse-shop.it\/fr\/wp-json\/wp\/v2\/product"}],"about":[{"href":"https:\/\/www.erresse-shop.it\/fr\/wp-json\/wp\/v2\/types\/product"}],"wp:featuredmedia":[{"embeddable":true,"href":"https:\/\/www.erresse-shop.it\/fr\/wp-json\/wp\/v2\/media\/432756"}],"wp:attachment":[{"href":"https:\/\/www.erresse-shop.it\/fr\/wp-json\/wp\/v2\/media?parent=422886"}],"wp:term":[{"taxonomy":"product_cat","embeddable":true,"href":"https:\/\/www.erresse-shop.it\/fr\/wp-json\/wp\/v2\/product_cat?post=422886"},{"taxonomy":"product_tag","embeddable":true,"href":"https:\/\/www.erresse-shop.it\/fr\/wp-json\/wp\/v2\/product_tag?post=422886"}],"curies":[{"name":"wp","href":"https:\/\/api.w.org\/{rel}","templated":true}]}}