{"id":422830,"date":"2024-07-19T10:40:00","date_gmt":"2024-07-19T10:40:02","guid":{"rendered":"https:\/\/www.erresse-shop.it\/?post_type=product&#038;p=422830"},"modified":"2024-10-17T14:54:03","modified_gmt":"2024-10-17T14:54:03","slug":"joseph-joseph-stack-4-conteneur-a-dechets-alimentaires-gris","status":"publish","type":"product","link":"https:\/\/www.erresse-shop.it\/fr\/shop\/cuisine\/accessoires-fr\/joseph-joseph-stack-4-conteneur-a-dechets-alimentaires-gris\/","title":{"rendered":"JOSEPH JOSEPH Stack 4 Conteneur \u00e0 d\u00e9chets alimentaires Gris"},"content":{"rendered":"<p>La conception unique et ventil\u00e9e de ce conteneur \u00e0 d\u00e9chets alimentaires permet de r\u00e9duire les odeurs dues \u00e0 la d\u00e9composition des aliments.<\/p>\n<ul>\n<li>La conception ventil\u00e9e r\u00e9duit l&#8217;humidit\u00e9 et les odeurs<\/li>\n<li>Filtre \u00e0 odeurs rempla\u00e7able dans le couvercle<\/li>\n<li>Couvercle \u00e0 rabat facile d&#8217;acc\u00e8s<\/li>\n<li>Corps en polypropyl\u00e8ne facile \u00e0 nettoyer et poign\u00e9e de transport en acier inoxydable<\/li>\n<li>Trou interne pour ranger le sac.<\/li>\n<\/ul>\n<p><strong>Entretien et utilisation :<\/strong><\/p>\n<ul>\n<li>Nettoyer avec un chiffon humide et s\u00e9cher avec un chiffon doux et sec.<\/li>\n<li>Ne pas utiliser de chiffons abrasifs ou de nettoyants chimiques puissants.<\/li>\n<li>Sans BPA<\/li>\n<li>Pour des performances optimales, nous recommandons de remplacer le filtre anti-odeurs tous les 3 mois.<\/li>\n<\/ul>\n<p><strong>Dimensions de l&#8217;appareil<\/strong> : H16,1 x L23,5 x P19,7 cm (H6\u00bd x L9\u00bc x D7\u00be pouces)<\/p>\n<p><strong>Poids<\/strong> : 0,78 kg<\/p>\n<p><strong>Cr\u00e9ateur<\/strong> : PearsonLloyd<\/p>\n","protected":false},"excerpt":{"rendered":"<p>La conception unique et ventil\u00e9e de ce conteneur \u00e0 d\u00e9chets alimentaires permet de r\u00e9duire les odeurs dues \u00e0 la d\u00e9composition<\/p>\n","protected":false},"featured_media":432746,"template":"","meta":{"_acf_changed":false,"inline_featured_image":false},"product_cat":[12749,12748],"product_tag":[25026,21223,21222,25021,13485],"acf":[],"yoast_head":"<!-- This site is optimized with the Yoast SEO Premium plugin v18.6 (Yoast SEO v19.13) - https:\/\/yoast.com\/wordpress\/plugins\/seo\/ -->\n<title>JOSEPH JOSEPH Stack 4 Conteneur \u00e0 d\u00e9chets alimentaires Gris - Erresse Shop<\/title>\n<meta name=\"description\" content=\"La conception unique et ventil\u00e9e de ce conteneur \u00e0 d\u00e9chets alimentaires permet de r\u00e9duire les odeurs dues \u00e0 la d\u00e9composition des aliments. La conception\" \/>\n<meta name=\"robots\" content=\"index, follow, max-snippet:-1, max-image-preview:large, max-video-preview:-1\" \/>\n<link rel=\"canonical\" href=\"https:\/\/www.erresse-shop.it\/fr\/shop\/cuisine\/accessoires-fr\/joseph-joseph-stack-4-conteneur-a-dechets-alimentaires-gris\/\" \/>\n<meta property=\"og:locale\" content=\"fr_FR\" \/>\n<meta property=\"og:type\" content=\"article\" \/>\n<meta property=\"og:title\" content=\"JOSEPH JOSEPH Stack 4 Conteneur \u00e0 d\u00e9chets alimentaires Gris\" \/>\n<meta property=\"og:description\" content=\"La conception unique et ventil\u00e9e de ce conteneur \u00e0 d\u00e9chets alimentaires permet de r\u00e9duire les odeurs dues \u00e0 la d\u00e9composition des aliments. La conception\" \/>\n<meta property=\"og:url\" content=\"https:\/\/www.erresse-shop.it\/fr\/shop\/cuisine\/accessoires-fr\/joseph-joseph-stack-4-conteneur-a-dechets-alimentaires-gris\/\" \/>\n<meta property=\"og:site_name\" content=\"Erresse Shop\" \/>\n<meta property=\"article:modified_time\" content=\"2024-10-17T14:54:03+00:00\" \/>\n<meta property=\"og:image\" content=\"https:\/\/www.erresse-shop.it\/wp-content\/uploads\/2024\/07\/JOSEPH-JOSEPH-Stack-4-Contenitore-Rifiuti-Alimentari-Grigio.webp\" \/>\n\t<meta property=\"og:image:width\" content=\"1200\" \/>\n\t<meta property=\"og:image:height\" content=\"1200\" \/>\n\t<meta property=\"og:image:type\" content=\"image\/webp\" \/>\n<meta name=\"twitter:card\" content=\"summary_large_image\" \/>\n<script type=\"application\/ld+json\" class=\"yoast-schema-graph\">{\"@context\":\"https:\/\/schema.org\",\"@graph\":[{\"@type\":\"WebPage\",\"@id\":\"https:\/\/www.erresse-shop.it\/fr\/shop\/cuisine\/accessoires-fr\/joseph-joseph-stack-4-conteneur-a-dechets-alimentaires-gris\/\",\"url\":\"https:\/\/www.erresse-shop.it\/fr\/shop\/cuisine\/accessoires-fr\/joseph-joseph-stack-4-conteneur-a-dechets-alimentaires-gris\/\",\"name\":\"JOSEPH JOSEPH Stack 4 Conteneur \u00e0 d\u00e9chets alimentaires Gris - Erresse Shop\",\"isPartOf\":{\"@id\":\"https:\/\/www.erresse-shop.it\/fr\/#website\"},\"datePublished\":\"2024-07-19T10:40:02+00:00\",\"dateModified\":\"2024-10-17T14:54:03+00:00\",\"description\":\"La conception unique et ventil\u00e9e de ce conteneur \u00e0 d\u00e9chets alimentaires permet de r\u00e9duire les odeurs dues \u00e0 la d\u00e9composition des aliments. La conception\",\"breadcrumb\":{\"@id\":\"https:\/\/www.erresse-shop.it\/fr\/shop\/cuisine\/accessoires-fr\/joseph-joseph-stack-4-conteneur-a-dechets-alimentaires-gris\/#breadcrumb\"},\"inLanguage\":\"fr-FR\",\"potentialAction\":[{\"@type\":\"ReadAction\",\"target\":[\"https:\/\/www.erresse-shop.it\/fr\/shop\/cuisine\/accessoires-fr\/joseph-joseph-stack-4-conteneur-a-dechets-alimentaires-gris\/\"]}]},{\"@type\":\"BreadcrumbList\",\"@id\":\"https:\/\/www.erresse-shop.it\/fr\/shop\/cuisine\/accessoires-fr\/joseph-joseph-stack-4-conteneur-a-dechets-alimentaires-gris\/#breadcrumb\",\"itemListElement\":[{\"@type\":\"ListItem\",\"position\":1,\"name\":\"Home\",\"item\":\"https:\/\/www.erresse-shop.it\/fr\/\"},{\"@type\":\"ListItem\",\"position\":2,\"name\":\"Shop\",\"item\":\"https:\/\/www.erresse-shop.it\/fr\/shop\/\"},{\"@type\":\"ListItem\",\"position\":3,\"name\":\"JOSEPH JOSEPH Stack 4 Conteneur \u00e0 d\u00e9chets alimentaires Gris\"}]},{\"@type\":\"WebSite\",\"@id\":\"https:\/\/www.erresse-shop.it\/fr\/#website\",\"url\":\"https:\/\/www.erresse-shop.it\/fr\/\",\"name\":\"Erresse Shop\",\"description\":\"Articoli di qualit\u00e0 per la casa\",\"potentialAction\":[{\"@type\":\"SearchAction\",\"target\":{\"@type\":\"EntryPoint\",\"urlTemplate\":\"https:\/\/www.erresse-shop.it\/fr\/?s={search_term_string}\"},\"query-input\":\"required name=search_term_string\"}],\"inLanguage\":\"fr-FR\"}]}<\/script>\n<!-- \/ Yoast SEO Premium plugin. -->","yoast_head_json":{"title":"JOSEPH JOSEPH Stack 4 Conteneur \u00e0 d\u00e9chets alimentaires Gris - Erresse Shop","description":"La conception unique et ventil\u00e9e de ce conteneur \u00e0 d\u00e9chets alimentaires permet de r\u00e9duire les odeurs dues \u00e0 la d\u00e9composition des aliments. La conception","robots":{"index":"index","follow":"follow","max-snippet":"max-snippet:-1","max-image-preview":"max-image-preview:large","max-video-preview":"max-video-preview:-1"},"canonical":"https:\/\/www.erresse-shop.it\/fr\/shop\/cuisine\/accessoires-fr\/joseph-joseph-stack-4-conteneur-a-dechets-alimentaires-gris\/","og_locale":"fr_FR","og_type":"article","og_title":"JOSEPH JOSEPH Stack 4 Conteneur \u00e0 d\u00e9chets alimentaires Gris","og_description":"La conception unique et ventil\u00e9e de ce conteneur \u00e0 d\u00e9chets alimentaires permet de r\u00e9duire les odeurs dues \u00e0 la d\u00e9composition des aliments. La conception","og_url":"https:\/\/www.erresse-shop.it\/fr\/shop\/cuisine\/accessoires-fr\/joseph-joseph-stack-4-conteneur-a-dechets-alimentaires-gris\/","og_site_name":"Erresse Shop","article_modified_time":"2024-10-17T14:54:03+00:00","og_image":[{"width":1200,"height":1200,"url":"https:\/\/www.erresse-shop.it\/wp-content\/uploads\/2024\/07\/JOSEPH-JOSEPH-Stack-4-Contenitore-Rifiuti-Alimentari-Grigio.webp","type":"image\/webp"}],"twitter_card":"summary_large_image","schema":{"@context":"https:\/\/schema.org","@graph":[{"@type":"WebPage","@id":"https:\/\/www.erresse-shop.it\/fr\/shop\/cuisine\/accessoires-fr\/joseph-joseph-stack-4-conteneur-a-dechets-alimentaires-gris\/","url":"https:\/\/www.erresse-shop.it\/fr\/shop\/cuisine\/accessoires-fr\/joseph-joseph-stack-4-conteneur-a-dechets-alimentaires-gris\/","name":"JOSEPH JOSEPH Stack 4 Conteneur \u00e0 d\u00e9chets alimentaires Gris - Erresse Shop","isPartOf":{"@id":"https:\/\/www.erresse-shop.it\/fr\/#website"},"datePublished":"2024-07-19T10:40:02+00:00","dateModified":"2024-10-17T14:54:03+00:00","description":"La conception unique et ventil\u00e9e de ce conteneur \u00e0 d\u00e9chets alimentaires permet de r\u00e9duire les odeurs dues \u00e0 la d\u00e9composition des aliments. La conception","breadcrumb":{"@id":"https:\/\/www.erresse-shop.it\/fr\/shop\/cuisine\/accessoires-fr\/joseph-joseph-stack-4-conteneur-a-dechets-alimentaires-gris\/#breadcrumb"},"inLanguage":"fr-FR","potentialAction":[{"@type":"ReadAction","target":["https:\/\/www.erresse-shop.it\/fr\/shop\/cuisine\/accessoires-fr\/joseph-joseph-stack-4-conteneur-a-dechets-alimentaires-gris\/"]}]},{"@type":"BreadcrumbList","@id":"https:\/\/www.erresse-shop.it\/fr\/shop\/cuisine\/accessoires-fr\/joseph-joseph-stack-4-conteneur-a-dechets-alimentaires-gris\/#breadcrumb","itemListElement":[{"@type":"ListItem","position":1,"name":"Home","item":"https:\/\/www.erresse-shop.it\/fr\/"},{"@type":"ListItem","position":2,"name":"Shop","item":"https:\/\/www.erresse-shop.it\/fr\/shop\/"},{"@type":"ListItem","position":3,"name":"JOSEPH JOSEPH Stack 4 Conteneur \u00e0 d\u00e9chets alimentaires Gris"}]},{"@type":"WebSite","@id":"https:\/\/www.erresse-shop.it\/fr\/#website","url":"https:\/\/www.erresse-shop.it\/fr\/","name":"Erresse Shop","description":"Articoli di qualit\u00e0 per la casa","potentialAction":[{"@type":"SearchAction","target":{"@type":"EntryPoint","urlTemplate":"https:\/\/www.erresse-shop.it\/fr\/?s={search_term_string}"},"query-input":"required name=search_term_string"}],"inLanguage":"fr-FR"}]}},"df_price":19.995,"df_sale_price":19.995,"df_regular_price":39.99,"df_image_link":"https:\/\/www.erresse-shop.it\/wp-content\/uploads\/2024\/07\/JOSEPH-JOSEPH-Stack-4-Contenitore-Rifiuti-Alimentari-Grigio-300x300.webp","_links":{"self":[{"href":"https:\/\/www.erresse-shop.it\/fr\/wp-json\/wp\/v2\/product\/422830"}],"collection":[{"href":"https:\/\/www.erresse-shop.it\/fr\/wp-json\/wp\/v2\/product"}],"about":[{"href":"https:\/\/www.erresse-shop.it\/fr\/wp-json\/wp\/v2\/types\/product"}],"wp:featuredmedia":[{"embeddable":true,"href":"https:\/\/www.erresse-shop.it\/fr\/wp-json\/wp\/v2\/media\/432746"}],"wp:attachment":[{"href":"https:\/\/www.erresse-shop.it\/fr\/wp-json\/wp\/v2\/media?parent=422830"}],"wp:term":[{"taxonomy":"product_cat","embeddable":true,"href":"https:\/\/www.erresse-shop.it\/fr\/wp-json\/wp\/v2\/product_cat?post=422830"},{"taxonomy":"product_tag","embeddable":true,"href":"https:\/\/www.erresse-shop.it\/fr\/wp-json\/wp\/v2\/product_tag?post=422830"}],"curies":[{"name":"wp","href":"https:\/\/api.w.org\/{rel}","templated":true}]}}