{"id":422774,"date":"2024-07-19T09:41:15","date_gmt":"2024-07-19T09:41:17","guid":{"rendered":"https:\/\/www.erresse-shop.it\/?post_type=product&#038;p=422774"},"modified":"2025-08-27T13:41:09","modified_gmt":"2025-08-27T13:41:09","slug":"joseph-joseph-nest-ensemble-doutils-en-acier","status":"publish","type":"product","link":"https:\/\/www.erresse-shop.it\/fr\/shop\/cuisine\/outils\/joseph-joseph-nest-ensemble-doutils-en-acier\/","title":{"rendered":"JOSEPH JOSEPH Nest Ensemble d&#8217;outils en acier"},"content":{"rendered":"<p>Nest\u2122 range tous vos ustensiles de cuisine en un seul endroit facile d&#8217;acc\u00e8s. Sa conception unique vous permet de ranger cinq ustensiles dot\u00e9s de languettes en acier inoxydable sur un support compact en acier inoxydable, ce qui permet de prendre moins de place sur le plan de travail et de gagner du temps en cherchant ce dont vous avez besoin.<\/p>\n<ul>\n<li>L&#8217;ensemble comprend une spatule \u00e0 fente, un bol \u00e0 spaghetti, une cuill\u00e8re \u00e0 fente, une cuill\u00e8re pleine et une louche.<\/li>\n<li>Les poign\u00e9es magn\u00e9tiques maintiennent les ustensiles fermement ensemble dans un design compact et peu encombrant.<\/li>\n<li>Support de rangement sp\u00e9cialement con\u00e7u<\/li>\n<li>Ustensiles r\u00e9sistants \u00e0 la chaleur jusqu&#8217;\u00e0 200\u00b0C (392\u00b0F)<\/li>\n<\/ul>\n<p><strong>Entretien et utilisation :<\/strong><\/p>\n<ul>\n<li>Lavable au lave-vaisselle<\/li>\n<li>Ne pas laisser les ustensiles dans les casseroles pendant la cuisson<\/li>\n<li>Pour \u00e9viter de tacher les ustensiles, \u00e9vitez d&#8217;utiliser des colorants puissants tels que le curcuma.<\/li>\n<li>Sans BPA<\/li>\n<\/ul>\n<p><strong>Dimensions :\u00a0<\/strong><\/p>\n<p>H33.5 x L12 x P12cm (H13\u00bd x L4\u00be x D4\u00be pouces)<\/p>\n<p><strong>Cr\u00e9ateur :<\/strong> Studio17 Design<\/p>\n","protected":false},"excerpt":{"rendered":"<p>Nest\u2122 range tous vos ustensiles de cuisine en un seul endroit facile d&#8217;acc\u00e8s. Sa conception unique vous permet de ranger<\/p>\n","protected":false},"featured_media":443113,"template":"","meta":{"_acf_changed":false,"inline_featured_image":false},"product_cat":[12748,25333],"product_tag":[25026,25021,21633,18366],"acf":[],"yoast_head":"<!-- This site is optimized with the Yoast SEO Premium plugin v18.6 (Yoast SEO v19.13) - https:\/\/yoast.com\/wordpress\/plugins\/seo\/ -->\n<title>JOSEPH JOSEPH Nest Ensemble d&#039;outils en acier - Erresse Shop<\/title>\n<meta name=\"description\" content=\"Nest\u2122 range tous vos ustensiles de cuisine en un seul endroit facile d&#039;acc\u00e8s. Sa conception unique vous permet de ranger cinq ustensiles dot\u00e9s de\" \/>\n<meta name=\"robots\" content=\"index, follow, max-snippet:-1, max-image-preview:large, max-video-preview:-1\" \/>\n<link rel=\"canonical\" href=\"https:\/\/www.erresse-shop.it\/fr\/shop\/cuisine\/outils\/joseph-joseph-nest-ensemble-doutils-en-acier\/\" \/>\n<meta property=\"og:locale\" content=\"fr_FR\" \/>\n<meta property=\"og:type\" content=\"article\" \/>\n<meta property=\"og:title\" content=\"JOSEPH JOSEPH Nest Ensemble d&#039;outils en acier\" \/>\n<meta property=\"og:description\" content=\"Nest\u2122 range tous vos ustensiles de cuisine en un seul endroit facile d&#039;acc\u00e8s. Sa conception unique vous permet de ranger cinq ustensiles dot\u00e9s de\" \/>\n<meta property=\"og:url\" content=\"https:\/\/www.erresse-shop.it\/fr\/shop\/cuisine\/outils\/joseph-joseph-nest-ensemble-doutils-en-acier\/\" \/>\n<meta property=\"og:site_name\" content=\"Erresse Shop\" \/>\n<meta property=\"article:modified_time\" content=\"2025-08-27T13:41:09+00:00\" \/>\n<meta property=\"og:image\" content=\"https:\/\/www.erresse-shop.it\/wp-content\/uploads\/2024\/07\/JOSEPH-JOSEPH-Nest-Set-Utensili-in-Acciaio.jpg\" \/>\n\t<meta property=\"og:image:width\" content=\"1200\" \/>\n\t<meta property=\"og:image:height\" content=\"1200\" \/>\n\t<meta property=\"og:image:type\" content=\"image\/jpeg\" \/>\n<meta name=\"twitter:card\" content=\"summary_large_image\" \/>\n<script type=\"application\/ld+json\" class=\"yoast-schema-graph\">{\"@context\":\"https:\/\/schema.org\",\"@graph\":[{\"@type\":\"WebPage\",\"@id\":\"https:\/\/www.erresse-shop.it\/fr\/shop\/cuisine\/outils\/joseph-joseph-nest-ensemble-doutils-en-acier\/\",\"url\":\"https:\/\/www.erresse-shop.it\/fr\/shop\/cuisine\/outils\/joseph-joseph-nest-ensemble-doutils-en-acier\/\",\"name\":\"JOSEPH JOSEPH Nest Ensemble d'outils en acier - Erresse Shop\",\"isPartOf\":{\"@id\":\"https:\/\/www.erresse-shop.it\/fr\/#website\"},\"datePublished\":\"2024-07-19T09:41:17+00:00\",\"dateModified\":\"2025-08-27T13:41:09+00:00\",\"description\":\"Nest\u2122 range tous vos ustensiles de cuisine en un seul endroit facile d'acc\u00e8s. Sa conception unique vous permet de ranger cinq ustensiles dot\u00e9s de\",\"breadcrumb\":{\"@id\":\"https:\/\/www.erresse-shop.it\/fr\/shop\/cuisine\/outils\/joseph-joseph-nest-ensemble-doutils-en-acier\/#breadcrumb\"},\"inLanguage\":\"fr-FR\",\"potentialAction\":[{\"@type\":\"ReadAction\",\"target\":[\"https:\/\/www.erresse-shop.it\/fr\/shop\/cuisine\/outils\/joseph-joseph-nest-ensemble-doutils-en-acier\/\"]}]},{\"@type\":\"BreadcrumbList\",\"@id\":\"https:\/\/www.erresse-shop.it\/fr\/shop\/cuisine\/outils\/joseph-joseph-nest-ensemble-doutils-en-acier\/#breadcrumb\",\"itemListElement\":[{\"@type\":\"ListItem\",\"position\":1,\"name\":\"Home\",\"item\":\"https:\/\/www.erresse-shop.it\/fr\/\"},{\"@type\":\"ListItem\",\"position\":2,\"name\":\"Shop\",\"item\":\"https:\/\/www.erresse-shop.it\/fr\/shop\/\"},{\"@type\":\"ListItem\",\"position\":3,\"name\":\"JOSEPH JOSEPH Nest Ensemble d&#8217;outils en acier\"}]},{\"@type\":\"WebSite\",\"@id\":\"https:\/\/www.erresse-shop.it\/fr\/#website\",\"url\":\"https:\/\/www.erresse-shop.it\/fr\/\",\"name\":\"Erresse Shop\",\"description\":\"Articoli di qualit\u00e0 per la casa\",\"potentialAction\":[{\"@type\":\"SearchAction\",\"target\":{\"@type\":\"EntryPoint\",\"urlTemplate\":\"https:\/\/www.erresse-shop.it\/fr\/?s={search_term_string}\"},\"query-input\":\"required name=search_term_string\"}],\"inLanguage\":\"fr-FR\"}]}<\/script>\n<!-- \/ Yoast SEO Premium plugin. -->","yoast_head_json":{"title":"JOSEPH JOSEPH Nest Ensemble d'outils en acier - Erresse Shop","description":"Nest\u2122 range tous vos ustensiles de cuisine en un seul endroit facile d'acc\u00e8s. Sa conception unique vous permet de ranger cinq ustensiles dot\u00e9s de","robots":{"index":"index","follow":"follow","max-snippet":"max-snippet:-1","max-image-preview":"max-image-preview:large","max-video-preview":"max-video-preview:-1"},"canonical":"https:\/\/www.erresse-shop.it\/fr\/shop\/cuisine\/outils\/joseph-joseph-nest-ensemble-doutils-en-acier\/","og_locale":"fr_FR","og_type":"article","og_title":"JOSEPH JOSEPH Nest Ensemble d'outils en acier","og_description":"Nest\u2122 range tous vos ustensiles de cuisine en un seul endroit facile d'acc\u00e8s. Sa conception unique vous permet de ranger cinq ustensiles dot\u00e9s de","og_url":"https:\/\/www.erresse-shop.it\/fr\/shop\/cuisine\/outils\/joseph-joseph-nest-ensemble-doutils-en-acier\/","og_site_name":"Erresse Shop","article_modified_time":"2025-08-27T13:41:09+00:00","og_image":[{"width":1200,"height":1200,"url":"https:\/\/www.erresse-shop.it\/wp-content\/uploads\/2024\/07\/JOSEPH-JOSEPH-Nest-Set-Utensili-in-Acciaio.jpg","type":"image\/jpeg"}],"twitter_card":"summary_large_image","schema":{"@context":"https:\/\/schema.org","@graph":[{"@type":"WebPage","@id":"https:\/\/www.erresse-shop.it\/fr\/shop\/cuisine\/outils\/joseph-joseph-nest-ensemble-doutils-en-acier\/","url":"https:\/\/www.erresse-shop.it\/fr\/shop\/cuisine\/outils\/joseph-joseph-nest-ensemble-doutils-en-acier\/","name":"JOSEPH JOSEPH Nest Ensemble d'outils en acier - Erresse Shop","isPartOf":{"@id":"https:\/\/www.erresse-shop.it\/fr\/#website"},"datePublished":"2024-07-19T09:41:17+00:00","dateModified":"2025-08-27T13:41:09+00:00","description":"Nest\u2122 range tous vos ustensiles de cuisine en un seul endroit facile d'acc\u00e8s. Sa conception unique vous permet de ranger cinq ustensiles dot\u00e9s de","breadcrumb":{"@id":"https:\/\/www.erresse-shop.it\/fr\/shop\/cuisine\/outils\/joseph-joseph-nest-ensemble-doutils-en-acier\/#breadcrumb"},"inLanguage":"fr-FR","potentialAction":[{"@type":"ReadAction","target":["https:\/\/www.erresse-shop.it\/fr\/shop\/cuisine\/outils\/joseph-joseph-nest-ensemble-doutils-en-acier\/"]}]},{"@type":"BreadcrumbList","@id":"https:\/\/www.erresse-shop.it\/fr\/shop\/cuisine\/outils\/joseph-joseph-nest-ensemble-doutils-en-acier\/#breadcrumb","itemListElement":[{"@type":"ListItem","position":1,"name":"Home","item":"https:\/\/www.erresse-shop.it\/fr\/"},{"@type":"ListItem","position":2,"name":"Shop","item":"https:\/\/www.erresse-shop.it\/fr\/shop\/"},{"@type":"ListItem","position":3,"name":"JOSEPH JOSEPH Nest Ensemble d&#8217;outils en acier"}]},{"@type":"WebSite","@id":"https:\/\/www.erresse-shop.it\/fr\/#website","url":"https:\/\/www.erresse-shop.it\/fr\/","name":"Erresse Shop","description":"Articoli di qualit\u00e0 per la casa","potentialAction":[{"@type":"SearchAction","target":{"@type":"EntryPoint","urlTemplate":"https:\/\/www.erresse-shop.it\/fr\/?s={search_term_string}"},"query-input":"required name=search_term_string"}],"inLanguage":"fr-FR"}]}},"df_price":36.95,"df_sale_price":36.95,"df_regular_price":54.99,"df_image_link":"https:\/\/www.erresse-shop.it\/wp-content\/uploads\/2024\/07\/JOSEPH-JOSEPH-Nest-Set-Utensili-in-Acciaio-300x300.jpg","_links":{"self":[{"href":"https:\/\/www.erresse-shop.it\/fr\/wp-json\/wp\/v2\/product\/422774"}],"collection":[{"href":"https:\/\/www.erresse-shop.it\/fr\/wp-json\/wp\/v2\/product"}],"about":[{"href":"https:\/\/www.erresse-shop.it\/fr\/wp-json\/wp\/v2\/types\/product"}],"wp:featuredmedia":[{"embeddable":true,"href":"https:\/\/www.erresse-shop.it\/fr\/wp-json\/wp\/v2\/media\/443113"}],"wp:attachment":[{"href":"https:\/\/www.erresse-shop.it\/fr\/wp-json\/wp\/v2\/media?parent=422774"}],"wp:term":[{"taxonomy":"product_cat","embeddable":true,"href":"https:\/\/www.erresse-shop.it\/fr\/wp-json\/wp\/v2\/product_cat?post=422774"},{"taxonomy":"product_tag","embeddable":true,"href":"https:\/\/www.erresse-shop.it\/fr\/wp-json\/wp\/v2\/product_tag?post=422774"}],"curies":[{"name":"wp","href":"https:\/\/api.w.org\/{rel}","templated":true}]}}