{"id":422693,"date":"2024-07-19T06:03:46","date_gmt":"2024-07-19T06:03:48","guid":{"rendered":"https:\/\/www.erresse-shop.it\/?post_type=product&#038;p=422693"},"modified":"2024-10-24T12:53:11","modified_gmt":"2024-10-24T12:53:11","slug":"joseph-joseph-elevate-set-6-ustensiles-de-cuisine-multicolore","status":"publish","type":"product","link":"https:\/\/www.erresse-shop.it\/fr\/shop\/cuisine\/outils\/joseph-joseph-elevate-set-6-ustensiles-de-cuisine-multicolore\/","title":{"rendered":"JOSEPH JOSEPH Elevate Set 6 Ustensiles de cuisine Multicolore"},"content":{"rendered":"<p>Parfait pour toute cuisine, ce set d&#8217;ustensiles multicolores comprend 6 outils de cuisine essentiels, tous dot\u00e9s d&#8217;un repose-ustensiles int\u00e9gr\u00e9.<\/p>\n<ul>\n<li>L&#8217;ensemble comprend : une cuill\u00e8re \u00e0 fente, un bol \u00e0 spaghetti, une cuill\u00e8re solide, une cuill\u00e8re \u00e0 fente, une cuill\u00e8re flexible et une louche.<\/li>\n<li>Technologie Elevate\u2122 con\u00e7ue pour am\u00e9liorer l&#8217;hygi\u00e8ne et minimiser les d\u00e9g\u00e2ts.<\/li>\n<li>La poign\u00e9e lest\u00e9e et le repose-outil int\u00e9gr\u00e9 emp\u00eachent la t\u00eate de l&#8217;outil de toucher la surface de travail lorsqu&#8217;elle est pos\u00e9e.<\/li>\n<li>T\u00eates d&#8217;outils en nylon r\u00e9sistantes \u00e0 la chaleur jusqu&#8217;\u00e0 200\u00b0C (392\u00b0F).<\/li>\n<li>Poign\u00e9es ergonomiques en silicone r\u00e9sistant \u00e0 la chaleur jusqu&#8217;\u00e0 270\u00b0C (520\u00b0F)<\/li>\n<li>Convient \u00e0 tous les types d&#8217;ustensiles de cuisine<\/li>\n<\/ul>\n<p><strong>Entretien et utilisation :<\/strong><\/p>\n<ul>\n<li>Lavable au lave-vaisselle<\/li>\n<li>Ne pas laisser les ustensiles dans les casseroles pendant la cuisson<\/li>\n<li>Pour \u00e9viter les taches, \u00e9viter d&#8217;utiliser des couleurs fortes comme le curcuma.<\/li>\n<li>Sans BPA<\/li>\n<\/ul>\n<p><strong>Concepteur<\/strong> : Derek Roberts<\/p>\n","protected":false},"excerpt":{"rendered":"<p>Parfait pour toute cuisine, ce set d&#8217;ustensiles multicolores comprend 6 outils de cuisine essentiels, tous dot\u00e9s d&#8217;un repose-ustensiles int\u00e9gr\u00e9. L&#8217;ensemble<\/p>\n","protected":false},"featured_media":492480,"template":"","meta":{"_acf_changed":false,"inline_featured_image":false},"product_cat":[12748,25333],"product_tag":[25026,25021,21633,22470],"acf":[],"yoast_head":"<!-- This site is optimized with the Yoast SEO Premium plugin v18.6 (Yoast SEO v19.13) - https:\/\/yoast.com\/wordpress\/plugins\/seo\/ -->\n<title>JOSEPH JOSEPH Elevate Set 6 Ustensiles de cuisine Multicolore - Erresse Shop<\/title>\n<meta name=\"description\" content=\"Parfait pour toute cuisine, ce set d&#039;ustensiles multicolores comprend 6 outils de cuisine essentiels, tous dot\u00e9s d&#039;un repose-ustensiles int\u00e9gr\u00e9.\" \/>\n<meta name=\"robots\" content=\"index, follow, max-snippet:-1, max-image-preview:large, max-video-preview:-1\" \/>\n<link rel=\"canonical\" href=\"https:\/\/www.erresse-shop.it\/fr\/shop\/cuisine\/outils\/joseph-joseph-elevate-set-6-ustensiles-de-cuisine-multicolore\/\" \/>\n<meta property=\"og:locale\" content=\"fr_FR\" \/>\n<meta property=\"og:type\" content=\"article\" \/>\n<meta property=\"og:title\" content=\"JOSEPH JOSEPH Elevate Set 6 Ustensiles de cuisine Multicolore\" \/>\n<meta property=\"og:description\" content=\"Parfait pour toute cuisine, ce set d&#039;ustensiles multicolores comprend 6 outils de cuisine essentiels, tous dot\u00e9s d&#039;un repose-ustensiles int\u00e9gr\u00e9.\" \/>\n<meta property=\"og:url\" content=\"https:\/\/www.erresse-shop.it\/fr\/shop\/cuisine\/outils\/joseph-joseph-elevate-set-6-ustensiles-de-cuisine-multicolore\/\" \/>\n<meta property=\"og:site_name\" content=\"Erresse Shop\" \/>\n<meta property=\"article:modified_time\" content=\"2024-10-24T12:53:11+00:00\" \/>\n<meta property=\"og:image\" content=\"https:\/\/www.erresse-shop.it\/wp-content\/uploads\/2024\/07\/JOSEPH-JOSEPH-Elevate\u2122-Set-6-Utensili-da-Cucina-Multicolore.png\" \/>\n\t<meta property=\"og:image:width\" content=\"800\" \/>\n\t<meta property=\"og:image:height\" content=\"800\" \/>\n\t<meta property=\"og:image:type\" content=\"image\/png\" \/>\n<meta name=\"twitter:card\" content=\"summary_large_image\" \/>\n<script type=\"application\/ld+json\" class=\"yoast-schema-graph\">{\"@context\":\"https:\/\/schema.org\",\"@graph\":[{\"@type\":\"WebPage\",\"@id\":\"https:\/\/www.erresse-shop.it\/fr\/shop\/cuisine\/outils\/joseph-joseph-elevate-set-6-ustensiles-de-cuisine-multicolore\/\",\"url\":\"https:\/\/www.erresse-shop.it\/fr\/shop\/cuisine\/outils\/joseph-joseph-elevate-set-6-ustensiles-de-cuisine-multicolore\/\",\"name\":\"JOSEPH JOSEPH Elevate Set 6 Ustensiles de cuisine Multicolore - Erresse Shop\",\"isPartOf\":{\"@id\":\"https:\/\/www.erresse-shop.it\/fr\/#website\"},\"datePublished\":\"2024-07-19T06:03:48+00:00\",\"dateModified\":\"2024-10-24T12:53:11+00:00\",\"description\":\"Parfait pour toute cuisine, ce set d'ustensiles multicolores comprend 6 outils de cuisine essentiels, tous dot\u00e9s d'un repose-ustensiles int\u00e9gr\u00e9.\",\"breadcrumb\":{\"@id\":\"https:\/\/www.erresse-shop.it\/fr\/shop\/cuisine\/outils\/joseph-joseph-elevate-set-6-ustensiles-de-cuisine-multicolore\/#breadcrumb\"},\"inLanguage\":\"fr-FR\",\"potentialAction\":[{\"@type\":\"ReadAction\",\"target\":[\"https:\/\/www.erresse-shop.it\/fr\/shop\/cuisine\/outils\/joseph-joseph-elevate-set-6-ustensiles-de-cuisine-multicolore\/\"]}]},{\"@type\":\"BreadcrumbList\",\"@id\":\"https:\/\/www.erresse-shop.it\/fr\/shop\/cuisine\/outils\/joseph-joseph-elevate-set-6-ustensiles-de-cuisine-multicolore\/#breadcrumb\",\"itemListElement\":[{\"@type\":\"ListItem\",\"position\":1,\"name\":\"Home\",\"item\":\"https:\/\/www.erresse-shop.it\/fr\/\"},{\"@type\":\"ListItem\",\"position\":2,\"name\":\"Shop\",\"item\":\"https:\/\/www.erresse-shop.it\/fr\/shop\/\"},{\"@type\":\"ListItem\",\"position\":3,\"name\":\"JOSEPH JOSEPH Elevate Set 6 Ustensiles de cuisine Multicolore\"}]},{\"@type\":\"WebSite\",\"@id\":\"https:\/\/www.erresse-shop.it\/fr\/#website\",\"url\":\"https:\/\/www.erresse-shop.it\/fr\/\",\"name\":\"Erresse Shop\",\"description\":\"Articoli di qualit\u00e0 per la casa\",\"potentialAction\":[{\"@type\":\"SearchAction\",\"target\":{\"@type\":\"EntryPoint\",\"urlTemplate\":\"https:\/\/www.erresse-shop.it\/fr\/?s={search_term_string}\"},\"query-input\":\"required name=search_term_string\"}],\"inLanguage\":\"fr-FR\"}]}<\/script>\n<!-- \/ Yoast SEO Premium plugin. -->","yoast_head_json":{"title":"JOSEPH JOSEPH Elevate Set 6 Ustensiles de cuisine Multicolore - Erresse Shop","description":"Parfait pour toute cuisine, ce set d'ustensiles multicolores comprend 6 outils de cuisine essentiels, tous dot\u00e9s d'un repose-ustensiles int\u00e9gr\u00e9.","robots":{"index":"index","follow":"follow","max-snippet":"max-snippet:-1","max-image-preview":"max-image-preview:large","max-video-preview":"max-video-preview:-1"},"canonical":"https:\/\/www.erresse-shop.it\/fr\/shop\/cuisine\/outils\/joseph-joseph-elevate-set-6-ustensiles-de-cuisine-multicolore\/","og_locale":"fr_FR","og_type":"article","og_title":"JOSEPH JOSEPH Elevate Set 6 Ustensiles de cuisine Multicolore","og_description":"Parfait pour toute cuisine, ce set d'ustensiles multicolores comprend 6 outils de cuisine essentiels, tous dot\u00e9s d'un repose-ustensiles int\u00e9gr\u00e9.","og_url":"https:\/\/www.erresse-shop.it\/fr\/shop\/cuisine\/outils\/joseph-joseph-elevate-set-6-ustensiles-de-cuisine-multicolore\/","og_site_name":"Erresse Shop","article_modified_time":"2024-10-24T12:53:11+00:00","og_image":[{"width":800,"height":800,"url":"https:\/\/www.erresse-shop.it\/wp-content\/uploads\/2024\/07\/JOSEPH-JOSEPH-Elevate\u2122-Set-6-Utensili-da-Cucina-Multicolore.png","type":"image\/png"}],"twitter_card":"summary_large_image","schema":{"@context":"https:\/\/schema.org","@graph":[{"@type":"WebPage","@id":"https:\/\/www.erresse-shop.it\/fr\/shop\/cuisine\/outils\/joseph-joseph-elevate-set-6-ustensiles-de-cuisine-multicolore\/","url":"https:\/\/www.erresse-shop.it\/fr\/shop\/cuisine\/outils\/joseph-joseph-elevate-set-6-ustensiles-de-cuisine-multicolore\/","name":"JOSEPH JOSEPH Elevate Set 6 Ustensiles de cuisine Multicolore - Erresse Shop","isPartOf":{"@id":"https:\/\/www.erresse-shop.it\/fr\/#website"},"datePublished":"2024-07-19T06:03:48+00:00","dateModified":"2024-10-24T12:53:11+00:00","description":"Parfait pour toute cuisine, ce set d'ustensiles multicolores comprend 6 outils de cuisine essentiels, tous dot\u00e9s d'un repose-ustensiles int\u00e9gr\u00e9.","breadcrumb":{"@id":"https:\/\/www.erresse-shop.it\/fr\/shop\/cuisine\/outils\/joseph-joseph-elevate-set-6-ustensiles-de-cuisine-multicolore\/#breadcrumb"},"inLanguage":"fr-FR","potentialAction":[{"@type":"ReadAction","target":["https:\/\/www.erresse-shop.it\/fr\/shop\/cuisine\/outils\/joseph-joseph-elevate-set-6-ustensiles-de-cuisine-multicolore\/"]}]},{"@type":"BreadcrumbList","@id":"https:\/\/www.erresse-shop.it\/fr\/shop\/cuisine\/outils\/joseph-joseph-elevate-set-6-ustensiles-de-cuisine-multicolore\/#breadcrumb","itemListElement":[{"@type":"ListItem","position":1,"name":"Home","item":"https:\/\/www.erresse-shop.it\/fr\/"},{"@type":"ListItem","position":2,"name":"Shop","item":"https:\/\/www.erresse-shop.it\/fr\/shop\/"},{"@type":"ListItem","position":3,"name":"JOSEPH JOSEPH Elevate Set 6 Ustensiles de cuisine Multicolore"}]},{"@type":"WebSite","@id":"https:\/\/www.erresse-shop.it\/fr\/#website","url":"https:\/\/www.erresse-shop.it\/fr\/","name":"Erresse Shop","description":"Articoli di qualit\u00e0 per la casa","potentialAction":[{"@type":"SearchAction","target":{"@type":"EntryPoint","urlTemplate":"https:\/\/www.erresse-shop.it\/fr\/?s={search_term_string}"},"query-input":"required name=search_term_string"}],"inLanguage":"fr-FR"}]}},"df_price":33,"df_sale_price":33,"df_regular_price":69.99,"df_image_link":"https:\/\/www.erresse-shop.it\/wp-content\/uploads\/2024\/07\/JOSEPH-JOSEPH-Elevate-Set-6-Utensili-da-Cucina-Multicolore-300x300.jpg","_links":{"self":[{"href":"https:\/\/www.erresse-shop.it\/fr\/wp-json\/wp\/v2\/product\/422693"}],"collection":[{"href":"https:\/\/www.erresse-shop.it\/fr\/wp-json\/wp\/v2\/product"}],"about":[{"href":"https:\/\/www.erresse-shop.it\/fr\/wp-json\/wp\/v2\/types\/product"}],"wp:featuredmedia":[{"embeddable":true,"href":"https:\/\/www.erresse-shop.it\/fr\/wp-json\/wp\/v2\/media\/492480"}],"wp:attachment":[{"href":"https:\/\/www.erresse-shop.it\/fr\/wp-json\/wp\/v2\/media?parent=422693"}],"wp:term":[{"taxonomy":"product_cat","embeddable":true,"href":"https:\/\/www.erresse-shop.it\/fr\/wp-json\/wp\/v2\/product_cat?post=422693"},{"taxonomy":"product_tag","embeddable":true,"href":"https:\/\/www.erresse-shop.it\/fr\/wp-json\/wp\/v2\/product_tag?post=422693"}],"curies":[{"name":"wp","href":"https:\/\/api.w.org\/{rel}","templated":true}]}}