{"id":422669,"date":"2024-07-19T05:36:42","date_gmt":"2024-07-19T05:36:44","guid":{"rendered":"https:\/\/www.erresse-shop.it\/?post_type=product&#038;p=422669"},"modified":"2025-05-09T10:38:41","modified_gmt":"2025-05-09T10:38:41","slug":"joseph-joseph-elevate-carousel-steel-tool-set","status":"publish","type":"product","link":"https:\/\/www.erresse-shop.it\/fr\/shop\/cuisine\/outils\/joseph-joseph-elevate-carousel-steel-tool-set\/","title":{"rendered":"JOSEPH JOSEPH Elevate Carousel Steel Tool Set"},"content":{"rendered":"<p>Con\u00e7us avec des poign\u00e9es lest\u00e9es et des repose-ustensiles int\u00e9gr\u00e9s, nos ustensiles Elevate\u2122 minimisent l&#8217;encombrement dans la cuisine en maintenant la t\u00eate de l&#8217;ustensile sur\u00e9lev\u00e9e lorsqu&#8217;il est pos\u00e9. Le carrousel Elevate\u2122 Steel comprend une cuill\u00e8re \u00e0 fente, un plateau tournant \u00e0 fente, une pince \u00e0 spaghetti, une cuill\u00e8re solide, une louche et une \u00e9cumoire, tous fabriqu\u00e9s en acier inoxydable durable et en silicone r\u00e9sistant \u00e0 la chaleur sur les poign\u00e9es. Le carrousel rotatif permet de saisir facilement chaque ustensile en cas de besoin.<\/p>\n<ul>\n<li>L&#8217;ensemble comprend une cuill\u00e8re \u00e0 fente, une pince \u00e0 spaghetti, une cuill\u00e8re solide, une louche, une \u00e9cumoire et un carrousel rotatif.<\/li>\n<li>La technologie Elevate\u2122 est con\u00e7ue pour am\u00e9liorer l&#8217;hygi\u00e8ne et r\u00e9duire le d\u00e9sordre.<\/li>\n<li>Les poign\u00e9es lest\u00e9es et les repose-ustensiles int\u00e9gr\u00e9s emp\u00eachent la t\u00eate de l&#8217;ustensile de toucher le plan de travail lorsqu&#8217;elle est pos\u00e9e.<\/li>\n<li>T\u00eates en acier inoxydable durables et r\u00e9sistantes \u00e0 la chaleur<\/li>\n<li>Poign\u00e9es en silicone r\u00e9sistant \u00e0 la chaleur jusqu&#8217;\u00e0 270\u00b0C \/ 520\u00b0F<\/li>\n<\/ul>\n<p><strong>Entretien et utilisation :<\/strong><\/p>\n<ul>\n<li>Lavable au lave-vaisselle<\/li>\n<li>Ne pas laisser les ustensiles dans les casseroles pendant la cuisson.<\/li>\n<\/ul>\n<p><strong>Dimensions : H35 x L21,5 x P21cm :<\/strong><\/p>\n<p>H35 x L21.5 x P21cm (H11 x L9 x D8\u00bd inches)<\/p>\n<p><strong>Designer :<\/strong> Derek Roberts<\/p>\n","protected":false},"excerpt":{"rendered":"<p>Con\u00e7us avec des poign\u00e9es lest\u00e9es et des repose-ustensiles int\u00e9gr\u00e9s, nos ustensiles Elevate\u2122 minimisent l&#8217;encombrement dans la cuisine en maintenant la<\/p>\n","protected":false},"featured_media":516567,"template":"","meta":{"_acf_changed":false,"inline_featured_image":false},"product_cat":[12748,25333],"product_tag":[25026,21634,25021,21633,22470],"acf":[],"yoast_head":"<!-- This site is optimized with the Yoast SEO Premium plugin v18.6 (Yoast SEO v19.13) - https:\/\/yoast.com\/wordpress\/plugins\/seo\/ -->\n<title>JOSEPH JOSEPH Elevate Carousel Steel Tool Set - Erresse Shop<\/title>\n<meta name=\"description\" content=\"Con\u00e7us avec des poign\u00e9es lest\u00e9es et des repose-ustensiles int\u00e9gr\u00e9s, nos ustensiles Elevate\u2122 minimisent l&#039;encombrement dans la cuisine en maintenant la\" \/>\n<meta name=\"robots\" content=\"index, follow, max-snippet:-1, max-image-preview:large, max-video-preview:-1\" \/>\n<link rel=\"canonical\" href=\"https:\/\/www.erresse-shop.it\/fr\/shop\/cuisine\/outils\/joseph-joseph-elevate-carousel-steel-tool-set\/\" \/>\n<meta property=\"og:locale\" content=\"fr_FR\" \/>\n<meta property=\"og:type\" content=\"article\" \/>\n<meta property=\"og:title\" content=\"JOSEPH JOSEPH Elevate Carousel Steel Tool Set\" \/>\n<meta property=\"og:description\" content=\"Con\u00e7us avec des poign\u00e9es lest\u00e9es et des repose-ustensiles int\u00e9gr\u00e9s, nos ustensiles Elevate\u2122 minimisent l&#039;encombrement dans la cuisine en maintenant la\" \/>\n<meta property=\"og:url\" content=\"https:\/\/www.erresse-shop.it\/fr\/shop\/cuisine\/outils\/joseph-joseph-elevate-carousel-steel-tool-set\/\" \/>\n<meta property=\"og:site_name\" content=\"Erresse Shop\" \/>\n<meta property=\"article:modified_time\" content=\"2025-05-09T10:38:41+00:00\" \/>\n<meta property=\"og:image\" content=\"https:\/\/www.erresse-shop.it\/wp-content\/uploads\/2024\/07\/JOSEPH-JOSEPH-Elevate-Carousel-Set-Utensili-in-Acciaio.jpg\" \/>\n\t<meta property=\"og:image:width\" content=\"1200\" \/>\n\t<meta property=\"og:image:height\" content=\"1200\" \/>\n\t<meta property=\"og:image:type\" content=\"image\/jpeg\" \/>\n<meta name=\"twitter:card\" content=\"summary_large_image\" \/>\n<script type=\"application\/ld+json\" class=\"yoast-schema-graph\">{\"@context\":\"https:\/\/schema.org\",\"@graph\":[{\"@type\":\"WebPage\",\"@id\":\"https:\/\/www.erresse-shop.it\/fr\/shop\/cuisine\/outils\/joseph-joseph-elevate-carousel-steel-tool-set\/\",\"url\":\"https:\/\/www.erresse-shop.it\/fr\/shop\/cuisine\/outils\/joseph-joseph-elevate-carousel-steel-tool-set\/\",\"name\":\"JOSEPH JOSEPH Elevate Carousel Steel Tool Set - Erresse Shop\",\"isPartOf\":{\"@id\":\"https:\/\/www.erresse-shop.it\/fr\/#website\"},\"datePublished\":\"2024-07-19T05:36:44+00:00\",\"dateModified\":\"2025-05-09T10:38:41+00:00\",\"description\":\"Con\u00e7us avec des poign\u00e9es lest\u00e9es et des repose-ustensiles int\u00e9gr\u00e9s, nos ustensiles Elevate\u2122 minimisent l'encombrement dans la cuisine en maintenant la\",\"breadcrumb\":{\"@id\":\"https:\/\/www.erresse-shop.it\/fr\/shop\/cuisine\/outils\/joseph-joseph-elevate-carousel-steel-tool-set\/#breadcrumb\"},\"inLanguage\":\"fr-FR\",\"potentialAction\":[{\"@type\":\"ReadAction\",\"target\":[\"https:\/\/www.erresse-shop.it\/fr\/shop\/cuisine\/outils\/joseph-joseph-elevate-carousel-steel-tool-set\/\"]}]},{\"@type\":\"BreadcrumbList\",\"@id\":\"https:\/\/www.erresse-shop.it\/fr\/shop\/cuisine\/outils\/joseph-joseph-elevate-carousel-steel-tool-set\/#breadcrumb\",\"itemListElement\":[{\"@type\":\"ListItem\",\"position\":1,\"name\":\"Home\",\"item\":\"https:\/\/www.erresse-shop.it\/fr\/\"},{\"@type\":\"ListItem\",\"position\":2,\"name\":\"Shop\",\"item\":\"https:\/\/www.erresse-shop.it\/fr\/shop\/\"},{\"@type\":\"ListItem\",\"position\":3,\"name\":\"JOSEPH JOSEPH Elevate Carousel Steel Tool Set\"}]},{\"@type\":\"WebSite\",\"@id\":\"https:\/\/www.erresse-shop.it\/fr\/#website\",\"url\":\"https:\/\/www.erresse-shop.it\/fr\/\",\"name\":\"Erresse Shop\",\"description\":\"Articoli di qualit\u00e0 per la casa\",\"potentialAction\":[{\"@type\":\"SearchAction\",\"target\":{\"@type\":\"EntryPoint\",\"urlTemplate\":\"https:\/\/www.erresse-shop.it\/fr\/?s={search_term_string}\"},\"query-input\":\"required name=search_term_string\"}],\"inLanguage\":\"fr-FR\"}]}<\/script>\n<!-- \/ Yoast SEO Premium plugin. -->","yoast_head_json":{"title":"JOSEPH JOSEPH Elevate Carousel Steel Tool Set - Erresse Shop","description":"Con\u00e7us avec des poign\u00e9es lest\u00e9es et des repose-ustensiles int\u00e9gr\u00e9s, nos ustensiles Elevate\u2122 minimisent l'encombrement dans la cuisine en maintenant la","robots":{"index":"index","follow":"follow","max-snippet":"max-snippet:-1","max-image-preview":"max-image-preview:large","max-video-preview":"max-video-preview:-1"},"canonical":"https:\/\/www.erresse-shop.it\/fr\/shop\/cuisine\/outils\/joseph-joseph-elevate-carousel-steel-tool-set\/","og_locale":"fr_FR","og_type":"article","og_title":"JOSEPH JOSEPH Elevate Carousel Steel Tool Set","og_description":"Con\u00e7us avec des poign\u00e9es lest\u00e9es et des repose-ustensiles int\u00e9gr\u00e9s, nos ustensiles Elevate\u2122 minimisent l'encombrement dans la cuisine en maintenant la","og_url":"https:\/\/www.erresse-shop.it\/fr\/shop\/cuisine\/outils\/joseph-joseph-elevate-carousel-steel-tool-set\/","og_site_name":"Erresse Shop","article_modified_time":"2025-05-09T10:38:41+00:00","og_image":[{"width":1200,"height":1200,"url":"https:\/\/www.erresse-shop.it\/wp-content\/uploads\/2024\/07\/JOSEPH-JOSEPH-Elevate-Carousel-Set-Utensili-in-Acciaio.jpg","type":"image\/jpeg"}],"twitter_card":"summary_large_image","schema":{"@context":"https:\/\/schema.org","@graph":[{"@type":"WebPage","@id":"https:\/\/www.erresse-shop.it\/fr\/shop\/cuisine\/outils\/joseph-joseph-elevate-carousel-steel-tool-set\/","url":"https:\/\/www.erresse-shop.it\/fr\/shop\/cuisine\/outils\/joseph-joseph-elevate-carousel-steel-tool-set\/","name":"JOSEPH JOSEPH Elevate Carousel Steel Tool Set - Erresse Shop","isPartOf":{"@id":"https:\/\/www.erresse-shop.it\/fr\/#website"},"datePublished":"2024-07-19T05:36:44+00:00","dateModified":"2025-05-09T10:38:41+00:00","description":"Con\u00e7us avec des poign\u00e9es lest\u00e9es et des repose-ustensiles int\u00e9gr\u00e9s, nos ustensiles Elevate\u2122 minimisent l'encombrement dans la cuisine en maintenant la","breadcrumb":{"@id":"https:\/\/www.erresse-shop.it\/fr\/shop\/cuisine\/outils\/joseph-joseph-elevate-carousel-steel-tool-set\/#breadcrumb"},"inLanguage":"fr-FR","potentialAction":[{"@type":"ReadAction","target":["https:\/\/www.erresse-shop.it\/fr\/shop\/cuisine\/outils\/joseph-joseph-elevate-carousel-steel-tool-set\/"]}]},{"@type":"BreadcrumbList","@id":"https:\/\/www.erresse-shop.it\/fr\/shop\/cuisine\/outils\/joseph-joseph-elevate-carousel-steel-tool-set\/#breadcrumb","itemListElement":[{"@type":"ListItem","position":1,"name":"Home","item":"https:\/\/www.erresse-shop.it\/fr\/"},{"@type":"ListItem","position":2,"name":"Shop","item":"https:\/\/www.erresse-shop.it\/fr\/shop\/"},{"@type":"ListItem","position":3,"name":"JOSEPH JOSEPH Elevate Carousel Steel Tool Set"}]},{"@type":"WebSite","@id":"https:\/\/www.erresse-shop.it\/fr\/#website","url":"https:\/\/www.erresse-shop.it\/fr\/","name":"Erresse Shop","description":"Articoli di qualit\u00e0 per la casa","potentialAction":[{"@type":"SearchAction","target":{"@type":"EntryPoint","urlTemplate":"https:\/\/www.erresse-shop.it\/fr\/?s={search_term_string}"},"query-input":"required name=search_term_string"}],"inLanguage":"fr-FR"}]}},"df_price":74.995,"df_sale_price":74.995,"df_regular_price":149.99,"df_image_link":"https:\/\/www.erresse-shop.it\/wp-content\/uploads\/2024\/07\/JOSEPH-JOSEPH-Elevate-Carousel-Set-Utensili-in-Acciaio-1-300x300.jpg","_links":{"self":[{"href":"https:\/\/www.erresse-shop.it\/fr\/wp-json\/wp\/v2\/product\/422669"}],"collection":[{"href":"https:\/\/www.erresse-shop.it\/fr\/wp-json\/wp\/v2\/product"}],"about":[{"href":"https:\/\/www.erresse-shop.it\/fr\/wp-json\/wp\/v2\/types\/product"}],"wp:featuredmedia":[{"embeddable":true,"href":"https:\/\/www.erresse-shop.it\/fr\/wp-json\/wp\/v2\/media\/516567"}],"wp:attachment":[{"href":"https:\/\/www.erresse-shop.it\/fr\/wp-json\/wp\/v2\/media?parent=422669"}],"wp:term":[{"taxonomy":"product_cat","embeddable":true,"href":"https:\/\/www.erresse-shop.it\/fr\/wp-json\/wp\/v2\/product_cat?post=422669"},{"taxonomy":"product_tag","embeddable":true,"href":"https:\/\/www.erresse-shop.it\/fr\/wp-json\/wp\/v2\/product_tag?post=422669"}],"curies":[{"name":"wp","href":"https:\/\/api.w.org\/{rel}","templated":true}]}}