{"id":422594,"date":"2024-07-18T12:54:28","date_gmt":"2024-07-18T12:54:30","guid":{"rendered":"https:\/\/www.erresse-shop.it\/?post_type=product&#038;p=422594"},"modified":"2024-10-24T13:01:50","modified_gmt":"2024-10-24T13:01:50","slug":"joseph-joseph-barstar-tire-bouchon-3-en-1-gris","status":"publish","type":"product","link":"https:\/\/www.erresse-shop.it\/fr\/shop\/table-fr-2\/vin\/joseph-joseph-barstar-tire-bouchon-3-en-1-gris\/","title":{"rendered":"JOSEPH JOSEPH BarStar Tire-bouchon 3 en 1 Gris"},"content":{"rendered":"<p>Ce gadget pratique comprend un tire-bouchon, un d\u00e9capsuleur et un coupe-feuilles amovible, le tout dans un design compact et peu encombrant.<\/p>\n<ul>\n<li>Trois outils d&#8217;ouverture de bouteille en un<\/li>\n<li>Tire-bouchon \u00e0 ouverture facile<\/li>\n<li>Coupe-papier amovible<\/li>\n<li>D\u00e9capsuleur<\/li>\n<li>Peu encombrant<\/li>\n<\/ul>\n<p><strong>Entretien et utilisation :<\/strong><\/p>\n<ul>\n<li>Nettoyer avec un chiffon humide<\/li>\n<li>Attention : pointe ac\u00e9r\u00e9e, \u00e0 manipuler avec pr\u00e9caution.<\/li>\n<\/ul>\n<p><strong>Comment utiliser le tire-bouchon :<\/strong><\/p>\n<ol>\n<li>Placez le coupe-bouchon sur le goulot de la bouteille, serrez les c\u00f4t\u00e9s et tournez pour couper.<\/li>\n<li>Retirez la vis, poussez le support vers le bas sur le goulot de la bouteille et saisissez fermement les c\u00f4t\u00e9s.<\/li>\n<li>Replacez la vis dans le support, poussez vers le bas et tournez dans le sens des aiguilles d&#8217;une montre pour ins\u00e9rer le bouchon.<\/li>\n<li>Pour retirer le bouchon du support, serrez les c\u00f4t\u00e9s et tournez dans le sens inverse des aiguilles d&#8217;une montre.<\/li>\n<\/ol>\n<p><strong>Dimensions :<\/strong><\/p>\n<p>H18.5 x L6 x P5cm (H7\u00bd x L2\u00bd x D2 pouces)<\/p>\n","protected":false},"excerpt":{"rendered":"<p>Ce gadget pratique comprend un tire-bouchon, un d\u00e9capsuleur et un coupe-feuilles amovible, le tout dans un design compact et peu<\/p>\n","protected":false},"featured_media":455739,"template":"","meta":{"_acf_changed":false,"inline_featured_image":false},"product_cat":[12782,14463,12754],"product_tag":[25026,17113,25021,13065],"acf":[],"yoast_head":"<!-- This site is optimized with the Yoast SEO Premium plugin v18.6 (Yoast SEO v19.13) - https:\/\/yoast.com\/wordpress\/plugins\/seo\/ -->\n<title>JOSEPH JOSEPH BarStar Tire-bouchon 3 en 1 Gris - Erresse Shop<\/title>\n<meta name=\"description\" content=\"Ce gadget pratique comprend un tire-bouchon, un d\u00e9capsuleur et un coupe-feuilles amovible, le tout dans un design compact et peu encombrant. Trois outils\" \/>\n<meta name=\"robots\" content=\"index, follow, max-snippet:-1, max-image-preview:large, max-video-preview:-1\" \/>\n<link rel=\"canonical\" href=\"https:\/\/www.erresse-shop.it\/fr\/shop\/table-fr-2\/vin\/joseph-joseph-barstar-tire-bouchon-3-en-1-gris\/\" \/>\n<meta property=\"og:locale\" content=\"fr_FR\" \/>\n<meta property=\"og:type\" content=\"article\" \/>\n<meta property=\"og:title\" content=\"JOSEPH JOSEPH BarStar Tire-bouchon 3 en 1 Gris\" \/>\n<meta property=\"og:description\" content=\"Ce gadget pratique comprend un tire-bouchon, un d\u00e9capsuleur et un coupe-feuilles amovible, le tout dans un design compact et peu encombrant. Trois outils\" \/>\n<meta property=\"og:url\" content=\"https:\/\/www.erresse-shop.it\/fr\/shop\/table-fr-2\/vin\/joseph-joseph-barstar-tire-bouchon-3-en-1-gris\/\" \/>\n<meta property=\"og:site_name\" content=\"Erresse Shop\" \/>\n<meta property=\"article:modified_time\" content=\"2024-10-24T13:01:50+00:00\" \/>\n<meta property=\"og:image\" content=\"https:\/\/www.erresse-shop.it\/wp-content\/uploads\/2024\/07\/JOSEPH-JOSEPH-BarStar-Cavatappi-3-in-1-Grigio.png\" \/>\n\t<meta property=\"og:image:width\" content=\"800\" \/>\n\t<meta property=\"og:image:height\" content=\"800\" \/>\n\t<meta property=\"og:image:type\" content=\"image\/png\" \/>\n<meta name=\"twitter:card\" content=\"summary_large_image\" \/>\n<script type=\"application\/ld+json\" class=\"yoast-schema-graph\">{\"@context\":\"https:\/\/schema.org\",\"@graph\":[{\"@type\":\"WebPage\",\"@id\":\"https:\/\/www.erresse-shop.it\/fr\/shop\/table-fr-2\/vin\/joseph-joseph-barstar-tire-bouchon-3-en-1-gris\/\",\"url\":\"https:\/\/www.erresse-shop.it\/fr\/shop\/table-fr-2\/vin\/joseph-joseph-barstar-tire-bouchon-3-en-1-gris\/\",\"name\":\"JOSEPH JOSEPH BarStar Tire-bouchon 3 en 1 Gris - Erresse Shop\",\"isPartOf\":{\"@id\":\"https:\/\/www.erresse-shop.it\/fr\/#website\"},\"datePublished\":\"2024-07-18T12:54:30+00:00\",\"dateModified\":\"2024-10-24T13:01:50+00:00\",\"description\":\"Ce gadget pratique comprend un tire-bouchon, un d\u00e9capsuleur et un coupe-feuilles amovible, le tout dans un design compact et peu encombrant. Trois outils\",\"breadcrumb\":{\"@id\":\"https:\/\/www.erresse-shop.it\/fr\/shop\/table-fr-2\/vin\/joseph-joseph-barstar-tire-bouchon-3-en-1-gris\/#breadcrumb\"},\"inLanguage\":\"fr-FR\",\"potentialAction\":[{\"@type\":\"ReadAction\",\"target\":[\"https:\/\/www.erresse-shop.it\/fr\/shop\/table-fr-2\/vin\/joseph-joseph-barstar-tire-bouchon-3-en-1-gris\/\"]}]},{\"@type\":\"BreadcrumbList\",\"@id\":\"https:\/\/www.erresse-shop.it\/fr\/shop\/table-fr-2\/vin\/joseph-joseph-barstar-tire-bouchon-3-en-1-gris\/#breadcrumb\",\"itemListElement\":[{\"@type\":\"ListItem\",\"position\":1,\"name\":\"Home\",\"item\":\"https:\/\/www.erresse-shop.it\/fr\/\"},{\"@type\":\"ListItem\",\"position\":2,\"name\":\"Shop\",\"item\":\"https:\/\/www.erresse-shop.it\/fr\/shop\/\"},{\"@type\":\"ListItem\",\"position\":3,\"name\":\"JOSEPH JOSEPH BarStar Tire-bouchon 3 en 1 Gris\"}]},{\"@type\":\"WebSite\",\"@id\":\"https:\/\/www.erresse-shop.it\/fr\/#website\",\"url\":\"https:\/\/www.erresse-shop.it\/fr\/\",\"name\":\"Erresse Shop\",\"description\":\"Articoli di qualit\u00e0 per la casa\",\"potentialAction\":[{\"@type\":\"SearchAction\",\"target\":{\"@type\":\"EntryPoint\",\"urlTemplate\":\"https:\/\/www.erresse-shop.it\/fr\/?s={search_term_string}\"},\"query-input\":\"required name=search_term_string\"}],\"inLanguage\":\"fr-FR\"}]}<\/script>\n<!-- \/ Yoast SEO Premium plugin. -->","yoast_head_json":{"title":"JOSEPH JOSEPH BarStar Tire-bouchon 3 en 1 Gris - Erresse Shop","description":"Ce gadget pratique comprend un tire-bouchon, un d\u00e9capsuleur et un coupe-feuilles amovible, le tout dans un design compact et peu encombrant. Trois outils","robots":{"index":"index","follow":"follow","max-snippet":"max-snippet:-1","max-image-preview":"max-image-preview:large","max-video-preview":"max-video-preview:-1"},"canonical":"https:\/\/www.erresse-shop.it\/fr\/shop\/table-fr-2\/vin\/joseph-joseph-barstar-tire-bouchon-3-en-1-gris\/","og_locale":"fr_FR","og_type":"article","og_title":"JOSEPH JOSEPH BarStar Tire-bouchon 3 en 1 Gris","og_description":"Ce gadget pratique comprend un tire-bouchon, un d\u00e9capsuleur et un coupe-feuilles amovible, le tout dans un design compact et peu encombrant. Trois outils","og_url":"https:\/\/www.erresse-shop.it\/fr\/shop\/table-fr-2\/vin\/joseph-joseph-barstar-tire-bouchon-3-en-1-gris\/","og_site_name":"Erresse Shop","article_modified_time":"2024-10-24T13:01:50+00:00","og_image":[{"width":800,"height":800,"url":"https:\/\/www.erresse-shop.it\/wp-content\/uploads\/2024\/07\/JOSEPH-JOSEPH-BarStar-Cavatappi-3-in-1-Grigio.png","type":"image\/png"}],"twitter_card":"summary_large_image","schema":{"@context":"https:\/\/schema.org","@graph":[{"@type":"WebPage","@id":"https:\/\/www.erresse-shop.it\/fr\/shop\/table-fr-2\/vin\/joseph-joseph-barstar-tire-bouchon-3-en-1-gris\/","url":"https:\/\/www.erresse-shop.it\/fr\/shop\/table-fr-2\/vin\/joseph-joseph-barstar-tire-bouchon-3-en-1-gris\/","name":"JOSEPH JOSEPH BarStar Tire-bouchon 3 en 1 Gris - Erresse Shop","isPartOf":{"@id":"https:\/\/www.erresse-shop.it\/fr\/#website"},"datePublished":"2024-07-18T12:54:30+00:00","dateModified":"2024-10-24T13:01:50+00:00","description":"Ce gadget pratique comprend un tire-bouchon, un d\u00e9capsuleur et un coupe-feuilles amovible, le tout dans un design compact et peu encombrant. Trois outils","breadcrumb":{"@id":"https:\/\/www.erresse-shop.it\/fr\/shop\/table-fr-2\/vin\/joseph-joseph-barstar-tire-bouchon-3-en-1-gris\/#breadcrumb"},"inLanguage":"fr-FR","potentialAction":[{"@type":"ReadAction","target":["https:\/\/www.erresse-shop.it\/fr\/shop\/table-fr-2\/vin\/joseph-joseph-barstar-tire-bouchon-3-en-1-gris\/"]}]},{"@type":"BreadcrumbList","@id":"https:\/\/www.erresse-shop.it\/fr\/shop\/table-fr-2\/vin\/joseph-joseph-barstar-tire-bouchon-3-en-1-gris\/#breadcrumb","itemListElement":[{"@type":"ListItem","position":1,"name":"Home","item":"https:\/\/www.erresse-shop.it\/fr\/"},{"@type":"ListItem","position":2,"name":"Shop","item":"https:\/\/www.erresse-shop.it\/fr\/shop\/"},{"@type":"ListItem","position":3,"name":"JOSEPH JOSEPH BarStar Tire-bouchon 3 en 1 Gris"}]},{"@type":"WebSite","@id":"https:\/\/www.erresse-shop.it\/fr\/#website","url":"https:\/\/www.erresse-shop.it\/fr\/","name":"Erresse Shop","description":"Articoli di qualit\u00e0 per la casa","potentialAction":[{"@type":"SearchAction","target":{"@type":"EntryPoint","urlTemplate":"https:\/\/www.erresse-shop.it\/fr\/?s={search_term_string}"},"query-input":"required name=search_term_string"}],"inLanguage":"fr-FR"}]}},"df_price":13.95,"df_sale_price":13.95,"df_regular_price":14.99,"df_image_link":"https:\/\/www.erresse-shop.it\/wp-content\/uploads\/2024\/07\/Joseph-joseph-barstar-300x300.jpg","_links":{"self":[{"href":"https:\/\/www.erresse-shop.it\/fr\/wp-json\/wp\/v2\/product\/422594"}],"collection":[{"href":"https:\/\/www.erresse-shop.it\/fr\/wp-json\/wp\/v2\/product"}],"about":[{"href":"https:\/\/www.erresse-shop.it\/fr\/wp-json\/wp\/v2\/types\/product"}],"wp:featuredmedia":[{"embeddable":true,"href":"https:\/\/www.erresse-shop.it\/fr\/wp-json\/wp\/v2\/media\/455739"}],"wp:attachment":[{"href":"https:\/\/www.erresse-shop.it\/fr\/wp-json\/wp\/v2\/media?parent=422594"}],"wp:term":[{"taxonomy":"product_cat","embeddable":true,"href":"https:\/\/www.erresse-shop.it\/fr\/wp-json\/wp\/v2\/product_cat?post=422594"},{"taxonomy":"product_tag","embeddable":true,"href":"https:\/\/www.erresse-shop.it\/fr\/wp-json\/wp\/v2\/product_tag?post=422594"}],"curies":[{"name":"wp","href":"https:\/\/api.w.org\/{rel}","templated":true}]}}