{"id":422555,"date":"2024-07-18T12:14:08","date_gmt":"2024-07-18T12:14:10","guid":{"rendered":"https:\/\/www.erresse-shop.it\/?post_type=product&#038;p=422555"},"modified":"2025-05-21T06:07:47","modified_gmt":"2025-05-21T06:07:47","slug":"joseph-joseph-rocker-broyeur-dail-vert","status":"publish","type":"product","link":"https:\/\/www.erresse-shop.it\/fr\/shop\/cuisine\/outils\/joseph-joseph-rocker-broyeur-dail-vert\/","title":{"rendered":"JOSEPH JOSEPH Rocker Broyeur d&#8217;ail vert"},"content":{"rendered":"<p>Gr\u00e2ce \u00e0 une pression vers le bas et \u00e0 un mouvement de bascule, cet outil \u00e9l\u00e9gant \u00e9crase les gousses d&#8217;ail rapidement et facilement, sans laisser d&#8217;odeur d&#8217;ail sur vos mains.<\/p>\n<ul>\n<li>\u00c9crase l&#8217;ail en poussant et en balan\u00e7ant d&#8217;avant en arri\u00e8re sur les gousses.<\/li>\n<li>L&#8217;ail \u00e9cras\u00e9 est recueilli dans un bol<\/li>\n<li>Peut \u00eatre facilement vers\u00e9 dans la casserole<\/li>\n<li>Facile \u00e0 nettoyer<\/li>\n<\/ul>\n<p><strong>Entretien et utilisation :<\/strong><\/p>\n<ul>\n<li>Lavable au lave-vaisselle<\/li>\n<li>Sans BPA<\/li>\n<\/ul>\n<p><strong>Dimensions :<\/strong><\/p>\n<p>H3 x L18.5 x P4cm (H\u00be x L7\u00bc x D1\u00bd pouces)<\/p>\n<p><strong>Cr\u00e9ateur<\/strong> : Goodwin Hartshorn<\/p>\n","protected":false},"excerpt":{"rendered":"<p>Gr\u00e2ce \u00e0 une pression vers le bas et \u00e0 un mouvement de bascule, cet outil \u00e9l\u00e9gant \u00e9crase les gousses d&#8217;ail<\/p>\n","protected":false},"featured_media":499577,"template":"","meta":{"_acf_changed":false,"inline_featured_image":false},"product_cat":[12748,25333],"product_tag":[25026,17113,25021],"acf":[],"yoast_head":"<!-- This site is optimized with the Yoast SEO Premium plugin v18.6 (Yoast SEO v19.13) - https:\/\/yoast.com\/wordpress\/plugins\/seo\/ -->\n<title>JOSEPH JOSEPH Rocker Broyeur d&#039;ail vert - Erresse Shop<\/title>\n<meta name=\"description\" content=\"Gr\u00e2ce \u00e0 une pression vers le bas et \u00e0 un mouvement de bascule, cet outil \u00e9l\u00e9gant \u00e9crase les gousses d&#039;ail rapidement et facilement, sans laisser d&#039;odeur\" \/>\n<meta name=\"robots\" content=\"index, follow, max-snippet:-1, max-image-preview:large, max-video-preview:-1\" \/>\n<link rel=\"canonical\" href=\"https:\/\/www.erresse-shop.it\/fr\/shop\/cuisine\/outils\/joseph-joseph-rocker-broyeur-dail-vert\/\" \/>\n<meta property=\"og:locale\" content=\"fr_FR\" \/>\n<meta property=\"og:type\" content=\"article\" \/>\n<meta property=\"og:title\" content=\"JOSEPH JOSEPH Rocker Broyeur d&#039;ail vert\" \/>\n<meta property=\"og:description\" content=\"Gr\u00e2ce \u00e0 une pression vers le bas et \u00e0 un mouvement de bascule, cet outil \u00e9l\u00e9gant \u00e9crase les gousses d&#039;ail rapidement et facilement, sans laisser d&#039;odeur\" \/>\n<meta property=\"og:url\" content=\"https:\/\/www.erresse-shop.it\/fr\/shop\/cuisine\/outils\/joseph-joseph-rocker-broyeur-dail-vert\/\" \/>\n<meta property=\"og:site_name\" content=\"Erresse Shop\" \/>\n<meta property=\"article:modified_time\" content=\"2025-05-21T06:07:47+00:00\" \/>\n<meta property=\"og:image\" content=\"https:\/\/www.erresse-shop.it\/wp-content\/uploads\/2024\/07\/JOSEPH-JOSEPH-Schiaccia-Aglio-Verde.jpg\" \/>\n\t<meta property=\"og:image:width\" content=\"1200\" \/>\n\t<meta property=\"og:image:height\" content=\"1200\" \/>\n\t<meta property=\"og:image:type\" content=\"image\/jpeg\" \/>\n<meta name=\"twitter:card\" content=\"summary_large_image\" \/>\n<script type=\"application\/ld+json\" class=\"yoast-schema-graph\">{\"@context\":\"https:\/\/schema.org\",\"@graph\":[{\"@type\":\"WebPage\",\"@id\":\"https:\/\/www.erresse-shop.it\/fr\/shop\/cuisine\/outils\/joseph-joseph-rocker-broyeur-dail-vert\/\",\"url\":\"https:\/\/www.erresse-shop.it\/fr\/shop\/cuisine\/outils\/joseph-joseph-rocker-broyeur-dail-vert\/\",\"name\":\"JOSEPH JOSEPH Rocker Broyeur d'ail vert - Erresse Shop\",\"isPartOf\":{\"@id\":\"https:\/\/www.erresse-shop.it\/fr\/#website\"},\"datePublished\":\"2024-07-18T12:14:10+00:00\",\"dateModified\":\"2025-05-21T06:07:47+00:00\",\"description\":\"Gr\u00e2ce \u00e0 une pression vers le bas et \u00e0 un mouvement de bascule, cet outil \u00e9l\u00e9gant \u00e9crase les gousses d'ail rapidement et facilement, sans laisser d'odeur\",\"breadcrumb\":{\"@id\":\"https:\/\/www.erresse-shop.it\/fr\/shop\/cuisine\/outils\/joseph-joseph-rocker-broyeur-dail-vert\/#breadcrumb\"},\"inLanguage\":\"fr-FR\",\"potentialAction\":[{\"@type\":\"ReadAction\",\"target\":[\"https:\/\/www.erresse-shop.it\/fr\/shop\/cuisine\/outils\/joseph-joseph-rocker-broyeur-dail-vert\/\"]}]},{\"@type\":\"BreadcrumbList\",\"@id\":\"https:\/\/www.erresse-shop.it\/fr\/shop\/cuisine\/outils\/joseph-joseph-rocker-broyeur-dail-vert\/#breadcrumb\",\"itemListElement\":[{\"@type\":\"ListItem\",\"position\":1,\"name\":\"Home\",\"item\":\"https:\/\/www.erresse-shop.it\/fr\/\"},{\"@type\":\"ListItem\",\"position\":2,\"name\":\"Shop\",\"item\":\"https:\/\/www.erresse-shop.it\/fr\/shop\/\"},{\"@type\":\"ListItem\",\"position\":3,\"name\":\"JOSEPH JOSEPH Rocker Broyeur d&#8217;ail vert\"}]},{\"@type\":\"WebSite\",\"@id\":\"https:\/\/www.erresse-shop.it\/fr\/#website\",\"url\":\"https:\/\/www.erresse-shop.it\/fr\/\",\"name\":\"Erresse Shop\",\"description\":\"Articoli di qualit\u00e0 per la casa\",\"potentialAction\":[{\"@type\":\"SearchAction\",\"target\":{\"@type\":\"EntryPoint\",\"urlTemplate\":\"https:\/\/www.erresse-shop.it\/fr\/?s={search_term_string}\"},\"query-input\":\"required name=search_term_string\"}],\"inLanguage\":\"fr-FR\"}]}<\/script>\n<!-- \/ Yoast SEO Premium plugin. -->","yoast_head_json":{"title":"JOSEPH JOSEPH Rocker Broyeur d'ail vert - Erresse Shop","description":"Gr\u00e2ce \u00e0 une pression vers le bas et \u00e0 un mouvement de bascule, cet outil \u00e9l\u00e9gant \u00e9crase les gousses d'ail rapidement et facilement, sans laisser d'odeur","robots":{"index":"index","follow":"follow","max-snippet":"max-snippet:-1","max-image-preview":"max-image-preview:large","max-video-preview":"max-video-preview:-1"},"canonical":"https:\/\/www.erresse-shop.it\/fr\/shop\/cuisine\/outils\/joseph-joseph-rocker-broyeur-dail-vert\/","og_locale":"fr_FR","og_type":"article","og_title":"JOSEPH JOSEPH Rocker Broyeur d'ail vert","og_description":"Gr\u00e2ce \u00e0 une pression vers le bas et \u00e0 un mouvement de bascule, cet outil \u00e9l\u00e9gant \u00e9crase les gousses d'ail rapidement et facilement, sans laisser d'odeur","og_url":"https:\/\/www.erresse-shop.it\/fr\/shop\/cuisine\/outils\/joseph-joseph-rocker-broyeur-dail-vert\/","og_site_name":"Erresse Shop","article_modified_time":"2025-05-21T06:07:47+00:00","og_image":[{"width":1200,"height":1200,"url":"https:\/\/www.erresse-shop.it\/wp-content\/uploads\/2024\/07\/JOSEPH-JOSEPH-Schiaccia-Aglio-Verde.jpg","type":"image\/jpeg"}],"twitter_card":"summary_large_image","schema":{"@context":"https:\/\/schema.org","@graph":[{"@type":"WebPage","@id":"https:\/\/www.erresse-shop.it\/fr\/shop\/cuisine\/outils\/joseph-joseph-rocker-broyeur-dail-vert\/","url":"https:\/\/www.erresse-shop.it\/fr\/shop\/cuisine\/outils\/joseph-joseph-rocker-broyeur-dail-vert\/","name":"JOSEPH JOSEPH Rocker Broyeur d'ail vert - Erresse Shop","isPartOf":{"@id":"https:\/\/www.erresse-shop.it\/fr\/#website"},"datePublished":"2024-07-18T12:14:10+00:00","dateModified":"2025-05-21T06:07:47+00:00","description":"Gr\u00e2ce \u00e0 une pression vers le bas et \u00e0 un mouvement de bascule, cet outil \u00e9l\u00e9gant \u00e9crase les gousses d'ail rapidement et facilement, sans laisser d'odeur","breadcrumb":{"@id":"https:\/\/www.erresse-shop.it\/fr\/shop\/cuisine\/outils\/joseph-joseph-rocker-broyeur-dail-vert\/#breadcrumb"},"inLanguage":"fr-FR","potentialAction":[{"@type":"ReadAction","target":["https:\/\/www.erresse-shop.it\/fr\/shop\/cuisine\/outils\/joseph-joseph-rocker-broyeur-dail-vert\/"]}]},{"@type":"BreadcrumbList","@id":"https:\/\/www.erresse-shop.it\/fr\/shop\/cuisine\/outils\/joseph-joseph-rocker-broyeur-dail-vert\/#breadcrumb","itemListElement":[{"@type":"ListItem","position":1,"name":"Home","item":"https:\/\/www.erresse-shop.it\/fr\/"},{"@type":"ListItem","position":2,"name":"Shop","item":"https:\/\/www.erresse-shop.it\/fr\/shop\/"},{"@type":"ListItem","position":3,"name":"JOSEPH JOSEPH Rocker Broyeur d&#8217;ail vert"}]},{"@type":"WebSite","@id":"https:\/\/www.erresse-shop.it\/fr\/#website","url":"https:\/\/www.erresse-shop.it\/fr\/","name":"Erresse Shop","description":"Articoli di qualit\u00e0 per la casa","potentialAction":[{"@type":"SearchAction","target":{"@type":"EntryPoint","urlTemplate":"https:\/\/www.erresse-shop.it\/fr\/?s={search_term_string}"},"query-input":"required name=search_term_string"}],"inLanguage":"fr-FR"}]}},"df_price":7.495,"df_sale_price":7.495,"df_regular_price":14.99,"df_image_link":"https:\/\/www.erresse-shop.it\/wp-content\/uploads\/2024\/07\/JOSEPH-JOSEPH-Schiaccia-Aglio-Verde-300x300.jpg","_links":{"self":[{"href":"https:\/\/www.erresse-shop.it\/fr\/wp-json\/wp\/v2\/product\/422555"}],"collection":[{"href":"https:\/\/www.erresse-shop.it\/fr\/wp-json\/wp\/v2\/product"}],"about":[{"href":"https:\/\/www.erresse-shop.it\/fr\/wp-json\/wp\/v2\/types\/product"}],"wp:featuredmedia":[{"embeddable":true,"href":"https:\/\/www.erresse-shop.it\/fr\/wp-json\/wp\/v2\/media\/499577"}],"wp:attachment":[{"href":"https:\/\/www.erresse-shop.it\/fr\/wp-json\/wp\/v2\/media?parent=422555"}],"wp:term":[{"taxonomy":"product_cat","embeddable":true,"href":"https:\/\/www.erresse-shop.it\/fr\/wp-json\/wp\/v2\/product_cat?post=422555"},{"taxonomy":"product_tag","embeddable":true,"href":"https:\/\/www.erresse-shop.it\/fr\/wp-json\/wp\/v2\/product_tag?post=422555"}],"curies":[{"name":"wp","href":"https:\/\/api.w.org\/{rel}","templated":true}]}}