{"id":422480,"date":"2024-07-18T10:20:52","date_gmt":"2024-07-18T10:20:54","guid":{"rendered":"https:\/\/www.erresse-shop.it\/?post_type=product&#038;p=422480"},"modified":"2024-10-24T13:23:23","modified_gmt":"2024-10-24T13:23:23","slug":"joseph-joseph-helix-presse-puree-blanc-copia","status":"publish","type":"product","link":"https:\/\/www.erresse-shop.it\/fr\/shop\/cuisine\/outils\/joseph-joseph-helix-presse-puree-blanc-copia\/","title":{"rendered":"JOSEPH JOSEPH Helix Presse-ail vert"},"content":{"rendered":"<p>Avec ce presse-ail facile \u00e0 utiliser, son m\u00e9canisme de rotation unique vous permet d&#8217;\u00e9craser l&#8217;ail avec plus de puissance et moins d&#8217;effort.<\/p>\n<ul>\n<li>M\u00e9canisme de rotation unique facilitant l&#8217;\u00e9crasement<\/li>\n<li>Ecrase plusieurs gousses d&#8217;ail en m\u00eame temps<\/li>\n<li>Construction durable en acier inoxydable et en nylon<\/li>\n<li>Conception en deux parties facile \u00e0 nettoyer<\/li>\n<\/ul>\n<p><strong>Entretien et utilisation :<\/strong><\/p>\n<ul>\n<li>Lavable au lave-vaisselle<\/li>\n<li>Sans BPA<\/li>\n<\/ul>\n<p><strong>Dimensions :<\/strong><\/p>\n<p>H17,6 x L4,6 x P5,8 cm (H7 x L2 x D2\u00bc pouces)<\/p>\n","protected":false},"excerpt":{"rendered":"<p>Avec ce presse-ail facile \u00e0 utiliser, son m\u00e9canisme de rotation unique vous permet d&#8217;\u00e9craser l&#8217;ail avec plus de puissance et<\/p>\n","protected":false},"featured_media":491184,"template":"","meta":{"_acf_changed":false,"inline_featured_image":false},"product_cat":[12748,25333],"product_tag":[25026,17113,25021],"acf":[],"yoast_head":"<!-- This site is optimized with the Yoast SEO Premium plugin v18.6 (Yoast SEO v19.13) - https:\/\/yoast.com\/wordpress\/plugins\/seo\/ -->\n<title>JOSEPH JOSEPH Helix Presse-ail vert - Erresse Shop<\/title>\n<meta name=\"description\" content=\"Avec ce presse-ail facile \u00e0 utiliser, son m\u00e9canisme de rotation unique vous permet d&#039;\u00e9craser l&#039;ail avec plus de puissance et moins d&#039;effort. M\u00e9canisme de\" \/>\n<meta name=\"robots\" content=\"index, follow, max-snippet:-1, max-image-preview:large, max-video-preview:-1\" \/>\n<link rel=\"canonical\" href=\"https:\/\/www.erresse-shop.it\/fr\/shop\/cuisine\/outils\/joseph-joseph-helix-presse-puree-blanc-copia\/\" \/>\n<meta property=\"og:locale\" content=\"fr_FR\" \/>\n<meta property=\"og:type\" content=\"article\" \/>\n<meta property=\"og:title\" content=\"JOSEPH JOSEPH Helix Presse-ail vert\" \/>\n<meta property=\"og:description\" content=\"Avec ce presse-ail facile \u00e0 utiliser, son m\u00e9canisme de rotation unique vous permet d&#039;\u00e9craser l&#039;ail avec plus de puissance et moins d&#039;effort. M\u00e9canisme de\" \/>\n<meta property=\"og:url\" content=\"https:\/\/www.erresse-shop.it\/fr\/shop\/cuisine\/outils\/joseph-joseph-helix-presse-puree-blanc-copia\/\" \/>\n<meta property=\"og:site_name\" content=\"Erresse Shop\" \/>\n<meta property=\"article:modified_time\" content=\"2024-10-24T13:23:23+00:00\" \/>\n<meta property=\"og:image\" content=\"https:\/\/www.erresse-shop.it\/wp-content\/uploads\/2024\/07\/JOSEPH-JOSEPH-Helix-Pressa-per-Aglio-Verde.png\" \/>\n\t<meta property=\"og:image:width\" content=\"800\" \/>\n\t<meta property=\"og:image:height\" content=\"800\" \/>\n\t<meta property=\"og:image:type\" content=\"image\/png\" \/>\n<meta name=\"twitter:card\" content=\"summary_large_image\" \/>\n<script type=\"application\/ld+json\" class=\"yoast-schema-graph\">{\"@context\":\"https:\/\/schema.org\",\"@graph\":[{\"@type\":\"WebPage\",\"@id\":\"https:\/\/www.erresse-shop.it\/fr\/shop\/cuisine\/outils\/joseph-joseph-helix-presse-puree-blanc-copia\/\",\"url\":\"https:\/\/www.erresse-shop.it\/fr\/shop\/cuisine\/outils\/joseph-joseph-helix-presse-puree-blanc-copia\/\",\"name\":\"JOSEPH JOSEPH Helix Presse-ail vert - Erresse Shop\",\"isPartOf\":{\"@id\":\"https:\/\/www.erresse-shop.it\/fr\/#website\"},\"datePublished\":\"2024-07-18T10:20:54+00:00\",\"dateModified\":\"2024-10-24T13:23:23+00:00\",\"description\":\"Avec ce presse-ail facile \u00e0 utiliser, son m\u00e9canisme de rotation unique vous permet d'\u00e9craser l'ail avec plus de puissance et moins d'effort. M\u00e9canisme de\",\"breadcrumb\":{\"@id\":\"https:\/\/www.erresse-shop.it\/fr\/shop\/cuisine\/outils\/joseph-joseph-helix-presse-puree-blanc-copia\/#breadcrumb\"},\"inLanguage\":\"fr-FR\",\"potentialAction\":[{\"@type\":\"ReadAction\",\"target\":[\"https:\/\/www.erresse-shop.it\/fr\/shop\/cuisine\/outils\/joseph-joseph-helix-presse-puree-blanc-copia\/\"]}]},{\"@type\":\"BreadcrumbList\",\"@id\":\"https:\/\/www.erresse-shop.it\/fr\/shop\/cuisine\/outils\/joseph-joseph-helix-presse-puree-blanc-copia\/#breadcrumb\",\"itemListElement\":[{\"@type\":\"ListItem\",\"position\":1,\"name\":\"Home\",\"item\":\"https:\/\/www.erresse-shop.it\/fr\/\"},{\"@type\":\"ListItem\",\"position\":2,\"name\":\"Shop\",\"item\":\"https:\/\/www.erresse-shop.it\/fr\/shop\/\"},{\"@type\":\"ListItem\",\"position\":3,\"name\":\"JOSEPH JOSEPH Helix Presse-ail vert\"}]},{\"@type\":\"WebSite\",\"@id\":\"https:\/\/www.erresse-shop.it\/fr\/#website\",\"url\":\"https:\/\/www.erresse-shop.it\/fr\/\",\"name\":\"Erresse Shop\",\"description\":\"Articoli di qualit\u00e0 per la casa\",\"potentialAction\":[{\"@type\":\"SearchAction\",\"target\":{\"@type\":\"EntryPoint\",\"urlTemplate\":\"https:\/\/www.erresse-shop.it\/fr\/?s={search_term_string}\"},\"query-input\":\"required name=search_term_string\"}],\"inLanguage\":\"fr-FR\"}]}<\/script>\n<!-- \/ Yoast SEO Premium plugin. -->","yoast_head_json":{"title":"JOSEPH JOSEPH Helix Presse-ail vert - Erresse Shop","description":"Avec ce presse-ail facile \u00e0 utiliser, son m\u00e9canisme de rotation unique vous permet d'\u00e9craser l'ail avec plus de puissance et moins d'effort. M\u00e9canisme de","robots":{"index":"index","follow":"follow","max-snippet":"max-snippet:-1","max-image-preview":"max-image-preview:large","max-video-preview":"max-video-preview:-1"},"canonical":"https:\/\/www.erresse-shop.it\/fr\/shop\/cuisine\/outils\/joseph-joseph-helix-presse-puree-blanc-copia\/","og_locale":"fr_FR","og_type":"article","og_title":"JOSEPH JOSEPH Helix Presse-ail vert","og_description":"Avec ce presse-ail facile \u00e0 utiliser, son m\u00e9canisme de rotation unique vous permet d'\u00e9craser l'ail avec plus de puissance et moins d'effort. M\u00e9canisme de","og_url":"https:\/\/www.erresse-shop.it\/fr\/shop\/cuisine\/outils\/joseph-joseph-helix-presse-puree-blanc-copia\/","og_site_name":"Erresse Shop","article_modified_time":"2024-10-24T13:23:23+00:00","og_image":[{"width":800,"height":800,"url":"https:\/\/www.erresse-shop.it\/wp-content\/uploads\/2024\/07\/JOSEPH-JOSEPH-Helix-Pressa-per-Aglio-Verde.png","type":"image\/png"}],"twitter_card":"summary_large_image","schema":{"@context":"https:\/\/schema.org","@graph":[{"@type":"WebPage","@id":"https:\/\/www.erresse-shop.it\/fr\/shop\/cuisine\/outils\/joseph-joseph-helix-presse-puree-blanc-copia\/","url":"https:\/\/www.erresse-shop.it\/fr\/shop\/cuisine\/outils\/joseph-joseph-helix-presse-puree-blanc-copia\/","name":"JOSEPH JOSEPH Helix Presse-ail vert - Erresse Shop","isPartOf":{"@id":"https:\/\/www.erresse-shop.it\/fr\/#website"},"datePublished":"2024-07-18T10:20:54+00:00","dateModified":"2024-10-24T13:23:23+00:00","description":"Avec ce presse-ail facile \u00e0 utiliser, son m\u00e9canisme de rotation unique vous permet d'\u00e9craser l'ail avec plus de puissance et moins d'effort. M\u00e9canisme de","breadcrumb":{"@id":"https:\/\/www.erresse-shop.it\/fr\/shop\/cuisine\/outils\/joseph-joseph-helix-presse-puree-blanc-copia\/#breadcrumb"},"inLanguage":"fr-FR","potentialAction":[{"@type":"ReadAction","target":["https:\/\/www.erresse-shop.it\/fr\/shop\/cuisine\/outils\/joseph-joseph-helix-presse-puree-blanc-copia\/"]}]},{"@type":"BreadcrumbList","@id":"https:\/\/www.erresse-shop.it\/fr\/shop\/cuisine\/outils\/joseph-joseph-helix-presse-puree-blanc-copia\/#breadcrumb","itemListElement":[{"@type":"ListItem","position":1,"name":"Home","item":"https:\/\/www.erresse-shop.it\/fr\/"},{"@type":"ListItem","position":2,"name":"Shop","item":"https:\/\/www.erresse-shop.it\/fr\/shop\/"},{"@type":"ListItem","position":3,"name":"JOSEPH JOSEPH Helix Presse-ail vert"}]},{"@type":"WebSite","@id":"https:\/\/www.erresse-shop.it\/fr\/#website","url":"https:\/\/www.erresse-shop.it\/fr\/","name":"Erresse Shop","description":"Articoli di qualit\u00e0 per la casa","potentialAction":[{"@type":"SearchAction","target":{"@type":"EntryPoint","urlTemplate":"https:\/\/www.erresse-shop.it\/fr\/?s={search_term_string}"},"query-input":"required name=search_term_string"}],"inLanguage":"fr-FR"}]}},"df_price":8.995,"df_sale_price":8.995,"df_regular_price":17.99,"df_image_link":"https:\/\/www.erresse-shop.it\/wp-content\/uploads\/2024\/07\/JOSEPH-JOSEPH-Helix-Pressa-per-Aglio-Verde-300x300.jpg","_links":{"self":[{"href":"https:\/\/www.erresse-shop.it\/fr\/wp-json\/wp\/v2\/product\/422480"}],"collection":[{"href":"https:\/\/www.erresse-shop.it\/fr\/wp-json\/wp\/v2\/product"}],"about":[{"href":"https:\/\/www.erresse-shop.it\/fr\/wp-json\/wp\/v2\/types\/product"}],"wp:featuredmedia":[{"embeddable":true,"href":"https:\/\/www.erresse-shop.it\/fr\/wp-json\/wp\/v2\/media\/491184"}],"wp:attachment":[{"href":"https:\/\/www.erresse-shop.it\/fr\/wp-json\/wp\/v2\/media?parent=422480"}],"wp:term":[{"taxonomy":"product_cat","embeddable":true,"href":"https:\/\/www.erresse-shop.it\/fr\/wp-json\/wp\/v2\/product_cat?post=422480"},{"taxonomy":"product_tag","embeddable":true,"href":"https:\/\/www.erresse-shop.it\/fr\/wp-json\/wp\/v2\/product_tag?post=422480"}],"curies":[{"name":"wp","href":"https:\/\/api.w.org\/{rel}","templated":true}]}}