{"id":422405,"date":"2024-07-18T09:10:22","date_gmt":"2024-07-18T09:10:26","guid":{"rendered":"https:\/\/www.erresse-shop.it\/?post_type=product&#038;p=422405"},"modified":"2026-03-13T10:50:08","modified_gmt":"2026-03-13T10:50:08","slug":"joseph-elevate-fusion-set-3-ustensiles-de-cuisine-en-acier-inoxydable-copia","status":"publish","type":"product","link":"https:\/\/www.erresse-shop.it\/fr\/shop\/cuisine\/accessoires-fr\/joseph-elevate-fusion-set-3-ustensiles-de-cuisine-en-acier-inoxydable-copia\/","title":{"rendered":"JOSEPH JOSEPH Multi-Prep Salad Prep Set 4 Pieces Multicolour"},"content":{"rendered":"<p>Multi-Prep\u2122 r\u00e9unit tout ce dont vous avez besoin pour cr\u00e9er de d\u00e9licieuses salades dans un design intelligent. Il comprend quatre disques interchangeables pour diff\u00e9rentes t\u00e2ches de pr\u00e9paration de salades, notamment l&#8217;essorage, la spiralisation, le r\u00e2page et le tranchage. Une fois la pr\u00e9paration termin\u00e9e, tout s&#8217;empile proprement dans le bol pour un rangement compact.<\/p>\n<ul>\n<li>Comprend quatre disques interchangeables pour diff\u00e9rentes t\u00e2ches : essoreuse \u00e0 salade, spiraliseur, \u00e9minceur et r\u00e2pe.<\/li>\n<li>Il suffit d&#8217;ins\u00e9rer le disque souhait\u00e9 dans le couvercle<\/li>\n<li>Comprend un prot\u00e8ge-doigts pour trancher et couper en spirale en toute s\u00e9curit\u00e9.<\/li>\n<li>Base antid\u00e9rapante<\/li>\n<li>Les accessoires s&#8217;empilent dans le bol principal pour un rangement compact.<\/li>\n<\/ul>\n<p><strong>Entretien et utilisation :<\/strong><\/p>\n<ul>\n<li>Lavage \u00e0 la main uniquement<\/li>\n<li>Attention : lames tranchantes &#8211; \u00e0 manipuler avec pr\u00e9caution<\/li>\n<li>Ne pas approcher les doigts des lames pendant l&#8217;utilisation et le nettoyage<\/li>\n<li>Tenir hors de port\u00e9e des enfants<\/li>\n<li>Pour la pr\u00e9paration des aliments uniquement &#8211; ne convient pas au stockage des aliments<\/li>\n<li>Ne convient pas \u00e0 la cuisson au micro-ondes<\/li>\n<li>Sans BPA<\/li>\n<\/ul>\n<p><strong>Dimensions :\u00a0<\/strong><\/p>\n<p>H15.5 x L24 x P24 cm (H6\u00bc x L9\u00bd x D9\u00bd pouces)<\/p>\n","protected":false},"excerpt":{"rendered":"<p>Multi-Prep\u2122 r\u00e9unit tout ce dont vous avez besoin pour cr\u00e9er de d\u00e9licieuses salades dans un design intelligent. Il comprend quatre<\/p>\n","protected":false},"featured_media":499705,"template":"","meta":{"_acf_changed":false,"inline_featured_image":false},"product_cat":[12749,12748],"product_tag":[25026,21837,21262,25021,14257],"acf":[],"yoast_head":"<!-- This site is optimized with the Yoast SEO Premium plugin v18.6 (Yoast SEO v19.13) - https:\/\/yoast.com\/wordpress\/plugins\/seo\/ -->\n<title>JOSEPH JOSEPH Multi-Prep Salad Prep Set 4 Pieces Multicolour - Erresse Shop<\/title>\n<meta name=\"description\" content=\"Multi-Prep\u2122 r\u00e9unit tout ce dont vous avez besoin pour cr\u00e9er de d\u00e9licieuses salades dans un design intelligent. Il comprend quatre disques interchangeables\" \/>\n<meta name=\"robots\" content=\"index, follow, max-snippet:-1, max-image-preview:large, max-video-preview:-1\" \/>\n<link rel=\"canonical\" href=\"https:\/\/www.erresse-shop.it\/fr\/shop\/cuisine\/accessoires-fr\/joseph-elevate-fusion-set-3-ustensiles-de-cuisine-en-acier-inoxydable-copia\/\" \/>\n<meta property=\"og:locale\" content=\"fr_FR\" \/>\n<meta property=\"og:type\" content=\"article\" \/>\n<meta property=\"og:title\" content=\"JOSEPH JOSEPH Multi-Prep Salad Prep Set 4 Pieces Multicolour\" \/>\n<meta property=\"og:description\" content=\"Multi-Prep\u2122 r\u00e9unit tout ce dont vous avez besoin pour cr\u00e9er de d\u00e9licieuses salades dans un design intelligent. Il comprend quatre disques interchangeables\" \/>\n<meta property=\"og:url\" content=\"https:\/\/www.erresse-shop.it\/fr\/shop\/cuisine\/accessoires-fr\/joseph-elevate-fusion-set-3-ustensiles-de-cuisine-en-acier-inoxydable-copia\/\" \/>\n<meta property=\"og:site_name\" content=\"Erresse Shop\" \/>\n<meta property=\"article:modified_time\" content=\"2026-03-13T10:50:08+00:00\" \/>\n<meta property=\"og:image\" content=\"https:\/\/www.erresse-shop.it\/wp-content\/uploads\/2024\/07\/JOSEPH-JOSEPH-Set-4-Pezzi-Preparazione-Insalata-Multicolore.jpg\" \/>\n\t<meta property=\"og:image:width\" content=\"1200\" \/>\n\t<meta property=\"og:image:height\" content=\"1200\" \/>\n\t<meta property=\"og:image:type\" content=\"image\/jpeg\" \/>\n<meta name=\"twitter:card\" content=\"summary_large_image\" \/>\n<script type=\"application\/ld+json\" class=\"yoast-schema-graph\">{\"@context\":\"https:\/\/schema.org\",\"@graph\":[{\"@type\":\"WebPage\",\"@id\":\"https:\/\/www.erresse-shop.it\/fr\/shop\/cuisine\/accessoires-fr\/joseph-elevate-fusion-set-3-ustensiles-de-cuisine-en-acier-inoxydable-copia\/\",\"url\":\"https:\/\/www.erresse-shop.it\/fr\/shop\/cuisine\/accessoires-fr\/joseph-elevate-fusion-set-3-ustensiles-de-cuisine-en-acier-inoxydable-copia\/\",\"name\":\"JOSEPH JOSEPH Multi-Prep Salad Prep Set 4 Pieces Multicolour - Erresse Shop\",\"isPartOf\":{\"@id\":\"https:\/\/www.erresse-shop.it\/fr\/#website\"},\"datePublished\":\"2024-07-18T09:10:26+00:00\",\"dateModified\":\"2026-03-13T10:50:08+00:00\",\"description\":\"Multi-Prep\u2122 r\u00e9unit tout ce dont vous avez besoin pour cr\u00e9er de d\u00e9licieuses salades dans un design intelligent. Il comprend quatre disques interchangeables\",\"breadcrumb\":{\"@id\":\"https:\/\/www.erresse-shop.it\/fr\/shop\/cuisine\/accessoires-fr\/joseph-elevate-fusion-set-3-ustensiles-de-cuisine-en-acier-inoxydable-copia\/#breadcrumb\"},\"inLanguage\":\"fr-FR\",\"potentialAction\":[{\"@type\":\"ReadAction\",\"target\":[\"https:\/\/www.erresse-shop.it\/fr\/shop\/cuisine\/accessoires-fr\/joseph-elevate-fusion-set-3-ustensiles-de-cuisine-en-acier-inoxydable-copia\/\"]}]},{\"@type\":\"BreadcrumbList\",\"@id\":\"https:\/\/www.erresse-shop.it\/fr\/shop\/cuisine\/accessoires-fr\/joseph-elevate-fusion-set-3-ustensiles-de-cuisine-en-acier-inoxydable-copia\/#breadcrumb\",\"itemListElement\":[{\"@type\":\"ListItem\",\"position\":1,\"name\":\"Home\",\"item\":\"https:\/\/www.erresse-shop.it\/fr\/\"},{\"@type\":\"ListItem\",\"position\":2,\"name\":\"Shop\",\"item\":\"https:\/\/www.erresse-shop.it\/fr\/shop\/\"},{\"@type\":\"ListItem\",\"position\":3,\"name\":\"JOSEPH JOSEPH Multi-Prep Salad Prep Set 4 Pieces Multicolour\"}]},{\"@type\":\"WebSite\",\"@id\":\"https:\/\/www.erresse-shop.it\/fr\/#website\",\"url\":\"https:\/\/www.erresse-shop.it\/fr\/\",\"name\":\"Erresse Shop\",\"description\":\"Articoli di qualit\u00e0 per la casa\",\"potentialAction\":[{\"@type\":\"SearchAction\",\"target\":{\"@type\":\"EntryPoint\",\"urlTemplate\":\"https:\/\/www.erresse-shop.it\/fr\/?s={search_term_string}\"},\"query-input\":\"required name=search_term_string\"}],\"inLanguage\":\"fr-FR\"}]}<\/script>\n<!-- \/ Yoast SEO Premium plugin. -->","yoast_head_json":{"title":"JOSEPH JOSEPH Multi-Prep Salad Prep Set 4 Pieces Multicolour - Erresse Shop","description":"Multi-Prep\u2122 r\u00e9unit tout ce dont vous avez besoin pour cr\u00e9er de d\u00e9licieuses salades dans un design intelligent. Il comprend quatre disques interchangeables","robots":{"index":"index","follow":"follow","max-snippet":"max-snippet:-1","max-image-preview":"max-image-preview:large","max-video-preview":"max-video-preview:-1"},"canonical":"https:\/\/www.erresse-shop.it\/fr\/shop\/cuisine\/accessoires-fr\/joseph-elevate-fusion-set-3-ustensiles-de-cuisine-en-acier-inoxydable-copia\/","og_locale":"fr_FR","og_type":"article","og_title":"JOSEPH JOSEPH Multi-Prep Salad Prep Set 4 Pieces Multicolour","og_description":"Multi-Prep\u2122 r\u00e9unit tout ce dont vous avez besoin pour cr\u00e9er de d\u00e9licieuses salades dans un design intelligent. Il comprend quatre disques interchangeables","og_url":"https:\/\/www.erresse-shop.it\/fr\/shop\/cuisine\/accessoires-fr\/joseph-elevate-fusion-set-3-ustensiles-de-cuisine-en-acier-inoxydable-copia\/","og_site_name":"Erresse Shop","article_modified_time":"2026-03-13T10:50:08+00:00","og_image":[{"width":1200,"height":1200,"url":"https:\/\/www.erresse-shop.it\/wp-content\/uploads\/2024\/07\/JOSEPH-JOSEPH-Set-4-Pezzi-Preparazione-Insalata-Multicolore.jpg","type":"image\/jpeg"}],"twitter_card":"summary_large_image","schema":{"@context":"https:\/\/schema.org","@graph":[{"@type":"WebPage","@id":"https:\/\/www.erresse-shop.it\/fr\/shop\/cuisine\/accessoires-fr\/joseph-elevate-fusion-set-3-ustensiles-de-cuisine-en-acier-inoxydable-copia\/","url":"https:\/\/www.erresse-shop.it\/fr\/shop\/cuisine\/accessoires-fr\/joseph-elevate-fusion-set-3-ustensiles-de-cuisine-en-acier-inoxydable-copia\/","name":"JOSEPH JOSEPH Multi-Prep Salad Prep Set 4 Pieces Multicolour - Erresse Shop","isPartOf":{"@id":"https:\/\/www.erresse-shop.it\/fr\/#website"},"datePublished":"2024-07-18T09:10:26+00:00","dateModified":"2026-03-13T10:50:08+00:00","description":"Multi-Prep\u2122 r\u00e9unit tout ce dont vous avez besoin pour cr\u00e9er de d\u00e9licieuses salades dans un design intelligent. Il comprend quatre disques interchangeables","breadcrumb":{"@id":"https:\/\/www.erresse-shop.it\/fr\/shop\/cuisine\/accessoires-fr\/joseph-elevate-fusion-set-3-ustensiles-de-cuisine-en-acier-inoxydable-copia\/#breadcrumb"},"inLanguage":"fr-FR","potentialAction":[{"@type":"ReadAction","target":["https:\/\/www.erresse-shop.it\/fr\/shop\/cuisine\/accessoires-fr\/joseph-elevate-fusion-set-3-ustensiles-de-cuisine-en-acier-inoxydable-copia\/"]}]},{"@type":"BreadcrumbList","@id":"https:\/\/www.erresse-shop.it\/fr\/shop\/cuisine\/accessoires-fr\/joseph-elevate-fusion-set-3-ustensiles-de-cuisine-en-acier-inoxydable-copia\/#breadcrumb","itemListElement":[{"@type":"ListItem","position":1,"name":"Home","item":"https:\/\/www.erresse-shop.it\/fr\/"},{"@type":"ListItem","position":2,"name":"Shop","item":"https:\/\/www.erresse-shop.it\/fr\/shop\/"},{"@type":"ListItem","position":3,"name":"JOSEPH JOSEPH Multi-Prep Salad Prep Set 4 Pieces Multicolour"}]},{"@type":"WebSite","@id":"https:\/\/www.erresse-shop.it\/fr\/#website","url":"https:\/\/www.erresse-shop.it\/fr\/","name":"Erresse Shop","description":"Articoli di qualit\u00e0 per la casa","potentialAction":[{"@type":"SearchAction","target":{"@type":"EntryPoint","urlTemplate":"https:\/\/www.erresse-shop.it\/fr\/?s={search_term_string}"},"query-input":"required name=search_term_string"}],"inLanguage":"fr-FR"}]}},"df_price":39,"df_sale_price":39,"df_regular_price":59.99,"df_image_link":"https:\/\/www.erresse-shop.it\/wp-content\/uploads\/2024\/07\/JOSEPH-JOSEPH-Set-4-Pezzi-Preparazione-Insalata-Multicolore-300x300.jpg","_links":{"self":[{"href":"https:\/\/www.erresse-shop.it\/fr\/wp-json\/wp\/v2\/product\/422405"}],"collection":[{"href":"https:\/\/www.erresse-shop.it\/fr\/wp-json\/wp\/v2\/product"}],"about":[{"href":"https:\/\/www.erresse-shop.it\/fr\/wp-json\/wp\/v2\/types\/product"}],"wp:featuredmedia":[{"embeddable":true,"href":"https:\/\/www.erresse-shop.it\/fr\/wp-json\/wp\/v2\/media\/499705"}],"wp:attachment":[{"href":"https:\/\/www.erresse-shop.it\/fr\/wp-json\/wp\/v2\/media?parent=422405"}],"wp:term":[{"taxonomy":"product_cat","embeddable":true,"href":"https:\/\/www.erresse-shop.it\/fr\/wp-json\/wp\/v2\/product_cat?post=422405"},{"taxonomy":"product_tag","embeddable":true,"href":"https:\/\/www.erresse-shop.it\/fr\/wp-json\/wp\/v2\/product_tag?post=422405"}],"curies":[{"name":"wp","href":"https:\/\/api.w.org\/{rel}","templated":true}]}}